{"id":10993,"date":"2025-08-01T03:33:49","date_gmt":"2025-08-01T03:33:49","guid":{"rendered":"https:\/\/sinoextrud.com\/product\/extruded-aluminum-heat-sink-for-industrial-use\/"},"modified":"2025-08-01T03:33:49","modified_gmt":"2025-08-01T03:33:49","slug":"dissipateur-thermique-en-aluminium-extrude-pour-usage-industriel","status":"publish","type":"product","link":"https:\/\/sinoextrud.com\/fr\/product\/extruded-aluminum-heat-sink-for-industrial-use\/","title":{"rendered":"Dissipateur thermique en aluminium extrud\u00e9 pour usage industriel"},"content":{"rendered":"<h2>D\u00e9tails des produits<\/h2>\n<div class=\"product-table\">\n<div class=\"row\">\n<div class=\"cell label\">Grade<\/div>\n<div class=\"cell value\">S\u00e9rie 6000<\/div>\n<\/div>\n<div class=\"row\">\n<div class=\"cell label\">Tol\u00e9rance<\/div>\n<div class=\"cell value\">+\/-1mm<\/div>\n<\/div>\n<div class=\"row\">\n<div class=\"cell label\">D\u00e9lai de livraison<\/div>\n<div class=\"cell value\">dans les 7 jours<\/div>\n<\/div>\n<div class=\"row\">\n<div class=\"cell label\">Temp\u00e9rer<\/div>\n<div class=\"cell value\">T3-T8<\/div>\n<\/div>\n<div class=\"row\">\n<div class=\"cell label\">Application<\/div>\n<div class=\"cell value\">Applications multiples<\/div>\n<\/div>\n<div class=\"row\">\n<div class=\"cell label\">Forme<\/div>\n<div class=\"cell value\">Sur mesure<\/div>\n<\/div>\n<div class=\"row\">\n<div class=\"cell label\">Alliage ou non<\/div>\n<div class=\"cell value\">Est un alliage<\/div>\n<\/div>\n<div class=\"row\">\n<div class=\"cell label\">Service de traitement<\/div>\n<div class=\"cell value\">Pliage, d\u00e9roulage, soudage, poin\u00e7onnage, d\u00e9coupage<\/div>\n<\/div>\n<div class=\"row\">\n<div class=\"cell label\">Nom du produit<\/div>\n<div class=\"cell value\">Fraisage Cnc Extrusion d'aluminium Dissipateur de chaleur<\/div>\n<\/div>\n<div class=\"row\">\n<div class=\"cell label\">Traitement de surface<\/div>\n<div class=\"cell value\">anodisation, sablage, rev\u00eatement en poudre, polissage, etc.<\/div>\n<\/div>\n<div class=\"row\">\n<div class=\"cell label\">Taille<\/div>\n<div class=\"cell value\">demande du client<\/div>\n<\/div>\n<div class=\"row\">\n<div class=\"cell label\">Processus en profondeur<\/div>\n<div class=\"cell value\">Pliage, soudage, poin\u00e7onnage, d\u00e9coupage<\/div>\n<\/div>\n<div class=\"row\">\n<div class=\"cell label\">Longueur<\/div>\n<div class=\"cell value\">Toute longueur<\/div>\n<\/div>\n<div class=\"row\">\n<div class=\"cell label\">Mat\u00e9riau<\/div>\n<div class=\"cell value\">Alliage d'aluminium 6063 6061 6005<\/div>\n<\/div>\n<div class=\"row\">\n<div class=\"cell label\">Couleur<\/div>\n<div class=\"cell value\">argent, noir, noir dor\u00e9, etc.<\/div>\n<\/div>\n<div class=\"row\">\n<div class=\"cell label\">Machine d'extrusion<\/div>\n<div class=\"cell value\">600 tonnes-10000 tonnes<\/div>\n<\/div>\n<div class=\"row\">\n<div class=\"cell label\">Certification<\/div>\n<div class=\"cell value\">ISO 9001:2008<\/div>\n<\/div>\n<div class=\"row\">\n<div class=\"cell label\">Service<\/div>\n<div class=\"cell value\">OEM ODM<\/div>\n<\/div>\n<div class=\"row\">\n<div class=\"cell label\">Unit\u00e9s de vente<\/div>\n<div class=\"cell value\">Article unique<\/div>\n<\/div>\n<div class=\"row\">\n<div class=\"cell label\">Taille de l'emballage unique<\/div>\n<div class=\"cell value\">30X20X10 cm<\/div>\n<\/div>\n<div class=\"row\">\n<div class=\"cell label\">Poids brut unique<\/div>\n<div class=\"cell value\">2.000 KG<\/div>\n<\/div>\n<\/div>\n<p><\/p>\n<h2>Notre base de production<\/h2>\n<h3>Panorama de l'usine<\/h3>\n<p><img decoding=\"async\" src=\"\/wp-content\/uploads\/factory-01.webp\"\/><\/p>\n<h3>Atelier de fabrication de barres d'aluminium<\/h3>\n<p><img decoding=\"async\" src=\"\/wp-content\/uploads\/factory-02.webp\"\/><\/p>\n<p><img decoding=\"async\" src=\"\/wp-content\/uploads\/factory-03.webp\"\/><\/p>\n<h3>Entrep\u00f4t de stockage des moules<\/h3>\n<p><img decoding=\"async\" src=\"\/wp-content\/uploads\/factory-04.webp\"\/><\/p>\n<h3>43 lignes d'extrusion d'aluminium (500-5500 tonnes)<\/h3>\n<p><img decoding=\"async\" src=\"\/wp-content\/uploads\/factory-05.webp\"\/><\/p>\n<p><img decoding=\"async\" src=\"\/wp-content\/uploads\/factory-06.webp\"\/><\/p>\n<p><img decoding=\"async\" src=\"\/wp-content\/uploads\/factory-07.webp\"\/><\/p>\n<h3>Atelier de peinture en poudre<\/h3>\n<p><img decoding=\"async\" src=\"\/wp-content\/uploads\/factory-09.webp\"\/><\/p>\n<h3>Atelier d'anodisation<\/h3>\n<p><img decoding=\"async\" src=\"\/wp-content\/uploads\/factory-10.webp\"\/><\/p>\n<h3>Atelier sur le traitement en profondeur<\/h3>\n<p><img decoding=\"async\" src=\"\/wp-content\/uploads\/factory-11.webp\"\/><\/p>\n<h3>Atelier d'usinage de pr\u00e9cision CNC<\/h3>\n<p><img decoding=\"async\" src=\"\/wp-content\/uploads\/factory-11.5.webp\"\/><\/p>\n<h3>Entrep\u00f4t de produits finis et d'exportation<\/h3>\n<p><img decoding=\"async\" src=\"\/wp-content\/uploads\/factory-12.webp\"\/><\/p>\n<p><img decoding=\"async\" src=\"\/wp-content\/uploads\/factory-13.webp\"\/><\/p>\n<p><img decoding=\"async\" src=\"\/wp-content\/uploads\/factory-14.webp\"\/><\/p>\n<h2>FAQ<\/h2>\n<p><strong>1. Le dissipateur thermique en aluminium extrud\u00e9 peut-il \u00eatre personnalis\u00e9 pour des dimensions sp\u00e9cifiques ?<\/strong><br \/>Oui, nous offrons une personnalisation compl\u00e8te pour r\u00e9pondre \u00e0 vos exigences dimensionnelles sp\u00e9cifiques.<\/p>\n<p><strong>2. Quels sont les principaux avantages de l'utilisation d'un dissipateur thermique en aluminium extrud\u00e9 ?<\/strong><br \/>Il assure une excellente dissipation de la chaleur et est \u00e0 la fois l\u00e9ger et durable, ce qui le rend id\u00e9al pour diverses applications.<\/p>\n<p><strong>3. Le dissipateur thermique en aluminium extrud\u00e9 est-il adapt\u00e9 aux appareils de grande puissance ?<\/strong><br \/>Oui, il est con\u00e7u pour g\u00e9rer efficacement la puissance thermique des appareils de grande puissance.<\/p>\n<p><strong>4. Pouvez-vous fournir une analyse des performances thermiques du dissipateur thermique en aluminium extrud\u00e9 ?<\/strong><br \/>Oui, nous pouvons fournir des donn\u00e9es d\u00e9taill\u00e9es sur les performances thermiques sur demande.<\/p>\n<p><strong>5. Existe-t-il des options \u00e9cologiques pour le dissipateur thermique en aluminium extrud\u00e9 ?<\/strong><br \/>Oui, nous utilisons des mat\u00e9riaux recyclables et des options \u00e9cologiques sont disponibles.<\/p>\n<p><strong>6. Le dissipateur thermique en aluminium extrud\u00e9 permet-il une installation rapide ?<\/strong><br \/>Oui, il est con\u00e7u pour une installation facile et rapide avec des options de montage standard.<\/p>\n<p><strong>7. Le dissipateur thermique en aluminium extrud\u00e9 peut-il \u00eatre exp\u00e9di\u00e9 \u00e0 l'\u00e9tranger ?<\/strong><br \/>Oui, nous proposons des services d'exp\u00e9dition \u00e0 l'\u00e9chelle mondiale et un soutien logistique complet.<\/p>\n<p><\/p>","protected":false},"featured_media":10802,"template":"","categories":[72],"class_list":["post-10993","product","type-product","status-publish","has-post-thumbnail","hentry","category-extruded-aluminum-heatsink"],"meta_box":{"hilight_text_group":[{"product_hilight_text":"<li>Provides efficient thermal management for various electronic applications<\/li>\n<li>Customizable dimensions and finishes to meet specific project requirements<\/li>\n<li>Lightweight and durable construction ideal for B2B integration<\/li>\n<li>Standard and custom profiles available for easy installation<\/li>\n<li>Manufactured with high-quality aluminum for superior heat dissipation<\/li>"}],"feature_list":[]},"_links":{"self":[{"href":"https:\/\/sinoextrud.com\/fr\/wp-json\/wp\/v2\/product\/10993","targetHints":{"allow":["GET"]}}],"collection":[{"href":"https:\/\/sinoextrud.com\/fr\/wp-json\/wp\/v2\/product"}],"about":[{"href":"https:\/\/sinoextrud.com\/fr\/wp-json\/wp\/v2\/types\/product"}],"wp:featuredmedia":[{"embeddable":true,"href":"https:\/\/sinoextrud.com\/fr\/wp-json\/wp\/v2\/media\/10802"}],"wp:attachment":[{"href":"https:\/\/sinoextrud.com\/fr\/wp-json\/wp\/v2\/media?parent=10993"}],"wp:term":[{"taxonomy":"category","embeddable":true,"href":"https:\/\/sinoextrud.com\/fr\/wp-json\/wp\/v2\/categories?post=10993"}],"curies":[{"name":"wp","href":"https:\/\/api.w.org\/{rel}","templated":true}]}}