{"id":10992,"date":"2025-08-01T03:33:38","date_gmt":"2025-08-01T03:33:38","guid":{"rendered":"https:\/\/sinoextrud.com\/product\/heatsink-extruded-for-thermal-management\/"},"modified":"2025-08-01T03:33:38","modified_gmt":"2025-08-01T03:33:38","slug":"dissipateur-extrude-pour-la-gestion-thermique","status":"publish","type":"product","link":"https:\/\/sinoextrud.com\/fr\/product\/heatsink-extruded-for-thermal-management\/","title":{"rendered":"Dissipateur extrud\u00e9 pour la gestion thermique"},"content":{"rendered":"<h2>D\u00e9tails des produits<\/h2>\n<div class=\"product-table\">\n<div class=\"row\">\n<div class=\"cell label\">Grade<\/div>\n<div class=\"cell value\">S\u00e9rie 6000<\/div>\n<\/div>\n<div class=\"row\">\n<div class=\"cell label\">Tol\u00e9rance<\/div>\n<div class=\"cell value\">+\/-1mm<\/div>\n<\/div>\n<div class=\"row\">\n<div class=\"cell label\">D\u00e9lai de livraison<\/div>\n<div class=\"cell value\">dans les 7 jours<\/div>\n<\/div>\n<div class=\"row\">\n<div class=\"cell label\">Temp\u00e9rer<\/div>\n<div class=\"cell value\">T3-T8<\/div>\n<\/div>\n<div class=\"row\">\n<div class=\"cell label\">Application<\/div>\n<div class=\"cell value\">Applications multiples<\/div>\n<\/div>\n<div class=\"row\">\n<div class=\"cell label\">Forme<\/div>\n<div class=\"cell value\">Sur mesure<\/div>\n<\/div>\n<div class=\"row\">\n<div class=\"cell label\">Alliage ou non<\/div>\n<div class=\"cell value\">Est un alliage<\/div>\n<\/div>\n<div class=\"row\">\n<div class=\"cell label\">Service de traitement<\/div>\n<div class=\"cell value\">Pliage, d\u00e9roulage, soudage, poin\u00e7onnage, d\u00e9coupage<\/div>\n<\/div>\n<div class=\"row\">\n<div class=\"cell label\">Nom du produit<\/div>\n<div class=\"cell value\">Dissipateur thermique en aluminium extrud\u00e9 sur mesure avec usinage cnc<\/div>\n<\/div>\n<div class=\"row\">\n<div class=\"cell label\">Traitement de surface<\/div>\n<div class=\"cell value\">anodisation, sablage, rev\u00eatement en poudre, polissage, etc.<\/div>\n<\/div>\n<div class=\"row\">\n<div class=\"cell label\">Taille<\/div>\n<div class=\"cell value\">demande du client<\/div>\n<\/div>\n<div class=\"row\">\n<div class=\"cell label\">Processus en profondeur<\/div>\n<div class=\"cell value\">Pliage, soudage, poin\u00e7onnage, d\u00e9coupage<\/div>\n<\/div>\n<div class=\"row\">\n<div class=\"cell label\">Longueur<\/div>\n<div class=\"cell value\">Toute longueur<\/div>\n<\/div>\n<div class=\"row\">\n<div class=\"cell label\">Mat\u00e9riau<\/div>\n<div class=\"cell value\">Alliage d'aluminium 6063 6061 6005<\/div>\n<\/div>\n<div class=\"row\">\n<div class=\"cell label\">Couleur<\/div>\n<div class=\"cell value\">argent, noir, noir dor\u00e9, etc.<\/div>\n<\/div>\n<div class=\"row\">\n<div class=\"cell label\">Machine d'extrusion<\/div>\n<div class=\"cell value\">600 tonnes-10000 tonnes<\/div>\n<\/div>\n<div class=\"row\">\n<div class=\"cell label\">Certification<\/div>\n<div class=\"cell value\">ISO 9001:2008<\/div>\n<\/div>\n<div class=\"row\">\n<div class=\"cell label\">Service<\/div>\n<div class=\"cell value\">OEM ODM<\/div>\n<\/div>\n<div class=\"row\">\n<div class=\"cell label\">D\u00e9tails de l'emballage<\/div>\n<div class=\"cell value\">Emballage personnalis\u00e9 selon la demande du client, normalement :<\/div>\n<\/div>\n<div class=\"row\">\n<div class=\"cell label\">A<\/div>\n<div class=\"cell value\">Finition en usine, film plastique r\u00e9tractable.<\/div>\n<\/div>\n<div class=\"row\">\n<div class=\"cell label\">B<\/div>\n<div class=\"cell value\">Anodisation ou rev\u00eatement \u00e9lectrique, emballage int\u00e9rieur avec film protecteur en plastique + mousse EPE + film r\u00e9tractable ou papier kraft imperm\u00e9able.<\/div>\n<\/div>\n<div class=\"row\">\n<div class=\"cell label\">C<\/div>\n<div class=\"cell value\">Si petite pi\u00e8ce cnc, mousse EPE+cartons.<\/div>\n<\/div>\n<div class=\"row\">\n<div class=\"cell label\">D<\/div>\n<div class=\"cell value\">Si le client a une demande sp\u00e9ciale, nous pouvons fournir une bo\u00eete en bois.<\/div>\n<\/div>\n<div class=\"row\">\n<div class=\"cell label\">Port d'exp\u00e9dition<\/div>\n<div class=\"cell value\">Port de Tinajin, port de Qingdao, port de Ningbo<\/div>\n<\/div>\n<div class=\"row\">\n<div class=\"cell label\">Unit\u00e9s de vente<\/div>\n<div class=\"cell value\">Article unique<\/div>\n<\/div>\n<div class=\"row\">\n<div class=\"cell label\">Taille de l'emballage unique<\/div>\n<div class=\"cell value\">30X20X10 cm<\/div>\n<\/div>\n<div class=\"row\">\n<div class=\"cell label\">Poids brut unique<\/div>\n<div class=\"cell value\">2.000 KG<\/div>\n<\/div>\n<div class=\"row\">\n<div class=\"cell label\">Capacit\u00e9 d'approvisionnement<\/div>\n<div class=\"cell value\">5000 tonnes par mois<\/div>\n<\/div>\n<\/div>\n<p><\/p>\n<h2>Notre base de production<\/h2>\n<h3>Panorama de l'usine<\/h3>\n<p><img decoding=\"async\" src=\"\/wp-content\/uploads\/factory-01.webp\"\/><\/p>\n<h3>Atelier de fabrication de barres d'aluminium<\/h3>\n<p><img decoding=\"async\" src=\"\/wp-content\/uploads\/factory-02.webp\"\/><\/p>\n<p><img decoding=\"async\" src=\"\/wp-content\/uploads\/factory-03.webp\"\/><\/p>\n<h3>Entrep\u00f4t de stockage des moules<\/h3>\n<p><img decoding=\"async\" src=\"\/wp-content\/uploads\/factory-04.webp\"\/><\/p>\n<h3>43 lignes d'extrusion d'aluminium (500-5500 tonnes)<\/h3>\n<p><img decoding=\"async\" src=\"\/wp-content\/uploads\/factory-05.webp\"\/><\/p>\n<p><img decoding=\"async\" src=\"\/wp-content\/uploads\/factory-06.webp\"\/><\/p>\n<p><img decoding=\"async\" src=\"\/wp-content\/uploads\/factory-07.webp\"\/><\/p>\n<h3>Atelier de peinture en poudre<\/h3>\n<p><img decoding=\"async\" src=\"\/wp-content\/uploads\/factory-09.webp\"\/><\/p>\n<h3>Atelier d'anodisation<\/h3>\n<p><img decoding=\"async\" src=\"\/wp-content\/uploads\/factory-10.webp\"\/><\/p>\n<h3>Atelier sur le traitement en profondeur<\/h3>\n<p><img decoding=\"async\" src=\"\/wp-content\/uploads\/factory-11.webp\"\/><\/p>\n<h3>Atelier d'usinage de pr\u00e9cision CNC<\/h3>\n<p><img decoding=\"async\" src=\"\/wp-content\/uploads\/factory-11.5.webp\"\/><\/p>\n<h3>Entrep\u00f4t de produits finis et d'exportation<\/h3>\n<p><img decoding=\"async\" src=\"\/wp-content\/uploads\/factory-12.webp\"\/><\/p>\n<p><img decoding=\"async\" src=\"\/wp-content\/uploads\/factory-13.webp\"\/><\/p>\n<p><img decoding=\"async\" src=\"\/wp-content\/uploads\/factory-14.webp\"\/><\/p>\n<h2>FAQ<\/h2>\n<p><strong>1. Quelle est l'utilisation principale d'un dissipateur thermique extrud\u00e9 ?<\/strong><br \/>Le dissipateur thermique extrud\u00e9 est principalement utilis\u00e9 pour dissiper la chaleur dans les appareils \u00e9lectroniques et les machines afin de maintenir des performances optimales.<\/p>\n<p><strong>2. La taille du dissipateur thermique extrud\u00e9 peut-elle \u00eatre personnalis\u00e9e ?<\/strong><br \/>Oui, nos dissipateurs extrud\u00e9s peuvent \u00eatre personnalis\u00e9s en taille et en forme pour r\u00e9pondre \u00e0 des besoins de refroidissement sp\u00e9cifiques.<\/p>\n<p><strong>3. Le dissipateur thermique extrud\u00e9 est-il adapt\u00e9 aux applications \u00e0 haute puissance ?<\/strong><br \/>Oui, nos conceptions de dissipateurs extrud\u00e9s conviennent aux applications de haute puissance en raison de leur conductivit\u00e9 thermique \u00e9lev\u00e9e.<\/p>\n<p><strong>4. Quels sont les mat\u00e9riaux utilis\u00e9s dans la fabrication des dissipateurs extrud\u00e9s ?<\/strong><br \/>Les produits extrud\u00e9s de type dissipateur thermique sont g\u00e9n\u00e9ralement fabriqu\u00e9s en aluminium pour sa l\u00e9g\u00e8ret\u00e9 et ses propri\u00e9t\u00e9s thermoconductrices.<\/p>\n<p><strong>5. Pouvez-vous fournir des \u00e9chantillons de dissipateurs extrud\u00e9s ?<\/strong><br \/>Oui, des \u00e9chantillons sont disponibles pour s'assurer que le dissipateur thermique extrud\u00e9 r\u00e9pond \u00e0 vos sp\u00e9cifications avant l'achat en gros.<\/p>\n<p><strong>6. Comment installer un dissipateur thermique extrud\u00e9 sur mon appareil ?<\/strong><br \/>L'installation consiste g\u00e9n\u00e9ralement \u00e0 fixer le dissipateur extrud\u00e9 \u00e0 l'aide de ses options de montage, qui peuvent inclure des vis ou un support adh\u00e9sif.<\/p>\n<p><strong>7. Le dissipateur thermique extrud\u00e9 peut-il \u00eatre utilis\u00e9 \u00e0 l'ext\u00e9rieur ?<\/strong><br \/>Oui, nos mod\u00e8les de dissipateurs extrud\u00e9s sont fabriqu\u00e9s \u00e0 partir de mat\u00e9riaux r\u00e9sistants \u00e0 la corrosion, ce qui les rend adapt\u00e9s aux environnements ext\u00e9rieurs.<\/p>\n<p><\/p>","protected":false},"featured_media":10803,"template":"","categories":[72],"class_list":["post-10992","product","type-product","status-publish","has-post-thumbnail","hentry","category-extruded-aluminum-heatsink"],"meta_box":{"hilight_text_group":[{"product_hilight_text":"<li>High thermal conductivity for efficient heat dissipation<\/li>\n<li>Customizable designs to meet specific cooling requirements<\/li>\n<li>Lightweight and durable aluminum construction<\/li>\n<li>Available in various sizes and profiles for different applications<\/li>\n<li>Corrosion-resistant material for long-lasting performance<\/li>"}],"feature_list":[]},"_links":{"self":[{"href":"https:\/\/sinoextrud.com\/fr\/wp-json\/wp\/v2\/product\/10992","targetHints":{"allow":["GET"]}}],"collection":[{"href":"https:\/\/sinoextrud.com\/fr\/wp-json\/wp\/v2\/product"}],"about":[{"href":"https:\/\/sinoextrud.com\/fr\/wp-json\/wp\/v2\/types\/product"}],"wp:featuredmedia":[{"embeddable":true,"href":"https:\/\/sinoextrud.com\/fr\/wp-json\/wp\/v2\/media\/10803"}],"wp:attachment":[{"href":"https:\/\/sinoextrud.com\/fr\/wp-json\/wp\/v2\/media?parent=10992"}],"wp:term":[{"taxonomy":"category","embeddable":true,"href":"https:\/\/sinoextrud.com\/fr\/wp-json\/wp\/v2\/categories?post=10992"}],"curies":[{"name":"wp","href":"https:\/\/api.w.org\/{rel}","templated":true}]}}