{"id":10985,"date":"2025-08-01T03:29:17","date_gmt":"2025-08-01T03:29:17","guid":{"rendered":"https:\/\/sinoextrud.com\/product\/electrical-heat-sink-for-power-equipment\/"},"modified":"2025-08-01T03:29:17","modified_gmt":"2025-08-01T03:29:17","slug":"dissipateur-de-chaleur-electrique-pour-equipement-de-puissance","status":"publish","type":"product","link":"https:\/\/sinoextrud.com\/fr\/product\/electrical-heat-sink-for-power-equipment\/","title":{"rendered":"Dissipateur de chaleur \u00e9lectrique pour les \u00e9quipements de puissance"},"content":{"rendered":"<h2>D\u00e9tails des produits<\/h2>\n<div class=\"product-table\">\n<div class=\"row\">\n<div class=\"cell label\">Grade<\/div>\n<div class=\"cell value\">S\u00e9rie 6000<\/div>\n<\/div>\n<div class=\"row\">\n<div class=\"cell label\">Tol\u00e9rance<\/div>\n<div class=\"cell value\">\u00c2\u00b11%<\/div>\n<\/div>\n<div class=\"row\">\n<div class=\"cell label\">D\u00e9lai de livraison<\/div>\n<div class=\"cell value\">15-21 jours<\/div>\n<\/div>\n<div class=\"row\">\n<div class=\"cell label\">Temp\u00e9rer<\/div>\n<div class=\"cell value\">T3-T8<\/div>\n<\/div>\n<div class=\"row\">\n<div class=\"cell label\">Application<\/div>\n<div class=\"cell value\">Mur de verre<\/div>\n<\/div>\n<div class=\"row\">\n<div class=\"cell label\">Forme<\/div>\n<div class=\"cell value\">plat<\/div>\n<\/div>\n<div class=\"row\">\n<div class=\"cell label\">Alliage ou non<\/div>\n<div class=\"cell value\">Est un alliage<\/div>\n<\/div>\n<div class=\"row\">\n<div class=\"cell label\">Service de traitement<\/div>\n<div class=\"cell value\">Pliage, d\u00e9roulage, soudage, poin\u00e7onnage, d\u00e9coupage<\/div>\n<\/div>\n<div class=\"row\">\n<div class=\"cell label\">Nom du produit<\/div>\n<div class=\"cell value\">dissipateur thermique en extrusion d'aluminium<\/div>\n<\/div>\n<div class=\"row\">\n<div class=\"cell label\">Grade<\/div>\n<div class=\"cell value\">6063\/6061\/6005\/6060 T5\/T6<\/div>\n<\/div>\n<div class=\"row\">\n<div class=\"cell label\">Couleur<\/div>\n<div class=\"cell value\">Argent\/rouge\/noir\/color\u00e9e<\/div>\n<\/div>\n<div class=\"row\">\n<div class=\"cell label\">Certification<\/div>\n<div class=\"cell value\">ISO9001<\/div>\n<\/div>\n<div class=\"row\">\n<div class=\"cell label\">Finition<\/div>\n<div class=\"cell value\">anodisation\/polissage\/ brossage\/ rev\u00eatement divers<\/div>\n<\/div>\n<div class=\"row\">\n<div class=\"cell label\">Traitement de surface<\/div>\n<div class=\"cell value\">Finition anodis\u00e9e<\/div>\n<\/div>\n<div class=\"row\">\n<div class=\"cell label\">\u00c9paisseur<\/div>\n<div class=\"cell value\">0,8 mm~30 mm<\/div>\n<\/div>\n<div class=\"row\">\n<div class=\"cell label\">Chargement de conteneurs<\/div>\n<div class=\"cell value\">400 cartons\/20\u2032, 830 cartons\/40HQ<\/div>\n<\/div>\n<div class=\"row\">\n<div class=\"cell label\">Mat\u00e9riau<\/div>\n<div class=\"cell value\">Extrusion d'aluminium anodis\u00e9<\/div>\n<\/div>\n<div class=\"row\">\n<div class=\"cell label\">Type<\/div>\n<div class=\"cell value\">Dissipateur thermique OEM en aluminium extrud\u00e9<\/div>\n<\/div>\n<div class=\"row\">\n<div class=\"cell label\">Unit\u00e9s de vente<\/div>\n<div class=\"cell value\">Article unique<\/div>\n<\/div>\n<div class=\"row\">\n<div class=\"cell label\">Taille de l'emballage unique<\/div>\n<div class=\"cell value\">110X110X50 cm<\/div>\n<\/div>\n<div class=\"row\">\n<div class=\"cell label\">Poids brut unique<\/div>\n<div class=\"cell value\">1.000 KG<\/div>\n<\/div>\n<\/div>\n<p><\/p>\n<h2>Notre base de production<\/h2>\n<h3>Panorama de l'usine<\/h3>\n<p><img decoding=\"async\" src=\"\/wp-content\/uploads\/factory-01.webp\"\/><\/p>\n<h3>Atelier de fabrication de barres d'aluminium<\/h3>\n<p><img decoding=\"async\" src=\"\/wp-content\/uploads\/factory-02.webp\"\/><\/p>\n<p><img decoding=\"async\" src=\"\/wp-content\/uploads\/factory-03.webp\"\/><\/p>\n<h3>Entrep\u00f4t de stockage des moules<\/h3>\n<p><img decoding=\"async\" src=\"\/wp-content\/uploads\/factory-04.webp\"\/><\/p>\n<h3>43 lignes d'extrusion d'aluminium (500-5500 tonnes)<\/h3>\n<p><img decoding=\"async\" src=\"\/wp-content\/uploads\/factory-05.webp\"\/><\/p>\n<p><img decoding=\"async\" src=\"\/wp-content\/uploads\/factory-06.webp\"\/><\/p>\n<p><img decoding=\"async\" src=\"\/wp-content\/uploads\/factory-07.webp\"\/><\/p>\n<h3>Atelier de peinture en poudre<\/h3>\n<p><img decoding=\"async\" src=\"\/wp-content\/uploads\/factory-09.webp\"\/><\/p>\n<h3>Atelier d'anodisation<\/h3>\n<p><img decoding=\"async\" src=\"\/wp-content\/uploads\/factory-10.webp\"\/><\/p>\n<h3>Atelier sur le traitement en profondeur<\/h3>\n<p><img decoding=\"async\" src=\"\/wp-content\/uploads\/factory-11.webp\"\/><\/p>\n<h3>Atelier d'usinage de pr\u00e9cision CNC<\/h3>\n<p><img decoding=\"async\" src=\"\/wp-content\/uploads\/factory-11.5.webp\"\/><\/p>\n<h3>Entrep\u00f4t de produits finis et d'exportation<\/h3>\n<p><img decoding=\"async\" src=\"\/wp-content\/uploads\/factory-12.webp\"\/><\/p>\n<p><img decoding=\"async\" src=\"\/wp-content\/uploads\/factory-13.webp\"\/><\/p>\n<p><img decoding=\"async\" src=\"\/wp-content\/uploads\/factory-14.webp\"\/><\/p>\n<h2>FAQ<\/h2>\n<p><strong>1. Quelle est la fonction principale d'un dissipateur de chaleur \u00e9lectrique ?<\/strong><br \/>Sa fonction premi\u00e8re est de dissiper la chaleur des composants \u00e9lectriques afin d'\u00e9viter toute surchauffe.<\/p>\n<p><strong>2. Le dissipateur thermique \u00e9lectrique peut-il \u00eatre personnalis\u00e9 pour s'adapter \u00e0 des composants sp\u00e9cifiques ?<\/strong><br \/>Oui, des options de personnalisation sont disponibles pour s'adapter \u00e0 diff\u00e9rentes tailles et formes de composants.<\/p>\n<p><strong>3. En quels mat\u00e9riaux sont fabriqu\u00e9s les dissipateurs de chaleur \u00e9lectriques ?<\/strong><br \/>Ils sont g\u00e9n\u00e9ralement fabriqu\u00e9s en aluminium ou en cuivre pour assurer une bonne conductivit\u00e9 thermique.<\/p>\n<p><strong>4. Existe-t-il une quantit\u00e9 minimale de commande pour les dissipateurs thermiques sur mesure ?<\/strong><br \/>Le MOQ d\u00e9pend des besoins de personnalisation, mais commence g\u00e9n\u00e9ralement \u00e0 partir de 100 unit\u00e9s.<\/p>\n<p><strong>5. Les dissipateurs thermiques \u00e9lectriques sont-ils l\u00e9gers pour faciliter l'installation ?<\/strong><br \/>Oui, ils sont con\u00e7us pour \u00eatre l\u00e9gers et faciles \u00e0 installer dans diff\u00e9rents syst\u00e8mes.<\/p>\n<p><strong>6. Proposez-vous des solutions de dissipation thermique pour diff\u00e9rentes industries ?<\/strong><br \/>Oui, nous nous adressons \u00e0 de multiples secteurs, notamment l'automobile, l'\u00e9lectronique et les t\u00e9l\u00e9communications.<\/p>\n<p><strong>7. Quel est l'environnement id\u00e9al pour ces dissipateurs thermiques ?<\/strong><br \/>Ils conviennent aux environnements o\u00f9 une dissipation efficace de la chaleur est cruciale pour les performances de l'\u00e9quipement.<\/p>\n<p><\/p>","protected":false},"featured_media":10796,"template":"","categories":[72],"class_list":["post-10985","product","type-product","status-publish","has-post-thumbnail","hentry","category-extruded-aluminum-heatsink"],"meta_box":{"hilight_text_group":[{"product_hilight_text":"<li>Designed to efficiently dissipate heat in electrical systems<\/li>\n<li>Available in various sizes to fit different components<\/li>\n<li>Constructed with high-quality materials for excellent thermal conductivity<\/li>\n<li>Offers lightweight solutions that are easy to integrate<\/li>\n<li>Customizable design for specific client requirements<\/li>"}],"feature_list":[]},"_links":{"self":[{"href":"https:\/\/sinoextrud.com\/fr\/wp-json\/wp\/v2\/product\/10985","targetHints":{"allow":["GET"]}}],"collection":[{"href":"https:\/\/sinoextrud.com\/fr\/wp-json\/wp\/v2\/product"}],"about":[{"href":"https:\/\/sinoextrud.com\/fr\/wp-json\/wp\/v2\/types\/product"}],"wp:featuredmedia":[{"embeddable":true,"href":"https:\/\/sinoextrud.com\/fr\/wp-json\/wp\/v2\/media\/10796"}],"wp:attachment":[{"href":"https:\/\/sinoextrud.com\/fr\/wp-json\/wp\/v2\/media?parent=10985"}],"wp:term":[{"taxonomy":"category","embeddable":true,"href":"https:\/\/sinoextrud.com\/fr\/wp-json\/wp\/v2\/categories?post=10985"}],"curies":[{"name":"wp","href":"https:\/\/api.w.org\/{rel}","templated":true}]}}