{"id":10984,"date":"2025-08-01T03:29:15","date_gmt":"2025-08-01T03:29:15","guid":{"rendered":"https:\/\/sinoextrud.com\/product\/oem-aluminum-heat-sink-for-custom-projects\/"},"modified":"2025-08-01T03:29:15","modified_gmt":"2025-08-01T03:29:15","slug":"dissipateur-thermique-en-aluminium-oem-pour-les-projets-sur-mesure","status":"publish","type":"product","link":"https:\/\/sinoextrud.com\/fr\/product\/oem-aluminum-heat-sink-for-custom-projects\/","title":{"rendered":"Dissipateur thermique en aluminium OEM pour projets personnalis\u00e9s"},"content":{"rendered":"<h2>D\u00e9tails des produits<\/h2>\n<div class=\"product-table\">\n<div class=\"row\">\n<div class=\"cell label\">rapport d'essai des machines<\/div>\n<div class=\"cell value\">Fourni<\/div>\n<\/div>\n<div class=\"row\">\n<div class=\"cell label\">inspection de sortie vid\u00e9o<\/div>\n<div class=\"cell value\">Fourni<\/div>\n<\/div>\n<div class=\"row\">\n<div class=\"cell label\">garantie<\/div>\n<div class=\"cell value\">2 ans<\/div>\n<\/div>\n<div class=\"row\">\n<div class=\"cell label\">application<\/div>\n<div class=\"cell value\">Pi\u00e8ces d\u00e9tach\u00e9es pour la r\u00e9frig\u00e9ration<\/div>\n<\/div>\n<div class=\"row\">\n<div class=\"cell label\">type<\/div>\n<div class=\"cell value\">Pi\u00e8ces pour \u00e9changeurs de chaleur<\/div>\n<\/div>\n<div class=\"row\">\n<div class=\"cell label\">Nom du produit<\/div>\n<div class=\"cell value\">Dissipateur thermique en aluminium pour lampe de culture \u00e0 LED<\/div>\n<\/div>\n<div class=\"row\">\n<div class=\"cell label\">Taille<\/div>\n<div class=\"cell value\">Sur mesure et en stock<\/div>\n<\/div>\n<div class=\"row\">\n<div class=\"cell label\">Mat\u00e9riau<\/div>\n<div class=\"cell value\">Tube en aluminium + cuivre<\/div>\n<\/div>\n<div class=\"row\">\n<div class=\"cell label\">Couleur<\/div>\n<div class=\"cell value\">Nature<\/div>\n<\/div>\n<div class=\"row\">\n<div class=\"cell label\">Finition<\/div>\n<div class=\"cell value\">Finition en usine, polie<\/div>\n<\/div>\n<div class=\"row\">\n<div class=\"cell label\">Processus<\/div>\n<div class=\"cell value\">Fraisage CNC+ Soudage par friction-malaxage<\/div>\n<\/div>\n<div class=\"row\">\n<div class=\"cell label\">Tol\u00e9rance<\/div>\n<div class=\"cell value\">+\/-0,01 mm<\/div>\n<\/div>\n<div class=\"row\">\n<div class=\"cell label\">Service<\/div>\n<div class=\"cell value\">ODM OEM<\/div>\n<\/div>\n<div class=\"row\">\n<div class=\"cell label\">MOQ<\/div>\n<div class=\"cell value\">1 pi\u00e8ce<\/div>\n<\/div>\n<div class=\"row\">\n<div class=\"cell label\">Emballage<\/div>\n<div class=\"cell value\">\u00c9tui en polywood<\/div>\n<\/div>\n<div class=\"row\">\n<div class=\"cell label\">D\u00e9tails de l'emballage<\/div>\n<div class=\"cell value\">Emballage personnalis\u00e9 selon la demande du client, normalement :<\/div>\n<\/div>\n<div class=\"row\">\n<div class=\"cell label\">A<\/div>\n<div class=\"cell value\">Finition en usine, film plastique r\u00e9tractable.<\/div>\n<\/div>\n<div class=\"row\">\n<div class=\"cell label\">B<\/div>\n<div class=\"cell value\">Anodisation ou rev\u00eatement \u00e9lectrique, emballage int\u00e9rieur avec film protecteur en plastique + mousse EPE + film r\u00e9tractable ou papier kraft imperm\u00e9able.<\/div>\n<\/div>\n<div class=\"row\">\n<div class=\"cell label\">C<\/div>\n<div class=\"cell value\">Si petite pi\u00e8ce cnc, mousse EPE+cartons.<\/div>\n<\/div>\n<div class=\"row\">\n<div class=\"cell label\">D<\/div>\n<div class=\"cell value\">Si le client a une demande sp\u00e9ciale, nous pouvons fournir une bo\u00eete en bois.<\/div>\n<\/div>\n<div class=\"row\">\n<div class=\"cell label\">Unit\u00e9s de vente<\/div>\n<div class=\"cell value\">Article unique<\/div>\n<\/div>\n<div class=\"row\">\n<div class=\"cell label\">Taille de l'emballage unique<\/div>\n<div class=\"cell value\">30X10X10 cm<\/div>\n<\/div>\n<div class=\"row\">\n<div class=\"cell label\">Poids brut unique<\/div>\n<div class=\"cell value\">1.000 KG<\/div>\n<\/div>\n<\/div>\n<p><\/p>\n<h2>Notre base de production<\/h2>\n<h3>Panorama de l'usine<\/h3>\n<p><img decoding=\"async\" src=\"\/wp-content\/uploads\/factory-01.webp\"\/><\/p>\n<h3>Atelier de fabrication de barres d'aluminium<\/h3>\n<p><img decoding=\"async\" src=\"\/wp-content\/uploads\/factory-02.webp\"\/><\/p>\n<p><img decoding=\"async\" src=\"\/wp-content\/uploads\/factory-03.webp\"\/><\/p>\n<h3>Entrep\u00f4t de stockage des moules<\/h3>\n<p><img decoding=\"async\" src=\"\/wp-content\/uploads\/factory-04.webp\"\/><\/p>\n<h3>43 lignes d'extrusion d'aluminium (500-5500 tonnes)<\/h3>\n<p><img decoding=\"async\" src=\"\/wp-content\/uploads\/factory-05.webp\"\/><\/p>\n<p><img decoding=\"async\" src=\"\/wp-content\/uploads\/factory-06.webp\"\/><\/p>\n<p><img decoding=\"async\" src=\"\/wp-content\/uploads\/factory-07.webp\"\/><\/p>\n<h3>Atelier de peinture en poudre<\/h3>\n<p><img decoding=\"async\" src=\"\/wp-content\/uploads\/factory-09.webp\"\/><\/p>\n<h3>Atelier d'anodisation<\/h3>\n<p><img decoding=\"async\" src=\"\/wp-content\/uploads\/factory-10.webp\"\/><\/p>\n<h3>Atelier sur le traitement en profondeur<\/h3>\n<p><img decoding=\"async\" src=\"\/wp-content\/uploads\/factory-11.webp\"\/><\/p>\n<h3>Atelier d'usinage de pr\u00e9cision CNC<\/h3>\n<p><img decoding=\"async\" src=\"\/wp-content\/uploads\/factory-11.5.webp\"\/><\/p>\n<h3>Entrep\u00f4t de produits finis et d'exportation<\/h3>\n<p><img decoding=\"async\" src=\"\/wp-content\/uploads\/factory-12.webp\"\/><\/p>\n<p><img decoding=\"async\" src=\"\/wp-content\/uploads\/factory-13.webp\"\/><\/p>\n<p><img decoding=\"async\" src=\"\/wp-content\/uploads\/factory-14.webp\"\/><\/p>\n<h2>FAQ<\/h2>\n<p><strong>1. Quels sont les mat\u00e9riaux utilis\u00e9s dans le dissipateur thermique en aluminium ?<\/strong><br \/>Le dissipateur thermique est fabriqu\u00e9 en aluminium de haute qualit\u00e9, connu pour son excellente conductivit\u00e9 thermique.<\/p>\n<p><strong>2. Le dissipateur thermique en aluminium peut-il \u00eatre personnalis\u00e9 pour diff\u00e9rentes applications ?<\/strong><br \/>Oui, la conception peut \u00eatre adapt\u00e9e pour r\u00e9pondre \u00e0 des exigences thermiques et \u00e0 des dimensions sp\u00e9cifiques.<\/p>\n<p><strong>3. Le dissipateur thermique en aluminium est-il adapt\u00e9 aux appareils \u00e0 haute performance ?<\/strong><br \/>Oui, il est con\u00e7u pour dissiper efficacement la chaleur dans les appareils \u00e9lectroniques de haute performance.<\/p>\n<p><strong>4. Comment le dissipateur thermique en aluminium contribue-t-il \u00e0 la gestion thermique ?<\/strong><br \/>Il conduit efficacement la chaleur loin des composants critiques, \u00e9vitant ainsi la surchauffe et augmentant la fiabilit\u00e9 de l'appareil.<\/p>\n<p><strong>5. Quels sont les avantages de l'utilisation de l'aluminium pour les dissipateurs thermiques ?<\/strong><br \/>L'aluminium offre une solution l\u00e9g\u00e8re et \u00e9conomique avec d'excellentes propri\u00e9t\u00e9s de dissipation de la chaleur.<\/p>\n<p><strong>6. Ce dissipateur thermique peut-il \u00eatre utilis\u00e9 dans des environnements ext\u00e9rieurs ?<\/strong><br \/>Oui, gr\u00e2ce aux rev\u00eatements anticorrosion disponibles en option, il peut \u00eatre utilis\u00e9 \u00e0 l'ext\u00e9rieur.<\/p>\n<p><strong>7. Fournissez-vous des services OEM pour les commandes en gros ?<\/strong><br \/>Oui, des services OEM sont disponibles, y compris le marquage personnalis\u00e9 et les ajustements de conception.<\/p>\n<p><\/p>","protected":false},"featured_media":10807,"template":"","categories":[72],"class_list":["post-10984","product","type-product","status-publish","has-post-thumbnail","hentry","category-extruded-aluminum-heatsink"],"meta_box":{"hilight_text_group":[{"product_hilight_text":"<li>Customized designs to fit specific thermal management needs<\/li>\n<li>High thermal conductivity and efficient heat dissipation<\/li>\n<li>Lightweight construction ideal for various electronic applications<\/li>\n<li>Corrosion-resistant aluminum for enhanced lifespan<\/li>\n<li>Supports a range of sizes and finishes for tailored solutions<\/li>"}],"feature_list":[]},"_links":{"self":[{"href":"https:\/\/sinoextrud.com\/fr\/wp-json\/wp\/v2\/product\/10984","targetHints":{"allow":["GET"]}}],"collection":[{"href":"https:\/\/sinoextrud.com\/fr\/wp-json\/wp\/v2\/product"}],"about":[{"href":"https:\/\/sinoextrud.com\/fr\/wp-json\/wp\/v2\/types\/product"}],"wp:featuredmedia":[{"embeddable":true,"href":"https:\/\/sinoextrud.com\/fr\/wp-json\/wp\/v2\/media\/10807"}],"wp:attachment":[{"href":"https:\/\/sinoextrud.com\/fr\/wp-json\/wp\/v2\/media?parent=10984"}],"wp:term":[{"taxonomy":"category","embeddable":true,"href":"https:\/\/sinoextrud.com\/fr\/wp-json\/wp\/v2\/categories?post=10984"}],"curies":[{"name":"wp","href":"https:\/\/api.w.org\/{rel}","templated":true}]}}