{"id":10981,"date":"2025-08-01T03:29:09","date_gmt":"2025-08-01T03:29:09","guid":{"rendered":"https:\/\/sinoextrud.com\/product\/cylindrical-heat-sink-for-led-and-sensors\/"},"modified":"2025-08-01T03:29:09","modified_gmt":"2025-08-01T03:29:09","slug":"dissipateur-thermique-cylindrique-pour-led-et-capteurs","status":"publish","type":"product","link":"https:\/\/sinoextrud.com\/fr\/product\/cylindrical-heat-sink-for-led-and-sensors\/","title":{"rendered":"Dissipateur thermique cylindrique pour LED et capteurs"},"content":{"rendered":"<h2>D\u00e9tails des produits<\/h2>\n<div class=\"product-table\">\n<div class=\"row\">\n<div class=\"cell label\">Grade<\/div>\n<div class=\"cell value\">S\u00e9rie 6000<\/div>\n<\/div>\n<div class=\"row\">\n<div class=\"cell label\">Tol\u00e9rance<\/div>\n<div class=\"cell value\">Sur mesure<\/div>\n<\/div>\n<div class=\"row\">\n<div class=\"cell label\">D\u00e9lai de livraison<\/div>\n<div class=\"cell value\">8-14 jours<\/div>\n<\/div>\n<div class=\"row\">\n<div class=\"cell label\">Temp\u00e9rer<\/div>\n<div class=\"cell value\">T3-T8<\/div>\n<\/div>\n<div class=\"row\">\n<div class=\"cell label\">Application<\/div>\n<div class=\"cell value\">Dissipateur thermique pour LED, dissipateur thermique pour baie haute, dissipateur thermique \u00e9lectronique<\/div>\n<\/div>\n<div class=\"row\">\n<div class=\"cell label\">Forme<\/div>\n<div class=\"cell value\">Sur mesure<\/div>\n<\/div>\n<div class=\"row\">\n<div class=\"cell label\">Alliage ou non<\/div>\n<div class=\"cell value\">Est un alliage<\/div>\n<\/div>\n<div class=\"row\">\n<div class=\"cell label\">Service de traitement<\/div>\n<div class=\"cell value\">Pliage, d\u00e9roulage, soudage, poin\u00e7onnage, d\u00e9coupage, per\u00e7age<\/div>\n<\/div>\n<div class=\"row\">\n<div class=\"cell label\">Nom du produit<\/div>\n<div class=\"cell value\">Dissipateur thermique cylindrique \u00e0 LED en aluminium extrud\u00e9<\/div>\n<\/div>\n<div class=\"row\">\n<div class=\"cell label\">Traitement de surface<\/div>\n<div class=\"cell value\">Finition en usine, polissage ou sur mesure<\/div>\n<\/div>\n<div class=\"row\">\n<div class=\"cell label\">Mat\u00e9riau<\/div>\n<div class=\"cell value\">Alliage d'aluminium de la s\u00e9rie 6000 ou personnalis\u00e9<\/div>\n<\/div>\n<div class=\"row\">\n<div class=\"cell label\">Couleur<\/div>\n<div class=\"cell value\">Couleur personnalis\u00e9e<\/div>\n<\/div>\n<div class=\"row\">\n<div class=\"cell label\">Dimesions<\/div>\n<div class=\"cell value\">L*H*L mm Sur mesure<\/div>\n<\/div>\n<div class=\"row\">\n<div class=\"cell label\">Processus principal<\/div>\n<div class=\"cell value\">Extrusion, d\u00e9coupe, usinage CNC<\/div>\n<\/div>\n<div class=\"row\">\n<div class=\"cell label\">D\u00e9lai de livraison de l'\u00e9chantillon standard<\/div>\n<div class=\"cell value\">7 jours<\/div>\n<\/div>\n<div class=\"row\">\n<div class=\"cell label\">Exemple de paiement<\/div>\n<div class=\"cell value\">PayPal<\/div>\n<\/div>\n<div class=\"row\">\n<div class=\"cell label\">Certification<\/div>\n<div class=\"cell value\">CE, SGS, ISO.<\/div>\n<\/div>\n<div class=\"row\">\n<div class=\"cell label\">MOQ<\/div>\n<div class=\"cell value\">1 pi\u00e8ce<\/div>\n<\/div>\n<div class=\"row\">\n<div class=\"cell label\">D\u00e9tails de l'emballage<\/div>\n<div class=\"cell value\">Dissipateur thermique extrud\u00e9 en aluminium \u00e0 emballer dans une caisse normale en contreplaqu\u00e9<\/div>\n<\/div>\n<div class=\"row\">\n<div class=\"cell label\">Port d'exp\u00e9dition<\/div>\n<div class=\"cell value\">Shanghai<\/div>\n<\/div>\n<div class=\"row\">\n<div class=\"cell label\">Unit\u00e9s de vente<\/div>\n<div class=\"cell value\">Article unique<\/div>\n<\/div>\n<div class=\"row\">\n<div class=\"cell label\">Taille de l'emballage unique<\/div>\n<div class=\"cell value\">15X15X15 cm<\/div>\n<\/div>\n<div class=\"row\">\n<div class=\"cell label\">Poids brut unique<\/div>\n<div class=\"cell value\">2.000 KG<\/div>\n<\/div>\n<div class=\"row\">\n<div class=\"cell label\">Capacit\u00e9 d'approvisionnement<\/div>\n<div class=\"cell value\">100000 pi\u00e8ces par mois<\/div>\n<\/div>\n<\/div>\n<p><\/p>\n<h2>Notre base de production<\/h2>\n<h3>Panorama de l'usine<\/h3>\n<p><img decoding=\"async\" src=\"\/wp-content\/uploads\/factory-01.webp\"\/><\/p>\n<h3>Atelier de fabrication de barres d'aluminium<\/h3>\n<p><img decoding=\"async\" src=\"\/wp-content\/uploads\/factory-02.webp\"\/><\/p>\n<p><img decoding=\"async\" src=\"\/wp-content\/uploads\/factory-03.webp\"\/><\/p>\n<h3>Entrep\u00f4t de stockage des moules<\/h3>\n<p><img decoding=\"async\" src=\"\/wp-content\/uploads\/factory-04.webp\"\/><\/p>\n<h3>43 lignes d'extrusion d'aluminium (500-5500 tonnes)<\/h3>\n<p><img decoding=\"async\" src=\"\/wp-content\/uploads\/factory-05.webp\"\/><\/p>\n<p><img decoding=\"async\" src=\"\/wp-content\/uploads\/factory-06.webp\"\/><\/p>\n<p><img decoding=\"async\" src=\"\/wp-content\/uploads\/factory-07.webp\"\/><\/p>\n<h3>Atelier de peinture en poudre<\/h3>\n<p><img decoding=\"async\" src=\"\/wp-content\/uploads\/factory-09.webp\"\/><\/p>\n<h3>Atelier d'anodisation<\/h3>\n<p><img decoding=\"async\" src=\"\/wp-content\/uploads\/factory-10.webp\"\/><\/p>\n<h3>Atelier sur le traitement en profondeur<\/h3>\n<p><img decoding=\"async\" src=\"\/wp-content\/uploads\/factory-11.webp\"\/><\/p>\n<h3>Atelier d'usinage de pr\u00e9cision CNC<\/h3>\n<p><img decoding=\"async\" src=\"\/wp-content\/uploads\/factory-11.5.webp\"\/><\/p>\n<h3>Entrep\u00f4t de produits finis et d'exportation<\/h3>\n<p><img decoding=\"async\" src=\"\/wp-content\/uploads\/factory-12.webp\"\/><\/p>\n<p><img decoding=\"async\" src=\"\/wp-content\/uploads\/factory-13.webp\"\/><\/p>\n<p><img decoding=\"async\" src=\"\/wp-content\/uploads\/factory-14.webp\"\/><\/p>\n<h2>FAQ<\/h2>\n<p><strong>1. Quels sont les mat\u00e9riaux disponibles pour le dissipateur thermique cylindrique ?<\/strong><br \/>Le dissipateur thermique cylindrique est disponible en aluminium, en cuivre et dans d'autres alliages en fonction des exigences thermiques.<\/p>\n<p><strong>2. Le dissipateur thermique cylindrique peut-il \u00eatre utilis\u00e9 pour les syst\u00e8mes de refroidissement des LED ?<\/strong><br \/>Oui, il est id\u00e9al pour les applications LED n\u00e9cessitant une dissipation thermique efficace.<\/p>\n<p><strong>3. Est-il possible de personnaliser la taille du dissipateur thermique cylindrique ?<\/strong><br \/>Oui, des tailles personnalis\u00e9es peuvent \u00eatre produites pour r\u00e9pondre aux besoins sp\u00e9cifiques de votre projet.<\/p>\n<p><strong>4. En quoi la conception cylindrique est-elle b\u00e9n\u00e9fique pour les performances thermiques ?<\/strong><br \/>La conception cylindrique offre une dispersion de la chaleur \u00e0 360 degr\u00e9s, am\u00e9liorant ainsi l'efficacit\u00e9 du refroidissement.<\/p>\n<p><strong>5. Y a-t-il des applications sp\u00e9cifiques pour lesquelles le dissipateur thermique est le mieux adapt\u00e9 ?<\/strong><br \/>Il est largement utilis\u00e9 dans l'\u00e9lectronique, l'a\u00e9rospatiale, l'automobile et les applications d'\u00e9clairage LED.<\/p>\n<p><strong>6. Quel est le d\u00e9lai de livraison pour les commandes en gros de dissipateurs thermiques cylindriques ?<\/strong><br \/>Les d\u00e9lais de livraison varient, g\u00e9n\u00e9ralement de 4 \u00e0 6 semaines en fonction de la taille de la commande et de la personnalisation.<\/p>\n<p><strong>7. Le dissipateur thermique cylindrique n\u00e9cessite-t-il un entretien particulier ?<\/strong><br \/>Le dissipateur thermique est con\u00e7u pour un entretien minimal, ne n\u00e9cessitant qu'un nettoyage occasionnel dans des conditions d'utilisation normales.<\/p>\n<p><\/p>","protected":false},"featured_media":10794,"template":"","categories":[72],"class_list":["post-10981","product","type-product","status-publish","has-post-thumbnail","hentry","category-extruded-aluminum-heatsink"],"meta_box":{"hilight_text_group":[{"product_hilight_text":"<li>Optimized for superior thermal management in various applications<\/li>\n<li>Available in multiple sizes and materials to suit specific needs<\/li>\n<li>Designed for easy installation and maintenance<\/li>\n<li>Custom engineering support to meet unique specifications<\/li>\n<li>Enhanced durability for long-lasting performance in harsh environments<\/li>"}],"feature_list":[]},"_links":{"self":[{"href":"https:\/\/sinoextrud.com\/fr\/wp-json\/wp\/v2\/product\/10981","targetHints":{"allow":["GET"]}}],"collection":[{"href":"https:\/\/sinoextrud.com\/fr\/wp-json\/wp\/v2\/product"}],"about":[{"href":"https:\/\/sinoextrud.com\/fr\/wp-json\/wp\/v2\/types\/product"}],"wp:featuredmedia":[{"embeddable":true,"href":"https:\/\/sinoextrud.com\/fr\/wp-json\/wp\/v2\/media\/10794"}],"wp:attachment":[{"href":"https:\/\/sinoextrud.com\/fr\/wp-json\/wp\/v2\/media?parent=10981"}],"wp:term":[{"taxonomy":"category","embeddable":true,"href":"https:\/\/sinoextrud.com\/fr\/wp-json\/wp\/v2\/categories?post=10981"}],"curies":[{"name":"wp","href":"https:\/\/api.w.org\/{rel}","templated":true}]}}