{"id":10979,"date":"2025-08-01T03:29:06","date_gmt":"2025-08-01T03:29:06","guid":{"rendered":"https:\/\/sinoextrud.com\/product\/cylindrical-extruded-aluminum-heat-sink\/"},"modified":"2025-08-01T03:29:06","modified_gmt":"2025-08-01T03:29:06","slug":"dissipateur-thermique-cylindrique-en-aluminium-extrude","status":"publish","type":"product","link":"https:\/\/sinoextrud.com\/fr\/product\/cylindrical-extruded-aluminum-heat-sink\/","title":{"rendered":"Dissipateur thermique cylindrique en aluminium extrud\u00e9"},"content":{"rendered":"<h2>D\u00e9tails des produits<\/h2>\n<div class=\"product-table\">\n<div class=\"row\">\n<div class=\"cell label\">Grade<\/div>\n<div class=\"cell value\">S\u00e9rie 6000<\/div>\n<\/div>\n<div class=\"row\">\n<div class=\"cell label\">Tol\u00e9rance<\/div>\n<div class=\"cell value\">\u00c2\u00b11%<\/div>\n<\/div>\n<div class=\"row\">\n<div class=\"cell label\">D\u00e9lai de livraison<\/div>\n<div class=\"cell value\">22-30 jours<\/div>\n<\/div>\n<div class=\"row\">\n<div class=\"cell label\">Temp\u00e9rer<\/div>\n<div class=\"cell value\">T3-T8<\/div>\n<\/div>\n<div class=\"row\">\n<div class=\"cell label\">Application<\/div>\n<div class=\"cell value\">Dissipateur thermique<\/div>\n<\/div>\n<div class=\"row\">\n<div class=\"cell label\">Forme<\/div>\n<div class=\"cell value\">ROND<\/div>\n<\/div>\n<div class=\"row\">\n<div class=\"cell label\">Alliage ou non<\/div>\n<div class=\"cell value\">Est un alliage<\/div>\n<\/div>\n<div class=\"row\">\n<div class=\"cell label\">Service de traitement<\/div>\n<div class=\"cell value\">D\u00e9coupage, poin\u00e7onnage, soudage, d\u00e9coilage, cintrage<\/div>\n<\/div>\n<div class=\"row\">\n<div class=\"cell label\">Type<\/div>\n<div class=\"cell value\">Dissipateur thermique en aluminium<\/div>\n<\/div>\n<div class=\"row\">\n<div class=\"cell label\">Marque de la voiture<\/div>\n<div class=\"cell value\">Universel<\/div>\n<\/div>\n<div class=\"row\">\n<div class=\"cell label\">Couleur<\/div>\n<div class=\"cell value\">Argent, noir, blanc<\/div>\n<\/div>\n<div class=\"row\">\n<div class=\"cell label\">Mat\u00e9riau<\/div>\n<div class=\"cell value\">Aluminium<\/div>\n<\/div>\n<div class=\"row\">\n<div class=\"cell label\">Application<\/div>\n<div class=\"cell value\">Universal Automotive<\/div>\n<\/div>\n<div class=\"row\">\n<div class=\"cell label\">Certificat<\/div>\n<div class=\"cell value\">ISO 9001<\/div>\n<\/div>\n<div class=\"row\">\n<div class=\"cell label\">Nom du produit<\/div>\n<div class=\"cell value\">Dissipateur thermique en aluminium<\/div>\n<\/div>\n<div class=\"row\">\n<div class=\"cell label\">Emballage<\/div>\n<div class=\"cell value\">Emballage neutre<\/div>\n<\/div>\n<div class=\"row\">\n<div class=\"cell label\">D\u00e9lai de livraison<\/div>\n<div class=\"cell value\">Dans les 20 jours<\/div>\n<\/div>\n<div class=\"row\">\n<div class=\"cell label\">Unit\u00e9s de vente<\/div>\n<div class=\"cell value\">Article unique<\/div>\n<\/div>\n<div class=\"row\">\n<div class=\"cell label\">Taille de l'emballage unique<\/div>\n<div class=\"cell value\">100X80X80 cm<\/div>\n<\/div>\n<div class=\"row\">\n<div class=\"cell label\">Poids brut unique<\/div>\n<div class=\"cell value\">3.000 KG<\/div>\n<\/div>\n<\/div>\n<p><\/p>\n<h2>Notre base de production<\/h2>\n<h3>Panorama de l'usine<\/h3>\n<p><img decoding=\"async\" src=\"\/wp-content\/uploads\/factory-01.webp\"\/><\/p>\n<h3>Atelier de fabrication de barres d'aluminium<\/h3>\n<p><img decoding=\"async\" src=\"\/wp-content\/uploads\/factory-02.webp\"\/><\/p>\n<p><img decoding=\"async\" src=\"\/wp-content\/uploads\/factory-03.webp\"\/><\/p>\n<h3>Entrep\u00f4t de stockage des moules<\/h3>\n<p><img decoding=\"async\" src=\"\/wp-content\/uploads\/factory-04.webp\"\/><\/p>\n<h3>43 lignes d'extrusion d'aluminium (500-5500 tonnes)<\/h3>\n<p><img decoding=\"async\" src=\"\/wp-content\/uploads\/factory-05.webp\"\/><\/p>\n<p><img decoding=\"async\" src=\"\/wp-content\/uploads\/factory-06.webp\"\/><\/p>\n<p><img decoding=\"async\" src=\"\/wp-content\/uploads\/factory-07.webp\"\/><\/p>\n<h3>Atelier de peinture en poudre<\/h3>\n<p><img decoding=\"async\" src=\"\/wp-content\/uploads\/factory-09.webp\"\/><\/p>\n<h3>Atelier d'anodisation<\/h3>\n<p><img decoding=\"async\" src=\"\/wp-content\/uploads\/factory-10.webp\"\/><\/p>\n<h3>Atelier sur le traitement en profondeur<\/h3>\n<p><img decoding=\"async\" src=\"\/wp-content\/uploads\/factory-11.webp\"\/><\/p>\n<h3>Atelier d'usinage de pr\u00e9cision CNC<\/h3>\n<p><img decoding=\"async\" src=\"\/wp-content\/uploads\/factory-11.5.webp\"\/><\/p>\n<h3>Entrep\u00f4t de produits finis et d'exportation<\/h3>\n<p><img decoding=\"async\" src=\"\/wp-content\/uploads\/factory-12.webp\"\/><\/p>\n<p><img decoding=\"async\" src=\"\/wp-content\/uploads\/factory-13.webp\"\/><\/p>\n<p><img decoding=\"async\" src=\"\/wp-content\/uploads\/factory-14.webp\"\/><\/p>\n<h2>FAQ<\/h2>\n<p><strong>1. Quelles sont les principales applications d'un dissipateur thermique cylindrique en aluminium extrud\u00e9 ?<\/strong><br \/>Ils sont principalement utilis\u00e9s dans les appareils \u00e9lectroniques pour dissiper efficacement la chaleur.<\/p>\n<p><strong>2. La forme et la taille du dissipateur thermique en aluminium peuvent-elles \u00eatre personnalis\u00e9es ?<\/strong><br \/>Oui, nous offrons la possibilit\u00e9 de personnaliser les dimensions et les profils pour r\u00e9pondre \u00e0 vos besoins sp\u00e9cifiques.<\/p>\n<p><strong>3. Le dissipateur thermique cylindrique en aluminium convient-il pour une utilisation \u00e0 l'int\u00e9rieur et \u00e0 l'ext\u00e9rieur ?<\/strong><br \/>Oui, il est con\u00e7u avec une finition r\u00e9sistante \u00e0 la corrosion pour des environnements vari\u00e9s.<\/p>\n<p><strong>4. Comment le dissipateur thermique am\u00e9liore-t-il la gestion thermique des appareils ?<\/strong><br \/>Il augmente la surface de dissipation de la chaleur, am\u00e9liorant ainsi les performances de l'appareil.<\/p>\n<p><strong>5. Quel est le d\u00e9lai de livraison pour les commandes en gros du dissipateur thermique ?<\/strong><br \/>Le d\u00e9lai de livraison d\u00e9pend de la taille de la commande et de la personnalisation. Il est g\u00e9n\u00e9ralement de 4 \u00e0 6 semaines.<\/p>\n<p><strong>6. Puis-je obtenir une assistance technique pour l'int\u00e9gration du dissipateur thermique dans mon produit ?<\/strong><br \/>Oui, nous fournissons une assistance technique compl\u00e8te pour garantir une int\u00e9gration sans faille.<\/p>\n<p><strong>7. Fournissez-vous des \u00e9chantillons du dissipateur thermique pour les tests ?<\/strong><br \/>Oui, des \u00e9chantillons sont disponibles pour \u00e9valuer les performances et l'ad\u00e9quation \u00e0 votre application.<\/p>\n<p><\/p>","protected":false},"featured_media":10793,"template":"","categories":[72],"class_list":["post-10979","product","type-product","status-publish","has-post-thumbnail","hentry","category-extruded-aluminum-heatsink"],"meta_box":{"hilight_text_group":[{"product_hilight_text":"<li>Engineered for optimal thermal management in electronics<\/li>\n<li>Custom extrusion profiles available to meet precise specifications<\/li>\n<li>Lightweight aluminum construction ensures easy installation<\/li>\n<li>Highly durable with corrosion-resistant finish<\/li>\n<li>Supports ODM services for bespoke designs<\/li>"}],"feature_list":[]},"_links":{"self":[{"href":"https:\/\/sinoextrud.com\/fr\/wp-json\/wp\/v2\/product\/10979","targetHints":{"allow":["GET"]}}],"collection":[{"href":"https:\/\/sinoextrud.com\/fr\/wp-json\/wp\/v2\/product"}],"about":[{"href":"https:\/\/sinoextrud.com\/fr\/wp-json\/wp\/v2\/types\/product"}],"wp:featuredmedia":[{"embeddable":true,"href":"https:\/\/sinoextrud.com\/fr\/wp-json\/wp\/v2\/media\/10793"}],"wp:attachment":[{"href":"https:\/\/sinoextrud.com\/fr\/wp-json\/wp\/v2\/media?parent=10979"}],"wp:term":[{"taxonomy":"category","embeddable":true,"href":"https:\/\/sinoextrud.com\/fr\/wp-json\/wp\/v2\/categories?post=10979"}],"curies":[{"name":"wp","href":"https:\/\/api.w.org\/{rel}","templated":true}]}}