{"id":10978,"date":"2025-08-01T03:29:03","date_gmt":"2025-08-01T03:29:03","guid":{"rendered":"https:\/\/sinoextrud.com\/product\/industrial-aluminum-heat-sink-for-power-systems\/"},"modified":"2025-08-01T03:29:03","modified_gmt":"2025-08-01T03:29:03","slug":"dissipateur-thermique-industriel-en-aluminium-pour-systemes-dalimentation","status":"publish","type":"product","link":"https:\/\/sinoextrud.com\/fr\/product\/industrial-aluminum-heat-sink-for-power-systems\/","title":{"rendered":"Dissipateur thermique industriel en aluminium pour syst\u00e8mes d'alimentation"},"content":{"rendered":"<h2>D\u00e9tails des produits<\/h2>\n<div class=\"product-table\">\n<div class=\"row\">\n<div class=\"cell label\">Grade<\/div>\n<div class=\"cell value\">S\u00e9rie 4000<\/div>\n<\/div>\n<div class=\"row\">\n<div class=\"cell label\">Tol\u00e9rance<\/div>\n<div class=\"cell value\">\u00c2\u00b11%<\/div>\n<\/div>\n<div class=\"row\">\n<div class=\"cell label\">D\u00e9lai de livraison<\/div>\n<div class=\"cell value\">22-30 jours<\/div>\n<\/div>\n<div class=\"row\">\n<div class=\"cell label\">Temp\u00e9rer<\/div>\n<div class=\"cell value\">T3-T8<\/div>\n<\/div>\n<div class=\"row\">\n<div class=\"cell label\">Application<\/div>\n<div class=\"cell value\">Porte et fen\u00eatre<\/div>\n<\/div>\n<div class=\"row\">\n<div class=\"cell label\">Forme<\/div>\n<div class=\"cell value\">Carr\u00e9<\/div>\n<\/div>\n<div class=\"row\">\n<div class=\"cell label\">Alliage ou non<\/div>\n<div class=\"cell value\">Est un alliage<\/div>\n<\/div>\n<div class=\"row\">\n<div class=\"cell label\">Service de traitement<\/div>\n<div class=\"cell value\">Pliage, d\u00e9roulage, soudage, poin\u00e7onnage, d\u00e9coupage<\/div>\n<\/div>\n<div class=\"row\">\n<div class=\"cell label\">Mat\u00e9riau<\/div>\n<div class=\"cell value\">Alliage d'aluminium<\/div>\n<\/div>\n<div class=\"row\">\n<div class=\"cell label\">Processus<\/div>\n<div class=\"cell value\">Extrusion<\/div>\n<\/div>\n<div class=\"row\">\n<div class=\"cell label\">Nom du produit<\/div>\n<div class=\"cell value\">Pi\u00e8ces d'usinage CNC de pr\u00e9cision professionnelles<\/div>\n<\/div>\n<div class=\"row\">\n<div class=\"cell label\">Traitement de surface<\/div>\n<div class=\"cell value\">M\u00e9dia Blasting<\/div>\n<\/div>\n<div class=\"row\">\n<div class=\"cell label\">Application<\/div>\n<div class=\"cell value\">\u00c9quipement industriel<\/div>\n<\/div>\n<div class=\"row\">\n<div class=\"cell label\">Service<\/div>\n<div class=\"cell value\">OEM ODM Personnalis\u00e9<\/div>\n<\/div>\n<div class=\"row\">\n<div class=\"cell label\">Equipement<\/div>\n<div class=\"cell value\">Centres d'usinage<\/div>\n<\/div>\n<div class=\"row\">\n<div class=\"cell label\">Format du dessin<\/div>\n<div class=\"cell value\">2D\/(PDF\/CAD)3D(IGES\/STEP)<\/div>\n<\/div>\n<div class=\"row\">\n<div class=\"cell label\">D\u00e9lai d'ex\u00e9cution<\/div>\n<div class=\"cell value\">3-7 jours ouvrables<\/div>\n<\/div>\n<div class=\"row\">\n<div class=\"cell label\">Tol\u00e9rance<\/div>\n<div class=\"cell value\">0.005<\/div>\n<\/div>\n<div class=\"row\">\n<div class=\"cell label\">Unit\u00e9s de vente<\/div>\n<div class=\"cell value\">Article unique<\/div>\n<\/div>\n<div class=\"row\">\n<div class=\"cell label\">Taille de l'emballage unique<\/div>\n<div class=\"cell value\">10X10X10 cm<\/div>\n<\/div>\n<div class=\"row\">\n<div class=\"cell label\">Poids brut unique<\/div>\n<div class=\"cell value\">2.000 KG<\/div>\n<\/div>\n<\/div>\n<p><\/p>\n<h2>Notre base de production<\/h2>\n<h3>Panorama de l'usine<\/h3>\n<p><img decoding=\"async\" src=\"\/wp-content\/uploads\/factory-01.webp\"\/><\/p>\n<h3>Atelier de fabrication de barres d'aluminium<\/h3>\n<p><img decoding=\"async\" src=\"\/wp-content\/uploads\/factory-02.webp\"\/><\/p>\n<p><img decoding=\"async\" src=\"\/wp-content\/uploads\/factory-03.webp\"\/><\/p>\n<h3>Entrep\u00f4t de stockage des moules<\/h3>\n<p><img decoding=\"async\" src=\"\/wp-content\/uploads\/factory-04.webp\"\/><\/p>\n<h3>43 lignes d'extrusion d'aluminium (500-5500 tonnes)<\/h3>\n<p><img decoding=\"async\" src=\"\/wp-content\/uploads\/factory-05.webp\"\/><\/p>\n<p><img decoding=\"async\" src=\"\/wp-content\/uploads\/factory-06.webp\"\/><\/p>\n<p><img decoding=\"async\" src=\"\/wp-content\/uploads\/factory-07.webp\"\/><\/p>\n<h3>Atelier de peinture en poudre<\/h3>\n<p><img decoding=\"async\" src=\"\/wp-content\/uploads\/factory-09.webp\"\/><\/p>\n<h3>Atelier d'anodisation<\/h3>\n<p><img decoding=\"async\" src=\"\/wp-content\/uploads\/factory-10.webp\"\/><\/p>\n<h3>Atelier sur le traitement en profondeur<\/h3>\n<p><img decoding=\"async\" src=\"\/wp-content\/uploads\/factory-11.webp\"\/><\/p>\n<h3>Atelier d'usinage de pr\u00e9cision CNC<\/h3>\n<p><img decoding=\"async\" src=\"\/wp-content\/uploads\/factory-11.5.webp\"\/><\/p>\n<h3>Entrep\u00f4t de produits finis et d'exportation<\/h3>\n<p><img decoding=\"async\" src=\"\/wp-content\/uploads\/factory-12.webp\"\/><\/p>\n<p><img decoding=\"async\" src=\"\/wp-content\/uploads\/factory-13.webp\"\/><\/p>\n<p><img decoding=\"async\" src=\"\/wp-content\/uploads\/factory-14.webp\"\/><\/p>\n<h2>FAQ<\/h2>\n<p><strong>1. \u00c0 quoi sert un dissipateur thermique industriel en aluminium ?<\/strong><br \/>Il est utilis\u00e9 pour dissiper efficacement la chaleur dans les applications industrielles et \u00e9lectroniques.<\/p>\n<p><strong>2. La taille du dissipateur thermique en aluminium peut-elle \u00eatre personnalis\u00e9e ?<\/strong><br \/>Oui, nous proposons diff\u00e9rentes tailles adapt\u00e9es aux besoins sp\u00e9cifiques des projets.<\/p>\n<p><strong>3. Quels sont les avantages de l'aluminium pour les dissipateurs thermiques ?<\/strong><br \/>L'aluminium offre une excellente conductivit\u00e9 thermique et est l\u00e9ger, ce qui en fait un mat\u00e9riau id\u00e9al pour les dissipateurs thermiques.<\/p>\n<p><strong>4. Existe-t-il diff\u00e9rentes formes de dissipateurs thermiques ?<\/strong><br \/>Oui, nous offrons une vari\u00e9t\u00e9 de formes et de designs pour r\u00e9pondre \u00e0 diff\u00e9rentes applications.<\/p>\n<p><strong>5. Le dissipateur thermique en aluminium est-il adapt\u00e9 aux appareils de grande puissance ?<\/strong><br \/>Oui, il est con\u00e7u pour g\u00e9rer efficacement des charges thermiques \u00e9lev\u00e9es.<\/p>\n<p><strong>6. Le dissipateur thermique peut-il \u00eatre utilis\u00e9 dans des environnements ext\u00e9rieurs ?<\/strong><br \/>Oui, avec un rev\u00eatement et une conception appropri\u00e9s, il peut \u00eatre utilis\u00e9 \u00e0 l'ext\u00e9rieur.<\/p>\n<p><strong>7. Le dissipateur thermique n\u00e9cessite-t-il un entretien ?<\/strong><br \/>En r\u00e8gle g\u00e9n\u00e9rale, les dissipateurs thermiques en aluminium ne n\u00e9cessitent qu'un minimum d'entretien, mais doivent \u00eatre maintenus propres pour des performances optimales.<\/p>\n<p><\/p>","protected":false},"featured_media":10810,"template":"","categories":[72],"class_list":["post-10978","product","type-product","status-publish","has-post-thumbnail","hentry","category-extruded-aluminum-heatsink"],"meta_box":{"hilight_text_group":[{"product_hilight_text":"<li>Engineered for efficient heat dissipation in industrial applications<\/li>\n<li>Constructed from high-quality aluminum for optimal performance<\/li>\n<li>Customizable sizes and designs to fit diverse industrial needs<\/li>\n<li>Lightweight with excellent thermal conductivity<\/li>\n<li>Compatible with various electronic and mechanical systems<\/li>"}],"feature_list":[]},"_links":{"self":[{"href":"https:\/\/sinoextrud.com\/fr\/wp-json\/wp\/v2\/product\/10978","targetHints":{"allow":["GET"]}}],"collection":[{"href":"https:\/\/sinoextrud.com\/fr\/wp-json\/wp\/v2\/product"}],"about":[{"href":"https:\/\/sinoextrud.com\/fr\/wp-json\/wp\/v2\/types\/product"}],"wp:featuredmedia":[{"embeddable":true,"href":"https:\/\/sinoextrud.com\/fr\/wp-json\/wp\/v2\/media\/10810"}],"wp:attachment":[{"href":"https:\/\/sinoextrud.com\/fr\/wp-json\/wp\/v2\/media?parent=10978"}],"wp:term":[{"taxonomy":"category","embeddable":true,"href":"https:\/\/sinoextrud.com\/fr\/wp-json\/wp\/v2\/categories?post=10978"}],"curies":[{"name":"wp","href":"https:\/\/api.w.org\/{rel}","templated":true}]}}