{"id":10977,"date":"2025-08-01T03:29:01","date_gmt":"2025-08-01T03:29:01","guid":{"rendered":"https:\/\/sinoextrud.com\/product\/high-efficiency-heat-sink-for-thermal-management\/"},"modified":"2025-08-01T03:29:01","modified_gmt":"2025-08-01T03:29:01","slug":"dissipateur-de-chaleur-a-haute-efficacite-pour-la-gestion-thermique","status":"publish","type":"product","link":"https:\/\/sinoextrud.com\/fr\/product\/high-efficiency-heat-sink-for-thermal-management\/","title":{"rendered":"Dissipateur thermique \u00e0 haute efficacit\u00e9 pour la gestion thermique"},"content":{"rendered":"<h2>D\u00e9tails des produits<\/h2>\n<div class=\"product-table\">\n<div class=\"row\">\n<div class=\"cell label\">Grade<\/div>\n<div class=\"cell value\">S\u00e9rie 6000<\/div>\n<\/div>\n<div class=\"row\">\n<div class=\"cell label\">Tol\u00e9rance<\/div>\n<div class=\"cell value\">\u00c2\u00b120%<\/div>\n<\/div>\n<div class=\"row\">\n<div class=\"cell label\">D\u00e9lai de livraison<\/div>\n<div class=\"cell value\">31-45 jours<\/div>\n<\/div>\n<div class=\"row\">\n<div class=\"cell label\">Temp\u00e9rer<\/div>\n<div class=\"cell value\">T3-T8<\/div>\n<\/div>\n<div class=\"row\">\n<div class=\"cell label\">Application<\/div>\n<div class=\"cell value\">D\u00e9coration, industrie, \u00e9clairage, b\u00e2timent, transport, etc.<\/div>\n<\/div>\n<div class=\"row\">\n<div class=\"cell label\">Forme<\/div>\n<div class=\"cell value\">Carr\u00e9, rond, plat, etc.<\/div>\n<\/div>\n<div class=\"row\">\n<div class=\"cell label\">Alliage ou non<\/div>\n<div class=\"cell value\">Est un alliage<\/div>\n<\/div>\n<div class=\"row\">\n<div class=\"cell label\">Service de traitement<\/div>\n<div class=\"cell value\">Pliage, d\u00e9roulage, soudage, poin\u00e7onnage, d\u00e9coupage<\/div>\n<\/div>\n<div class=\"row\">\n<div class=\"cell label\">Nom du produit<\/div>\n<div class=\"cell value\">Dissipateur thermique hexagonal en aluminium ou dissipateur thermique \u00e0 haute efficacit\u00e9 fourni par l'usine<\/div>\n<\/div>\n<div class=\"row\">\n<div class=\"cell label\">Mat\u00e9riau<\/div>\n<div class=\"cell value\">Alliage 6063\/6061\/6005\/6060 T5\/T6, etc. Selon les besoins du client<\/div>\n<\/div>\n<div class=\"row\">\n<div class=\"cell label\">Couleur<\/div>\n<div class=\"cell value\">Couleur personnalis\u00e9e<\/div>\n<\/div>\n<div class=\"row\">\n<div class=\"cell label\">Type<\/div>\n<div class=\"cell value\">Extrusion d'Aluninum<\/div>\n<\/div>\n<div class=\"row\">\n<div class=\"cell label\">Traitement de surface<\/div>\n<div class=\"cell value\">Finition en usine, anodisation, rev\u00eatement en poudre, polissage, brossage, etc.<\/div>\n<\/div>\n<div class=\"row\">\n<div class=\"cell label\">Technologie<\/div>\n<div class=\"cell value\">Extrud\u00e9 + usinage de pr\u00e9cision, traitement de surface<\/div>\n<\/div>\n<div class=\"row\">\n<div class=\"cell label\">Caract\u00e9ristiques<\/div>\n<div class=\"cell value\">Solide, \u00e9l\u00e9gant, durable, r\u00e9sistant \u00e0 la corrosion.<\/div>\n<\/div>\n<div class=\"row\">\n<div class=\"cell label\">Processus d'usinage<\/div>\n<div class=\"cell value\">D\u00e9coupage, poin\u00e7onnage, per\u00e7age, soudage, fraisage, CNC, etc.<\/div>\n<\/div>\n<div class=\"row\">\n<div class=\"cell label\">D\u00e9lai de livraison<\/div>\n<div class=\"cell value\">25-30 jours ouvrables pour le dissipateur thermique hexagonal en aluminium<\/div>\n<\/div>\n<div class=\"row\">\n<div class=\"cell label\">Service OEM<\/div>\n<div class=\"cell value\">Disponible pour les dissipateurs thermiques hexagonaux en aluminium<\/div>\n<\/div>\n<div class=\"row\">\n<div class=\"cell label\">Unit\u00e9s de vente<\/div>\n<div class=\"cell value\">Article unique<\/div>\n<\/div>\n<div class=\"row\">\n<div class=\"cell label\">Taille de l'emballage unique<\/div>\n<div class=\"cell value\">45X5X45 cm<\/div>\n<\/div>\n<div class=\"row\">\n<div class=\"cell label\">Poids brut unique<\/div>\n<div class=\"cell value\">2.000 KG<\/div>\n<\/div>\n<\/div>\n<p><\/p>\n<h2>Notre base de production<\/h2>\n<h3>Panorama de l'usine<\/h3>\n<p><img decoding=\"async\" src=\"\/wp-content\/uploads\/factory-01.webp\"\/><\/p>\n<h3>Atelier de fabrication de barres d'aluminium<\/h3>\n<p><img decoding=\"async\" src=\"\/wp-content\/uploads\/factory-02.webp\"\/><\/p>\n<p><img decoding=\"async\" src=\"\/wp-content\/uploads\/factory-03.webp\"\/><\/p>\n<h3>Entrep\u00f4t de stockage des moules<\/h3>\n<p><img decoding=\"async\" src=\"\/wp-content\/uploads\/factory-04.webp\"\/><\/p>\n<h3>43 lignes d'extrusion d'aluminium (500-5500 tonnes)<\/h3>\n<p><img decoding=\"async\" src=\"\/wp-content\/uploads\/factory-05.webp\"\/><\/p>\n<p><img decoding=\"async\" src=\"\/wp-content\/uploads\/factory-06.webp\"\/><\/p>\n<p><img decoding=\"async\" src=\"\/wp-content\/uploads\/factory-07.webp\"\/><\/p>\n<h3>Atelier de peinture en poudre<\/h3>\n<p><img decoding=\"async\" src=\"\/wp-content\/uploads\/factory-09.webp\"\/><\/p>\n<h3>Atelier d'anodisation<\/h3>\n<p><img decoding=\"async\" src=\"\/wp-content\/uploads\/factory-10.webp\"\/><\/p>\n<h3>Atelier sur le traitement en profondeur<\/h3>\n<p><img decoding=\"async\" src=\"\/wp-content\/uploads\/factory-11.webp\"\/><\/p>\n<h3>Atelier d'usinage de pr\u00e9cision CNC<\/h3>\n<p><img decoding=\"async\" src=\"\/wp-content\/uploads\/factory-11.5.webp\"\/><\/p>\n<h3>Entrep\u00f4t de produits finis et d'exportation<\/h3>\n<p><img decoding=\"async\" src=\"\/wp-content\/uploads\/factory-12.webp\"\/><\/p>\n<p><img decoding=\"async\" src=\"\/wp-content\/uploads\/factory-13.webp\"\/><\/p>\n<p><img decoding=\"async\" src=\"\/wp-content\/uploads\/factory-14.webp\"\/><\/p>\n<h2>FAQ<\/h2>\n<p><strong>1. Qu'est-ce qui rend ce dissipateur thermique tr\u00e8s efficace ?<\/strong><br \/>Sa conception et la s\u00e9lection des mat\u00e9riaux garantissent une dissipation de la chaleur et une gestion thermique optimales.<\/p>\n<p><strong>2. Le dissipateur thermique peut-il \u00eatre personnalis\u00e9 ?<\/strong><br \/>Oui, nous offrons la possibilit\u00e9 de personnaliser la taille, la forme et les options de montage pour r\u00e9pondre \u00e0 des besoins sp\u00e9cifiques.<\/p>\n<p><strong>3. Vos dissipateurs thermiques sont-ils compatibles avec divers appareils \u00e9lectroniques ?<\/strong><br \/>Absolument, nos dissipateurs thermiques sont con\u00e7us pour \u00eatre compatibles avec une large gamme d'appareils.<\/p>\n<p><strong>4. Fournissez-vous une assistance technique pour l'int\u00e9gration ?<\/strong><br \/>Oui, nous offrons une assistance technique compl\u00e8te et des conseils pour l'int\u00e9gration des produits.<\/p>\n<p><strong>5. Est-il possible de commander un \u00e9chantillon de dissipateur thermique ?<\/strong><br \/>Oui, des \u00e9chantillons sont disponibles pour \u00e9valuation avant de s'engager dans des commandes en gros.<\/p>\n<p><strong>6. Quels sont les mat\u00e9riaux utilis\u00e9s dans le dissipateur thermique ?<\/strong><br \/>Il est g\u00e9n\u00e9ralement fabriqu\u00e9 en aluminium ou en cuivre, connus pour leurs excellentes propri\u00e9t\u00e9s thermiques.<\/p>\n<p><strong>7. Est-ce que vous proposez une livraison internationale pour ces dissipateurs de chaleur ?<\/strong><br \/>Oui, nous fournissons des services d'exp\u00e9dition \u00e0 l'\u00e9chelle mondiale avec un soutien logistique complet.<\/p>\n<p><\/p>","protected":false},"featured_media":10811,"template":"","categories":[72],"class_list":["post-10977","product","type-product","status-publish","has-post-thumbnail","hentry","category-extruded-aluminum-heatsink"],"meta_box":{"hilight_text_group":[{"product_hilight_text":"<li>Engineered for optimal thermal management in various applications<\/li>\n<li>Customizable designs to fit client-specific requirements<\/li>\n<li>Manufactured using high-quality materials for enhanced durability<\/li>\n<li>Compatible with a wide range of electronic components<\/li>\n<li>Environmentally friendly production processes<\/li>"}],"feature_list":[]},"_links":{"self":[{"href":"https:\/\/sinoextrud.com\/fr\/wp-json\/wp\/v2\/product\/10977","targetHints":{"allow":["GET"]}}],"collection":[{"href":"https:\/\/sinoextrud.com\/fr\/wp-json\/wp\/v2\/product"}],"about":[{"href":"https:\/\/sinoextrud.com\/fr\/wp-json\/wp\/v2\/types\/product"}],"wp:featuredmedia":[{"embeddable":true,"href":"https:\/\/sinoextrud.com\/fr\/wp-json\/wp\/v2\/media\/10811"}],"wp:attachment":[{"href":"https:\/\/sinoextrud.com\/fr\/wp-json\/wp\/v2\/media?parent=10977"}],"wp:term":[{"taxonomy":"category","embeddable":true,"href":"https:\/\/sinoextrud.com\/fr\/wp-json\/wp\/v2\/categories?post=10977"}],"curies":[{"name":"wp","href":"https:\/\/api.w.org\/{rel}","templated":true}]}}