{"id":10976,"date":"2025-08-01T03:28:59","date_gmt":"2025-08-01T03:28:59","guid":{"rendered":"https:\/\/sinoextrud.com\/product\/custom-cnc-aluminum-case-for-electronics\/"},"modified":"2025-08-01T03:28:59","modified_gmt":"2025-08-01T03:28:59","slug":"boitier-en-aluminium-cnc-personnalise-pour-lelectronique","status":"publish","type":"product","link":"https:\/\/sinoextrud.com\/fr\/product\/custom-cnc-aluminum-case-for-electronics\/","title":{"rendered":"Bo\u00eetier en aluminium CNC sur mesure pour l'\u00e9lectronique"},"content":{"rendered":"<h2>D\u00e9tails des produits<\/h2>\n<div class=\"product-table\">\n<div class=\"row\">\n<div class=\"cell label\">Grade<\/div>\n<div class=\"cell value\">S\u00e9rie 6000<\/div>\n<\/div>\n<div class=\"row\">\n<div class=\"cell label\">Tol\u00e9rance<\/div>\n<div class=\"cell value\">\u00c2\u00b11%<\/div>\n<\/div>\n<div class=\"row\">\n<div class=\"cell label\">D\u00e9lai de livraison<\/div>\n<div class=\"cell value\">15-21 jours<\/div>\n<\/div>\n<div class=\"row\">\n<div class=\"cell label\">Temp\u00e9rer<\/div>\n<div class=\"cell value\">T3-T8<\/div>\n<\/div>\n<div class=\"row\">\n<div class=\"cell label\">Application<\/div>\n<div class=\"cell value\">D\u00e9corations<\/div>\n<\/div>\n<div class=\"row\">\n<div class=\"cell label\">Forme<\/div>\n<div class=\"cell value\">fa\u00e7onn\u00e9<\/div>\n<\/div>\n<div class=\"row\">\n<div class=\"cell label\">Alliage ou non<\/div>\n<div class=\"cell value\">Est un alliage<\/div>\n<\/div>\n<div class=\"row\">\n<div class=\"cell label\">Service de traitement<\/div>\n<div class=\"cell value\">Poin\u00e7onnage, d\u00e9coupage, CNC, fraisage<\/div>\n<\/div>\n<div class=\"row\">\n<div class=\"cell label\">Mat\u00e9riau<\/div>\n<div class=\"cell value\">S\u00e9rie d'alliages 6000<\/div>\n<\/div>\n<div class=\"row\">\n<div class=\"cell label\">Traitement de surface<\/div>\n<div class=\"cell value\">anodis\u00e9<\/div>\n<\/div>\n<div class=\"row\">\n<div class=\"cell label\">Couleur<\/div>\n<div class=\"cell value\">argent\u00e9<\/div>\n<\/div>\n<div class=\"row\">\n<div class=\"cell label\">Nom du produit<\/div>\n<div class=\"cell value\">mat\u00e9riaux s\u00e9lectionn\u00e9s de haute pr\u00e9cision profil\u00e9 d'aluminium pour radiateur<\/div>\n<\/div>\n<div class=\"row\">\n<div class=\"cell label\">Utilisation<\/div>\n<div class=\"cell value\">l'industrie<\/div>\n<\/div>\n<div class=\"row\">\n<div class=\"cell label\">Longueur<\/div>\n<div class=\"cell value\">personnalis\u00e9<\/div>\n<\/div>\n<div class=\"row\">\n<div class=\"cell label\">Finition<\/div>\n<div class=\"cell value\">anodis\u00e9<\/div>\n<\/div>\n<div class=\"row\">\n<div class=\"cell label\">Nom<\/div>\n<div class=\"cell value\">mat\u00e9riaux s\u00e9lectionn\u00e9s de haute pr\u00e9cision profil\u00e9 d'aluminium pour radiateur<\/div>\n<\/div>\n<div class=\"row\">\n<div class=\"cell label\">Unit\u00e9s de vente<\/div>\n<div class=\"cell value\">Article unique<\/div>\n<\/div>\n<\/div>\n<p><\/p>\n<h2>Notre base de production<\/h2>\n<h3>Panorama de l'usine<\/h3>\n<p><img decoding=\"async\" src=\"\/wp-content\/uploads\/factory-01.webp\"\/><\/p>\n<h3>Atelier de fabrication de barres d'aluminium<\/h3>\n<p><img decoding=\"async\" src=\"\/wp-content\/uploads\/factory-02.webp\"\/><\/p>\n<p><img decoding=\"async\" src=\"\/wp-content\/uploads\/factory-03.webp\"\/><\/p>\n<h3>Entrep\u00f4t de stockage des moules<\/h3>\n<p><img decoding=\"async\" src=\"\/wp-content\/uploads\/factory-04.webp\"\/><\/p>\n<h3>43 lignes d'extrusion d'aluminium (500-5500 tonnes)<\/h3>\n<p><img decoding=\"async\" src=\"\/wp-content\/uploads\/factory-05.webp\"\/><\/p>\n<p><img decoding=\"async\" src=\"\/wp-content\/uploads\/factory-06.webp\"\/><\/p>\n<p><img decoding=\"async\" src=\"\/wp-content\/uploads\/factory-07.webp\"\/><\/p>\n<h3>Atelier de peinture en poudre<\/h3>\n<p><img decoding=\"async\" src=\"\/wp-content\/uploads\/factory-09.webp\"\/><\/p>\n<h3>Atelier d'anodisation<\/h3>\n<p><img decoding=\"async\" src=\"\/wp-content\/uploads\/factory-10.webp\"\/><\/p>\n<h3>Atelier sur le traitement en profondeur<\/h3>\n<p><img decoding=\"async\" src=\"\/wp-content\/uploads\/factory-11.webp\"\/><\/p>\n<h3>Atelier d'usinage de pr\u00e9cision CNC<\/h3>\n<p><img decoding=\"async\" src=\"\/wp-content\/uploads\/factory-11.5.webp\"\/><\/p>\n<h3>Entrep\u00f4t de produits finis et d'exportation<\/h3>\n<p><img decoding=\"async\" src=\"\/wp-content\/uploads\/factory-12.webp\"\/><\/p>\n<p><img decoding=\"async\" src=\"\/wp-content\/uploads\/factory-13.webp\"\/><\/p>\n<p><img decoding=\"async\" src=\"\/wp-content\/uploads\/factory-14.webp\"\/><\/p>\n<h2>FAQ<\/h2>\n<p><strong>1. Quels sont les mat\u00e9riaux utilis\u00e9s dans le bo\u00eetier en aluminium ?<\/strong><br \/>L'\u00e9tui en aluminium est fabriqu\u00e9 en aluminium de haute qualit\u00e9 pour une durabilit\u00e9 sup\u00e9rieure.<\/p>\n<p><strong>2. L'\u00e9tui en aluminium est-il personnalisable ?<\/strong><br \/>Oui, nous offrons la possibilit\u00e9 de personnaliser la taille, la couleur et le design pour r\u00e9pondre aux besoins sp\u00e9cifiques de l'entreprise.<\/p>\n<p><strong>3. Le bo\u00eetier en aluminium peut-il r\u00e9sister \u00e0 la rouille et \u00e0 la corrosion ?<\/strong><br \/>Oui, l'\u00e9tui est con\u00e7u pour \u00eatre tr\u00e8s r\u00e9sistant \u00e0 la rouille et \u00e0 la corrosion, pour une utilisation durable.<\/p>\n<p><strong>4. Le bo\u00eetier en aluminium est-il adapt\u00e9 aux composants \u00e9lectroniques ?<\/strong><br \/>Absolument, il est id\u00e9alement utilis\u00e9 pour prot\u00e9ger les composants \u00e9lectroniques sensibles.<\/p>\n<p><strong>5. Offrez-vous des remises pour les commandes importantes ?<\/strong><br \/>Oui, des prix comp\u00e9titifs et des remises en gros sont disponibles pour les commandes plus importantes.<\/p>\n<p><strong>6. Quelles sont les finitions disponibles pour le bo\u00eetier en aluminium ?<\/strong><br \/>Nous proposons diff\u00e9rentes finitions, y compris des options de rev\u00eatement anodis\u00e9 et en poudre.<\/p>\n<p><strong>7. Le bo\u00eetier en aluminium peut-il \u00eatre utilis\u00e9 dans des environnements industriels ?<\/strong><br \/>Oui, il est suffisamment robuste pour les environnements et applications industriels exigeants.<\/p>\n<p><\/p>","protected":false},"featured_media":10739,"template":"","categories":[55],"class_list":["post-10976","product","type-product","status-publish","has-post-thumbnail","hentry","category-extruded-aluminum-profiles"],"meta_box":{"hilight_text_group":[{"product_hilight_text":"<li>Lightweight yet durable construction for various uses<\/li>\n<li>Highly resistant to corrosion and rust, ensuring long-term reliability<\/li>\n<li>Customizable dimensions and design to fit specific business needs<\/li>\n<li>Premium quality finish with options for anodized or powder coating<\/li>\n<li>Well-suited for both electronic and industrial applications<\/li>"}],"feature_list":[]},"_links":{"self":[{"href":"https:\/\/sinoextrud.com\/fr\/wp-json\/wp\/v2\/product\/10976","targetHints":{"allow":["GET"]}}],"collection":[{"href":"https:\/\/sinoextrud.com\/fr\/wp-json\/wp\/v2\/product"}],"about":[{"href":"https:\/\/sinoextrud.com\/fr\/wp-json\/wp\/v2\/types\/product"}],"wp:featuredmedia":[{"embeddable":true,"href":"https:\/\/sinoextrud.com\/fr\/wp-json\/wp\/v2\/media\/10739"}],"wp:attachment":[{"href":"https:\/\/sinoextrud.com\/fr\/wp-json\/wp\/v2\/media?parent=10976"}],"wp:term":[{"taxonomy":"category","embeddable":true,"href":"https:\/\/sinoextrud.com\/fr\/wp-json\/wp\/v2\/categories?post=10976"}],"curies":[{"name":"wp","href":"https:\/\/api.w.org\/{rel}","templated":true}]}}