{"id":10973,"date":"2025-08-01T03:22:27","date_gmt":"2025-08-01T03:22:27","guid":{"rendered":"https:\/\/sinoextrud.com\/product\/cooling-plate-for-thermal-management-systems\/"},"modified":"2025-08-01T03:22:27","modified_gmt":"2025-08-01T03:22:27","slug":"plaque-de-refroidissement-pour-systemes-de-gestion-thermique","status":"publish","type":"product","link":"https:\/\/sinoextrud.com\/fr\/product\/cooling-plate-for-thermal-management-systems\/","title":{"rendered":"Plaque de refroidissement pour les syst\u00e8mes de gestion thermique"},"content":{"rendered":"<h2>D\u00e9tails des produits<\/h2>\n<div class=\"product-table\">\n<div class=\"row\">\n<div class=\"cell label\">Grade<\/div>\n<div class=\"cell value\">S\u00e9rie 6000<\/div>\n<\/div>\n<div class=\"row\">\n<div class=\"cell label\">Tol\u00e9rance<\/div>\n<div class=\"cell value\">\u00c2\u00b11%<\/div>\n<\/div>\n<div class=\"row\">\n<div class=\"cell label\">D\u00e9lai de livraison<\/div>\n<div class=\"cell value\">22-30 jours<\/div>\n<\/div>\n<div class=\"row\">\n<div class=\"cell label\">Temp\u00e9rer<\/div>\n<div class=\"cell value\">T3-T8<\/div>\n<\/div>\n<div class=\"row\">\n<div class=\"cell label\">Application<\/div>\n<div class=\"cell value\">led\/\u00e9lectronique\/cpu\/industrie<\/div>\n<\/div>\n<div class=\"row\">\n<div class=\"cell label\">Forme<\/div>\n<div class=\"cell value\">sur mesure<\/div>\n<\/div>\n<div class=\"row\">\n<div class=\"cell label\">Alliage ou non<\/div>\n<div class=\"cell value\">Est un alliage<\/div>\n<\/div>\n<div class=\"row\">\n<div class=\"cell label\">Service de traitement<\/div>\n<div class=\"cell value\">Pliage, d\u00e9roulage, soudage, poin\u00e7onnage, d\u00e9coupage<\/div>\n<\/div>\n<div class=\"row\">\n<div class=\"cell label\">Nom du produit<\/div>\n<div class=\"cell value\">Dissipateur thermique en aluminium sur mesure<\/div>\n<\/div>\n<div class=\"row\">\n<div class=\"cell label\">Mat\u00e9riau<\/div>\n<div class=\"cell value\">Alliage d'aluminium 6063 6061 6005<\/div>\n<\/div>\n<div class=\"row\">\n<div class=\"cell label\">Couleur<\/div>\n<div class=\"cell value\">Argent, noir, noir dor\u00e9, etc.<\/div>\n<\/div>\n<div class=\"row\">\n<div class=\"cell label\">Traitement de surface<\/div>\n<div class=\"cell value\">Finition en usine, anodisation, rev\u00eatement en poudre<\/div>\n<\/div>\n<div class=\"row\">\n<div class=\"cell label\">Certification<\/div>\n<div class=\"cell value\">ISO9001:2008<\/div>\n<\/div>\n<div class=\"row\">\n<div class=\"cell label\">forme<\/div>\n<div class=\"cell value\">Sur mesure<\/div>\n<\/div>\n<div class=\"row\">\n<div class=\"cell label\">Utilisation<\/div>\n<div class=\"cell value\">Led\/\u00e9lectronique\/cpu\/industrie<\/div>\n<\/div>\n<div class=\"row\">\n<div class=\"cell label\">\u00c9chantillon<\/div>\n<div class=\"cell value\">\u00c9chantillon gratuit<\/div>\n<\/div>\n<div class=\"row\">\n<div class=\"cell label\">Longueur<\/div>\n<div class=\"cell value\">Longueur sur mesure<\/div>\n<\/div>\n<div class=\"row\">\n<div class=\"cell label\">Service<\/div>\n<div class=\"cell value\">OEM ODM<\/div>\n<\/div>\n<div class=\"row\">\n<div class=\"cell label\">Unit\u00e9s de vente<\/div>\n<div class=\"cell value\">Article unique<\/div>\n<\/div>\n<div class=\"row\">\n<div class=\"cell label\">Taille de l'emballage unique<\/div>\n<div class=\"cell value\">30X20X20 cm<\/div>\n<\/div>\n<div class=\"row\">\n<div class=\"cell label\">Poids brut unique<\/div>\n<div class=\"cell value\">3.000 KG<\/div>\n<\/div>\n<\/div>\n<p><\/p>\n<h2>Notre base de production<\/h2>\n<h3>Panorama de l'usine<\/h3>\n<p><img decoding=\"async\" src=\"\/wp-content\/uploads\/factory-01.webp\"\/><\/p>\n<h3>Atelier de fabrication de barres d'aluminium<\/h3>\n<p><img decoding=\"async\" src=\"\/wp-content\/uploads\/factory-02.webp\"\/><\/p>\n<p><img decoding=\"async\" src=\"\/wp-content\/uploads\/factory-03.webp\"\/><\/p>\n<h3>Entrep\u00f4t de stockage des moules<\/h3>\n<p><img decoding=\"async\" src=\"\/wp-content\/uploads\/factory-04.webp\"\/><\/p>\n<h3>43 lignes d'extrusion d'aluminium (500-5500 tonnes)<\/h3>\n<p><img decoding=\"async\" src=\"\/wp-content\/uploads\/factory-05.webp\"\/><\/p>\n<p><img decoding=\"async\" src=\"\/wp-content\/uploads\/factory-06.webp\"\/><\/p>\n<p><img decoding=\"async\" src=\"\/wp-content\/uploads\/factory-07.webp\"\/><\/p>\n<h3>Atelier de peinture en poudre<\/h3>\n<p><img decoding=\"async\" src=\"\/wp-content\/uploads\/factory-09.webp\"\/><\/p>\n<h3>Atelier d'anodisation<\/h3>\n<p><img decoding=\"async\" src=\"\/wp-content\/uploads\/factory-10.webp\"\/><\/p>\n<h3>Atelier sur le traitement en profondeur<\/h3>\n<p><img decoding=\"async\" src=\"\/wp-content\/uploads\/factory-11.webp\"\/><\/p>\n<h3>Atelier d'usinage de pr\u00e9cision CNC<\/h3>\n<p><img decoding=\"async\" src=\"\/wp-content\/uploads\/factory-11.5.webp\"\/><\/p>\n<h3>Entrep\u00f4t de produits finis et d'exportation<\/h3>\n<p><img decoding=\"async\" src=\"\/wp-content\/uploads\/factory-12.webp\"\/><\/p>\n<p><img decoding=\"async\" src=\"\/wp-content\/uploads\/factory-13.webp\"\/><\/p>\n<p><img decoding=\"async\" src=\"\/wp-content\/uploads\/factory-14.webp\"\/><\/p>\n<h2>FAQ<\/h2>\n<p><strong>1. \u00c0 quoi sert une plaque de refroidissement ?<\/strong><br \/>Une plaque de refroidissement est utilis\u00e9e pour dissiper efficacement la chaleur dans les appareils \u00e9lectroniques et autres applications.<\/p>\n<p><strong>2. La plaque de refroidissement peut-elle \u00eatre adapt\u00e9e \u00e0 des besoins sp\u00e9cifiques ?<\/strong><br \/>Oui, nos plaques de refroidissement peuvent \u00eatre personnalis\u00e9es en termes de taille, de mat\u00e9riau et de conception pour r\u00e9pondre \u00e0 vos besoins.<\/p>\n<p><strong>3. Quels sont les mat\u00e9riaux utilis\u00e9s dans la plaque de refroidissement ?<\/strong><br \/>Nos plaques de refroidissement sont fabriqu\u00e9es avec des mat\u00e9riaux de haute qualit\u00e9 pour garantir une efficacit\u00e9 et une durabilit\u00e9 maximales.<\/p>\n<p><strong>4. Existe-t-il une quantit\u00e9 minimale de commande pour les plaques de refroidissement ?<\/strong><br \/>Oui, le MOQ pour les plaques de refroidissement personnalis\u00e9es commence g\u00e9n\u00e9ralement \u00e0 200 unit\u00e9s.<\/p>\n<p><strong>5. Proposez-vous des services d'exp\u00e9dition internationale pour les plaques de refroidissement ?<\/strong><br \/>Oui, nous assurons l'exp\u00e9dition mondiale et nous nous occupons de toute la logistique pour vous.<\/p>\n<p><strong>6. La plaque de refroidissement peut-elle \u00eatre utilis\u00e9e dans des environnements \u00e0 haute temp\u00e9rature ?<\/strong><br \/>Oui, la plaque de refroidissement est con\u00e7ue pour r\u00e9sister \u00e0 des temp\u00e9ratures \u00e9lev\u00e9es dans le cadre d'une utilisation industrielle.<\/p>\n<p><strong>7. Des \u00e9chantillons sont-ils disponibles avant de passer une commande en gros ?<\/strong><br \/>Oui, nous proposons des \u00e9chantillons pour vous aider \u00e0 \u00e9valuer la qualit\u00e9 et les performances de nos plaques de refroidissement.<\/p>\n<p><\/p>","protected":false},"featured_media":10770,"template":"","categories":[72],"class_list":["post-10973","product","type-product","status-publish","has-post-thumbnail","hentry","category-extruded-aluminum-heatsink"],"meta_box":{"hilight_text_group":[{"product_hilight_text":"<li>Designed for optimal heat dissipation in various applications<\/li>\n<li>Available in customizable sizes and materials<\/li>\n<li>Highly efficient for extended use in industrial settings<\/li>\n<li>Supports OEM and ODM services for tailored solutions<\/li>\n<li>Constructed with high-grade, durable materials<\/li>"}],"feature_list":[]},"_links":{"self":[{"href":"https:\/\/sinoextrud.com\/fr\/wp-json\/wp\/v2\/product\/10973","targetHints":{"allow":["GET"]}}],"collection":[{"href":"https:\/\/sinoextrud.com\/fr\/wp-json\/wp\/v2\/product"}],"about":[{"href":"https:\/\/sinoextrud.com\/fr\/wp-json\/wp\/v2\/types\/product"}],"wp:featuredmedia":[{"embeddable":true,"href":"https:\/\/sinoextrud.com\/fr\/wp-json\/wp\/v2\/media\/10770"}],"wp:attachment":[{"href":"https:\/\/sinoextrud.com\/fr\/wp-json\/wp\/v2\/media?parent=10973"}],"wp:term":[{"taxonomy":"category","embeddable":true,"href":"https:\/\/sinoextrud.com\/fr\/wp-json\/wp\/v2\/categories?post=10973"}],"curies":[{"name":"wp","href":"https:\/\/api.w.org\/{rel}","templated":true}]}}