{"id":10970,"date":"2025-08-01T03:21:19","date_gmt":"2025-08-01T03:21:19","guid":{"rendered":"https:\/\/sinoextrud.com\/product\/round-heat-sink-for-compact-electronics\/"},"modified":"2025-08-01T03:21:19","modified_gmt":"2025-08-01T03:21:19","slug":"dissipateur-thermique-rond-pour-lelectronique-compacte","status":"publish","type":"product","link":"https:\/\/sinoextrud.com\/fr\/product\/round-heat-sink-for-compact-electronics\/","title":{"rendered":"Dissipateur thermique rond pour l'\u00e9lectronique compacte"},"content":{"rendered":"<h2>D\u00e9tails des produits<\/h2>\n<div class=\"product-table\">\n<div class=\"row\">\n<div class=\"cell label\">Grade<\/div>\n<div class=\"cell value\">S\u00e9rie 6000<\/div>\n<\/div>\n<div class=\"row\">\n<div class=\"cell label\">Tol\u00e9rance<\/div>\n<div class=\"cell value\">\u00c2\u00b11%<\/div>\n<\/div>\n<div class=\"row\">\n<div class=\"cell label\">D\u00e9lai de livraison<\/div>\n<div class=\"cell value\">22-30 jours<\/div>\n<\/div>\n<div class=\"row\">\n<div class=\"cell label\">Temp\u00e9rer<\/div>\n<div class=\"cell value\">T3-T8<\/div>\n<\/div>\n<div class=\"row\">\n<div class=\"cell label\">Application<\/div>\n<div class=\"cell value\">Autres<\/div>\n<\/div>\n<div class=\"row\">\n<div class=\"cell label\">Forme<\/div>\n<div class=\"cell value\">Autres<\/div>\n<\/div>\n<div class=\"row\">\n<div class=\"cell label\">Alliage ou non<\/div>\n<div class=\"cell value\">Est un alliage<\/div>\n<\/div>\n<div class=\"row\">\n<div class=\"cell label\">Service de traitement<\/div>\n<div class=\"cell value\">Pliage, soudage, poin\u00e7onnage, d\u00e9coupage<\/div>\n<\/div>\n<div class=\"row\">\n<div class=\"cell label\">Port d'exp\u00e9dition<\/div>\n<div class=\"cell value\">Taichung ou Taipei, Taiwan.<\/div>\n<\/div>\n<div class=\"row\">\n<div class=\"cell label\">Unit\u00e9s de vente<\/div>\n<div class=\"cell value\">Article unique<\/div>\n<\/div>\n<\/div>\n<p><\/p>\n<h2>Notre base de production<\/h2>\n<h3>Panorama de l'usine<\/h3>\n<p><img decoding=\"async\" src=\"\/wp-content\/uploads\/factory-01.webp\"\/><\/p>\n<h3>Atelier de fabrication de barres d'aluminium<\/h3>\n<p><img decoding=\"async\" src=\"\/wp-content\/uploads\/factory-02.webp\"\/><\/p>\n<p><img decoding=\"async\" src=\"\/wp-content\/uploads\/factory-03.webp\"\/><\/p>\n<h3>Entrep\u00f4t de stockage des moules<\/h3>\n<p><img decoding=\"async\" src=\"\/wp-content\/uploads\/factory-04.webp\"\/><\/p>\n<h3>43 lignes d'extrusion d'aluminium (500-5500 tonnes)<\/h3>\n<p><img decoding=\"async\" src=\"\/wp-content\/uploads\/factory-05.webp\"\/><\/p>\n<p><img decoding=\"async\" src=\"\/wp-content\/uploads\/factory-06.webp\"\/><\/p>\n<p><img decoding=\"async\" src=\"\/wp-content\/uploads\/factory-07.webp\"\/><\/p>\n<h3>Atelier de peinture en poudre<\/h3>\n<p><img decoding=\"async\" src=\"\/wp-content\/uploads\/factory-09.webp\"\/><\/p>\n<h3>Atelier d'anodisation<\/h3>\n<p><img decoding=\"async\" src=\"\/wp-content\/uploads\/factory-10.webp\"\/><\/p>\n<h3>Atelier sur le traitement en profondeur<\/h3>\n<p><img decoding=\"async\" src=\"\/wp-content\/uploads\/factory-11.webp\"\/><\/p>\n<h3>Atelier d'usinage de pr\u00e9cision CNC<\/h3>\n<p><img decoding=\"async\" src=\"\/wp-content\/uploads\/factory-11.5.webp\"\/><\/p>\n<h3>Entrep\u00f4t de produits finis et d'exportation<\/h3>\n<p><img decoding=\"async\" src=\"\/wp-content\/uploads\/factory-12.webp\"\/><\/p>\n<p><img decoding=\"async\" src=\"\/wp-content\/uploads\/factory-13.webp\"\/><\/p>\n<p><img decoding=\"async\" src=\"\/wp-content\/uploads\/factory-14.webp\"\/><\/p>\n<h2>FAQ<\/h2>\n<p><strong>1. Quels sont les mat\u00e9riaux utilis\u00e9s dans le dissipateur thermique rond ?<\/strong><br \/>Le dissipateur thermique rond est fabriqu\u00e9 en aluminium de haute qualit\u00e9 pour une excellente dissipation de la chaleur.<\/p>\n<p><strong>2. La taille du dissipateur thermique rond peut-elle \u00eatre personnalis\u00e9e ?<\/strong><br \/>Oui, nous proposons diff\u00e9rentes options de taille et pouvons adapter les dimensions \u00e0 des besoins sp\u00e9cifiques.<\/p>\n<p><strong>3. Le dissipateur thermique rond est-il adapt\u00e9 aux applications \u00e0 haute temp\u00e9rature ?<\/strong><br \/>Oui, il est con\u00e7u pour g\u00e9rer efficacement les temp\u00e9ratures \u00e9lev\u00e9es dans diff\u00e9rents contextes.<\/p>\n<p><strong>4. Comment installer le dissipateur thermique rond dans mon appareil ?<\/strong><br \/>Des instructions d'installation sont fournies, garantissant une int\u00e9gration parfaite dans votre syst\u00e8me.<\/p>\n<p><strong>5. Offrez-vous une livraison rapide pour les commandes en gros ?<\/strong><br \/>Oui, nous disposons de processus de production efficaces permettant des d\u00e9lais de livraison rapides.<\/p>\n<p><strong>6. Est-il possible d'obtenir un \u00e9chantillon avant de passer une commande en gros ?<\/strong><br \/>Oui, des \u00e9chantillons sont disponibles pour tester les performances et l'adaptation du dissipateur thermique rond.<\/p>\n<p><strong>7. Le dissipateur thermique rond offre-t-il des services OEM ?<\/strong><br \/>Oui, nous fournissons des services OEM \u00e9tendus, permettant la personnalisation du design et de la marque.<\/p>\n<p><\/p>","protected":false},"featured_media":10816,"template":"","categories":[72],"class_list":["post-10970","product","type-product","status-publish","has-post-thumbnail","hentry","category-extruded-aluminum-heatsink"],"meta_box":{"hilight_text_group":[{"product_hilight_text":"<li>Efficiently designed for optimal thermal management<\/li>\n<li>Round shape enables versatile integration into various devices<\/li>\n<li>Available in multiple sizes to suit different applications<\/li>\n<li>Constructed with high-quality materials for lasting performance<\/li>\n<li>Supports custom designs for unique project requirements<\/li>"}],"feature_list":[]},"_links":{"self":[{"href":"https:\/\/sinoextrud.com\/fr\/wp-json\/wp\/v2\/product\/10970","targetHints":{"allow":["GET"]}}],"collection":[{"href":"https:\/\/sinoextrud.com\/fr\/wp-json\/wp\/v2\/product"}],"about":[{"href":"https:\/\/sinoextrud.com\/fr\/wp-json\/wp\/v2\/types\/product"}],"wp:featuredmedia":[{"embeddable":true,"href":"https:\/\/sinoextrud.com\/fr\/wp-json\/wp\/v2\/media\/10816"}],"wp:attachment":[{"href":"https:\/\/sinoextrud.com\/fr\/wp-json\/wp\/v2\/media?parent=10970"}],"wp:term":[{"taxonomy":"category","embeddable":true,"href":"https:\/\/sinoextrud.com\/fr\/wp-json\/wp\/v2\/categories?post=10970"}],"curies":[{"name":"wp","href":"https:\/\/api.w.org\/{rel}","templated":true}]}}