{"id":10963,"date":"2025-08-01T03:18:12","date_gmt":"2025-08-01T03:18:12","guid":{"rendered":"https:\/\/sinoextrud.com\/product\/led-street-lamp-heat-sink-for-outdoor-use\/"},"modified":"2025-08-01T03:18:12","modified_gmt":"2025-08-01T03:18:12","slug":"dissipateur-de-chaleur-pour-lampe-de-rue-a-leds-pour-usage-exterieur","status":"publish","type":"product","link":"https:\/\/sinoextrud.com\/fr\/product\/led-street-lamp-heat-sink-for-outdoor-use\/","title":{"rendered":"Dissipateur thermique pour lampe de rue \u00e0 LED pour utilisation en ext\u00e9rieur"},"content":{"rendered":"<h2>D\u00e9tails des produits<\/h2>\n<div class=\"product-table\">\n<div class=\"row\">\n<div class=\"cell label\">Capacit\u00e9s mat\u00e9rielles<\/div>\n<div class=\"cell value\">Aluminium, laiton, bronze, cuivre, m\u00e9taux tremp\u00e9s, m\u00e9taux pr\u00e9cieux, acier inoxydable, alliages d'acier<\/div>\n<\/div>\n<div class=\"row\">\n<div class=\"cell label\">Type<\/div>\n<div class=\"cell value\">Brochage, per\u00e7age, gravure \/ usinage chimique, usinage au laser, fraisage, autres services d'usinage, tournage, \u00e9lectro\u00e9rosion \u00e0 fil, prototypage rapide<\/div>\n<\/div>\n<div class=\"row\">\n<div class=\"cell label\">Micro-usinage ou non<\/div>\n<div class=\"cell value\">Micro-usinage<\/div>\n<\/div>\n<div class=\"row\">\n<div class=\"cell label\">Mat\u00e9riau<\/div>\n<div class=\"cell value\">Alliage d'aluminium<\/div>\n<\/div>\n<div class=\"row\">\n<div class=\"cell label\">Processus<\/div>\n<div class=\"cell value\">Usinage CNC<\/div>\n<\/div>\n<div class=\"row\">\n<div class=\"cell label\">Traitement de surface<\/div>\n<div class=\"cell value\">Anodisation couleur, rev\u00eatement en poudre<\/div>\n<\/div>\n<div class=\"row\">\n<div class=\"cell label\">Tol\u00e9rance<\/div>\n<div class=\"cell value\">0,01-0,05 mm<\/div>\n<\/div>\n<div class=\"row\">\n<div class=\"cell label\">Application<\/div>\n<div class=\"cell value\">Solution \u00e9lectronique\/\u00e9clairage\/thermique<\/div>\n<\/div>\n<div class=\"row\">\n<div class=\"cell label\">Format du dessin<\/div>\n<div class=\"cell value\">2D\/(PDF\/CAD)3D(IGES\/STEP)<\/div>\n<\/div>\n<div class=\"row\">\n<div class=\"cell label\">Couleur<\/div>\n<div class=\"cell value\">Sur mesure<\/div>\n<\/div>\n<div class=\"row\">\n<div class=\"cell label\">Emballage<\/div>\n<div class=\"cell value\">Sur mesure<\/div>\n<\/div>\n<div class=\"row\">\n<div class=\"cell label\">Service<\/div>\n<div class=\"cell value\">Sur mesure OEM<\/div>\n<\/div>\n<div class=\"row\">\n<div class=\"cell label\">MOQ<\/div>\n<div class=\"cell value\">1pcs<\/div>\n<\/div>\n<div class=\"row\">\n<div class=\"cell label\">Unit\u00e9s de vente<\/div>\n<div class=\"cell value\">Article unique<\/div>\n<\/div>\n<div class=\"row\">\n<div class=\"cell label\">Taille de l'emballage unique<\/div>\n<div class=\"cell value\">60X4536X45 cm<\/div>\n<\/div>\n<div class=\"row\">\n<div class=\"cell label\">Poids brut unique<\/div>\n<div class=\"cell value\">6.000 KG<\/div>\n<\/div>\n<\/div>\n<p><\/p>\n<h2>Notre base de production<\/h2>\n<h3>Panorama de l'usine<\/h3>\n<p><img decoding=\"async\" src=\"\/wp-content\/uploads\/factory-01.webp\"\/><\/p>\n<h3>Atelier de fabrication de barres d'aluminium<\/h3>\n<p><img decoding=\"async\" src=\"\/wp-content\/uploads\/factory-02.webp\"\/><\/p>\n<p><img decoding=\"async\" src=\"\/wp-content\/uploads\/factory-03.webp\"\/><\/p>\n<h3>Entrep\u00f4t de stockage des moules<\/h3>\n<p><img decoding=\"async\" src=\"\/wp-content\/uploads\/factory-04.webp\"\/><\/p>\n<h3>43 lignes d'extrusion d'aluminium (500-5500 tonnes)<\/h3>\n<p><img decoding=\"async\" src=\"\/wp-content\/uploads\/factory-05.webp\"\/><\/p>\n<p><img decoding=\"async\" src=\"\/wp-content\/uploads\/factory-06.webp\"\/><\/p>\n<p><img decoding=\"async\" src=\"\/wp-content\/uploads\/factory-07.webp\"\/><\/p>\n<h3>Atelier de peinture en poudre<\/h3>\n<p><img decoding=\"async\" src=\"\/wp-content\/uploads\/factory-09.webp\"\/><\/p>\n<h3>Atelier d'anodisation<\/h3>\n<p><img decoding=\"async\" src=\"\/wp-content\/uploads\/factory-10.webp\"\/><\/p>\n<h3>Atelier sur le traitement en profondeur<\/h3>\n<p><img decoding=\"async\" src=\"\/wp-content\/uploads\/factory-11.webp\"\/><\/p>\n<h3>Atelier d'usinage de pr\u00e9cision CNC<\/h3>\n<p><img decoding=\"async\" src=\"\/wp-content\/uploads\/factory-11.5.webp\"\/><\/p>\n<h3>Entrep\u00f4t de produits finis et d'exportation<\/h3>\n<p><img decoding=\"async\" src=\"\/wp-content\/uploads\/factory-12.webp\"\/><\/p>\n<p><img decoding=\"async\" src=\"\/wp-content\/uploads\/factory-13.webp\"\/><\/p>\n<p><img decoding=\"async\" src=\"\/wp-content\/uploads\/factory-14.webp\"\/><\/p>\n<h2>FAQ<\/h2>\n<p><strong>1. Quels sont les mat\u00e9riaux utilis\u00e9s dans le dissipateur thermique du lampadaire \u00e0 LED ?<\/strong><br \/>Le dissipateur thermique est fabriqu\u00e9 en aluminium de haute qualit\u00e9 pour assurer une excellente conductivit\u00e9 thermique.<\/p>\n<p><strong>2. Le dissipateur thermique peut-il \u00eatre adapt\u00e9 \u00e0 diff\u00e9rents mod\u00e8les de lampes ?<\/strong><br \/>Oui, nous fournissons des solutions personnalis\u00e9es pour s'adapter \u00e0 diff\u00e9rents mod\u00e8les de lampadaires \u00e0 LED.<\/p>\n<p><strong>3. Comment le dissipateur thermique am\u00e9liore-t-il les performances des lampes LED ?<\/strong><br \/>Il dissipe efficacement la chaleur et maintient une temp\u00e9rature optimale pour prolonger la dur\u00e9e de vie et l'efficacit\u00e9 de la lampe.<\/p>\n<p><strong>4. Le dissipateur thermique pour lampadaire \u00e0 LED est-il facile \u00e0 installer ?<\/strong><br \/>Oui, la conception permet une installation simple et une compatibilit\u00e9 avec les luminaires standard.<\/p>\n<p><strong>5. Pouvons-nous commander des \u00e9chantillons du dissipateur thermique ?<\/strong><br \/>Oui, des commandes d'\u00e9chantillons sont disponibles pour tester la compatibilit\u00e9 et les performances.<\/p>\n<p><strong>6. Quels sont les avantages de l'utilisation de votre dissipateur thermique dans les lampadaires \u00e0 LED ?<\/strong><br \/>Nos dissipateurs thermiques am\u00e9liorent l'efficacit\u00e9 \u00e9nerg\u00e9tique en r\u00e9duisant la surchauffe, ce qui prolonge la dur\u00e9e de vie des lampes LED.<\/p>\n<p><strong>7. Proposez-vous des options d'achat en gros avec des remises ?<\/strong><br \/>Oui, des prix comp\u00e9titifs sont disponibles pour les commandes en gros, et des n\u00e9gociations suppl\u00e9mentaires sont possibles en fonction de la taille de la commande.<\/p>\n<p><\/p>","protected":false},"featured_media":10820,"template":"","categories":[72],"class_list":["post-10963","product","type-product","status-publish","has-post-thumbnail","hentry","category-extruded-aluminum-heatsink"],"meta_box":{"hilight_text_group":[{"product_hilight_text":"<li>Optimized for effective heat dissipation in street lighting<\/li>\n<li>Customizable to fit different LED street lamp models<\/li>\n<li>Constructed with high-quality, durable materials<\/li>\n<li>Compatible with a range of LED modules for flexibility<\/li>\n<li>Supports energy efficiency by maintaining optimal lamp temperature<\/li>"}],"feature_list":[]},"_links":{"self":[{"href":"https:\/\/sinoextrud.com\/fr\/wp-json\/wp\/v2\/product\/10963","targetHints":{"allow":["GET"]}}],"collection":[{"href":"https:\/\/sinoextrud.com\/fr\/wp-json\/wp\/v2\/product"}],"about":[{"href":"https:\/\/sinoextrud.com\/fr\/wp-json\/wp\/v2\/types\/product"}],"wp:featuredmedia":[{"embeddable":true,"href":"https:\/\/sinoextrud.com\/fr\/wp-json\/wp\/v2\/media\/10820"}],"wp:attachment":[{"href":"https:\/\/sinoextrud.com\/fr\/wp-json\/wp\/v2\/media?parent=10963"}],"wp:term":[{"taxonomy":"category","embeddable":true,"href":"https:\/\/sinoextrud.com\/fr\/wp-json\/wp\/v2\/categories?post=10963"}],"curies":[{"name":"wp","href":"https:\/\/api.w.org\/{rel}","templated":true}]}}