{"id":10959,"date":"2025-08-01T03:18:05","date_gmt":"2025-08-01T03:18:05","guid":{"rendered":"https:\/\/sinoextrud.com\/product\/liquid-cooled-plate-heat-sink-for-electronics\/"},"modified":"2025-08-01T03:18:05","modified_gmt":"2025-08-01T03:18:05","slug":"dissipateur-de-chaleur-a-plaques-refroidi-par-liquide-pour-lelectronique","status":"publish","type":"product","link":"https:\/\/sinoextrud.com\/fr\/product\/liquid-cooled-plate-heat-sink-for-electronics\/","title":{"rendered":"Dissipateur thermique \u00e0 plaque refroidi par liquide pour l'\u00e9lectronique"},"content":{"rendered":"<h2>D\u00e9tails des produits<\/h2>\n<div class=\"product-table\">\n<div class=\"row\">\n<div class=\"cell label\">Usinage CNC ou non<\/div>\n<div class=\"cell value\">Usinage Cnc<\/div>\n<\/div>\n<div class=\"row\">\n<div class=\"cell label\">Capacit\u00e9s mat\u00e9rielles<\/div>\n<div class=\"cell value\">Aluminium<\/div>\n<\/div>\n<div class=\"row\">\n<div class=\"cell label\">Type<\/div>\n<div class=\"cell value\">Autres services d'usinage<\/div>\n<\/div>\n<div class=\"row\">\n<div class=\"cell label\">Micro-usinage ou non<\/div>\n<div class=\"cell value\">Micro-usinage<\/div>\n<\/div>\n<div class=\"row\">\n<div class=\"cell label\">Unit\u00e9s de vente<\/div>\n<div class=\"cell value\">Article unique<\/div>\n<\/div>\n<\/div>\n<p><\/p>\n<h2>Notre base de production<\/h2>\n<h3>Panorama de l'usine<\/h3>\n<p><img decoding=\"async\" src=\"\/wp-content\/uploads\/factory-01.webp\"\/><\/p>\n<h3>Atelier de fabrication de barres d'aluminium<\/h3>\n<p><img decoding=\"async\" src=\"\/wp-content\/uploads\/factory-02.webp\"\/><\/p>\n<p><img decoding=\"async\" src=\"\/wp-content\/uploads\/factory-03.webp\"\/><\/p>\n<h3>Entrep\u00f4t de stockage des moules<\/h3>\n<p><img decoding=\"async\" src=\"\/wp-content\/uploads\/factory-04.webp\"\/><\/p>\n<h3>43 lignes d'extrusion d'aluminium (500-5500 tonnes)<\/h3>\n<p><img decoding=\"async\" src=\"\/wp-content\/uploads\/factory-05.webp\"\/><\/p>\n<p><img decoding=\"async\" src=\"\/wp-content\/uploads\/factory-06.webp\"\/><\/p>\n<p><img decoding=\"async\" src=\"\/wp-content\/uploads\/factory-07.webp\"\/><\/p>\n<h3>Atelier de peinture en poudre<\/h3>\n<p><img decoding=\"async\" src=\"\/wp-content\/uploads\/factory-09.webp\"\/><\/p>\n<h3>Atelier d'anodisation<\/h3>\n<p><img decoding=\"async\" src=\"\/wp-content\/uploads\/factory-10.webp\"\/><\/p>\n<h3>Atelier sur le traitement en profondeur<\/h3>\n<p><img decoding=\"async\" src=\"\/wp-content\/uploads\/factory-11.webp\"\/><\/p>\n<h3>Atelier d'usinage de pr\u00e9cision CNC<\/h3>\n<p><img decoding=\"async\" src=\"\/wp-content\/uploads\/factory-11.5.webp\"\/><\/p>\n<h3>Entrep\u00f4t de produits finis et d'exportation<\/h3>\n<p><img decoding=\"async\" src=\"\/wp-content\/uploads\/factory-12.webp\"\/><\/p>\n<p><img decoding=\"async\" src=\"\/wp-content\/uploads\/factory-13.webp\"\/><\/p>\n<p><img decoding=\"async\" src=\"\/wp-content\/uploads\/factory-14.webp\"\/><\/p>\n<h2>FAQ<\/h2>\n<p><strong>1. Qu'est-ce qu'un dissipateur thermique \u00e0 plaques refroidi par liquide ?<\/strong><br \/>Un dissipateur thermique \u00e0 plaques refroidi par liquide est un dispositif utilis\u00e9 pour dissiper la chaleur des composants \u00e9lectroniques en faisant circuler le liquide de refroidissement \u00e0 travers une structure \u00e0 plaques.<\/p>\n<p><strong>2. Comment fonctionne le dissipateur thermique \u00e0 plaques refroidi par liquide ?<\/strong><br \/>Il fonctionne en transf\u00e9rant la chaleur des composants \u00e9lectroniques vers le liquide de refroidissement, qui est ensuite \u00e9vacu\u00e9, r\u00e9duisant ainsi les temp\u00e9ratures.<\/p>\n<p><strong>3. La taille du dissipateur thermique peut-elle \u00eatre personnalis\u00e9e ?<\/strong><br \/>Oui, nos dissipateurs de chaleur \u00e0 plaques refroidis par liquide peuvent \u00eatre personnalis\u00e9s pour s'adapter \u00e0 des applications sp\u00e9cifiques.<\/p>\n<p><strong>4. Le dissipateur thermique est-il adapt\u00e9 aux applications industrielles ?<\/strong><br \/>Absolument, il est con\u00e7u pour r\u00e9pondre aux besoins de gestion thermique tant industriels que commerciaux.<\/p>\n<p><strong>5. Quels sont les mat\u00e9riaux utilis\u00e9s dans le dissipateur thermique ?<\/strong><br \/>Ils sont g\u00e9n\u00e9ralement fabriqu\u00e9s \u00e0 partir de m\u00e9taux de haute qualit\u00e9 comme l'aluminium ou le cuivre pour une conduction optimale de la chaleur.<\/p>\n<p><strong>6. Prend-il en charge les applications \u00e0 haute puissance ?<\/strong><br \/>Oui, ce dissipateur thermique est id\u00e9al pour les syst\u00e8mes \u00e9lectroniques \u00e0 haute densit\u00e9 de puissance.<\/p>\n<p><strong>7. Le dissipateur thermique doit-il \u00eatre entretenu ?<\/strong><br \/>Il est recommand\u00e9 d'inspecter et de nettoyer p\u00e9riodiquement les voies d'acc\u00e8s au liquide de refroidissement afin de pr\u00e9server l'efficacit\u00e9 du syst\u00e8me.<\/p>\n<p><\/p>","protected":false},"featured_media":10822,"template":"","categories":[72],"class_list":["post-10959","product","type-product","status-publish","has-post-thumbnail","hentry","category-extruded-aluminum-heatsink"],"meta_box":{"hilight_text_group":[{"product_hilight_text":"<li>Efficient thermal management solution for high-performance electronics<\/li>\n<li>Customizable design to meet specific cooling requirements<\/li>\n<li>High durability and resistance to thermal cycling<\/li>\n<li>Compatible with a wide range of electronic components and systems<\/li>\n<li>Supports high power density applications<\/li>"}],"feature_list":[]},"_links":{"self":[{"href":"https:\/\/sinoextrud.com\/fr\/wp-json\/wp\/v2\/product\/10959","targetHints":{"allow":["GET"]}}],"collection":[{"href":"https:\/\/sinoextrud.com\/fr\/wp-json\/wp\/v2\/product"}],"about":[{"href":"https:\/\/sinoextrud.com\/fr\/wp-json\/wp\/v2\/types\/product"}],"wp:featuredmedia":[{"embeddable":true,"href":"https:\/\/sinoextrud.com\/fr\/wp-json\/wp\/v2\/media\/10822"}],"wp:attachment":[{"href":"https:\/\/sinoextrud.com\/fr\/wp-json\/wp\/v2\/media?parent=10959"}],"wp:term":[{"taxonomy":"category","embeddable":true,"href":"https:\/\/sinoextrud.com\/fr\/wp-json\/wp\/v2\/categories?post=10959"}],"curies":[{"name":"wp","href":"https:\/\/api.w.org\/{rel}","templated":true}]}}