{"id":10949,"date":"2025-08-01T03:17:13","date_gmt":"2025-08-01T03:17:13","guid":{"rendered":"https:\/\/sinoextrud.com\/product\/aluminum-vapor-chamber-heat-sink-for-electronics\/"},"modified":"2025-08-01T03:17:13","modified_gmt":"2025-08-01T03:17:13","slug":"dissipateur-thermique-a-chambre-de-vapeur-en-aluminium-pour-lelectronique","status":"publish","type":"product","link":"https:\/\/sinoextrud.com\/fr\/product\/aluminum-vapor-chamber-heat-sink-for-electronics\/","title":{"rendered":"Dissipateur thermique \u00e0 chambre de vapeur en aluminium pour l'\u00e9lectronique"},"content":{"rendered":"<h2>D\u00e9tails des produits<\/h2>\n<div class=\"product-table\">\n<div class=\"row\">\n<div class=\"cell label\">Usinage CNC ou non<\/div>\n<div class=\"cell value\">Usinage Cnc<\/div>\n<\/div>\n<div class=\"row\">\n<div class=\"cell label\">Capacit\u00e9s mat\u00e9rielles<\/div>\n<div class=\"cell value\">Aluminium, laiton, bronze, cuivre, m\u00e9taux tremp\u00e9s, m\u00e9taux pr\u00e9cieux, acier inoxydable, alliages d'acier, titane CNC<\/div>\n<\/div>\n<div class=\"row\">\n<div class=\"cell label\">Type<\/div>\n<div class=\"cell value\">Brochage, per\u00e7age, gravure \/ usinage chimique, usinage au laser, fraisage, autres services d'usinage, tournage, \u00e9lectro\u00e9rosion \u00e0 fil, prototypage rapide<\/div>\n<\/div>\n<div class=\"row\">\n<div class=\"cell label\">Micro-usinage ou non<\/div>\n<div class=\"cell value\">Micro-usinage<\/div>\n<\/div>\n<div class=\"row\">\n<div class=\"cell label\">Nom du produit<\/div>\n<div class=\"cell value\">Usinage de dissipateurs<\/div>\n<\/div>\n<div class=\"row\">\n<div class=\"cell label\">Tol\u00e9rance<\/div>\n<div class=\"cell value\">0,002 mm<\/div>\n<\/div>\n<div class=\"row\">\n<div class=\"cell label\">OEM\/ODM<\/div>\n<div class=\"cell value\">Accepptable<\/div>\n<\/div>\n<div class=\"row\">\n<div class=\"cell label\">Processus<\/div>\n<div class=\"cell value\">Usinage Cnc + \u00e9bavurage<\/div>\n<\/div>\n<div class=\"row\">\n<div class=\"cell label\">Format du dessin<\/div>\n<div class=\"cell value\">DWG, STP<\/div>\n<\/div>\n<div class=\"row\">\n<div class=\"cell label\">Logo<\/div>\n<div class=\"cell value\">Logo du client<\/div>\n<\/div>\n<div class=\"row\">\n<div class=\"cell label\">Traitement de surface<\/div>\n<div class=\"cell value\">Selon la demande<\/div>\n<\/div>\n<div class=\"row\">\n<div class=\"cell label\">Emballage<\/div>\n<div class=\"cell value\">Sac en poly\u00e9thyl\u00e8ne + bo\u00eete int\u00e9rieure + carton<\/div>\n<\/div>\n<div class=\"row\">\n<div class=\"cell label\">Certification<\/div>\n<div class=\"cell value\">ISO9001:2018\/ROSH<\/div>\n<\/div>\n<div class=\"row\">\n<div class=\"cell label\">MOQ<\/div>\n<div class=\"cell value\">1PCS<\/div>\n<\/div>\n<div class=\"row\">\n<div class=\"cell label\">Unit\u00e9s de vente<\/div>\n<div class=\"cell value\">Article unique<\/div>\n<\/div>\n<div class=\"row\">\n<div class=\"cell label\">Taille de l'emballage unique<\/div>\n<div class=\"cell value\">35X25X25 cm<\/div>\n<\/div>\n<div class=\"row\">\n<div class=\"cell label\">Poids brut unique<\/div>\n<div class=\"cell value\">1.000 KG<\/div>\n<\/div>\n<\/div>\n<p><\/p>\n<h2>Notre base de production<\/h2>\n<h3>Panorama de l'usine<\/h3>\n<p><img decoding=\"async\" src=\"\/wp-content\/uploads\/factory-01.webp\"\/><\/p>\n<h3>Atelier de fabrication de barres d'aluminium<\/h3>\n<p><img decoding=\"async\" src=\"\/wp-content\/uploads\/factory-02.webp\"\/><\/p>\n<p><img decoding=\"async\" src=\"\/wp-content\/uploads\/factory-03.webp\"\/><\/p>\n<h3>Entrep\u00f4t de stockage des moules<\/h3>\n<p><img decoding=\"async\" src=\"\/wp-content\/uploads\/factory-04.webp\"\/><\/p>\n<h3>43 lignes d'extrusion d'aluminium (500-5500 tonnes)<\/h3>\n<p><img decoding=\"async\" src=\"\/wp-content\/uploads\/factory-05.webp\"\/><\/p>\n<p><img decoding=\"async\" src=\"\/wp-content\/uploads\/factory-06.webp\"\/><\/p>\n<p><img decoding=\"async\" src=\"\/wp-content\/uploads\/factory-07.webp\"\/><\/p>\n<h3>Atelier de peinture en poudre<\/h3>\n<p><img decoding=\"async\" src=\"\/wp-content\/uploads\/factory-09.webp\"\/><\/p>\n<h3>Atelier d'anodisation<\/h3>\n<p><img decoding=\"async\" src=\"\/wp-content\/uploads\/factory-10.webp\"\/><\/p>\n<h3>Atelier sur le traitement en profondeur<\/h3>\n<p><img decoding=\"async\" src=\"\/wp-content\/uploads\/factory-11.webp\"\/><\/p>\n<h3>Atelier d'usinage de pr\u00e9cision CNC<\/h3>\n<p><img decoding=\"async\" src=\"\/wp-content\/uploads\/factory-11.5.webp\"\/><\/p>\n<h3>Entrep\u00f4t de produits finis et d'exportation<\/h3>\n<p><img decoding=\"async\" src=\"\/wp-content\/uploads\/factory-12.webp\"\/><\/p>\n<p><img decoding=\"async\" src=\"\/wp-content\/uploads\/factory-13.webp\"\/><\/p>\n<p><img decoding=\"async\" src=\"\/wp-content\/uploads\/factory-14.webp\"\/><\/p>\n<h2>FAQ<\/h2>\n<p><strong>1. Quels sont les mat\u00e9riaux utilis\u00e9s dans le dissipateur thermique \u00e0 chambre de vapeur en aluminium ?<\/strong><br \/>Le dissipateur thermique est en aluminium de haute qualit\u00e9 pour une dissipation optimale de la chaleur.<\/p>\n<p><strong>2. Le dissipateur thermique \u00e0 chambre de vapeur en aluminium peut-il \u00eatre personnalis\u00e9 pour des applications sp\u00e9cifiques ?<\/strong><br \/>Oui, il peut \u00eatre adapt\u00e9 en taille et en forme pour r\u00e9pondre aux besoins sp\u00e9cifiques de l'appareil.<\/p>\n<p><strong>3. Comment la technologie de la chambre \u00e0 vapeur am\u00e9liore-t-elle le refroidissement ?<\/strong><br \/>La chambre \u00e0 vapeur diffuse efficacement la chaleur, offrant une gestion thermique sup\u00e9rieure aux solutions traditionnelles.<\/p>\n<p><strong>4. Ce dissipateur thermique est-il adapt\u00e9 \u00e0 l'\u00e9lectronique de haute performance ?<\/strong><br \/>Oui, il est con\u00e7u pour r\u00e9pondre aux exigences de refroidissement des composants \u00e9lectroniques de haute performance.<\/p>\n<p><strong>5. Quelles industries peuvent b\u00e9n\u00e9ficier de l'utilisation du dissipateur thermique \u00e0 chambre de vapeur en aluminium ?<\/strong><br \/>Ce produit est id\u00e9al pour les t\u00e9l\u00e9communications, l'informatique et l'\u00e9lectronique grand public.<\/p>\n<p><strong>6. Ce produit pr\u00e9sente-t-il des risques pour l'environnement ?<\/strong><br \/>Oui, la construction en aluminium est recyclable et \u00e9cologique.<\/p>\n<p><strong>7. Offrez-vous une assistance technique pour l'int\u00e9gration dans les appareils ?<\/strong><br \/>Oui, nous fournissons une assistance technique compl\u00e8te pour l'int\u00e9gration du dissipateur thermique dans vos produits.<\/p>\n<p><\/p>","protected":false},"featured_media":10776,"template":"","categories":[72],"class_list":["post-10949","product","type-product","status-publish","has-post-thumbnail","hentry","category-extruded-aluminum-heatsink"],"meta_box":{"hilight_text_group":[{"product_hilight_text":"<li>Ensures efficient heat dissipation in electronic devices<\/li>\n<li>Lightweight aluminum construction for reduced load<\/li>\n<li>Customizable dimensions to fit various device configurations<\/li>\n<li>High thermal conductivity for enhanced cooling performance<\/li>\n<li>Supports integration in both consumer and industrial electronics<\/li>"}],"feature_list":[]},"_links":{"self":[{"href":"https:\/\/sinoextrud.com\/fr\/wp-json\/wp\/v2\/product\/10949","targetHints":{"allow":["GET"]}}],"collection":[{"href":"https:\/\/sinoextrud.com\/fr\/wp-json\/wp\/v2\/product"}],"about":[{"href":"https:\/\/sinoextrud.com\/fr\/wp-json\/wp\/v2\/types\/product"}],"wp:featuredmedia":[{"embeddable":true,"href":"https:\/\/sinoextrud.com\/fr\/wp-json\/wp\/v2\/media\/10776"}],"wp:attachment":[{"href":"https:\/\/sinoextrud.com\/fr\/wp-json\/wp\/v2\/media?parent=10949"}],"wp:term":[{"taxonomy":"category","embeddable":true,"href":"https:\/\/sinoextrud.com\/fr\/wp-json\/wp\/v2\/categories?post=10949"}],"curies":[{"name":"wp","href":"https:\/\/api.w.org\/{rel}","templated":true}]}}