{"id":10948,"date":"2025-08-01T03:17:11","date_gmt":"2025-08-01T03:17:11","guid":{"rendered":"https:\/\/sinoextrud.com\/product\/anodized-aluminum-bluetooth-casing\/"},"modified":"2025-08-01T03:17:11","modified_gmt":"2025-08-01T03:17:11","slug":"boitier-bluetooth-en-aluminium-anodise","status":"publish","type":"product","link":"https:\/\/sinoextrud.com\/fr\/product\/anodized-aluminum-bluetooth-casing\/","title":{"rendered":"Bo\u00eetier Bluetooth en aluminium anodis\u00e9"},"content":{"rendered":"<h2>D\u00e9tails des produits<\/h2>\n<div class=\"product-table\">\n<div class=\"row\">\n<div class=\"cell label\">Usinage CNC ou non<\/div>\n<div class=\"cell value\">Usinage Cnc<\/div>\n<\/div>\n<div class=\"row\">\n<div class=\"cell label\">Capacit\u00e9s mat\u00e9rielles<\/div>\n<div class=\"cell value\">Aluminium, laiton, bronze, cuivre, m\u00e9taux tremp\u00e9s, m\u00e9taux pr\u00e9cieux, acier inoxydable, alliages d'acier<\/div>\n<\/div>\n<div class=\"row\">\n<div class=\"cell label\">Type<\/div>\n<div class=\"cell value\">Brochage, per\u00e7age, gravure \/ usinage chimique, usinage au laser, fraisage, autres services d'usinage, tournage, \u00e9lectro\u00e9rosion \u00e0 fil, prototypage rapide<\/div>\n<\/div>\n<div class=\"row\">\n<div class=\"cell label\">Micro-usinage ou non<\/div>\n<div class=\"cell value\">Pas de micro-usinage<\/div>\n<\/div>\n<div class=\"row\">\n<div class=\"cell label\">Mat\u00e9riau<\/div>\n<div class=\"cell value\">Alumiuminum<\/div>\n<\/div>\n<div class=\"row\">\n<div class=\"cell label\">Processus<\/div>\n<div class=\"cell value\">Usin\u00e9 CNC<\/div>\n<\/div>\n<div class=\"row\">\n<div class=\"cell label\">Mot-cl\u00e9<\/div>\n<div class=\"cell value\">Service d'usinage CNC sur mesure OEM<\/div>\n<\/div>\n<div class=\"row\">\n<div class=\"cell label\">Nom du produit<\/div>\n<div class=\"cell value\">Pi\u00e8ces d'usinage Cnc<\/div>\n<\/div>\n<div class=\"row\">\n<div class=\"cell label\">Couleur<\/div>\n<div class=\"cell value\">Couleur personnalis\u00e9e<\/div>\n<\/div>\n<div class=\"row\">\n<div class=\"cell label\">Emballage<\/div>\n<div class=\"cell value\">Emballage personnalis\u00e9<\/div>\n<\/div>\n<div class=\"row\">\n<div class=\"cell label\">MOQ<\/div>\n<div class=\"cell value\">Petites commandes accept\u00e9es<\/div>\n<\/div>\n<div class=\"row\">\n<div class=\"cell label\">\u00c9chantillon<\/div>\n<div class=\"cell value\">Accepter les commandes d'\u00e9chantillons<\/div>\n<\/div>\n<div class=\"row\">\n<div class=\"cell label\">Unit\u00e9s de vente<\/div>\n<div class=\"cell value\">Article unique<\/div>\n<\/div>\n<div class=\"row\">\n<div class=\"cell label\">Taille de l'emballage unique<\/div>\n<div class=\"cell value\">10X8X10 cm<\/div>\n<\/div>\n<div class=\"row\">\n<div class=\"cell label\">Poids brut unique<\/div>\n<div class=\"cell value\">0,100 KG<\/div>\n<\/div>\n<\/div>\n<p><\/p>\n<h2>Notre base de production<\/h2>\n<h3>Panorama de l'usine<\/h3>\n<p><img decoding=\"async\" src=\"\/wp-content\/uploads\/factory-01.webp\"\/><\/p>\n<h3>Atelier de fabrication de barres d'aluminium<\/h3>\n<p><img decoding=\"async\" src=\"\/wp-content\/uploads\/factory-02.webp\"\/><\/p>\n<p><img decoding=\"async\" src=\"\/wp-content\/uploads\/factory-03.webp\"\/><\/p>\n<h3>Entrep\u00f4t de stockage des moules<\/h3>\n<p><img decoding=\"async\" src=\"\/wp-content\/uploads\/factory-04.webp\"\/><\/p>\n<h3>43 lignes d'extrusion d'aluminium (500-5500 tonnes)<\/h3>\n<p><img decoding=\"async\" src=\"\/wp-content\/uploads\/factory-05.webp\"\/><\/p>\n<p><img decoding=\"async\" src=\"\/wp-content\/uploads\/factory-06.webp\"\/><\/p>\n<p><img decoding=\"async\" src=\"\/wp-content\/uploads\/factory-07.webp\"\/><\/p>\n<h3>Atelier de peinture en poudre<\/h3>\n<p><img decoding=\"async\" src=\"\/wp-content\/uploads\/factory-09.webp\"\/><\/p>\n<h3>Atelier d'anodisation<\/h3>\n<p><img decoding=\"async\" src=\"\/wp-content\/uploads\/factory-10.webp\"\/><\/p>\n<h3>Atelier sur le traitement en profondeur<\/h3>\n<p><img decoding=\"async\" src=\"\/wp-content\/uploads\/factory-11.webp\"\/><\/p>\n<h3>Atelier d'usinage de pr\u00e9cision CNC<\/h3>\n<p><img decoding=\"async\" src=\"\/wp-content\/uploads\/factory-11.5.webp\"\/><\/p>\n<h3>Entrep\u00f4t de produits finis et d'exportation<\/h3>\n<p><img decoding=\"async\" src=\"\/wp-content\/uploads\/factory-12.webp\"\/><\/p>\n<p><img decoding=\"async\" src=\"\/wp-content\/uploads\/factory-13.webp\"\/><\/p>\n<p><img decoding=\"async\" src=\"\/wp-content\/uploads\/factory-14.webp\"\/><\/p>\n<h2>FAQ<\/h2>\n<p><strong>1. Ce bo\u00eetier Bluetooth en aluminium anodis\u00e9 est-il personnalisable ?<\/strong><br \/>Oui, nous offrons des options de personnalisation, y compris la couleur et le marquage du logo.<\/p>\n<p><strong>2. Le bo\u00eetier prend-il en charge diff\u00e9rents mod\u00e8les d'appareils Bluetooth ?<\/strong><br \/>Le bo\u00eetier est con\u00e7u pour \u00eatre compatible avec une s\u00e9rie de mod\u00e8les d'appareils Bluetooth.<\/p>\n<p><strong>3. Quels sont les avantages de l'aluminium anodis\u00e9 pour ce bo\u00eetier ?<\/strong><br \/>L'aluminium anodis\u00e9 offre une r\u00e9sistance sup\u00e9rieure aux rayures et \u00e0 la corrosion, garantissant une protection durable.<\/p>\n<p><strong>4. Le bo\u00eetier peut-il r\u00e9sister aux chocs et \u00e0 une utilisation intensive ?<\/strong><br \/>Oui, le bo\u00eetier est con\u00e7u pour \u00eatre durable et r\u00e9sistant aux chocs.<\/p>\n<p><strong>5. Comment l'anodisation am\u00e9liore-t-elle l'aspect du bo\u00eetier ?<\/strong><br \/>L'anodisation permet d'obtenir une finition \u00e9l\u00e9gante et color\u00e9e tout en conservant la texture naturelle du m\u00e9tal.<\/p>\n<p><strong>6. L'exp\u00e9dition internationale est-elle possible pour les commandes en gros ?<\/strong><br \/>Oui, nous assurons l'exp\u00e9dition internationale et apportons notre soutien en mati\u00e8re de logistique et de documentation.<\/p>\n<p><strong>7. Quelle est la quantit\u00e9 minimale de commande pour les boyaux personnalis\u00e9s ?<\/strong><br \/>La quantit\u00e9 minimale de commande pour la personnalisation commence g\u00e9n\u00e9ralement \u00e0 300 unit\u00e9s, en fonction des besoins sp\u00e9cifiques.<\/p>\n<p><\/p>","protected":false},"featured_media":10834,"template":"","categories":[68],"class_list":["post-10948","product","type-product","status-publish","has-post-thumbnail","hentry","category-cnc-machining-aluminum-profile"],"meta_box":{"hilight_text_group":[{"product_hilight_text":"<li>Provides enhanced protection for Bluetooth devices<\/li>\n<li>Lightweight yet durable anodized aluminum construction<\/li>\n<li>Custom-fit design ensures compatibility with various Bluetooth models<\/li>\n<li>Resistant to scratches and corrosion for long-lasting use<\/li>\n<li>Available in a variety of colors to match your brand identity<\/li>"}],"feature_list":[]},"_links":{"self":[{"href":"https:\/\/sinoextrud.com\/fr\/wp-json\/wp\/v2\/product\/10948","targetHints":{"allow":["GET"]}}],"collection":[{"href":"https:\/\/sinoextrud.com\/fr\/wp-json\/wp\/v2\/product"}],"about":[{"href":"https:\/\/sinoextrud.com\/fr\/wp-json\/wp\/v2\/types\/product"}],"wp:featuredmedia":[{"embeddable":true,"href":"https:\/\/sinoextrud.com\/fr\/wp-json\/wp\/v2\/media\/10834"}],"wp:attachment":[{"href":"https:\/\/sinoextrud.com\/fr\/wp-json\/wp\/v2\/media?parent=10948"}],"wp:term":[{"taxonomy":"category","embeddable":true,"href":"https:\/\/sinoextrud.com\/fr\/wp-json\/wp\/v2\/categories?post=10948"}],"curies":[{"name":"wp","href":"https:\/\/api.w.org\/{rel}","templated":true}]}}