{"id":10944,"date":"2025-08-01T03:17:03","date_gmt":"2025-08-01T03:17:03","guid":{"rendered":"https:\/\/sinoextrud.com\/product\/aluminum-profile-for-5g-signal-tower-systems\/"},"modified":"2025-08-01T03:17:03","modified_gmt":"2025-08-01T03:17:03","slug":"profile-en-aluminium-pour-les-systemes-de-tours-de-signalisation-5g","status":"publish","type":"product","link":"https:\/\/sinoextrud.com\/fr\/product\/aluminum-profile-for-5g-signal-tower-systems\/","title":{"rendered":"Profil\u00e9s en aluminium pour les tours de signalisation 5G"},"content":{"rendered":"<h2>D\u00e9tails des produits<\/h2>\n<div class=\"product-table\">\n<div class=\"row\">\n<div class=\"cell label\">Grade<\/div>\n<div class=\"cell value\">S\u00e9rie 6000<\/div>\n<\/div>\n<div class=\"row\">\n<div class=\"cell label\">Tol\u00e9rance<\/div>\n<div class=\"cell value\">\u00c2\u00b10,01%<\/div>\n<\/div>\n<div class=\"row\">\n<div class=\"cell label\">D\u00e9lai de livraison<\/div>\n<div class=\"cell value\">8-14 jours<\/div>\n<\/div>\n<div class=\"row\">\n<div class=\"cell label\">Temp\u00e9rer<\/div>\n<div class=\"cell value\">T3-T8<\/div>\n<\/div>\n<div class=\"row\">\n<div class=\"cell label\">Application<\/div>\n<div class=\"cell value\">led\/\u00e9lectronique\/cpu\/industrie<\/div>\n<\/div>\n<div class=\"row\">\n<div class=\"cell label\">Forme<\/div>\n<div class=\"cell value\">Sur mesure<\/div>\n<\/div>\n<div class=\"row\">\n<div class=\"cell label\">Alliage ou non<\/div>\n<div class=\"cell value\">Est un alliage<\/div>\n<\/div>\n<div class=\"row\">\n<div class=\"cell label\">Service de traitement<\/div>\n<div class=\"cell value\">Pliage, d\u00e9roulage, soudage, poin\u00e7onnage, d\u00e9coupage<\/div>\n<\/div>\n<div class=\"row\">\n<div class=\"cell label\">Nom du produit<\/div>\n<div class=\"cell value\">Dissipateur thermique en aluminium sur mesure<\/div>\n<\/div>\n<div class=\"row\">\n<div class=\"cell label\">Mat\u00e9riau<\/div>\n<div class=\"cell value\">Alliage d'aluminium 6063 6061 6005<\/div>\n<\/div>\n<div class=\"row\">\n<div class=\"cell label\">Couleur<\/div>\n<div class=\"cell value\">Argent, noir, noir dor\u00e9, etc.<\/div>\n<\/div>\n<div class=\"row\">\n<div class=\"cell label\">Traitement de surface<\/div>\n<div class=\"cell value\">Finition en usine, anodisation, rev\u00eatement en poudre<\/div>\n<\/div>\n<div class=\"row\">\n<div class=\"cell label\">Certification<\/div>\n<div class=\"cell value\">ISO9001:2008<\/div>\n<\/div>\n<div class=\"row\">\n<div class=\"cell label\">forme<\/div>\n<div class=\"cell value\">Sur mesure<\/div>\n<\/div>\n<div class=\"row\">\n<div class=\"cell label\">Utilisation<\/div>\n<div class=\"cell value\">Led\/\u00e9lectronique\/cpu\/industrie<\/div>\n<\/div>\n<div class=\"row\">\n<div class=\"cell label\">\u00c9chantillon<\/div>\n<div class=\"cell value\">\u00c9chantillon gratuit<\/div>\n<\/div>\n<div class=\"row\">\n<div class=\"cell label\">Longueur<\/div>\n<div class=\"cell value\">Longueur sur mesure<\/div>\n<\/div>\n<div class=\"row\">\n<div class=\"cell label\">Service<\/div>\n<div class=\"cell value\">OEM ODM<\/div>\n<\/div>\n<div class=\"row\">\n<div class=\"cell label\">Unit\u00e9s de vente<\/div>\n<div class=\"cell value\">Multiple de 300<\/div>\n<\/div>\n<div class=\"row\">\n<div class=\"cell label\">Taille de l'emballage par lot<\/div>\n<div class=\"cell value\">200X150X80 cm<\/div>\n<\/div>\n<div class=\"row\">\n<div class=\"cell label\">Poids brut par lot<\/div>\n<div class=\"cell value\">300.000 KG<\/div>\n<\/div>\n<\/div>\n<p><\/p>\n<h2>Notre base de production<\/h2>\n<h3>Panorama de l'usine<\/h3>\n<p><img decoding=\"async\" src=\"\/wp-content\/uploads\/factory-01.webp\"\/><\/p>\n<h3>Atelier de fabrication de barres d'aluminium<\/h3>\n<p><img decoding=\"async\" src=\"\/wp-content\/uploads\/factory-02.webp\"\/><\/p>\n<p><img decoding=\"async\" src=\"\/wp-content\/uploads\/factory-03.webp\"\/><\/p>\n<h3>Entrep\u00f4t de stockage des moules<\/h3>\n<p><img decoding=\"async\" src=\"\/wp-content\/uploads\/factory-04.webp\"\/><\/p>\n<h3>43 lignes d'extrusion d'aluminium (500-5500 tonnes)<\/h3>\n<p><img decoding=\"async\" src=\"\/wp-content\/uploads\/factory-05.webp\"\/><\/p>\n<p><img decoding=\"async\" src=\"\/wp-content\/uploads\/factory-06.webp\"\/><\/p>\n<p><img decoding=\"async\" src=\"\/wp-content\/uploads\/factory-07.webp\"\/><\/p>\n<h3>Atelier de peinture en poudre<\/h3>\n<p><img decoding=\"async\" src=\"\/wp-content\/uploads\/factory-09.webp\"\/><\/p>\n<h3>Atelier d'anodisation<\/h3>\n<p><img decoding=\"async\" src=\"\/wp-content\/uploads\/factory-10.webp\"\/><\/p>\n<h3>Atelier sur le traitement en profondeur<\/h3>\n<p><img decoding=\"async\" src=\"\/wp-content\/uploads\/factory-11.webp\"\/><\/p>\n<h3>Atelier d'usinage de pr\u00e9cision CNC<\/h3>\n<p><img decoding=\"async\" src=\"\/wp-content\/uploads\/factory-11.5.webp\"\/><\/p>\n<h3>Entrep\u00f4t de produits finis et d'exportation<\/h3>\n<p><img decoding=\"async\" src=\"\/wp-content\/uploads\/factory-12.webp\"\/><\/p>\n<p><img decoding=\"async\" src=\"\/wp-content\/uploads\/factory-13.webp\"\/><\/p>\n<p><img decoding=\"async\" src=\"\/wp-content\/uploads\/factory-14.webp\"\/><\/p>\n<h2>FAQ<\/h2>\n<p><strong>1. Qu'est-ce qui fait que ces profil\u00e9s en aluminium conviennent aux tours 5G ?<\/strong><br \/>Les profils en aluminium sont sp\u00e9cialement con\u00e7us pour am\u00e9liorer la r\u00e9ception et la r\u00e9silience des signaux, ce qui est essentiel pour la technologie 5G.<\/p>\n<p><strong>2. Ces profil\u00e9s sont-ils r\u00e9sistants aux intemp\u00e9ries ?<\/strong><br \/>Oui, elles sont con\u00e7ues pour r\u00e9sister \u00e0 la corrosion, ce qui les rend id\u00e9ales pour les installations ext\u00e9rieures.<\/p>\n<p><strong>3. Peut-on commander des profil\u00e9s dans des dimensions personnalis\u00e9es ?<\/strong><br \/>Absolument, nous fournissons des longueurs et des profils personnalisables, adapt\u00e9s aux exigences de votre projet.<\/p>\n<p><strong>4. Ces profils d'aluminium sont-ils compatibles avec les normes technologiques actuelles de la 5G ?<\/strong><br \/>Oui, ils sont enti\u00e8rement conformes aux exigences de l'infrastructure 5G existante.<\/p>\n<p><strong>5. Quel est le d\u00e9lai de livraison habituel pour les commandes en gros ?<\/strong><br \/>Les d\u00e9lais de livraison varient, mais sont g\u00e9n\u00e9ralement compris entre 4 et 6 semaines en fonction de la taille de la commande et de la personnalisation.<\/p>\n<p><strong>6. Existe-t-il une quantit\u00e9 minimale de commande pour ces profil\u00e9s ?<\/strong><br \/>Oui, nous exigeons une quantit\u00e9 minimale de commande en fonction des besoins de personnalisation.<\/p>\n<p><strong>7. Offrez-vous une assistance technique pour l'installation ?<\/strong><br \/>Oui, nous fournissons des guides d'installation complets et une assistance technique sur demande.<\/p>\n<p><\/p>","protected":false},"featured_media":10759,"template":"","categories":[55],"class_list":["post-10944","product","type-product","status-publish","has-post-thumbnail","hentry","category-extruded-aluminum-profiles"],"meta_box":{"hilight_text_group":[{"product_hilight_text":"<li>Engineered specifically for 5G signal tower applications<\/li>\n<li>Lightweight yet durable, enhancing installation efficiency<\/li>\n<li>Corrosion-resistant features for extended outdoor use<\/li>\n<li>Compatible with current 5G technology standards<\/li>\n<li>Custom lengths and profiles available for B2B projects<\/li>"}],"feature_list":[]},"_links":{"self":[{"href":"https:\/\/sinoextrud.com\/fr\/wp-json\/wp\/v2\/product\/10944","targetHints":{"allow":["GET"]}}],"collection":[{"href":"https:\/\/sinoextrud.com\/fr\/wp-json\/wp\/v2\/product"}],"about":[{"href":"https:\/\/sinoextrud.com\/fr\/wp-json\/wp\/v2\/types\/product"}],"wp:featuredmedia":[{"embeddable":true,"href":"https:\/\/sinoextrud.com\/fr\/wp-json\/wp\/v2\/media\/10759"}],"wp:attachment":[{"href":"https:\/\/sinoextrud.com\/fr\/wp-json\/wp\/v2\/media?parent=10944"}],"wp:term":[{"taxonomy":"category","embeddable":true,"href":"https:\/\/sinoextrud.com\/fr\/wp-json\/wp\/v2\/categories?post=10944"}],"curies":[{"name":"wp","href":"https:\/\/api.w.org\/{rel}","templated":true}]}}