{"id":10942,"date":"2025-08-01T03:16:56","date_gmt":"2025-08-01T03:16:56","guid":{"rendered":"https:\/\/sinoextrud.com\/product\/aluminum-plate-fin-heat-sink-for-power-devices\/"},"modified":"2025-08-01T03:16:56","modified_gmt":"2025-08-01T03:16:56","slug":"dissipateur-thermique-a-ailettes-en-aluminium-pour-dispositifs-de-puissance","status":"publish","type":"product","link":"https:\/\/sinoextrud.com\/fr\/product\/aluminum-plate-fin-heat-sink-for-power-devices\/","title":{"rendered":"Dissipateur thermique \u00e0 ailettes en aluminium pour dispositifs de puissance"},"content":{"rendered":"<h2>D\u00e9tails des produits<\/h2>\n<div class=\"product-table\">\n<div class=\"row\">\n<div class=\"cell label\">Grade<\/div>\n<div class=\"cell value\">6060,6005,6061,6063,6082,7003,7075,7N12<\/div>\n<\/div>\n<div class=\"row\">\n<div class=\"cell label\">Tol\u00e9rance<\/div>\n<div class=\"cell value\">\u00c2\u00b11%<\/div>\n<\/div>\n<div class=\"row\">\n<div class=\"cell label\">D\u00e9lai de livraison<\/div>\n<div class=\"cell value\">3-15 jours apr\u00e8s le paiement<\/div>\n<\/div>\n<div class=\"row\">\n<div class=\"cell label\">Temp\u00e9rer<\/div>\n<div class=\"cell value\">T4.T5.T6<\/div>\n<\/div>\n<div class=\"row\">\n<div class=\"cell label\">Application<\/div>\n<div class=\"cell value\">D\u00e9corations<\/div>\n<\/div>\n<div class=\"row\">\n<div class=\"cell label\">Forme<\/div>\n<div class=\"cell value\">Extrusion de profil\u00e9s<\/div>\n<\/div>\n<div class=\"row\">\n<div class=\"cell label\">Alliage ou non<\/div>\n<div class=\"cell value\">Est un alliage<\/div>\n<\/div>\n<div class=\"row\">\n<div class=\"cell label\">Service de traitement<\/div>\n<div class=\"cell value\">Pliage, soudage, poin\u00e7onnage, d\u00e9coupe, extrusion<\/div>\n<\/div>\n<div class=\"row\">\n<div class=\"cell label\">Certification<\/div>\n<div class=\"cell value\">ISO 9001<\/div>\n<\/div>\n<div class=\"row\">\n<div class=\"cell label\">Couleur<\/div>\n<div class=\"cell value\">Blanc argent\u00e9, noir<\/div>\n<\/div>\n<div class=\"row\">\n<div class=\"cell label\">Mot-cl\u00e9<\/div>\n<div class=\"cell value\">Profil\u00e9s industriels en aluminium<\/div>\n<\/div>\n<div class=\"row\">\n<div class=\"cell label\">D\u00e9lai de paiement<\/div>\n<div class=\"cell value\">par T\/T ou L\/C<\/div>\n<\/div>\n<div class=\"row\">\n<div class=\"cell label\">Longueur<\/div>\n<div class=\"cell value\">Max. 6m, taille de coupe disponible<\/div>\n<\/div>\n<div class=\"row\">\n<div class=\"cell label\">Traitement de surface<\/div>\n<div class=\"cell value\">Anodis\u00e9 argent<\/div>\n<\/div>\n<div class=\"row\">\n<div class=\"cell label\">Mat\u00e9riau<\/div>\n<div class=\"cell value\">6060,6005,6061,6063,6082,7003,7075,7N12<\/div>\n<\/div>\n<div class=\"row\">\n<div class=\"cell label\">Nom du produit<\/div>\n<div class=\"cell value\">Profil\u00e9 d'extrusion en aluminium<\/div>\n<\/div>\n<div class=\"row\">\n<div class=\"cell label\">Standard<\/div>\n<div class=\"cell value\">GB5237.1-2008<\/div>\n<\/div>\n<div class=\"row\">\n<div class=\"cell label\">Unit\u00e9s de vente<\/div>\n<div class=\"cell value\">Article unique<\/div>\n<\/div>\n<div class=\"row\">\n<div class=\"cell label\">Taille de l'emballage unique<\/div>\n<div class=\"cell value\">11X12X27 cm<\/div>\n<\/div>\n<div class=\"row\">\n<div class=\"cell label\">Poids brut unique<\/div>\n<div class=\"cell value\">3.000 KG<\/div>\n<\/div>\n<\/div>\n<p><\/p>\n<h2>Notre base de production<\/h2>\n<h3>Panorama de l'usine<\/h3>\n<p><img decoding=\"async\" src=\"\/wp-content\/uploads\/factory-01.webp\"\/><\/p>\n<h3>Atelier de fabrication de barres d'aluminium<\/h3>\n<p><img decoding=\"async\" src=\"\/wp-content\/uploads\/factory-02.webp\"\/><\/p>\n<p><img decoding=\"async\" src=\"\/wp-content\/uploads\/factory-03.webp\"\/><\/p>\n<h3>Entrep\u00f4t de stockage des moules<\/h3>\n<p><img decoding=\"async\" src=\"\/wp-content\/uploads\/factory-04.webp\"\/><\/p>\n<h3>43 lignes d'extrusion d'aluminium (500-5500 tonnes)<\/h3>\n<p><img decoding=\"async\" src=\"\/wp-content\/uploads\/factory-05.webp\"\/><\/p>\n<p><img decoding=\"async\" src=\"\/wp-content\/uploads\/factory-06.webp\"\/><\/p>\n<p><img decoding=\"async\" src=\"\/wp-content\/uploads\/factory-07.webp\"\/><\/p>\n<h3>Atelier de peinture en poudre<\/h3>\n<p><img decoding=\"async\" src=\"\/wp-content\/uploads\/factory-09.webp\"\/><\/p>\n<h3>Atelier d'anodisation<\/h3>\n<p><img decoding=\"async\" src=\"\/wp-content\/uploads\/factory-10.webp\"\/><\/p>\n<h3>Atelier sur le traitement en profondeur<\/h3>\n<p><img decoding=\"async\" src=\"\/wp-content\/uploads\/factory-11.webp\"\/><\/p>\n<h3>Atelier d'usinage de pr\u00e9cision CNC<\/h3>\n<p><img decoding=\"async\" src=\"\/wp-content\/uploads\/factory-11.5.webp\"\/><\/p>\n<h3>Entrep\u00f4t de produits finis et d'exportation<\/h3>\n<p><img decoding=\"async\" src=\"\/wp-content\/uploads\/factory-12.webp\"\/><\/p>\n<p><img decoding=\"async\" src=\"\/wp-content\/uploads\/factory-13.webp\"\/><\/p>\n<p><img decoding=\"async\" src=\"\/wp-content\/uploads\/factory-14.webp\"\/><\/p>\n<h2>FAQ<\/h2>\n<p><strong>1. Pourquoi l'aluminium est-il un bon mat\u00e9riau pour les dissipateurs thermiques ?<\/strong><br \/>L'aluminium poss\u00e8de une excellente conductivit\u00e9 thermique, ce qui le rend id\u00e9al pour la dissipation de la chaleur dans les dissipateurs thermiques.<\/p>\n<p><strong>2. Le dissipateur thermique \u00e0 ailettes en aluminium peut-il \u00eatre personnalis\u00e9 ?<\/strong><br \/>Oui, nous offrons des services de personnalisation pour les dimensions, la conception des ailettes et les options de montage.<\/p>\n<p><strong>3. Le dissipateur thermique est-il adapt\u00e9 aux applications \u00e0 haute puissance ?<\/strong><br \/>Absolument, il est con\u00e7u pour g\u00e9rer efficacement la chaleur dans les applications \u00e9lectroniques de haute puissance.<\/p>\n<p><strong>4. Proposez-vous des tests thermiques pour vos dissipateurs thermiques ?<\/strong><br \/>Oui, nous effectuons des tests thermiques approfondis pour garantir la performance et la fiabilit\u00e9 des produits.<\/p>\n<p><strong>5. Quelle est la dur\u00e9e de vie typique d'un dissipateur thermique \u00e0 ailettes en aluminium ?<\/strong><br \/>Lorsqu'il est utilis\u00e9 correctement, il peut durer de nombreuses ann\u00e9es, ce qui garantit une fiabilit\u00e9 \u00e0 long terme.<\/p>\n<p><strong>6. Ces dissipateurs thermiques conviennent-ils \u00e0 l'\u00e9clairage par LED ?<\/strong><br \/>Oui, ils sont efficaces pour g\u00e9rer la dissipation de la chaleur dans les syst\u00e8mes d'\u00e9clairage LED.<\/p>\n<p><strong>7. Fournissez-vous une assistance technique pour les projets personnalis\u00e9s ?<\/strong><br \/>Oui, une assistance technique et une consultation sont disponibles pour les projets de dissipateurs thermiques personnalis\u00e9s.<\/p>\n<p><\/p>","protected":false},"featured_media":10772,"template":"","categories":[72],"class_list":["post-10942","product","type-product","status-publish","has-post-thumbnail","hentry","category-extruded-aluminum-heatsink"],"meta_box":{"hilight_text_group":[{"product_hilight_text":"<li>Efficient heat dissipation for electronic components<\/li>\n<li>Lightweight yet durable aluminum construction<\/li>\n<li>Customizable fin configurations for optimized performance<\/li>\n<li>Suitable for various industrial applications and devices<\/li>\n<li>Supports both OEM and ODM production services<\/li>"}],"feature_list":[]},"_links":{"self":[{"href":"https:\/\/sinoextrud.com\/fr\/wp-json\/wp\/v2\/product\/10942","targetHints":{"allow":["GET"]}}],"collection":[{"href":"https:\/\/sinoextrud.com\/fr\/wp-json\/wp\/v2\/product"}],"about":[{"href":"https:\/\/sinoextrud.com\/fr\/wp-json\/wp\/v2\/types\/product"}],"wp:featuredmedia":[{"embeddable":true,"href":"https:\/\/sinoextrud.com\/fr\/wp-json\/wp\/v2\/media\/10772"}],"wp:attachment":[{"href":"https:\/\/sinoextrud.com\/fr\/wp-json\/wp\/v2\/media?parent=10942"}],"wp:term":[{"taxonomy":"category","embeddable":true,"href":"https:\/\/sinoextrud.com\/fr\/wp-json\/wp\/v2\/categories?post=10942"}],"curies":[{"name":"wp","href":"https:\/\/api.w.org\/{rel}","templated":true}]}}