{"id":10938,"date":"2025-08-01T03:14:50","date_gmt":"2025-08-01T03:14:50","guid":{"rendered":"https:\/\/sinoextrud.com\/product\/sliver-cnc-milling-heatsink-for-electronics\/"},"modified":"2025-08-01T03:14:50","modified_gmt":"2025-08-01T03:14:50","slug":"dissipateur-thermique-pour-lelectronique","status":"publish","type":"product","link":"https:\/\/sinoextrud.com\/fr\/product\/sliver-cnc-milling-heatsink-for-electronics\/","title":{"rendered":"Dissipateur thermique pour l'\u00e9lectronique"},"content":{"rendered":"<h2>D\u00e9tails des produits<\/h2>\n<div class=\"product-table\">\n<div class=\"row\">\n<div class=\"cell label\">Usinage CNC ou non<\/div>\n<div class=\"cell value\">Usinage Cnc<\/div>\n<\/div>\n<div class=\"row\">\n<div class=\"cell label\">Capacit\u00e9s mat\u00e9rielles<\/div>\n<div class=\"cell value\">Aluminium, laiton, bronze, cuivre, m\u00e9taux tremp\u00e9s, m\u00e9taux pr\u00e9cieux, acier inoxydable, alliages d'acier<\/div>\n<\/div>\n<div class=\"row\">\n<div class=\"cell label\">Type<\/div>\n<div class=\"cell value\">Brochage, per\u00e7age, usinage au laser, fraisage, autres services d'usinage, tournage, \u00e9lectro\u00e9rosion \u00e0 fil, prototypage rapide<\/div>\n<\/div>\n<div class=\"row\">\n<div class=\"cell label\">Micro-usinage ou non<\/div>\n<div class=\"cell value\">Micro-usinage<\/div>\n<\/div>\n<div class=\"row\">\n<div class=\"cell label\">Mat\u00e9riau<\/div>\n<div class=\"cell value\">Alliage d'aluminium<\/div>\n<\/div>\n<div class=\"row\">\n<div class=\"cell label\">Traitement de surface<\/div>\n<div class=\"cell value\">Oxydation<\/div>\n<\/div>\n<div class=\"row\">\n<div class=\"cell label\">M\u00e9thode de traitement<\/div>\n<div class=\"cell value\">100% CNC Machining\/Lathe Turning (usinage\/tournage au tour)<\/div>\n<\/div>\n<div class=\"row\">\n<div class=\"cell label\">Couleur<\/div>\n<div class=\"cell value\">Couleur personnalis\u00e9e<\/div>\n<\/div>\n<div class=\"row\">\n<div class=\"cell label\">Mot-cl\u00e9<\/div>\n<div class=\"cell value\">Usinage CNC de petites quantit\u00e9s de plaques d'aluminium 6061 6063<\/div>\n<\/div>\n<div class=\"row\">\n<div class=\"cell label\">Sur mesure<\/div>\n<div class=\"cell value\">selon le dessin ou l'\u00e9chantillon<\/div>\n<\/div>\n<div class=\"row\">\n<div class=\"cell label\">Tol\u00e9rance<\/div>\n<div class=\"cell value\">0,01-0,05 mm<\/div>\n<\/div>\n<div class=\"row\">\n<div class=\"cell label\">MOQ<\/div>\n<div class=\"cell value\">100 pi\u00e8ces<\/div>\n<\/div>\n<div class=\"row\">\n<div class=\"cell label\">Equipement<\/div>\n<div class=\"cell value\">Centre d'usinage CNC 3\/4\/5 axes<\/div>\n<\/div>\n<div class=\"row\">\n<div class=\"cell label\">Whatsapp\/wechat<\/div>\n<div class=\"cell value\">008615850169295<\/div>\n<\/div>\n<div class=\"row\">\n<div class=\"cell label\">Unit\u00e9s de vente<\/div>\n<div class=\"cell value\">Article unique<\/div>\n<\/div>\n<div class=\"row\">\n<div class=\"cell label\">Taille de l'emballage unique<\/div>\n<div class=\"cell value\">20X20X5 cm<\/div>\n<\/div>\n<div class=\"row\">\n<div class=\"cell label\">Poids brut unique<\/div>\n<div class=\"cell value\">1.000 KG<\/div>\n<\/div>\n<\/div>\n<p><\/p>\n<h2>Notre base de production<\/h2>\n<h3>Panorama de l'usine<\/h3>\n<p><img decoding=\"async\" src=\"\/wp-content\/uploads\/factory-01.webp\"\/><\/p>\n<h3>Atelier de fabrication de barres d'aluminium<\/h3>\n<p><img decoding=\"async\" src=\"\/wp-content\/uploads\/factory-02.webp\"\/><\/p>\n<p><img decoding=\"async\" src=\"\/wp-content\/uploads\/factory-03.webp\"\/><\/p>\n<h3>Entrep\u00f4t de stockage des moules<\/h3>\n<p><img decoding=\"async\" src=\"\/wp-content\/uploads\/factory-04.webp\"\/><\/p>\n<h3>43 lignes d'extrusion d'aluminium (500-5500 tonnes)<\/h3>\n<p><img decoding=\"async\" src=\"\/wp-content\/uploads\/factory-05.webp\"\/><\/p>\n<p><img decoding=\"async\" src=\"\/wp-content\/uploads\/factory-06.webp\"\/><\/p>\n<p><img decoding=\"async\" src=\"\/wp-content\/uploads\/factory-07.webp\"\/><\/p>\n<h3>Atelier de peinture en poudre<\/h3>\n<p><img decoding=\"async\" src=\"\/wp-content\/uploads\/factory-09.webp\"\/><\/p>\n<h3>Atelier d'anodisation<\/h3>\n<p><img decoding=\"async\" src=\"\/wp-content\/uploads\/factory-10.webp\"\/><\/p>\n<h3>Atelier sur le traitement en profondeur<\/h3>\n<p><img decoding=\"async\" src=\"\/wp-content\/uploads\/factory-11.webp\"\/><\/p>\n<h3>Atelier d'usinage de pr\u00e9cision CNC<\/h3>\n<p><img decoding=\"async\" src=\"\/wp-content\/uploads\/factory-11.5.webp\"\/><\/p>\n<h3>Entrep\u00f4t de produits finis et d'exportation<\/h3>\n<p><img decoding=\"async\" src=\"\/wp-content\/uploads\/factory-12.webp\"\/><\/p>\n<p><img decoding=\"async\" src=\"\/wp-content\/uploads\/factory-13.webp\"\/><\/p>\n<p><img decoding=\"async\" src=\"\/wp-content\/uploads\/factory-14.webp\"\/><\/p>\n<h2>FAQ<\/h2>\n<p><strong>1. Les dimensions du dissipateur peuvent-elles \u00eatre personnalis\u00e9es ?<\/strong><br \/>Oui, nous offrons la possibilit\u00e9 de personnaliser les dimensions du dissipateur pour r\u00e9pondre \u00e0 vos sp\u00e9cifications exactes.<\/p>\n<p><strong>2. Quels sont les mat\u00e9riaux utilis\u00e9s dans le dissipateur thermique ?<\/strong><br \/>Nos dissipateurs sont fabriqu\u00e9s en aluminium de haute qualit\u00e9 pour une conductivit\u00e9 thermique optimale.<\/p>\n<p><strong>3. Le dissipateur thermique est-il compatible avec tous les appareils \u00e9lectroniques ?<\/strong><br \/>Le dissipateur thermique peut \u00eatre personnalis\u00e9 pour assurer la compatibilit\u00e9 avec vos appareils sp\u00e9cifiques.<\/p>\n<p><strong>4. Fournissez-vous une assistance technique pour l'installation ?<\/strong><br \/>Oui, nous offrons une assistance technique pour vous guider tout au long du processus d'installation.<\/p>\n<p><strong>5. Existe-t-il une quantit\u00e9 minimale de commande pour les dissipateurs thermiques personnalis\u00e9s ?<\/strong><br \/>La qualit\u00e9 de fabrication varie en fonction des exigences de conception, mais nous commen\u00e7ons g\u00e9n\u00e9ralement \u00e0 partir de 200 unit\u00e9s.<\/p>\n<p><strong>6. Quels sont les avantages du fraisage CNC pour la production de dissipateurs thermiques ?<\/strong><br \/>Le fraisage CNC apporte la pr\u00e9cision et l'homog\u00e9n\u00e9it\u00e9 indispensables \u00e0 une gestion thermique efficace.<\/p>\n<p><strong>7. Proposez-vous un service d'exp\u00e9dition internationale pour ce produit ?<\/strong><br \/>Oui, nous assurons l'exp\u00e9dition dans le monde entier et nous pouvons nous charger de tous les documents d'exportation n\u00e9cessaires.<\/p>\n<p><\/p>","protected":false},"featured_media":10841,"template":"","categories":[72],"class_list":["post-10938","product","type-product","status-publish","has-post-thumbnail","hentry","category-extruded-aluminum-heatsink"],"meta_box":{"hilight_text_group":[{"product_hilight_text":"<li>Precision-engineered with advanced CNC milling technology<\/li>\n<li>Efficient thermal management for electronic devices<\/li>\n<li>Customizable designs tailored to specific industrial needs<\/li>\n<li>High-quality aluminum construction for enhanced heat dissipation<\/li>\n<li>Compliant with industry standards for performance and safety<\/li>"}],"feature_list":[]},"_links":{"self":[{"href":"https:\/\/sinoextrud.com\/fr\/wp-json\/wp\/v2\/product\/10938","targetHints":{"allow":["GET"]}}],"collection":[{"href":"https:\/\/sinoextrud.com\/fr\/wp-json\/wp\/v2\/product"}],"about":[{"href":"https:\/\/sinoextrud.com\/fr\/wp-json\/wp\/v2\/types\/product"}],"wp:featuredmedia":[{"embeddable":true,"href":"https:\/\/sinoextrud.com\/fr\/wp-json\/wp\/v2\/media\/10841"}],"wp:attachment":[{"href":"https:\/\/sinoextrud.com\/fr\/wp-json\/wp\/v2\/media?parent=10938"}],"wp:term":[{"taxonomy":"category","embeddable":true,"href":"https:\/\/sinoextrud.com\/fr\/wp-json\/wp\/v2\/categories?post=10938"}],"curies":[{"name":"wp","href":"https:\/\/api.w.org\/{rel}","templated":true}]}}