{"id":10934,"date":"2025-08-01T03:13:25","date_gmt":"2025-08-01T03:13:25","guid":{"rendered":"https:\/\/sinoextrud.com\/product\/cnc-aluminum-heatsink-for-electronic-devices\/"},"modified":"2025-08-01T03:13:25","modified_gmt":"2025-08-01T03:13:25","slug":"dissipateur-thermique-en-aluminium-cnc-pour-appareils-electroniques","status":"publish","type":"product","link":"https:\/\/sinoextrud.com\/fr\/product\/cnc-aluminum-heatsink-for-electronic-devices\/","title":{"rendered":"Dissipateur thermique en aluminium CNC pour appareils \u00e9lectroniques"},"content":{"rendered":"<h2>D\u00e9tails des produits<\/h2>\n<div class=\"product-table\">\n<div class=\"row\">\n<div class=\"cell label\">Grade<\/div>\n<div class=\"cell value\">alliage d'aluminium<\/div>\n<\/div>\n<div class=\"row\">\n<div class=\"cell label\">Tol\u00e9rance<\/div>\n<div class=\"cell value\">\u00c2\u00b11%<\/div>\n<\/div>\n<div class=\"row\">\n<div class=\"cell label\">D\u00e9lai de livraison<\/div>\n<div class=\"cell value\">22-30 jours<\/div>\n<\/div>\n<div class=\"row\">\n<div class=\"cell label\">Temp\u00e9rer<\/div>\n<div class=\"cell value\">\/<\/div>\n<\/div>\n<div class=\"row\">\n<div class=\"cell label\">Application<\/div>\n<div class=\"cell value\">Dissipateur thermique<\/div>\n<\/div>\n<div class=\"row\">\n<div class=\"cell label\">Forme<\/div>\n<div class=\"cell value\">carr\u00e9\/rond\/rectangle\/cylindrique<\/div>\n<\/div>\n<div class=\"row\">\n<div class=\"cell label\">Alliage ou non<\/div>\n<div class=\"cell value\">Est un alliage<\/div>\n<\/div>\n<div class=\"row\">\n<div class=\"cell label\">Service de traitement<\/div>\n<div class=\"cell value\">Pliage, d\u00e9roulage, soudage, poin\u00e7onnage, d\u00e9coupage<\/div>\n<\/div>\n<div class=\"row\">\n<div class=\"cell label\">Mat\u00e9riau<\/div>\n<div class=\"cell value\">Alliage d'aluminium<\/div>\n<\/div>\n<div class=\"row\">\n<div class=\"cell label\">Traitement de surface<\/div>\n<div class=\"cell value\">Anodisation\/couche de poudre<\/div>\n<\/div>\n<div class=\"row\">\n<div class=\"cell label\">Longueur<\/div>\n<div class=\"cell value\">Longueur sur mesure<\/div>\n<\/div>\n<div class=\"row\">\n<div class=\"cell label\">\u00c9paisseur<\/div>\n<div class=\"cell value\">0.30mm-Personnalis\u00e9<\/div>\n<\/div>\n<div class=\"row\">\n<div class=\"cell label\">Utilisation<\/div>\n<div class=\"cell value\">Dissipateur LED Dissipateur en aluminium<\/div>\n<\/div>\n<div class=\"row\">\n<div class=\"cell label\">Processus en profondeur<\/div>\n<div class=\"cell value\">Fraisage CNC D\u00e9formation D\u00e9coupe Pliage<\/div>\n<\/div>\n<div class=\"row\">\n<div class=\"cell label\">Service<\/div>\n<div class=\"cell value\">Service \u00e0 guichet unique. Usinage-assemblage<\/div>\n<\/div>\n<div class=\"row\">\n<div class=\"cell label\">Fonctionnalit\u00e9<\/div>\n<div class=\"cell value\">Haute r\u00e9sistance \u00e0 la corrosion<\/div>\n<\/div>\n<div class=\"row\">\n<div class=\"cell label\">Service OEM<\/div>\n<div class=\"cell value\">Profil\u00e9s structuraux en aluminium<\/div>\n<\/div>\n<div class=\"row\">\n<div class=\"cell label\">Emballage<\/div>\n<div class=\"cell value\">Film plastique + papier EP + bois<\/div>\n<\/div>\n<div class=\"row\">\n<div class=\"cell label\">Unit\u00e9s de vente<\/div>\n<div class=\"cell value\">Article unique<\/div>\n<\/div>\n<\/div>\n<p><\/p>\n<h2>Notre base de production<\/h2>\n<h3>Panorama de l'usine<\/h3>\n<p><img decoding=\"async\" src=\"\/wp-content\/uploads\/factory-01.webp\"\/><\/p>\n<h3>Atelier de fabrication de barres d'aluminium<\/h3>\n<p><img decoding=\"async\" src=\"\/wp-content\/uploads\/factory-02.webp\"\/><\/p>\n<p><img decoding=\"async\" src=\"\/wp-content\/uploads\/factory-03.webp\"\/><\/p>\n<h3>Entrep\u00f4t de stockage des moules<\/h3>\n<p><img decoding=\"async\" src=\"\/wp-content\/uploads\/factory-04.webp\"\/><\/p>\n<h3>43 lignes d'extrusion d'aluminium (500-5500 tonnes)<\/h3>\n<p><img decoding=\"async\" src=\"\/wp-content\/uploads\/factory-05.webp\"\/><\/p>\n<p><img decoding=\"async\" src=\"\/wp-content\/uploads\/factory-06.webp\"\/><\/p>\n<p><img decoding=\"async\" src=\"\/wp-content\/uploads\/factory-07.webp\"\/><\/p>\n<h3>Atelier de peinture en poudre<\/h3>\n<p><img decoding=\"async\" src=\"\/wp-content\/uploads\/factory-09.webp\"\/><\/p>\n<h3>Atelier d'anodisation<\/h3>\n<p><img decoding=\"async\" src=\"\/wp-content\/uploads\/factory-10.webp\"\/><\/p>\n<h3>Atelier sur le traitement en profondeur<\/h3>\n<p><img decoding=\"async\" src=\"\/wp-content\/uploads\/factory-11.webp\"\/><\/p>\n<h3>Atelier d'usinage de pr\u00e9cision CNC<\/h3>\n<p><img decoding=\"async\" src=\"\/wp-content\/uploads\/factory-11.5.webp\"\/><\/p>\n<h3>Entrep\u00f4t de produits finis et d'exportation<\/h3>\n<p><img decoding=\"async\" src=\"\/wp-content\/uploads\/factory-12.webp\"\/><\/p>\n<p><img decoding=\"async\" src=\"\/wp-content\/uploads\/factory-13.webp\"\/><\/p>\n<p><img decoding=\"async\" src=\"\/wp-content\/uploads\/factory-14.webp\"\/><\/p>\n<h2>FAQ<\/h2>\n<p><strong>1. Quels sont les mat\u00e9riaux utilis\u00e9s dans le dissipateur thermique CNC en aluminium ?<\/strong><br \/>Le dissipateur thermique est fabriqu\u00e9 en aluminium de haute qualit\u00e9 pour assurer une excellente dissipation de la chaleur.<\/p>\n<p><strong>2. Le dissipateur thermique peut-il \u00eatre personnalis\u00e9 pour des applications sp\u00e9cifiques ?<\/strong><br \/>Oui, nous offrons la possibilit\u00e9 de personnaliser la taille, la forme et la finition pour r\u00e9pondre \u00e0 vos besoins.<\/p>\n<p><strong>3. Ce dissipateur est-il adapt\u00e9 \u00e0 l'\u00e9lectronique de haute performance ?<\/strong><br \/>Oui, il est con\u00e7u pour dissiper efficacement la chaleur des composants haute performance.<\/p>\n<p><strong>4. Quelles industries peuvent b\u00e9n\u00e9ficier de l'utilisation de ce dissipateur thermique ?<\/strong><br \/>Ce produit est utile pour les applications \u00e9lectroniques, automobiles et industrielles.<\/p>\n<p><strong>5. Fournissez-vous des options pour diff\u00e9rentes finitions sur le dissipateur thermique ?<\/strong><br \/>Oui, nous offrons une vari\u00e9t\u00e9 de finitions anodis\u00e9es et peintes \u00e0 des fins esth\u00e9tiques et fonctionnelles.<\/p>\n<p><strong>6. Peut-on commander le dissipateur thermique en aluminium CNC en gros ?<\/strong><br \/>Oui, nous prenons en charge les commandes en gros et offrons des prix comp\u00e9titifs pour les gros volumes.<\/p>\n<p><strong>7. Le produit est-il assorti d'une garantie ?<\/strong><br \/>Oui, nous offrons une garantie pour couvrir tout d\u00e9faut de fabrication dans le cadre d'une utilisation normale.<\/p>\n<p><\/p>","protected":false},"featured_media":10843,"template":"","categories":[72],"class_list":["post-10934","product","type-product","status-publish","has-post-thumbnail","hentry","category-extruded-aluminum-heatsink"],"meta_box":{"hilight_text_group":[{"product_hilight_text":"<li>Precision engineered for optimal heat dissipation<\/li>\n<li>Customizable in size, shape, and finish for specific applications<\/li>\n<li>Manufactured using high-grade aluminum for enhanced thermal conductivity<\/li>\n<li>Ideal for use in electronics, automotive, and industrial sectors<\/li>\n<li>Supports OEM and ODM with flexible production capabilities<\/li>"}],"feature_list":[]},"_links":{"self":[{"href":"https:\/\/sinoextrud.com\/fr\/wp-json\/wp\/v2\/product\/10934","targetHints":{"allow":["GET"]}}],"collection":[{"href":"https:\/\/sinoextrud.com\/fr\/wp-json\/wp\/v2\/product"}],"about":[{"href":"https:\/\/sinoextrud.com\/fr\/wp-json\/wp\/v2\/types\/product"}],"wp:featuredmedia":[{"embeddable":true,"href":"https:\/\/sinoextrud.com\/fr\/wp-json\/wp\/v2\/media\/10843"}],"wp:attachment":[{"href":"https:\/\/sinoextrud.com\/fr\/wp-json\/wp\/v2\/media?parent=10934"}],"wp:term":[{"taxonomy":"category","embeddable":true,"href":"https:\/\/sinoextrud.com\/fr\/wp-json\/wp\/v2\/categories?post=10934"}],"curies":[{"name":"wp","href":"https:\/\/api.w.org\/{rel}","templated":true}]}}