{"id":10933,"date":"2025-08-01T03:13:22","date_gmt":"2025-08-01T03:13:22","guid":{"rendered":"https:\/\/sinoextrud.com\/product\/aluminum-heatsink-for-electronic-part-cooling\/"},"modified":"2025-08-01T03:13:22","modified_gmt":"2025-08-01T03:13:22","slug":"dissipateur-thermique-en-aluminium-pour-le-refroidissement-de-pieces-electroniques","status":"publish","type":"product","link":"https:\/\/sinoextrud.com\/fr\/product\/aluminum-heatsink-for-electronic-part-cooling\/","title":{"rendered":"Dissipateur thermique en aluminium pour le refroidissement de pi\u00e8ces \u00e9lectroniques"},"content":{"rendered":"<h2>D\u00e9tails des produits<\/h2>\n<div class=\"product-table\">\n<div class=\"row\">\n<div class=\"cell label\">Grade<\/div>\n<div class=\"cell value\">S\u00e9rie 6000<\/div>\n<\/div>\n<div class=\"row\">\n<div class=\"cell label\">Tol\u00e9rance<\/div>\n<div class=\"cell value\">\u00c2\u00b11%<\/div>\n<\/div>\n<div class=\"row\">\n<div class=\"cell label\">D\u00e9lai de livraison<\/div>\n<div class=\"cell value\">22-30 jours<\/div>\n<\/div>\n<div class=\"row\">\n<div class=\"cell label\">Temp\u00e9rer<\/div>\n<div class=\"cell value\">T3-T8<\/div>\n<\/div>\n<div class=\"row\">\n<div class=\"cell label\">Application<\/div>\n<div class=\"cell value\">Dissipateur thermique<\/div>\n<\/div>\n<div class=\"row\">\n<div class=\"cell label\">Forme<\/div>\n<div class=\"cell value\">Sur mesure<\/div>\n<\/div>\n<div class=\"row\">\n<div class=\"cell label\">Alliage ou non<\/div>\n<div class=\"cell value\">Est un alliage<\/div>\n<\/div>\n<div class=\"row\">\n<div class=\"cell label\">Service de traitement<\/div>\n<div class=\"cell value\">Pliage, d\u00e9roulage, soudage, poin\u00e7onnage, d\u00e9coupage<\/div>\n<\/div>\n<div class=\"row\">\n<div class=\"cell label\">Nom du produit<\/div>\n<div class=\"cell value\">Dissipateur thermique \u00e0 profil extrud\u00e9 en aluminium<\/div>\n<\/div>\n<div class=\"row\">\n<div class=\"cell label\">Mat\u00e9riau<\/div>\n<div class=\"cell value\">Alliage 6063\/6061\/6005\/6060 T5\/T6<\/div>\n<\/div>\n<div class=\"row\">\n<div class=\"cell label\">Traitement de surface<\/div>\n<div class=\"cell value\">Rev\u00eatement en poudre, anodis\u00e9<\/div>\n<\/div>\n<div class=\"row\">\n<div class=\"cell label\">Couleur<\/div>\n<div class=\"cell value\">Demande du client<\/div>\n<\/div>\n<div class=\"row\">\n<div class=\"cell label\">Certification<\/div>\n<div class=\"cell value\">ISO9001:2008<\/div>\n<\/div>\n<div class=\"row\">\n<div class=\"cell label\">Application<\/div>\n<div class=\"cell value\">\u00c9quipement industriel<\/div>\n<\/div>\n<div class=\"row\">\n<div class=\"cell label\">Processus en profondeur<\/div>\n<div class=\"cell value\">Service d'usinage CNC<\/div>\n<\/div>\n<div class=\"row\">\n<div class=\"cell label\">Service<\/div>\n<div class=\"cell value\">OEM ODM Personnalis\u00e9<\/div>\n<\/div>\n<div class=\"row\">\n<div class=\"cell label\">D\u00e9lai de paiement<\/div>\n<div class=\"cell value\">T\/T<\/div>\n<\/div>\n<div class=\"row\">\n<div class=\"cell label\">Unit\u00e9s de vente<\/div>\n<div class=\"cell value\">Article unique<\/div>\n<\/div>\n<div class=\"row\">\n<div class=\"cell label\">Taille de l'emballage unique<\/div>\n<div class=\"cell value\">600X4X10 cm<\/div>\n<\/div>\n<div class=\"row\">\n<div class=\"cell label\">Poids brut unique<\/div>\n<div class=\"cell value\">2.000 KG<\/div>\n<\/div>\n<\/div>\n<p><\/p>\n<h2>Notre base de production<\/h2>\n<h3>Panorama de l'usine<\/h3>\n<p><img decoding=\"async\" src=\"\/wp-content\/uploads\/factory-01.webp\"\/><\/p>\n<h3>Atelier de fabrication de barres d'aluminium<\/h3>\n<p><img decoding=\"async\" src=\"\/wp-content\/uploads\/factory-02.webp\"\/><\/p>\n<p><img decoding=\"async\" src=\"\/wp-content\/uploads\/factory-03.webp\"\/><\/p>\n<h3>Entrep\u00f4t de stockage des moules<\/h3>\n<p><img decoding=\"async\" src=\"\/wp-content\/uploads\/factory-04.webp\"\/><\/p>\n<h3>43 lignes d'extrusion d'aluminium (500-5500 tonnes)<\/h3>\n<p><img decoding=\"async\" src=\"\/wp-content\/uploads\/factory-05.webp\"\/><\/p>\n<p><img decoding=\"async\" src=\"\/wp-content\/uploads\/factory-06.webp\"\/><\/p>\n<p><img decoding=\"async\" src=\"\/wp-content\/uploads\/factory-07.webp\"\/><\/p>\n<h3>Atelier de peinture en poudre<\/h3>\n<p><img decoding=\"async\" src=\"\/wp-content\/uploads\/factory-09.webp\"\/><\/p>\n<h3>Atelier d'anodisation<\/h3>\n<p><img decoding=\"async\" src=\"\/wp-content\/uploads\/factory-10.webp\"\/><\/p>\n<h3>Atelier sur le traitement en profondeur<\/h3>\n<p><img decoding=\"async\" src=\"\/wp-content\/uploads\/factory-11.webp\"\/><\/p>\n<h3>Atelier d'usinage de pr\u00e9cision CNC<\/h3>\n<p><img decoding=\"async\" src=\"\/wp-content\/uploads\/factory-11.5.webp\"\/><\/p>\n<h3>Entrep\u00f4t de produits finis et d'exportation<\/h3>\n<p><img decoding=\"async\" src=\"\/wp-content\/uploads\/factory-12.webp\"\/><\/p>\n<p><img decoding=\"async\" src=\"\/wp-content\/uploads\/factory-13.webp\"\/><\/p>\n<p><img decoding=\"async\" src=\"\/wp-content\/uploads\/factory-14.webp\"\/><\/p>\n<h2>FAQ<\/h2>\n<p><strong>1. Quelle est l'utilisation principale de ce dissipateur thermique en aluminium ?<\/strong><br \/>Il est principalement utilis\u00e9 pour la dissipation efficace de la chaleur dans les composants \u00e9lectroniques.<\/p>\n<p><strong>2. Ce dissipateur peut-il \u00eatre adapt\u00e9 \u00e0 diff\u00e9rents composants \u00e9lectroniques ?<\/strong><br \/>Oui, nous offrons une personnalisation pour s'adapter \u00e0 une vari\u00e9t\u00e9 de pi\u00e8ces \u00e9lectroniques.<\/p>\n<p><strong>3. Quel est le mat\u00e9riau utilis\u00e9 dans ce dissipateur thermique ?<\/strong><br \/>Le dissipateur est fabriqu\u00e9 en aluminium de haute qualit\u00e9.<\/p>\n<p><strong>4. Le dissipateur thermique en aluminium r\u00e9siste-t-il \u00e0 la corrosion ?<\/strong><br \/>Oui, il est con\u00e7u pour r\u00e9sister \u00e0 la corrosion et durer.<\/p>\n<p><strong>5. Ce produit peut-il \u00eatre adapt\u00e9 \u00e0 diff\u00e9rents besoins de dissipation thermique ?<\/strong><br \/>Oui, il peut \u00eatre adapt\u00e9 pour r\u00e9pondre \u00e0 diverses exigences en mati\u00e8re de dissipation de la chaleur.<\/p>\n<p><strong>6. Ce dissipateur thermique est-il compatible avec les envois internationaux ?<\/strong><br \/>Oui, nous assurons l'exp\u00e9dition internationale avec un soutien logistique complet.<\/p>\n<p><strong>7. Ce produit est-il l\u00e9ger pour faciliter son int\u00e9gration dans les appareils ?<\/strong><br \/>Oui, il est con\u00e7u pour \u00eatre l\u00e9ger et facile \u00e0 int\u00e9grer.<\/p>\n<p><\/p>","protected":false},"featured_media":10764,"template":"","categories":[72],"class_list":["post-10933","product","type-product","status-publish","has-post-thumbnail","hentry","category-extruded-aluminum-heatsink"],"meta_box":{"hilight_text_group":[{"product_hilight_text":"<li>Efficient heat dissipation for electronic components<\/li>\n<li>Customizable designs to fit various electronic parts<\/li>\n<li>High-quality aluminum for optimal thermal performance<\/li>\n<li>Corrosion-resistant for long-lasting durability<\/li>\n<li>Lightweight construction for ease of integration<\/li>"}],"feature_list":[]},"_links":{"self":[{"href":"https:\/\/sinoextrud.com\/fr\/wp-json\/wp\/v2\/product\/10933","targetHints":{"allow":["GET"]}}],"collection":[{"href":"https:\/\/sinoextrud.com\/fr\/wp-json\/wp\/v2\/product"}],"about":[{"href":"https:\/\/sinoextrud.com\/fr\/wp-json\/wp\/v2\/types\/product"}],"wp:featuredmedia":[{"embeddable":true,"href":"https:\/\/sinoextrud.com\/fr\/wp-json\/wp\/v2\/media\/10764"}],"wp:attachment":[{"href":"https:\/\/sinoextrud.com\/fr\/wp-json\/wp\/v2\/media?parent=10933"}],"wp:term":[{"taxonomy":"category","embeddable":true,"href":"https:\/\/sinoextrud.com\/fr\/wp-json\/wp\/v2\/categories?post=10933"}],"curies":[{"name":"wp","href":"https:\/\/api.w.org\/{rel}","templated":true}]}}