{"id":10930,"date":"2025-08-01T03:13:16","date_gmt":"2025-08-01T03:13:16","guid":{"rendered":"https:\/\/sinoextrud.com\/product\/anodized-aluminum-cup-with-carving-design\/"},"modified":"2025-08-01T03:13:16","modified_gmt":"2025-08-01T03:13:16","slug":"gobelet-en-aluminium-anodise-avec-motif-sculpte","status":"publish","type":"product","link":"https:\/\/sinoextrud.com\/fr\/product\/anodized-aluminum-cup-with-carving-design\/","title":{"rendered":"Coupe en aluminium anodis\u00e9 avec motif sculpt\u00e9"},"content":{"rendered":"<h2>D\u00e9tails des produits<\/h2>\n<div class=\"product-table\">\n<div class=\"row\">\n<div class=\"cell label\">style<\/div>\n<div class=\"cell value\">Morden Luxe<\/div>\n<\/div>\n<div class=\"row\">\n<div class=\"cell label\">Type de vaisselle<\/div>\n<div class=\"cell value\">Tasses en cuivre<\/div>\n<\/div>\n<div class=\"row\">\n<div class=\"cell label\">Mod\u00e8le<\/div>\n<div class=\"cell value\">Solide<\/div>\n<\/div>\n<div class=\"row\">\n<div class=\"cell label\">Forme<\/div>\n<div class=\"cell value\">ROND<\/div>\n<\/div>\n<div class=\"row\">\n<div class=\"cell label\">avantage<\/div>\n<div class=\"cell value\">Passe au lave-vaisselle, passe au micro-ondes, passe au cong\u00e9lateur, \u00e9tanche<\/div>\n<\/div>\n<div class=\"row\">\n<div class=\"cell label\">nombre d'utilisateurs<\/div>\n<div class=\"cell value\">1<\/div>\n<\/div>\n<div class=\"row\">\n<div class=\"cell label\">caract\u00e9ristique<\/div>\n<div class=\"cell value\">Portable, durable, \u00e9cologique<\/div>\n<\/div>\n<div class=\"row\">\n<div class=\"cell label\">mat\u00e9riel<\/div>\n<div class=\"cell value\">M\u00e9tal<\/div>\n<\/div>\n<div class=\"row\">\n<div class=\"cell label\">occasion<\/div>\n<div class=\"cell value\">Cadeaux d'affaires<\/div>\n<\/div>\n<div class=\"row\">\n<div class=\"cell label\">type de mod\u00e8le<\/div>\n<div class=\"cell value\">Fruits<\/div>\n<\/div>\n<div class=\"row\">\n<div class=\"cell label\">Nom du produit<\/div>\n<div class=\"cell value\">Tasse en cuivre Moscow Mule<\/div>\n<\/div>\n<div class=\"row\">\n<div class=\"cell label\">Utilisation<\/div>\n<div class=\"cell value\">H\u00f4tel Restaurant Maison Mariage F\u00eate<\/div>\n<\/div>\n<div class=\"row\">\n<div class=\"cell label\">Couleur<\/div>\n<div class=\"cell value\">Couleur personnalis\u00e9e<\/div>\n<\/div>\n<div class=\"row\">\n<div class=\"cell label\">Emballage<\/div>\n<div class=\"cell value\">Emballage personnalis\u00e9<\/div>\n<\/div>\n<div class=\"row\">\n<div class=\"cell label\">Avantage<\/div>\n<div class=\"cell value\">Haute qualit\u00e9<\/div>\n<\/div>\n<div class=\"row\">\n<div class=\"cell label\">Logo<\/div>\n<div class=\"cell value\">Logo personnalis\u00e9 acceptable<\/div>\n<\/div>\n<div class=\"row\">\n<div class=\"cell label\">Forme<\/div>\n<div class=\"cell value\">Forme ronde<\/div>\n<\/div>\n<div class=\"row\">\n<div class=\"cell label\">Style<\/div>\n<div class=\"cell value\">\u00c0 la mode<\/div>\n<\/div>\n<div class=\"row\">\n<div class=\"cell label\">Type<\/div>\n<div class=\"cell value\">Vente \u00e0 chaud<\/div>\n<\/div>\n<div class=\"row\">\n<div class=\"cell label\">MOQ<\/div>\n<div class=\"cell value\">100 ensembles<\/div>\n<\/div>\n<div class=\"row\">\n<div class=\"cell label\">Mots cl\u00e9s<\/div>\n<div class=\"cell value\">Amazon Hot<\/div>\n<\/div>\n<div class=\"row\">\n<div class=\"cell label\">Conception<\/div>\n<div class=\"cell value\">Acceptation de mod\u00e8les personnalis\u00e9s<\/div>\n<\/div>\n<div class=\"row\">\n<div class=\"cell label\">Unit\u00e9s de vente<\/div>\n<div class=\"cell value\">Article unique<\/div>\n<\/div>\n<\/div>\n<p><\/p>\n<h2>Notre base de production<\/h2>\n<h3>Panorama de l'usine<\/h3>\n<p><img decoding=\"async\" src=\"\/wp-content\/uploads\/factory-01.webp\"\/><\/p>\n<h3>Atelier de fabrication de barres d'aluminium<\/h3>\n<p><img decoding=\"async\" src=\"\/wp-content\/uploads\/factory-02.webp\"\/><\/p>\n<p><img decoding=\"async\" src=\"\/wp-content\/uploads\/factory-03.webp\"\/><\/p>\n<h3>Entrep\u00f4t de stockage des moules<\/h3>\n<p><img decoding=\"async\" src=\"\/wp-content\/uploads\/factory-04.webp\"\/><\/p>\n<h3>43 lignes d'extrusion d'aluminium (500-5500 tonnes)<\/h3>\n<p><img decoding=\"async\" src=\"\/wp-content\/uploads\/factory-05.webp\"\/><\/p>\n<p><img decoding=\"async\" src=\"\/wp-content\/uploads\/factory-06.webp\"\/><\/p>\n<p><img decoding=\"async\" src=\"\/wp-content\/uploads\/factory-07.webp\"\/><\/p>\n<h3>Atelier de peinture en poudre<\/h3>\n<p><img decoding=\"async\" src=\"\/wp-content\/uploads\/factory-09.webp\"\/><\/p>\n<h3>Atelier d'anodisation<\/h3>\n<p><img decoding=\"async\" src=\"\/wp-content\/uploads\/factory-10.webp\"\/><\/p>\n<h3>Atelier sur le traitement en profondeur<\/h3>\n<p><img decoding=\"async\" src=\"\/wp-content\/uploads\/factory-11.webp\"\/><\/p>\n<h3>Atelier d'usinage de pr\u00e9cision CNC<\/h3>\n<p><img decoding=\"async\" src=\"\/wp-content\/uploads\/factory-11.5.webp\"\/><\/p>\n<h3>Entrep\u00f4t de produits finis et d'exportation<\/h3>\n<p><img decoding=\"async\" src=\"\/wp-content\/uploads\/factory-12.webp\"\/><\/p>\n<p><img decoding=\"async\" src=\"\/wp-content\/uploads\/factory-13.webp\"\/><\/p>\n<p><img decoding=\"async\" src=\"\/wp-content\/uploads\/factory-14.webp\"\/><\/p>\n<h2>FAQ<\/h2>\n<p><strong>1. Le gobelet en aluminium peut-il \u00eatre personnalis\u00e9 avec un logo ?<\/strong><br \/>Oui, nous offrons la possibilit\u00e9 de graver votre logo ou votre dessin sur mesure.<\/p>\n<p><strong>2. L'anodisation de la coupelle en aluminium est-elle r\u00e9sistante \u00e0 l'usure ?<\/strong><br \/>Oui, la finition anodis\u00e9e est durable et r\u00e9sistante aux rayures et \u00e0 la d\u00e9coloration.<\/p>\n<p><strong>3. Quelles sont les tailles disponibles pour les coupelles en aluminium anodis\u00e9 ?<\/strong><br \/>Nous proposons une gamme de tailles qui peuvent \u00eatre personnalis\u00e9es pour les commandes en gros afin de r\u00e9pondre \u00e0 vos besoins.<\/p>\n<p><strong>4. Existe-t-il des options de couleur pour les gobelets en aluminium ?<\/strong><br \/>Oui, les gobelets peuvent \u00eatre anodis\u00e9s en diff\u00e9rentes couleurs pour les achats en gros.<\/p>\n<p><strong>5. Le gobelet en aluminium anodis\u00e9 peut-il \u00eatre utilis\u00e9 \u00e0 l'ext\u00e9rieur ?<\/strong><br \/>Oui, sa conception durable et l\u00e9g\u00e8re en fait un outil id\u00e9al pour les applications ext\u00e9rieures.<\/p>\n<p><strong>6. Le mat\u00e9riau en aluminium anodis\u00e9 est-il respectueux de l'environnement ?<\/strong><br \/>L'aluminium anodis\u00e9 est recyclable et favorise la durabilit\u00e9 environnementale.<\/p>\n<p><strong>7. Pouvez-vous exp\u00e9dier des gobelets en aluminium anodis\u00e9 \u00e0 l'\u00e9tranger ?<\/strong><br \/>Oui, nous proposons des options d'exp\u00e9dition internationale avec un soutien logistique complet.<\/p>\n<p><\/p>","protected":false},"featured_media":10845,"template":"","categories":[68],"class_list":["post-10930","product","type-product","status-publish","has-post-thumbnail","hentry","category-cnc-machining-aluminum-profile"],"meta_box":{"hilight_text_group":[{"product_hilight_text":"<li>Custom laser engraving available for unique designs<\/li>\n<li>Durable anodized finish resists scratches and fading<\/li>\n<li>Lightweight and suitable for various applications<\/li>\n<li>Available in different colors and sizes for bulk orders<\/li>\n<li>Eco-friendly aluminum material promotes sustainability<\/li>"}],"feature_list":[]},"_links":{"self":[{"href":"https:\/\/sinoextrud.com\/fr\/wp-json\/wp\/v2\/product\/10930","targetHints":{"allow":["GET"]}}],"collection":[{"href":"https:\/\/sinoextrud.com\/fr\/wp-json\/wp\/v2\/product"}],"about":[{"href":"https:\/\/sinoextrud.com\/fr\/wp-json\/wp\/v2\/types\/product"}],"wp:featuredmedia":[{"embeddable":true,"href":"https:\/\/sinoextrud.com\/fr\/wp-json\/wp\/v2\/media\/10845"}],"wp:attachment":[{"href":"https:\/\/sinoextrud.com\/fr\/wp-json\/wp\/v2\/media?parent=10930"}],"wp:term":[{"taxonomy":"category","embeddable":true,"href":"https:\/\/sinoextrud.com\/fr\/wp-json\/wp\/v2\/categories?post=10930"}],"curies":[{"name":"wp","href":"https:\/\/api.w.org\/{rel}","templated":true}]}}