{"id":10929,"date":"2025-08-01T03:13:13","date_gmt":"2025-08-01T03:13:13","guid":{"rendered":"https:\/\/sinoextrud.com\/product\/aluminum-heatsink-extrusion-for-power-devices\/"},"modified":"2025-08-01T03:13:13","modified_gmt":"2025-08-01T03:13:13","slug":"extrusion-dun-dissipateur-thermique-en-aluminium-pour-dispositifs-de-puissance","status":"publish","type":"product","link":"https:\/\/sinoextrud.com\/fr\/product\/aluminum-heatsink-extrusion-for-power-devices\/","title":{"rendered":"Extrusion de dissipateurs en aluminium pour dispositifs de puissance"},"content":{"rendered":"<h2>D\u00e9tails des produits<\/h2>\n<div class=\"product-table\">\n<div class=\"row\">\n<div class=\"cell label\">Grade<\/div>\n<div class=\"cell value\">S\u00e9rie 6000<\/div>\n<\/div>\n<div class=\"row\">\n<div class=\"cell label\">Tol\u00e9rance<\/div>\n<div class=\"cell value\">\u00c2\u00b11%<\/div>\n<\/div>\n<div class=\"row\">\n<div class=\"cell label\">D\u00e9lai de livraison<\/div>\n<div class=\"cell value\">15-21 jours<\/div>\n<\/div>\n<div class=\"row\">\n<div class=\"cell label\">Temp\u00e9rer<\/div>\n<div class=\"cell value\">T3-T8<\/div>\n<\/div>\n<div class=\"row\">\n<div class=\"cell label\">Application<\/div>\n<div class=\"cell value\">Dissipateur thermique<\/div>\n<\/div>\n<div class=\"row\">\n<div class=\"cell label\">Forme<\/div>\n<div class=\"cell value\">Carr\u00e9<\/div>\n<\/div>\n<div class=\"row\">\n<div class=\"cell label\">Alliage ou non<\/div>\n<div class=\"cell value\">Est un alliage<\/div>\n<\/div>\n<div class=\"row\">\n<div class=\"cell label\">Service de traitement<\/div>\n<div class=\"cell value\">Pliage, d\u00e9roulage, soudage, poin\u00e7onnage, d\u00e9coupage, aileron d'\u00e9cr\u00eatage, aileron de laminage<\/div>\n<\/div>\n<div class=\"row\">\n<div class=\"cell label\">Nom du produit<\/div>\n<div class=\"cell value\">Pi\u00e8ces d'usinage CNC<\/div>\n<\/div>\n<div class=\"row\">\n<div class=\"cell label\">Processus<\/div>\n<div class=\"cell value\">Aileron de skiving+Usinage CNC<\/div>\n<\/div>\n<div class=\"row\">\n<div class=\"cell label\">Utilisation<\/div>\n<div class=\"cell value\">Assembl\u00e9e<\/div>\n<\/div>\n<div class=\"row\">\n<div class=\"cell label\">Couleur<\/div>\n<div class=\"cell value\">Argent<\/div>\n<\/div>\n<div class=\"row\">\n<div class=\"cell label\">Traitement de surface<\/div>\n<div class=\"cell value\">Anodisation<\/div>\n<\/div>\n<div class=\"row\">\n<div class=\"cell label\">MOQ<\/div>\n<div class=\"cell value\">2pcs<\/div>\n<\/div>\n<div class=\"row\">\n<div class=\"cell label\">Mat\u00e9riau<\/div>\n<div class=\"cell value\">Alliage\/cuivre<\/div>\n<\/div>\n<div class=\"row\">\n<div class=\"cell label\">Paquet<\/div>\n<div class=\"cell value\">Mousse + carton<\/div>\n<\/div>\n<div class=\"row\">\n<div class=\"cell label\">Dimension<\/div>\n<div class=\"cell value\">Sur mesure<\/div>\n<\/div>\n<div class=\"row\">\n<div class=\"cell label\">Tol\u00e9rance<\/div>\n<div class=\"cell value\">0,01-0,05 mm<\/div>\n<\/div>\n<div class=\"row\">\n<div class=\"cell label\">Unit\u00e9s de vente<\/div>\n<div class=\"cell value\">Article unique<\/div>\n<\/div>\n<div class=\"row\">\n<div class=\"cell label\">Taille de l'emballage unique<\/div>\n<div class=\"cell value\">35X30X25 cm<\/div>\n<\/div>\n<div class=\"row\">\n<div class=\"cell label\">Poids brut unique<\/div>\n<div class=\"cell value\">2.000 KG<\/div>\n<\/div>\n<\/div>\n<p><\/p>\n<h2>Notre base de production<\/h2>\n<h3>Panorama de l'usine<\/h3>\n<p><img decoding=\"async\" src=\"\/wp-content\/uploads\/factory-01.webp\"\/><\/p>\n<h3>Atelier de fabrication de barres d'aluminium<\/h3>\n<p><img decoding=\"async\" src=\"\/wp-content\/uploads\/factory-02.webp\"\/><\/p>\n<p><img decoding=\"async\" src=\"\/wp-content\/uploads\/factory-03.webp\"\/><\/p>\n<h3>Entrep\u00f4t de stockage des moules<\/h3>\n<p><img decoding=\"async\" src=\"\/wp-content\/uploads\/factory-04.webp\"\/><\/p>\n<h3>43 lignes d'extrusion d'aluminium (500-5500 tonnes)<\/h3>\n<p><img decoding=\"async\" src=\"\/wp-content\/uploads\/factory-05.webp\"\/><\/p>\n<p><img decoding=\"async\" src=\"\/wp-content\/uploads\/factory-06.webp\"\/><\/p>\n<p><img decoding=\"async\" src=\"\/wp-content\/uploads\/factory-07.webp\"\/><\/p>\n<h3>Atelier de peinture en poudre<\/h3>\n<p><img decoding=\"async\" src=\"\/wp-content\/uploads\/factory-09.webp\"\/><\/p>\n<h3>Atelier d'anodisation<\/h3>\n<p><img decoding=\"async\" src=\"\/wp-content\/uploads\/factory-10.webp\"\/><\/p>\n<h3>Atelier sur le traitement en profondeur<\/h3>\n<p><img decoding=\"async\" src=\"\/wp-content\/uploads\/factory-11.webp\"\/><\/p>\n<h3>Atelier d'usinage de pr\u00e9cision CNC<\/h3>\n<p><img decoding=\"async\" src=\"\/wp-content\/uploads\/factory-11.5.webp\"\/><\/p>\n<h3>Entrep\u00f4t de produits finis et d'exportation<\/h3>\n<p><img decoding=\"async\" src=\"\/wp-content\/uploads\/factory-12.webp\"\/><\/p>\n<p><img decoding=\"async\" src=\"\/wp-content\/uploads\/factory-13.webp\"\/><\/p>\n<p><img decoding=\"async\" src=\"\/wp-content\/uploads\/factory-14.webp\"\/><\/p>\n<h2>FAQ<\/h2>\n<p><strong>1. \u00c0 quoi sert une extrusion de dissipateur thermique en aluminium ?<\/strong><br \/>Il est principalement utilis\u00e9 pour dissiper la chaleur des composants \u00e9lectroniques, garantissant ainsi des performances optimales et une longue dur\u00e9e de vie.<\/p>\n<p><strong>2. Les extrusions de dissipateurs thermiques en aluminium peuvent-elles \u00eatre personnalis\u00e9es pour des projets sp\u00e9cifiques ?<\/strong><br \/>Oui, nous proposons une conception et une fabrication sur mesure pour r\u00e9pondre aux sp\u00e9cifications de projets uniques.<\/p>\n<p><strong>3. Pouvez-vous fournir des \u00e9chantillons de dissipateurs thermiques extrud\u00e9s en aluminium ?<\/strong><br \/>Oui, des \u00e9chantillons peuvent \u00eatre pr\u00e9lev\u00e9s pour \u00e9valuer la conception et les performances thermiques.<\/p>\n<p><strong>4. Quelles sont les dimensions standard disponibles pour les extrusions de dissipateurs thermiques en aluminium ?<\/strong><br \/>Nous proposons une gamme de tailles standard, mais des dimensions personnalis\u00e9es peuvent \u00eatre fabriqu\u00e9es sur demande.<\/p>\n<p><strong>5. Existe-t-il une quantit\u00e9 minimale de commande pour les extrusions de dissipateurs thermiques personnalis\u00e9es ?<\/strong><br \/>La qualit\u00e9 de fabrication varie, mais nous r\u00e9pondons g\u00e9n\u00e9ralement aux besoins des petites et grandes commandes.<\/p>\n<p><strong>6. Comment l'aluminium se compare-t-il aux autres mat\u00e9riaux dans les applications de dissipation thermique ?<\/strong><br \/>L'aluminium est appr\u00e9ci\u00e9 pour son excellent \u00e9quilibre entre l\u00e9g\u00e8ret\u00e9 et conductivit\u00e9 thermique, ce qui en fait un mat\u00e9riau id\u00e9al pour les dissipateurs thermiques.<\/p>\n<p><strong>7. Offrez-vous des services d'exp\u00e9dition internationale pour les extrusions de dissipateurs thermiques en aluminium ?<\/strong><br \/>Oui, nous proposons des solutions d'exp\u00e9dition \u00e0 l'\u00e9chelle mondiale avec un soutien logistique complet.<\/p>\n<p><\/p>","protected":false},"featured_media":10761,"template":"","categories":[72],"class_list":["post-10929","product","type-product","status-publish","has-post-thumbnail","hentry","category-extruded-aluminum-heatsink"],"meta_box":{"hilight_text_group":[{"product_hilight_text":"<li>Widely applicable in electronics for efficient heat dissipation<\/li>\n<li>Custom extrusion profiles to meet specific design requirements<\/li>\n<li>High thermal conductivity for enhanced performance<\/li>\n<li>Lightweight yet durable construction for various industrial uses<\/li>\n<li>Available in standard and custom finishes for aesthetics and protection<\/li>"}],"feature_list":[]},"_links":{"self":[{"href":"https:\/\/sinoextrud.com\/fr\/wp-json\/wp\/v2\/product\/10929","targetHints":{"allow":["GET"]}}],"collection":[{"href":"https:\/\/sinoextrud.com\/fr\/wp-json\/wp\/v2\/product"}],"about":[{"href":"https:\/\/sinoextrud.com\/fr\/wp-json\/wp\/v2\/types\/product"}],"wp:featuredmedia":[{"embeddable":true,"href":"https:\/\/sinoextrud.com\/fr\/wp-json\/wp\/v2\/media\/10761"}],"wp:attachment":[{"href":"https:\/\/sinoextrud.com\/fr\/wp-json\/wp\/v2\/media?parent=10929"}],"wp:term":[{"taxonomy":"category","embeddable":true,"href":"https:\/\/sinoextrud.com\/fr\/wp-json\/wp\/v2\/categories?post=10929"}],"curies":[{"name":"wp","href":"https:\/\/api.w.org\/{rel}","templated":true}]}}