{"id":10917,"date":"2025-08-01T03:12:43","date_gmt":"2025-08-01T03:12:43","guid":{"rendered":"https:\/\/sinoextrud.com\/product\/extruded-aluminum-heat-sink-enclosure\/"},"modified":"2025-08-01T03:12:43","modified_gmt":"2025-08-01T03:12:43","slug":"boitier-du-dissipateur-thermique-en-aluminium-extrude-2","status":"publish","type":"product","link":"https:\/\/sinoextrud.com\/fr\/product\/extruded-aluminum-heat-sink-enclosure\/","title":{"rendered":"Bo\u00eetier du dissipateur thermique en aluminium extrud\u00e9"},"content":{"rendered":"<h2>D\u00e9tails des produits<\/h2>\n<div class=\"product-table\">\n<div class=\"row\">\n<div class=\"cell label\">Grade<\/div>\n<div class=\"cell value\">6063-T5<\/div>\n<\/div>\n<div class=\"row\">\n<div class=\"cell label\">Tol\u00e9rance<\/div>\n<div class=\"cell value\">\u00c2\u00b110%<\/div>\n<\/div>\n<div class=\"row\">\n<div class=\"cell label\">Temp\u00e9rer<\/div>\n<div class=\"cell value\">T3-T8<\/div>\n<\/div>\n<div class=\"row\">\n<div class=\"cell label\">Application<\/div>\n<div class=\"cell value\">Soudeur, conversion de fr\u00e9quence<\/div>\n<\/div>\n<div class=\"row\">\n<div class=\"cell label\">Forme<\/div>\n<div class=\"cell value\">Carr\u00e9<\/div>\n<\/div>\n<div class=\"row\">\n<div class=\"cell label\">Alliage ou non<\/div>\n<div class=\"cell value\">Est un alliage<\/div>\n<\/div>\n<div class=\"row\">\n<div class=\"cell label\">Service de traitement<\/div>\n<div class=\"cell value\">Pliage, d\u00e9roulage, soudage, poin\u00e7onnage, d\u00e9coupe, CNC<\/div>\n<\/div>\n<div class=\"row\">\n<div class=\"cell label\">Couleur<\/div>\n<div class=\"cell value\">Argent\u00e9<\/div>\n<\/div>\n<div class=\"row\">\n<div class=\"cell label\">Nom du produit<\/div>\n<div class=\"cell value\">Aluminium extrud\u00e9 pour le dissipateur thermique<\/div>\n<\/div>\n<div class=\"row\">\n<div class=\"cell label\">Emballage<\/div>\n<div class=\"cell value\">Carton\/palette en bois\/OEM<\/div>\n<\/div>\n<div class=\"row\">\n<div class=\"cell label\">Traitement de surface<\/div>\n<div class=\"cell value\">D\u00e9graissage<\/div>\n<\/div>\n<div class=\"row\">\n<div class=\"cell label\">application<\/div>\n<div class=\"cell value\">Onduleur\/soudeuse<\/div>\n<\/div>\n<div class=\"row\">\n<div class=\"cell label\">D\u00e9lai de livraison<\/div>\n<div class=\"cell value\">Paiement anticip\u00e9 \u00e0 30-40 jours<\/div>\n<\/div>\n<div class=\"row\">\n<div class=\"cell label\">D\u00e9tails de l'emballage<\/div>\n<div class=\"cell value\">Carton\/plateau\/OEM<\/div>\n<\/div>\n<div class=\"row\">\n<div class=\"cell label\">Port d'exp\u00e9dition<\/div>\n<div class=\"cell value\">Shanghai<\/div>\n<\/div>\n<div class=\"row\">\n<div class=\"cell label\">Unit\u00e9s de vente<\/div>\n<div class=\"cell value\">Article unique<\/div>\n<\/div>\n<div class=\"row\">\n<div class=\"cell label\">Taille de l'emballage unique<\/div>\n<div class=\"cell value\">22X10X15 cm<\/div>\n<\/div>\n<div class=\"row\">\n<div class=\"cell label\">Poids brut unique<\/div>\n<div class=\"cell value\">1.600 KG<\/div>\n<\/div>\n<div class=\"row\">\n<div class=\"cell label\">Capacit\u00e9 d'approvisionnement<\/div>\n<div class=\"cell value\">50000 pi\u00e8ces par mois<\/div>\n<\/div>\n<\/div>\n<p><\/p>\n<h2>Notre base de production<\/h2>\n<h3>Panorama de l'usine<\/h3>\n<p><img decoding=\"async\" src=\"\/wp-content\/uploads\/factory-01.webp\"\/><\/p>\n<h3>Atelier de fabrication de barres d'aluminium<\/h3>\n<p><img decoding=\"async\" src=\"\/wp-content\/uploads\/factory-02.webp\"\/><\/p>\n<p><img decoding=\"async\" src=\"\/wp-content\/uploads\/factory-03.webp\"\/><\/p>\n<h3>Entrep\u00f4t de stockage des moules<\/h3>\n<p><img decoding=\"async\" src=\"\/wp-content\/uploads\/factory-04.webp\"\/><\/p>\n<h3>43 lignes d'extrusion d'aluminium (500-5500 tonnes)<\/h3>\n<p><img decoding=\"async\" src=\"\/wp-content\/uploads\/factory-05.webp\"\/><\/p>\n<p><img decoding=\"async\" src=\"\/wp-content\/uploads\/factory-06.webp\"\/><\/p>\n<p><img decoding=\"async\" src=\"\/wp-content\/uploads\/factory-07.webp\"\/><\/p>\n<h3>Atelier de peinture en poudre<\/h3>\n<p><img decoding=\"async\" src=\"\/wp-content\/uploads\/factory-09.webp\"\/><\/p>\n<h3>Atelier d'anodisation<\/h3>\n<p><img decoding=\"async\" src=\"\/wp-content\/uploads\/factory-10.webp\"\/><\/p>\n<h3>Atelier sur le traitement en profondeur<\/h3>\n<p><img decoding=\"async\" src=\"\/wp-content\/uploads\/factory-11.webp\"\/><\/p>\n<h3>Atelier d'usinage de pr\u00e9cision CNC<\/h3>\n<p><img decoding=\"async\" src=\"\/wp-content\/uploads\/factory-11.5.webp\"\/><\/p>\n<h3>Entrep\u00f4t de produits finis et d'exportation<\/h3>\n<p><img decoding=\"async\" src=\"\/wp-content\/uploads\/factory-12.webp\"\/><\/p>\n<p><img decoding=\"async\" src=\"\/wp-content\/uploads\/factory-13.webp\"\/><\/p>\n<p><img decoding=\"async\" src=\"\/wp-content\/uploads\/factory-14.webp\"\/><\/p>\n<h2>FAQ<\/h2>\n<p><strong>1. Quels sont les mat\u00e9riaux utilis\u00e9s dans la fabrication du bo\u00eetier du dissipateur thermique ?<\/strong><br \/>Le bo\u00eetier est fabriqu\u00e9 en aluminium extrud\u00e9 de haute qualit\u00e9 pour garantir sa durabilit\u00e9 et ses performances.<\/p>\n<p><strong>2. Les dimensions du dissipateur thermique peuvent-elles \u00eatre personnalis\u00e9es ?<\/strong><br \/>Oui, nous proposons des dimensions sur mesure pour r\u00e9pondre aux besoins sp\u00e9cifiques d'un projet et garantir des performances optimales.<\/p>\n<p><strong>3. Le dissipateur thermique en aluminium peut-il \u00eatre utilis\u00e9 \u00e0 l'ext\u00e9rieur ?<\/strong><br \/>Oui, ses propri\u00e9t\u00e9s de r\u00e9sistance \u00e0 la corrosion en font un produit id\u00e9al pour les applications ext\u00e9rieures.<\/p>\n<p><strong>4. Quelles industries peuvent b\u00e9n\u00e9ficier de l'utilisation de ce bo\u00eetier de dissipation thermique ?<\/strong><br \/>Ce produit convient \u00e0 l'\u00e9lectronique, \u00e0 l'automobile et \u00e0 diverses applications industrielles.<\/p>\n<p><strong>5. Fournissez-vous une garantie pour les bo\u00eetiers de dissipation thermique en aluminium ?<\/strong><br \/>Oui, nous offrons une garantie pour assurer la qualit\u00e9 et la performance de nos produits.<\/p>\n<p><strong>6. Quel est l'impact du processus d'extrusion sur la qualit\u00e9 du dissipateur thermique ?<\/strong><br \/>L'extrusion assure la pr\u00e9cision et la coh\u00e9rence, ce qui permet une dissipation fiable de la chaleur.<\/p>\n<p><strong>7. Le bo\u00eetier peut-il \u00eatre anodis\u00e9 ou peint pour une protection suppl\u00e9mentaire ou \u00e0 des fins esth\u00e9tiques ?<\/strong><br \/>Oui, des traitements de surface tels que l'anodisation ou la peinture peuvent \u00eatre fournis sur demande.<\/p>\n<p><\/p>","protected":false},"featured_media":10853,"template":"","categories":[55],"class_list":["post-10917","product","type-product","status-publish","has-post-thumbnail","hentry","category-extruded-aluminum-profiles"],"meta_box":{"hilight_text_group":[{"product_hilight_text":"<li>High thermal conductivity for efficient heat dissipation<\/li>\n<li>Customizable dimensions to fit specific project needs<\/li>\n<li>Lightweight and corrosion-resistant for durability<\/li>\n<li>Ideal for electronics, automotive, and industrial use<\/li>\n<li>Precision extrusion process ensures consistent quality<\/li>"}],"feature_list":[]},"_links":{"self":[{"href":"https:\/\/sinoextrud.com\/fr\/wp-json\/wp\/v2\/product\/10917","targetHints":{"allow":["GET"]}}],"collection":[{"href":"https:\/\/sinoextrud.com\/fr\/wp-json\/wp\/v2\/product"}],"about":[{"href":"https:\/\/sinoextrud.com\/fr\/wp-json\/wp\/v2\/types\/product"}],"wp:featuredmedia":[{"embeddable":true,"href":"https:\/\/sinoextrud.com\/fr\/wp-json\/wp\/v2\/media\/10853"}],"wp:attachment":[{"href":"https:\/\/sinoextrud.com\/fr\/wp-json\/wp\/v2\/media?parent=10917"}],"wp:term":[{"taxonomy":"category","embeddable":true,"href":"https:\/\/sinoextrud.com\/fr\/wp-json\/wp\/v2\/categories?post=10917"}],"curies":[{"name":"wp","href":"https:\/\/api.w.org\/{rel}","templated":true}]}}