{"id":10913,"date":"2025-08-01T03:12:33","date_gmt":"2025-08-01T03:12:33","guid":{"rendered":"https:\/\/sinoextrud.com\/product\/anodized-aluminum-trim-molding-for-panels\/"},"modified":"2025-08-01T03:12:33","modified_gmt":"2025-08-01T03:12:33","slug":"moulure-de-finition-en-aluminium-anodise-pour-les-panneaux","status":"publish","type":"product","link":"https:\/\/sinoextrud.com\/fr\/product\/anodized-aluminum-trim-molding-for-panels\/","title":{"rendered":"Moulures en aluminium anodis\u00e9 pour les panneaux"},"content":{"rendered":"<h2>D\u00e9tails des produits<\/h2>\n<div class=\"product-table\">\n<div class=\"row\">\n<div class=\"cell label\">Style de conception<\/div>\n<div class=\"cell value\">Moderne<\/div>\n<\/div>\n<div class=\"row\">\n<div class=\"cell label\">Type d'accessoire de carrelage<\/div>\n<div class=\"cell value\">Baguettes de carrelage<\/div>\n<\/div>\n<div class=\"row\">\n<div class=\"cell label\">Service apr\u00e8s-vente<\/div>\n<div class=\"cell value\">Assistance technique en ligne<\/div>\n<\/div>\n<div class=\"row\">\n<div class=\"cell label\">Garantie<\/div>\n<div class=\"cell value\">5 ans<\/div>\n<\/div>\n<div class=\"row\">\n<div class=\"cell label\">Capacit\u00e9 de solution de projet<\/div>\n<div class=\"cell value\">conception graphique, conception de mod\u00e8les 3D<\/div>\n<\/div>\n<div class=\"row\">\n<div class=\"cell label\">Application<\/div>\n<div class=\"cell value\">Appartement<\/div>\n<\/div>\n<div class=\"row\">\n<div class=\"cell label\">Nom du produit<\/div>\n<div class=\"cell value\">Prix d'usine Durable Aluminium Anodis\u00e9 T Trim Molding Profiles<\/div>\n<\/div>\n<div class=\"row\">\n<div class=\"cell label\">Application<\/div>\n<div class=\"cell value\">Protection des angles<\/div>\n<\/div>\n<div class=\"row\">\n<div class=\"cell label\">Mat\u00e9riau<\/div>\n<div class=\"cell value\">Aluminium<\/div>\n<\/div>\n<div class=\"row\">\n<div class=\"cell label\">Traitement de surface<\/div>\n<div class=\"cell value\">Anodis\u00e9<\/div>\n<\/div>\n<div class=\"row\">\n<div class=\"cell label\">Couleur<\/div>\n<div class=\"cell value\">Argent<\/div>\n<\/div>\n<div class=\"row\">\n<div class=\"cell label\">Hauteur<\/div>\n<div class=\"cell value\">8\/10\/12mm\/Custiomis\u00e9<\/div>\n<\/div>\n<div class=\"row\">\n<div class=\"cell label\">Longueur<\/div>\n<div class=\"cell value\">2,44m\/ 2,5m\/ 2,7m\/ 3m\/ Sur mesure<\/div>\n<\/div>\n<div class=\"row\">\n<div class=\"cell label\">Paquet<\/div>\n<div class=\"cell value\">100 pi\u00e8ces\/carton<\/div>\n<\/div>\n<div class=\"row\">\n<div class=\"cell label\">MOQ<\/div>\n<div class=\"cell value\">500 pi\u00e8ces<\/div>\n<\/div>\n<div class=\"row\">\n<div class=\"cell label\">D\u00e9lai de livraison<\/div>\n<div class=\"cell value\">15-20 jours<\/div>\n<\/div>\n<div class=\"row\">\n<div class=\"cell label\">Unit\u00e9s de vente<\/div>\n<div class=\"cell value\">Article unique<\/div>\n<\/div>\n<div class=\"row\">\n<div class=\"cell label\">Taille de l'emballage unique<\/div>\n<div class=\"cell value\">15X15X15 cm<\/div>\n<\/div>\n<div class=\"row\">\n<div class=\"cell label\">Poids brut unique<\/div>\n<div class=\"cell value\">0.500 KG<\/div>\n<\/div>\n<\/div>\n<p><\/p>\n<h2>Notre base de production<\/h2>\n<h3>Panorama de l'usine<\/h3>\n<p><img decoding=\"async\" src=\"\/wp-content\/uploads\/factory-01.webp\"\/><\/p>\n<h3>Atelier de fabrication de barres d'aluminium<\/h3>\n<p><img decoding=\"async\" src=\"\/wp-content\/uploads\/factory-02.webp\"\/><\/p>\n<p><img decoding=\"async\" src=\"\/wp-content\/uploads\/factory-03.webp\"\/><\/p>\n<h3>Entrep\u00f4t de stockage des moules<\/h3>\n<p><img decoding=\"async\" src=\"\/wp-content\/uploads\/factory-04.webp\"\/><\/p>\n<h3>43 lignes d'extrusion d'aluminium (500-5500 tonnes)<\/h3>\n<p><img decoding=\"async\" src=\"\/wp-content\/uploads\/factory-05.webp\"\/><\/p>\n<p><img decoding=\"async\" src=\"\/wp-content\/uploads\/factory-06.webp\"\/><\/p>\n<p><img decoding=\"async\" src=\"\/wp-content\/uploads\/factory-07.webp\"\/><\/p>\n<h3>Atelier de peinture en poudre<\/h3>\n<p><img decoding=\"async\" src=\"\/wp-content\/uploads\/factory-09.webp\"\/><\/p>\n<h3>Atelier d'anodisation<\/h3>\n<p><img decoding=\"async\" src=\"\/wp-content\/uploads\/factory-10.webp\"\/><\/p>\n<h3>Atelier sur le traitement en profondeur<\/h3>\n<p><img decoding=\"async\" src=\"\/wp-content\/uploads\/factory-11.webp\"\/><\/p>\n<h3>Atelier d'usinage de pr\u00e9cision CNC<\/h3>\n<p><img decoding=\"async\" src=\"\/wp-content\/uploads\/factory-11.5.webp\"\/><\/p>\n<h3>Entrep\u00f4t de produits finis et d'exportation<\/h3>\n<p><img decoding=\"async\" src=\"\/wp-content\/uploads\/factory-12.webp\"\/><\/p>\n<p><img decoding=\"async\" src=\"\/wp-content\/uploads\/factory-13.webp\"\/><\/p>\n<p><img decoding=\"async\" src=\"\/wp-content\/uploads\/factory-14.webp\"\/><\/p>\n<h2>FAQ<\/h2>\n<p><strong>1. Pour quelles applications la moulure de garniture en aluminium anodis\u00e9 convient-elle ?<\/strong><br \/>Il convient aux projets int\u00e9rieurs et ext\u00e9rieurs, notamment dans les domaines de l'automobile et de l'architecture.<\/p>\n<p><strong>2. Peut-on commander des garnitures anodis\u00e9es dans des dimensions personnalis\u00e9es ?<\/strong><br \/>Oui, des dimensions personnalis\u00e9es sont disponibles pour r\u00e9pondre \u00e0 vos besoins sp\u00e9cifiques.<\/p>\n<p><strong>3. Les garnitures en aluminium anodis\u00e9 n\u00e9cessitent-elles un entretien particulier ?<\/strong><br \/>Non, il n\u00e9cessite un entretien minimal gr\u00e2ce \u00e0 ses propri\u00e9t\u00e9s de r\u00e9sistance \u00e0 la corrosion.<\/p>\n<p><strong>4. Cette moulure est-elle disponible dans diff\u00e9rentes finitions ?<\/strong><br \/>Oui, plusieurs finitions sont disponibles : mate, brillante et textur\u00e9e.<\/p>\n<p><strong>5. Les couleurs des garnitures en aluminium anodis\u00e9 r\u00e9sistent-elles \u00e0 la d\u00e9coloration ?<\/strong><br \/>Oui, le processus d'anodisation garantit une conservation durable de la couleur.<\/p>\n<p><strong>6. Puis-je obtenir un \u00e9chantillon avant de passer une commande importante ?<\/strong><br \/>Oui, des \u00e9chantillons peuvent \u00eatre fournis pour s'assurer de la satisfaction de la couleur et de la finition.<\/p>\n<p><strong>7. Quel est le d\u00e9lai de livraison pour les commandes en gros ?<\/strong><br \/>Le d\u00e9lai d'ex\u00e9cution varie en fonction de la taille de la commande, g\u00e9n\u00e9ralement entre 2 et 4 semaines.<\/p>\n<p><\/p>","protected":false},"featured_media":10855,"template":"","categories":[55],"class_list":["post-10913","product","type-product","status-publish","has-post-thumbnail","hentry","category-extruded-aluminum-profiles"],"meta_box":{"hilight_text_group":[{"product_hilight_text":"<li>Highly durable and resistant to corrosion<\/li>\n<li>Available in various colors and finishes for custom designs<\/li>\n<li>Lightweight yet strong for multiple applications<\/li>\n<li>Easy installation and maintenance for industrial use<\/li>\n<li>Provides a sleek and modern look to any project<\/li>"}],"feature_list":[]},"_links":{"self":[{"href":"https:\/\/sinoextrud.com\/fr\/wp-json\/wp\/v2\/product\/10913","targetHints":{"allow":["GET"]}}],"collection":[{"href":"https:\/\/sinoextrud.com\/fr\/wp-json\/wp\/v2\/product"}],"about":[{"href":"https:\/\/sinoextrud.com\/fr\/wp-json\/wp\/v2\/types\/product"}],"wp:featuredmedia":[{"embeddable":true,"href":"https:\/\/sinoextrud.com\/fr\/wp-json\/wp\/v2\/media\/10855"}],"wp:attachment":[{"href":"https:\/\/sinoextrud.com\/fr\/wp-json\/wp\/v2\/media?parent=10913"}],"wp:term":[{"taxonomy":"category","embeddable":true,"href":"https:\/\/sinoextrud.com\/fr\/wp-json\/wp\/v2\/categories?post=10913"}],"curies":[{"name":"wp","href":"https:\/\/api.w.org\/{rel}","templated":true}]}}