{"id":10912,"date":"2025-08-01T03:12:31","date_gmt":"2025-08-01T03:12:31","guid":{"rendered":"https:\/\/sinoextrud.com\/product\/aluminum-heat-sink-extrusion-for-custom-cooling\/"},"modified":"2025-08-01T03:12:31","modified_gmt":"2025-08-01T03:12:31","slug":"extrusion-de-dissipateur-thermique-en-aluminium-pour-refroidissement-personnalise","status":"publish","type":"product","link":"https:\/\/sinoextrud.com\/fr\/product\/aluminum-heat-sink-extrusion-for-custom-cooling\/","title":{"rendered":"Extrusion de dissipateur thermique en aluminium pour refroidissement sur mesure"},"content":{"rendered":"<h2>D\u00e9tails des produits<\/h2>\n<div class=\"product-table\">\n<div class=\"row\">\n<div class=\"cell label\">Grade<\/div>\n<div class=\"cell value\">S\u00e9rie 6000<\/div>\n<\/div>\n<div class=\"row\">\n<div class=\"cell label\">Tol\u00e9rance<\/div>\n<div class=\"cell value\">\u00c2\u00b110%<\/div>\n<\/div>\n<div class=\"row\">\n<div class=\"cell label\">D\u00e9lai de livraison<\/div>\n<div class=\"cell value\">22-30 jours<\/div>\n<\/div>\n<div class=\"row\">\n<div class=\"cell label\">Temp\u00e9rer<\/div>\n<div class=\"cell value\">T3-T8<\/div>\n<\/div>\n<div class=\"row\">\n<div class=\"cell label\">Application<\/div>\n<div class=\"cell value\">D\u00e9corations<\/div>\n<\/div>\n<div class=\"row\">\n<div class=\"cell label\">Forme<\/div>\n<div class=\"cell value\">T - Profil<\/div>\n<\/div>\n<div class=\"row\">\n<div class=\"cell label\">Alliage ou non<\/div>\n<div class=\"cell value\">Est un alliage<\/div>\n<\/div>\n<div class=\"row\">\n<div class=\"cell label\">Service de traitement<\/div>\n<div class=\"cell value\">Pliage, poin\u00e7onnage, d\u00e9coupage<\/div>\n<\/div>\n<div class=\"row\">\n<div class=\"cell label\">Nom du produit<\/div>\n<div class=\"cell value\">Dissipateur thermique en profil\u00e9 d'aluminium extrud\u00e9 sur mesure<\/div>\n<\/div>\n<div class=\"row\">\n<div class=\"cell label\">Traitement de surface<\/div>\n<div class=\"cell value\">finition en usine<\/div>\n<\/div>\n<div class=\"row\">\n<div class=\"cell label\">Couleur<\/div>\n<div class=\"cell value\">personnalis\u00e9<\/div>\n<\/div>\n<div class=\"row\">\n<div class=\"cell label\">Mat\u00e9riau<\/div>\n<div class=\"cell value\">Alliage 6063\/6061\/6005\/6060 T5\/T6<\/div>\n<\/div>\n<div class=\"row\">\n<div class=\"cell label\">Longueur<\/div>\n<div class=\"cell value\">Selon votre demande<\/div>\n<\/div>\n<div class=\"row\">\n<div class=\"cell label\">Certification<\/div>\n<div class=\"cell value\">ISO9001:2008<\/div>\n<\/div>\n<div class=\"row\">\n<div class=\"cell label\">MOQ<\/div>\n<div class=\"cell value\">1kg<\/div>\n<\/div>\n<div class=\"row\">\n<div class=\"cell label\">Taille<\/div>\n<div class=\"cell value\">Dessins<\/div>\n<\/div>\n<div class=\"row\">\n<div class=\"cell label\">D\u00e9lai de paiement<\/div>\n<div class=\"cell value\">T\/T<\/div>\n<\/div>\n<div class=\"row\">\n<div class=\"cell label\">Application<\/div>\n<div class=\"cell value\">Ch\u00e2ssis de robot, postes de travail, etc.<\/div>\n<\/div>\n<div class=\"row\">\n<div class=\"cell label\">Unit\u00e9s de vente<\/div>\n<div class=\"cell value\">Article unique<\/div>\n<\/div>\n<\/div>\n<p><\/p>\n<h2>Notre base de production<\/h2>\n<h3>Panorama de l'usine<\/h3>\n<p><img decoding=\"async\" src=\"\/wp-content\/uploads\/factory-01.webp\"\/><\/p>\n<h3>Atelier de fabrication de barres d'aluminium<\/h3>\n<p><img decoding=\"async\" src=\"\/wp-content\/uploads\/factory-02.webp\"\/><\/p>\n<p><img decoding=\"async\" src=\"\/wp-content\/uploads\/factory-03.webp\"\/><\/p>\n<h3>Entrep\u00f4t de stockage des moules<\/h3>\n<p><img decoding=\"async\" src=\"\/wp-content\/uploads\/factory-04.webp\"\/><\/p>\n<h3>43 lignes d'extrusion d'aluminium (500-5500 tonnes)<\/h3>\n<p><img decoding=\"async\" src=\"\/wp-content\/uploads\/factory-05.webp\"\/><\/p>\n<p><img decoding=\"async\" src=\"\/wp-content\/uploads\/factory-06.webp\"\/><\/p>\n<p><img decoding=\"async\" src=\"\/wp-content\/uploads\/factory-07.webp\"\/><\/p>\n<h3>Atelier de peinture en poudre<\/h3>\n<p><img decoding=\"async\" src=\"\/wp-content\/uploads\/factory-09.webp\"\/><\/p>\n<h3>Atelier d'anodisation<\/h3>\n<p><img decoding=\"async\" src=\"\/wp-content\/uploads\/factory-10.webp\"\/><\/p>\n<h3>Atelier sur le traitement en profondeur<\/h3>\n<p><img decoding=\"async\" src=\"\/wp-content\/uploads\/factory-11.webp\"\/><\/p>\n<h3>Atelier d'usinage de pr\u00e9cision CNC<\/h3>\n<p><img decoding=\"async\" src=\"\/wp-content\/uploads\/factory-11.5.webp\"\/><\/p>\n<h3>Entrep\u00f4t de produits finis et d'exportation<\/h3>\n<p><img decoding=\"async\" src=\"\/wp-content\/uploads\/factory-12.webp\"\/><\/p>\n<p><img decoding=\"async\" src=\"\/wp-content\/uploads\/factory-13.webp\"\/><\/p>\n<p><img decoding=\"async\" src=\"\/wp-content\/uploads\/factory-14.webp\"\/><\/p>\n<h2>FAQ<\/h2>\n<p><strong>1. Les extrusions de dissipateurs thermiques en aluminium peuvent-elles \u00eatre personnalis\u00e9es ?<\/strong><br \/>Oui, nous proposons des options de personnalisation pour r\u00e9pondre \u00e0 des exigences sp\u00e9cifiques en mati\u00e8re de taille et de conception.<\/p>\n<p><strong>2. Quelles sont les industries qui utilisent les extrusions de dissipateurs thermiques en aluminium ?<\/strong><br \/>Ils sont couramment utilis\u00e9s dans les secteurs de l'\u00e9lectronique, de l'automobile et de l'\u00e9clairage LED.<\/p>\n<p><strong>3. Comment l'aluminium am\u00e9liore-t-il la dissipation de la chaleur ?<\/strong><br \/>La conductivit\u00e9 thermique de l'aluminium permet un transfert efficace de la chaleur vers l'ext\u00e9rieur des composants.<\/p>\n<p><strong>4. Puis-je commander ces extrusions en gros ?<\/strong><br \/>Oui, les commandes en gros sont disponibles \u00e0 des prix comp\u00e9titifs.<\/p>\n<p><strong>5. Ces extrusions sont-elles suffisamment durables pour \u00eatre utilis\u00e9es \u00e0 l'ext\u00e9rieur ?<\/strong><br \/>Oui, ils pr\u00e9sentent des propri\u00e9t\u00e9s de r\u00e9sistance \u00e0 la corrosion adapt\u00e9es aux environnements ext\u00e9rieurs.<\/p>\n<p><strong>6. Quelle est la quantit\u00e9 minimale de commande pour un dessin personnalis\u00e9 ?<\/strong><br \/>Le MOQ d\u00e9pend des sp\u00e9cifications, il commence g\u00e9n\u00e9ralement \u00e0 partir de 200 unit\u00e9s.<\/p>\n<p><strong>7. Offrez-vous une assistance technique pour l'installation ?<\/strong><br \/>Oui, une assistance technique et des lignes directrices sont disponibles sur demande.<\/p>\n<p><\/p>","protected":false},"featured_media":10748,"template":"","categories":[72],"class_list":["post-10912","product","type-product","status-publish","has-post-thumbnail","hentry","category-extruded-aluminum-heatsink"],"meta_box":{"hilight_text_group":[{"product_hilight_text":"<li>Optimal thermal management for numerous applications<\/li>\n<li>Customizable dimensions to fit diverse client specifications<\/li>\n<li>Lightweight and corrosion-resistant for long-term durability<\/li>\n<li>Supports OEM and ODM with flexible order quantities<\/li>\n<li>Enhanced heat dissipation efficiency<\/li>"}],"feature_list":[]},"_links":{"self":[{"href":"https:\/\/sinoextrud.com\/fr\/wp-json\/wp\/v2\/product\/10912","targetHints":{"allow":["GET"]}}],"collection":[{"href":"https:\/\/sinoextrud.com\/fr\/wp-json\/wp\/v2\/product"}],"about":[{"href":"https:\/\/sinoextrud.com\/fr\/wp-json\/wp\/v2\/types\/product"}],"wp:featuredmedia":[{"embeddable":true,"href":"https:\/\/sinoextrud.com\/fr\/wp-json\/wp\/v2\/media\/10748"}],"wp:attachment":[{"href":"https:\/\/sinoextrud.com\/fr\/wp-json\/wp\/v2\/media?parent=10912"}],"wp:term":[{"taxonomy":"category","embeddable":true,"href":"https:\/\/sinoextrud.com\/fr\/wp-json\/wp\/v2\/categories?post=10912"}],"curies":[{"name":"wp","href":"https:\/\/api.w.org\/{rel}","templated":true}]}}