{"id":10911,"date":"2025-08-01T03:12:29","date_gmt":"2025-08-01T03:12:29","guid":{"rendered":"https:\/\/sinoextrud.com\/product\/black-anodized-aluminum-heat-sink-for-devices\/"},"modified":"2025-08-01T03:12:29","modified_gmt":"2025-08-01T03:12:29","slug":"dissipateur-thermique-en-aluminium-anodise-noir-pour-appareils","status":"publish","type":"product","link":"https:\/\/sinoextrud.com\/fr\/product\/black-anodized-aluminum-heat-sink-for-devices\/","title":{"rendered":"Dissipateur thermique en aluminium anodis\u00e9 noir pour appareils"},"content":{"rendered":"<h2>D\u00e9tails des produits<\/h2>\n<div class=\"product-table\">\n<div class=\"row\">\n<div class=\"cell label\">Grade<\/div>\n<div class=\"cell value\">S\u00e9rie 6000<\/div>\n<\/div>\n<div class=\"row\">\n<div class=\"cell label\">Tol\u00e9rance<\/div>\n<div class=\"cell value\">\u00c2\u00b11%<\/div>\n<\/div>\n<div class=\"row\">\n<div class=\"cell label\">D\u00e9lai de livraison<\/div>\n<div class=\"cell value\">20-30 jours<\/div>\n<\/div>\n<div class=\"row\">\n<div class=\"cell label\">Temp\u00e9rer<\/div>\n<div class=\"cell value\">T3-T8<\/div>\n<\/div>\n<div class=\"row\">\n<div class=\"cell label\">Application<\/div>\n<div class=\"cell value\">D\u00e9corations<\/div>\n<\/div>\n<div class=\"row\">\n<div class=\"cell label\">Forme<\/div>\n<div class=\"cell value\">T - Profil<\/div>\n<\/div>\n<div class=\"row\">\n<div class=\"cell label\">Alliage ou non<\/div>\n<div class=\"cell value\">Est un alliage<\/div>\n<\/div>\n<div class=\"row\">\n<div class=\"cell label\">Service de traitement<\/div>\n<div class=\"cell value\">Pliage, d\u00e9roulage, soudage, poin\u00e7onnage, d\u00e9coupage<\/div>\n<\/div>\n<div class=\"row\">\n<div class=\"cell label\">nom du produit<\/div>\n<div class=\"cell value\">Profil\u00e9s en aluminium pour l'industrie<\/div>\n<\/div>\n<div class=\"row\">\n<div class=\"cell label\">Traitement de surface<\/div>\n<div class=\"cell value\">moulin, anodis\u00e9, rev\u00eatement en poudre, \u00e9lectrophor\u00e8se, grain de bois, bois d'\u0153uvre<\/div>\n<\/div>\n<div class=\"row\">\n<div class=\"cell label\">Couleur<\/div>\n<div class=\"cell value\">Couleur personnalis\u00e9e<\/div>\n<\/div>\n<div class=\"row\">\n<div class=\"cell label\">Taille<\/div>\n<div class=\"cell value\">Taille personnalis\u00e9e<\/div>\n<\/div>\n<div class=\"row\">\n<div class=\"cell label\">Processus<\/div>\n<div class=\"cell value\">Pliage, d\u00e9roulage, soudage, poin\u00e7onnage, d\u00e9coupage<\/div>\n<\/div>\n<div class=\"row\">\n<div class=\"cell label\">Service<\/div>\n<div class=\"cell value\">Sur mesure OEM<\/div>\n<\/div>\n<div class=\"row\">\n<div class=\"cell label\">Certification<\/div>\n<div class=\"cell value\">ISO9001:2015<\/div>\n<\/div>\n<div class=\"row\">\n<div class=\"cell label\">Utilisation<\/div>\n<div class=\"cell value\">D\u00e9coration Lumi\u00e8re Led<\/div>\n<\/div>\n<div class=\"row\">\n<div class=\"cell label\">MOQ<\/div>\n<div class=\"cell value\">1 pi\u00e8ce<\/div>\n<\/div>\n<div class=\"row\">\n<div class=\"cell label\">D\u00e9lai d'ex\u00e9cution<\/div>\n<div class=\"cell value\">10-30 jours<\/div>\n<\/div>\n<div class=\"row\">\n<div class=\"cell label\">Unit\u00e9s de vente<\/div>\n<div class=\"cell value\">Article unique<\/div>\n<\/div>\n<div class=\"row\">\n<div class=\"cell label\">Taille de l'emballage unique<\/div>\n<div class=\"cell value\">10X10X5 cm<\/div>\n<\/div>\n<div class=\"row\">\n<div class=\"cell label\">Poids brut unique<\/div>\n<div class=\"cell value\">1.000 KG<\/div>\n<\/div>\n<\/div>\n<p><\/p>\n<h2>Notre base de production<\/h2>\n<h3>Panorama de l'usine<\/h3>\n<p><img decoding=\"async\" src=\"\/wp-content\/uploads\/factory-01.webp\"\/><\/p>\n<h3>Atelier de fabrication de barres d'aluminium<\/h3>\n<p><img decoding=\"async\" src=\"\/wp-content\/uploads\/factory-02.webp\"\/><\/p>\n<p><img decoding=\"async\" src=\"\/wp-content\/uploads\/factory-03.webp\"\/><\/p>\n<h3>Entrep\u00f4t de stockage des moules<\/h3>\n<p><img decoding=\"async\" src=\"\/wp-content\/uploads\/factory-04.webp\"\/><\/p>\n<h3>43 lignes d'extrusion d'aluminium (500-5500 tonnes)<\/h3>\n<p><img decoding=\"async\" src=\"\/wp-content\/uploads\/factory-05.webp\"\/><\/p>\n<p><img decoding=\"async\" src=\"\/wp-content\/uploads\/factory-06.webp\"\/><\/p>\n<p><img decoding=\"async\" src=\"\/wp-content\/uploads\/factory-07.webp\"\/><\/p>\n<h3>Atelier de peinture en poudre<\/h3>\n<p><img decoding=\"async\" src=\"\/wp-content\/uploads\/factory-09.webp\"\/><\/p>\n<h3>Atelier d'anodisation<\/h3>\n<p><img decoding=\"async\" src=\"\/wp-content\/uploads\/factory-10.webp\"\/><\/p>\n<h3>Atelier sur le traitement en profondeur<\/h3>\n<p><img decoding=\"async\" src=\"\/wp-content\/uploads\/factory-11.webp\"\/><\/p>\n<h3>Atelier d'usinage de pr\u00e9cision CNC<\/h3>\n<p><img decoding=\"async\" src=\"\/wp-content\/uploads\/factory-11.5.webp\"\/><\/p>\n<h3>Entrep\u00f4t de produits finis et d'exportation<\/h3>\n<p><img decoding=\"async\" src=\"\/wp-content\/uploads\/factory-12.webp\"\/><\/p>\n<p><img decoding=\"async\" src=\"\/wp-content\/uploads\/factory-13.webp\"\/><\/p>\n<p><img decoding=\"async\" src=\"\/wp-content\/uploads\/factory-14.webp\"\/><\/p>\n<h2>FAQ<\/h2>\n<p><strong>1. Quels sont les mat\u00e9riaux utilis\u00e9s dans le dissipateur thermique ?<\/strong><br \/>Le dissipateur thermique est fabriqu\u00e9 en aluminium anodis\u00e9 de haute qualit\u00e9 pour des performances optimales.<\/p>\n<p><strong>2. Pourquoi choisir une finition anodis\u00e9e ?<\/strong><br \/>La finition anodis\u00e9e renforce la r\u00e9sistance \u00e0 la corrosion et donne un aspect noir \u00e9l\u00e9gant.<\/p>\n<p><strong>3. Ce dissipateur thermique peut-il \u00eatre utilis\u00e9 dans des environnements \u00e0 haute temp\u00e9rature ?<\/strong><br \/>Oui, il est con\u00e7u pour fonctionner efficacement dans des conditions de haute temp\u00e9rature.<\/p>\n<p><strong>4. Ce dissipateur thermique est-il personnalisable ?<\/strong><br \/>Oui, les dimensions et les formes peuvent \u00eatre personnalis\u00e9es en fonction de vos besoins.<\/p>\n<p><strong>5. Le dissipateur thermique peut-il \u00eatre utilis\u00e9 pour n'importe quel type d'appareil \u00e9lectronique ?<\/strong><br \/>Oui, il convient \u00e0 une large gamme d'appareils \u00e9lectroniques et offre une gestion thermique efficace.<\/p>\n<p><strong>6. Comment ce dissipateur thermique am\u00e9liore-t-il les performances de l'appareil ?<\/strong><br \/>En dissipant efficacement la chaleur, il contribue \u00e0 maintenir des performances et une fiabilit\u00e9 optimales de l'appareil.<\/p>\n<p><strong>7. Proposez-vous des prix de gros pour les commandes importantes ?<\/strong><br \/>Oui, des prix comp\u00e9titifs et des remises sont disponibles pour les achats en gros.<\/p>\n<p><\/p>","protected":false},"featured_media":10856,"template":"","categories":[72],"class_list":["post-10911","product","type-product","status-publish","has-post-thumbnail","hentry","category-extruded-aluminum-heatsink"],"meta_box":{"hilight_text_group":[{"product_hilight_text":"<li>Effective heat dissipation for electronic devices<\/li>\n<li>Lightweight and durable aluminum construction<\/li>\n<li>Customizable to specific dimensions and shapes<\/li>\n<li>Corrosion-resistant anodized finish in black<\/li>\n<li>Ideal for both industrial and consumer electronic applications<\/li>"}],"feature_list":[]},"_links":{"self":[{"href":"https:\/\/sinoextrud.com\/fr\/wp-json\/wp\/v2\/product\/10911","targetHints":{"allow":["GET"]}}],"collection":[{"href":"https:\/\/sinoextrud.com\/fr\/wp-json\/wp\/v2\/product"}],"about":[{"href":"https:\/\/sinoextrud.com\/fr\/wp-json\/wp\/v2\/types\/product"}],"wp:featuredmedia":[{"embeddable":true,"href":"https:\/\/sinoextrud.com\/fr\/wp-json\/wp\/v2\/media\/10856"}],"wp:attachment":[{"href":"https:\/\/sinoextrud.com\/fr\/wp-json\/wp\/v2\/media?parent=10911"}],"wp:term":[{"taxonomy":"category","embeddable":true,"href":"https:\/\/sinoextrud.com\/fr\/wp-json\/wp\/v2\/categories?post=10911"}],"curies":[{"name":"wp","href":"https:\/\/api.w.org\/{rel}","templated":true}]}}