{"id":10908,"date":"2025-08-01T03:12:22","date_gmt":"2025-08-01T03:12:22","guid":{"rendered":"https:\/\/sinoextrud.com\/product\/high-temperature-heat-sink-for-industrial-use\/"},"modified":"2025-08-01T03:12:22","modified_gmt":"2025-08-01T03:12:22","slug":"dissipateur-thermique-a-haute-temperature-pour-usage-industriel","status":"publish","type":"product","link":"https:\/\/sinoextrud.com\/fr\/product\/high-temperature-heat-sink-for-industrial-use\/","title":{"rendered":"Dissipateur thermique \u00e0 haute temp\u00e9rature pour usage industriel"},"content":{"rendered":"<h2>D\u00e9tails des produits<\/h2>\n<div class=\"product-table\">\n<div class=\"row\">\n<div class=\"cell label\">Grade<\/div>\n<div class=\"cell value\">S\u00e9rie 6000<\/div>\n<\/div>\n<div class=\"row\">\n<div class=\"cell label\">Tol\u00e9rance<\/div>\n<div class=\"cell value\">\u00c2\u00b11%<\/div>\n<\/div>\n<div class=\"row\">\n<div class=\"cell label\">D\u00e9lai de livraison<\/div>\n<div class=\"cell value\">22-30 jours<\/div>\n<\/div>\n<div class=\"row\">\n<div class=\"cell label\">Temp\u00e9rer<\/div>\n<div class=\"cell value\">T3-T8<\/div>\n<\/div>\n<div class=\"row\">\n<div class=\"cell label\">Application<\/div>\n<div class=\"cell value\">Dissipateur thermique<\/div>\n<\/div>\n<div class=\"row\">\n<div class=\"cell label\">Forme<\/div>\n<div class=\"cell value\">Sur mesure<\/div>\n<\/div>\n<div class=\"row\">\n<div class=\"cell label\">Alliage ou non<\/div>\n<div class=\"cell value\">Est un alliage<\/div>\n<\/div>\n<div class=\"row\">\n<div class=\"cell label\">Service de traitement<\/div>\n<div class=\"cell value\">Pliage, d\u00e9roulage, soudage, poin\u00e7onnage, d\u00e9coupage<\/div>\n<\/div>\n<div class=\"row\">\n<div class=\"cell label\">Nom du produit<\/div>\n<div class=\"cell value\">Dissipateur thermique en profil\u00e9 d'aluminium 6063 T5<\/div>\n<\/div>\n<div class=\"row\">\n<div class=\"cell label\">Mat\u00e9riau<\/div>\n<div class=\"cell value\">Alliage 6063\/6061\/6005\/6060 T5\/T6<\/div>\n<\/div>\n<div class=\"row\">\n<div class=\"cell label\">Traitement de surface<\/div>\n<div class=\"cell value\">Rev\u00eatement en poudre, anodis\u00e9<\/div>\n<\/div>\n<div class=\"row\">\n<div class=\"cell label\">Couleur<\/div>\n<div class=\"cell value\">Demande du client<\/div>\n<\/div>\n<div class=\"row\">\n<div class=\"cell label\">Certification<\/div>\n<div class=\"cell value\">ISO9001:2008<\/div>\n<\/div>\n<div class=\"row\">\n<div class=\"cell label\">Application<\/div>\n<div class=\"cell value\">\u00c9quipement industriel<\/div>\n<\/div>\n<div class=\"row\">\n<div class=\"cell label\">Processus en profondeur<\/div>\n<div class=\"cell value\">Service d'usinage CNC<\/div>\n<\/div>\n<div class=\"row\">\n<div class=\"cell label\">Service<\/div>\n<div class=\"cell value\">OEM ODM Personnalis\u00e9<\/div>\n<\/div>\n<div class=\"row\">\n<div class=\"cell label\">D\u00e9lai de paiement<\/div>\n<div class=\"cell value\">T\/T<\/div>\n<\/div>\n<div class=\"row\">\n<div class=\"cell label\">Unit\u00e9s de vente<\/div>\n<div class=\"cell value\">Article unique<\/div>\n<\/div>\n<div class=\"row\">\n<div class=\"cell label\">Taille de l'emballage unique<\/div>\n<div class=\"cell value\">600X4X10 cm<\/div>\n<\/div>\n<div class=\"row\">\n<div class=\"cell label\">Poids brut unique<\/div>\n<div class=\"cell value\">2.000 KG<\/div>\n<\/div>\n<\/div>\n<p><\/p>\n<h2>Notre base de production<\/h2>\n<h3>Panorama de l'usine<\/h3>\n<p><img decoding=\"async\" src=\"\/wp-content\/uploads\/factory-01.webp\"\/><\/p>\n<h3>Atelier de fabrication de barres d'aluminium<\/h3>\n<p><img decoding=\"async\" src=\"\/wp-content\/uploads\/factory-02.webp\"\/><\/p>\n<p><img decoding=\"async\" src=\"\/wp-content\/uploads\/factory-03.webp\"\/><\/p>\n<h3>Entrep\u00f4t de stockage des moules<\/h3>\n<p><img decoding=\"async\" src=\"\/wp-content\/uploads\/factory-04.webp\"\/><\/p>\n<h3>43 lignes d'extrusion d'aluminium (500-5500 tonnes)<\/h3>\n<p><img decoding=\"async\" src=\"\/wp-content\/uploads\/factory-05.webp\"\/><\/p>\n<p><img decoding=\"async\" src=\"\/wp-content\/uploads\/factory-06.webp\"\/><\/p>\n<p><img decoding=\"async\" src=\"\/wp-content\/uploads\/factory-07.webp\"\/><\/p>\n<h3>Atelier de peinture en poudre<\/h3>\n<p><img decoding=\"async\" src=\"\/wp-content\/uploads\/factory-09.webp\"\/><\/p>\n<h3>Atelier d'anodisation<\/h3>\n<p><img decoding=\"async\" src=\"\/wp-content\/uploads\/factory-10.webp\"\/><\/p>\n<h3>Atelier sur le traitement en profondeur<\/h3>\n<p><img decoding=\"async\" src=\"\/wp-content\/uploads\/factory-11.webp\"\/><\/p>\n<h3>Atelier d'usinage de pr\u00e9cision CNC<\/h3>\n<p><img decoding=\"async\" src=\"\/wp-content\/uploads\/factory-11.5.webp\"\/><\/p>\n<h3>Entrep\u00f4t de produits finis et d'exportation<\/h3>\n<p><img decoding=\"async\" src=\"\/wp-content\/uploads\/factory-12.webp\"\/><\/p>\n<p><img decoding=\"async\" src=\"\/wp-content\/uploads\/factory-13.webp\"\/><\/p>\n<p><img decoding=\"async\" src=\"\/wp-content\/uploads\/factory-14.webp\"\/><\/p>\n<h2>FAQ<\/h2>\n<p><strong>1. Quels sont les mat\u00e9riaux utilis\u00e9s dans les dissipateurs thermiques \u00e0 haute temp\u00e9rature ?<\/strong><br \/>Ils sont g\u00e9n\u00e9ralement fabriqu\u00e9s en aluminium ou en cuivre pour assurer une bonne dissipation de la chaleur.<\/p>\n<p><strong>2. Les dissipateurs thermiques \u00e0 haute temp\u00e9rature peuvent-ils \u00eatre personnalis\u00e9s pour des applications sp\u00e9cifiques ?<\/strong><br \/>Oui, ils peuvent \u00eatre adapt\u00e9s en taille et en forme pour r\u00e9pondre \u00e0 des besoins uniques.<\/p>\n<p><strong>3. Ces dissipateurs thermiques sont-ils adapt\u00e9s aux environnements industriels ?<\/strong><br \/>Oui, ils sont con\u00e7us pour r\u00e9sister \u00e0 des temp\u00e9ratures \u00e9lev\u00e9es en milieu industriel.<\/p>\n<p><strong>4. Offrez-vous une assistance technique pour l'installation des dissipateurs thermiques ?<\/strong><br \/>Oui, nous fournissons des conseils et une assistance complets pour l'installation.<\/p>\n<p><strong>5. Quelle est la dur\u00e9e de vie typique d'un dissipateur thermique \u00e0 haute temp\u00e9rature ?<\/strong><br \/>Ils sont con\u00e7us pour durer de nombreuses ann\u00e9es en fonctionnement continu.<\/p>\n<p><strong>6. Comment un dissipateur thermique \u00e0 haute temp\u00e9rature am\u00e9liore-t-il les performances de l'appareil ?<\/strong><br \/>Il r\u00e9duit la r\u00e9sistance thermique, ce qui permet aux appareils de fonctionner efficacement \u00e0 des temp\u00e9ratures \u00e9lev\u00e9es.<\/p>\n<p><strong>7. Les commandes en gros de dissipateurs thermiques peuvent-elles \u00eatre exp\u00e9di\u00e9es \u00e0 l'\u00e9tranger ?<\/strong><br \/>Oui, nous assurons l'exp\u00e9dition dans le monde entier avec un soutien logistique complet.<\/p>\n<p><\/p>","protected":false},"featured_media":10858,"template":"","categories":[72],"class_list":["post-10908","product","type-product","status-publish","has-post-thumbnail","hentry","category-extruded-aluminum-heatsink"],"meta_box":{"hilight_text_group":[{"product_hilight_text":"<li>Designed for high-performance thermal management in critical applications<\/li>\n<li>Capable of operating at elevated temperatures for extended periods<\/li>\n<li>Manufactured with high-quality metals for excellent heat dissipation<\/li>\n<li>Customizable in size and shape to fit specific electronics<\/li>\n<li>Compatible with a wide range of electronic components and devices<\/li>"}],"feature_list":[]},"_links":{"self":[{"href":"https:\/\/sinoextrud.com\/fr\/wp-json\/wp\/v2\/product\/10908","targetHints":{"allow":["GET"]}}],"collection":[{"href":"https:\/\/sinoextrud.com\/fr\/wp-json\/wp\/v2\/product"}],"about":[{"href":"https:\/\/sinoextrud.com\/fr\/wp-json\/wp\/v2\/types\/product"}],"wp:featuredmedia":[{"embeddable":true,"href":"https:\/\/sinoextrud.com\/fr\/wp-json\/wp\/v2\/media\/10858"}],"wp:attachment":[{"href":"https:\/\/sinoextrud.com\/fr\/wp-json\/wp\/v2\/media?parent=10908"}],"wp:term":[{"taxonomy":"category","embeddable":true,"href":"https:\/\/sinoextrud.com\/fr\/wp-json\/wp\/v2\/categories?post=10908"}],"curies":[{"name":"wp","href":"https:\/\/api.w.org\/{rel}","templated":true}]}}