{"id":10903,"date":"2025-08-01T03:12:09","date_gmt":"2025-08-01T03:12:09","guid":{"rendered":"https:\/\/sinoextrud.com\/product\/aluminum-extrusion-heat-sink-for-power-modules\/"},"modified":"2025-08-01T03:12:09","modified_gmt":"2025-08-01T03:12:09","slug":"dissipateur-thermique-en-aluminium-extrude-pour-modules-de-puissance","status":"publish","type":"product","link":"https:\/\/sinoextrud.com\/fr\/product\/aluminum-extrusion-heat-sink-for-power-modules\/","title":{"rendered":"Dissipateur thermique en extrusion d'aluminium pour modules de puissance"},"content":{"rendered":"<h2>D\u00e9tails des produits<\/h2>\n<div class=\"product-table\">\n<div class=\"row\">\n<div class=\"cell label\">Mat\u00e9riau<\/div>\n<div class=\"cell value\">Acier inoxydable\/Aluminium\/SECC\/SGCC<\/div>\n<\/div>\n<div class=\"row\">\n<div class=\"cell label\">\u00c9paisseur<\/div>\n<div class=\"cell value\">0.08-10 Mm<\/div>\n<\/div>\n<div class=\"row\">\n<div class=\"cell label\">Tol\u00e9rance<\/div>\n<div class=\"cell value\">0,01-0,1 mm<\/div>\n<\/div>\n<div class=\"row\">\n<div class=\"cell label\">Certificat<\/div>\n<div class=\"cell value\">ISO9001:2015<\/div>\n<\/div>\n<div class=\"row\">\n<div class=\"cell label\">Finition<\/div>\n<div class=\"cell value\">Anodisation, peinture, rev\u00eatement par poudre, zingage<\/div>\n<\/div>\n<div class=\"row\">\n<div class=\"cell label\">Format du dessin<\/div>\n<div class=\"cell value\">2D\/(PDF\/CAD)3D(IGES\/STEP)<\/div>\n<\/div>\n<div class=\"row\">\n<div class=\"cell label\">Utilisation<\/div>\n<div class=\"cell value\">Accessoires en m\u00e9tal<\/div>\n<\/div>\n<div class=\"row\">\n<div class=\"cell label\">Processus<\/div>\n<div class=\"cell value\">Estampillage<\/div>\n<\/div>\n<div class=\"row\">\n<div class=\"cell label\">MOQ<\/div>\n<div class=\"cell value\">1 PCS<\/div>\n<\/div>\n<div class=\"row\">\n<div class=\"cell label\">Unit\u00e9s de vente<\/div>\n<div class=\"cell value\">Article unique<\/div>\n<\/div>\n<div class=\"row\">\n<div class=\"cell label\">Taille de l'emballage unique<\/div>\n<div class=\"cell value\">45X36X30 cm<\/div>\n<\/div>\n<div class=\"row\">\n<div class=\"cell label\">Poids brut unique<\/div>\n<div class=\"cell value\">0,300 KG<\/div>\n<\/div>\n<\/div>\n<p><\/p>\n<h2>Notre base de production<\/h2>\n<h3>Panorama de l'usine<\/h3>\n<p><img decoding=\"async\" src=\"\/wp-content\/uploads\/factory-01.webp\"\/><\/p>\n<h3>Atelier de fabrication de barres d'aluminium<\/h3>\n<p><img decoding=\"async\" src=\"\/wp-content\/uploads\/factory-02.webp\"\/><\/p>\n<p><img decoding=\"async\" src=\"\/wp-content\/uploads\/factory-03.webp\"\/><\/p>\n<h3>Entrep\u00f4t de stockage des moules<\/h3>\n<p><img decoding=\"async\" src=\"\/wp-content\/uploads\/factory-04.webp\"\/><\/p>\n<h3>43 lignes d'extrusion d'aluminium (500-5500 tonnes)<\/h3>\n<p><img decoding=\"async\" src=\"\/wp-content\/uploads\/factory-05.webp\"\/><\/p>\n<p><img decoding=\"async\" src=\"\/wp-content\/uploads\/factory-06.webp\"\/><\/p>\n<p><img decoding=\"async\" src=\"\/wp-content\/uploads\/factory-07.webp\"\/><\/p>\n<h3>Atelier de peinture en poudre<\/h3>\n<p><img decoding=\"async\" src=\"\/wp-content\/uploads\/factory-09.webp\"\/><\/p>\n<h3>Atelier d'anodisation<\/h3>\n<p><img decoding=\"async\" src=\"\/wp-content\/uploads\/factory-10.webp\"\/><\/p>\n<h3>Atelier sur le traitement en profondeur<\/h3>\n<p><img decoding=\"async\" src=\"\/wp-content\/uploads\/factory-11.webp\"\/><\/p>\n<h3>Atelier d'usinage de pr\u00e9cision CNC<\/h3>\n<p><img decoding=\"async\" src=\"\/wp-content\/uploads\/factory-11.5.webp\"\/><\/p>\n<h3>Entrep\u00f4t de produits finis et d'exportation<\/h3>\n<p><img decoding=\"async\" src=\"\/wp-content\/uploads\/factory-12.webp\"\/><\/p>\n<p><img decoding=\"async\" src=\"\/wp-content\/uploads\/factory-13.webp\"\/><\/p>\n<p><img decoding=\"async\" src=\"\/wp-content\/uploads\/factory-14.webp\"\/><\/p>\n<h2>FAQ<\/h2>\n<p><strong>1. \u00c0 quoi sert un dissipateur thermique en aluminium extrud\u00e9 ?<\/strong><br \/>Il est utilis\u00e9 pour dissiper la chaleur des composants \u00e9lectroniques, am\u00e9liorant ainsi leurs performances et leur long\u00e9vit\u00e9.<\/p>\n<p><strong>2. La taille du dissipateur thermique peut-elle \u00eatre personnalis\u00e9e ?<\/strong><br \/>Oui, nous pouvons adapter la taille et le profil \u00e0 vos besoins sp\u00e9cifiques.<\/p>\n<p><strong>3. L'aluminium est-il un bon mat\u00e9riau pour les dissipateurs thermiques ?<\/strong><br \/>Oui, l'aluminium est un excellent conducteur de chaleur, ce qui le rend id\u00e9al pour les applications de dissipation thermique.<\/p>\n<p><strong>4. Comment un dissipateur thermique en aluminium extrud\u00e9 am\u00e9liore-t-il les performances ?<\/strong><br \/>Il dissipe efficacement la chaleur, \u00e9vitant ainsi la surchauffe et les dommages potentiels aux composants \u00e9lectroniques.<\/p>\n<p><strong>5. Ces dissipateurs thermiques conviennent-ils aux applications industrielles ?<\/strong><br \/>Oui, ils sont con\u00e7us pour r\u00e9pondre aux exigences de diverses applications industrielles et commerciales.<\/p>\n<p><strong>6. Quel est le d\u00e9lai de livraison typique d'une commande ?<\/strong><br \/>Le d\u00e9lai d'ex\u00e9cution varie, g\u00e9n\u00e9ralement de 2 \u00e0 4 semaines en fonction de la quantit\u00e9 et de la personnalisation.<\/p>\n<p><strong>7. Proposez-vous une assistance pour les envois internationaux ?<\/strong><br \/>Oui, nous fournissons un soutien logistique complet pour les commandes internationales.<\/p>\n<p><\/p>","protected":false},"featured_media":10741,"template":"","categories":[72],"class_list":["post-10903","product","type-product","status-publish","has-post-thumbnail","hentry","category-extruded-aluminum-heatsink"],"meta_box":{"hilight_text_group":[{"product_hilight_text":"<li>Enhanced thermal performance for efficient heat dissipation<\/li>\n<li>Customizable dimensions and profiles for specific applications<\/li>\n<li>Lightweight yet durable construction for ease of installation<\/li>\n<li>Suitable for various electronics and industrial equipment<\/li>\n<li>Corrosion-resistant aluminum material for longevity<\/li>"}],"feature_list":[]},"_links":{"self":[{"href":"https:\/\/sinoextrud.com\/fr\/wp-json\/wp\/v2\/product\/10903","targetHints":{"allow":["GET"]}}],"collection":[{"href":"https:\/\/sinoextrud.com\/fr\/wp-json\/wp\/v2\/product"}],"about":[{"href":"https:\/\/sinoextrud.com\/fr\/wp-json\/wp\/v2\/types\/product"}],"wp:featuredmedia":[{"embeddable":true,"href":"https:\/\/sinoextrud.com\/fr\/wp-json\/wp\/v2\/media\/10741"}],"wp:attachment":[{"href":"https:\/\/sinoextrud.com\/fr\/wp-json\/wp\/v2\/media?parent=10903"}],"wp:term":[{"taxonomy":"category","embeddable":true,"href":"https:\/\/sinoextrud.com\/fr\/wp-json\/wp\/v2\/categories?post=10903"}],"curies":[{"name":"wp","href":"https:\/\/api.w.org\/{rel}","templated":true}]}}