{"id":10901,"date":"2025-08-01T03:12:04","date_gmt":"2025-08-01T03:12:04","guid":{"rendered":"https:\/\/sinoextrud.com\/product\/aluminum-enclosure-heat-sink-for-electronics\/"},"modified":"2025-08-01T03:12:04","modified_gmt":"2025-08-01T03:12:04","slug":"boitier-en-aluminium-dissipateur-de-chaleur-pour-lelectronique","status":"publish","type":"product","link":"https:\/\/sinoextrud.com\/fr\/product\/aluminum-enclosure-heat-sink-for-electronics\/","title":{"rendered":"Bo\u00eetier en aluminium Dissipateur de chaleur pour l'\u00e9lectronique"},"content":{"rendered":"<h2>D\u00e9tails des produits<\/h2>\n<div class=\"product-table\">\n<div class=\"row\">\n<div class=\"cell label\">Usinage CNC ou non<\/div>\n<div class=\"cell value\">Usinage Cnc<\/div>\n<\/div>\n<div class=\"row\">\n<div class=\"cell label\">Capacit\u00e9s mat\u00e9rielles<\/div>\n<div class=\"cell value\">Aluminium, laiton, bronze, cuivre, m\u00e9taux tremp\u00e9s, m\u00e9taux pr\u00e9cieux, acier inoxydable, alliages d'acier, autres<\/div>\n<\/div>\n<div class=\"row\">\n<div class=\"cell label\">Type<\/div>\n<div class=\"cell value\">PERCAGE, gravure \/ usinage chimique, usinage au laser, fraisage, autres services d'usinage, prototypage rapide, tournage, \u00e9lectro\u00e9rosion \u00e0 fil<\/div>\n<\/div>\n<div class=\"row\">\n<div class=\"cell label\">Micro-usinage ou non<\/div>\n<div class=\"cell value\">Micro-usinage<\/div>\n<\/div>\n<div class=\"row\">\n<div class=\"cell label\">Unit\u00e9s de vente<\/div>\n<div class=\"cell value\">Article unique<\/div>\n<\/div>\n<\/div>\n<p><\/p>\n<h2>Notre base de production<\/h2>\n<h3>Panorama de l'usine<\/h3>\n<p><img decoding=\"async\" src=\"\/wp-content\/uploads\/factory-01.webp\"\/><\/p>\n<h3>Atelier de fabrication de barres d'aluminium<\/h3>\n<p><img decoding=\"async\" src=\"\/wp-content\/uploads\/factory-02.webp\"\/><\/p>\n<p><img decoding=\"async\" src=\"\/wp-content\/uploads\/factory-03.webp\"\/><\/p>\n<h3>Entrep\u00f4t de stockage des moules<\/h3>\n<p><img decoding=\"async\" src=\"\/wp-content\/uploads\/factory-04.webp\"\/><\/p>\n<h3>43 lignes d'extrusion d'aluminium (500-5500 tonnes)<\/h3>\n<p><img decoding=\"async\" src=\"\/wp-content\/uploads\/factory-05.webp\"\/><\/p>\n<p><img decoding=\"async\" src=\"\/wp-content\/uploads\/factory-06.webp\"\/><\/p>\n<p><img decoding=\"async\" src=\"\/wp-content\/uploads\/factory-07.webp\"\/><\/p>\n<h3>Atelier de peinture en poudre<\/h3>\n<p><img decoding=\"async\" src=\"\/wp-content\/uploads\/factory-09.webp\"\/><\/p>\n<h3>Atelier d'anodisation<\/h3>\n<p><img decoding=\"async\" src=\"\/wp-content\/uploads\/factory-10.webp\"\/><\/p>\n<h3>Atelier sur le traitement en profondeur<\/h3>\n<p><img decoding=\"async\" src=\"\/wp-content\/uploads\/factory-11.webp\"\/><\/p>\n<h3>Atelier d'usinage de pr\u00e9cision CNC<\/h3>\n<p><img decoding=\"async\" src=\"\/wp-content\/uploads\/factory-11.5.webp\"\/><\/p>\n<h3>Entrep\u00f4t de produits finis et d'exportation<\/h3>\n<p><img decoding=\"async\" src=\"\/wp-content\/uploads\/factory-12.webp\"\/><\/p>\n<p><img decoding=\"async\" src=\"\/wp-content\/uploads\/factory-13.webp\"\/><\/p>\n<p><img decoding=\"async\" src=\"\/wp-content\/uploads\/factory-14.webp\"\/><\/p>\n<h2>FAQ<\/h2>\n<p><strong>1. Quels sont les principaux avantages de l'utilisation d'un dissipateur thermique \u00e0 enveloppe en aluminium ?<\/strong><br \/>Il assure une dissipation efficace de la chaleur, une conception l\u00e9g\u00e8re et une grande durabilit\u00e9.<\/p>\n<p><strong>2. Le dissipateur thermique de l'enceinte en aluminium peut-il \u00eatre personnalis\u00e9 ?<\/strong><br \/>Oui, nous offrons la possibilit\u00e9 de personnaliser le design et les dimensions pour r\u00e9pondre \u00e0 vos besoins sp\u00e9cifiques.<\/p>\n<p><strong>3. Ce dissipateur thermique est-il adapt\u00e9 aux appareils \u00e0 haute performance ?<\/strong><br \/>Oui, il est con\u00e7u pour les applications de haute performance n\u00e9cessitant une gestion efficace de la chaleur.<\/p>\n<p><strong>4. De quels mat\u00e9riaux est constitu\u00e9 le dissipateur thermique ?<\/strong><br \/>Le dissipateur thermique est fabriqu\u00e9 en aluminium de haute qualit\u00e9 pour une conductivit\u00e9 thermique optimale.<\/p>\n<p><strong>5. Ce produit peut-il \u00eatre utilis\u00e9 dans divers appareils \u00e9lectroniques ?<\/strong><br \/>Oui, il est compatible avec une large gamme d'appareils pour une application polyvalente.<\/p>\n<p><strong>6. Comment le dissipateur thermique am\u00e9liore-t-il les performances de l'appareil ?<\/strong><br \/>En dissipant efficacement la chaleur, il maintient des temp\u00e9ratures de fonctionnement optimales, am\u00e9liorant ainsi les performances.<\/p>\n<p><strong>7. Fournissez-vous les dissipateurs thermiques avec un soutien logistique international ?<\/strong><br \/>Oui, nous proposons des solutions d'exp\u00e9dition compl\u00e8tes pour livrer dans le monde entier.<\/p>\n<p><\/p>","protected":false},"featured_media":10846,"template":"","categories":[72],"class_list":["post-10901","product","type-product","status-publish","has-post-thumbnail","hentry","category-extruded-aluminum-heatsink"],"meta_box":{"hilight_text_group":[{"product_hilight_text":"<li>Efficient heat dissipation for improved performance<\/li>\n<li>Customizable designs to fit specific device requirements<\/li>\n<li>Durable aluminum construction for long-lasting usage<\/li>\n<li>Lightweight design for easy integration<\/li>\n<li>Compatible with a wide range of electronic devices<\/li>"}],"feature_list":[]},"_links":{"self":[{"href":"https:\/\/sinoextrud.com\/fr\/wp-json\/wp\/v2\/product\/10901","targetHints":{"allow":["GET"]}}],"collection":[{"href":"https:\/\/sinoextrud.com\/fr\/wp-json\/wp\/v2\/product"}],"about":[{"href":"https:\/\/sinoextrud.com\/fr\/wp-json\/wp\/v2\/types\/product"}],"wp:featuredmedia":[{"embeddable":true,"href":"https:\/\/sinoextrud.com\/fr\/wp-json\/wp\/v2\/media\/10846"}],"wp:attachment":[{"href":"https:\/\/sinoextrud.com\/fr\/wp-json\/wp\/v2\/media?parent=10901"}],"wp:term":[{"taxonomy":"category","embeddable":true,"href":"https:\/\/sinoextrud.com\/fr\/wp-json\/wp\/v2\/categories?post=10901"}],"curies":[{"name":"wp","href":"https:\/\/api.w.org\/{rel}","templated":true}]}}