{"id":10899,"date":"2025-08-01T03:11:59","date_gmt":"2025-08-01T03:11:59","guid":{"rendered":"https:\/\/sinoextrud.com\/product\/round-processing-extruded-aluminum-heat-sink\/"},"modified":"2025-08-01T03:11:59","modified_gmt":"2025-08-01T03:11:59","slug":"dissipateur-thermique-en-aluminium-extrude-de-forme-ronde","status":"publish","type":"product","link":"https:\/\/sinoextrud.com\/fr\/product\/round-processing-extruded-aluminum-heat-sink\/","title":{"rendered":"Dissipateur thermique rond en aluminium extrud\u00e9"},"content":{"rendered":"<h2>D\u00e9tails des produits<\/h2>\n<div class=\"product-table\">\n<div class=\"row\">\n<div class=\"cell label\">Grade<\/div>\n<div class=\"cell value\">6061;6063;6463<\/div>\n<\/div>\n<div class=\"row\">\n<div class=\"cell label\">Tol\u00e9rance<\/div>\n<div class=\"cell value\">\u00c2\u00b11%<\/div>\n<\/div>\n<div class=\"row\">\n<div class=\"cell label\">D\u00e9lai de livraison<\/div>\n<div class=\"cell value\">8-14 jours<\/div>\n<\/div>\n<div class=\"row\">\n<div class=\"cell label\">Temp\u00e9rer<\/div>\n<div class=\"cell value\">T5;T6<\/div>\n<\/div>\n<div class=\"row\">\n<div class=\"cell label\">Application<\/div>\n<div class=\"cell value\">radiateur<\/div>\n<\/div>\n<div class=\"row\">\n<div class=\"cell label\">Forme<\/div>\n<div class=\"cell value\">T - Profil<\/div>\n<\/div>\n<div class=\"row\">\n<div class=\"cell label\">Alliage ou non<\/div>\n<div class=\"cell value\">Est un alliage<\/div>\n<\/div>\n<div class=\"row\">\n<div class=\"cell label\">Service de traitement<\/div>\n<div class=\"cell value\">Poin\u00e7onnage, d\u00e9coupe<\/div>\n<\/div>\n<div class=\"row\">\n<div class=\"cell label\">Type<\/div>\n<div class=\"cell value\">dissipateur thermique en aluminium<\/div>\n<\/div>\n<div class=\"row\">\n<div class=\"cell label\">Mat\u00e9riau<\/div>\n<div class=\"cell value\">Aluminium<\/div>\n<\/div>\n<div class=\"row\">\n<div class=\"cell label\">Finition<\/div>\n<div class=\"cell value\">Rev\u00eatement par poudre, peinture, anodisation, galvanisation, bross\u00e9, naturel, sur mesure<\/div>\n<\/div>\n<div class=\"row\">\n<div class=\"cell label\">Taille<\/div>\n<div class=\"cell value\">3D,CAD,PDF<\/div>\n<\/div>\n<div class=\"row\">\n<div class=\"cell label\">Pr\u00e9cision<\/div>\n<div class=\"cell value\">+-0,1 mm<\/div>\n<\/div>\n<div class=\"row\">\n<div class=\"cell label\">Traitement<\/div>\n<div class=\"cell value\">CNC<\/div>\n<\/div>\n<div class=\"row\">\n<div class=\"cell label\">Syst\u00e8me QC<\/div>\n<div class=\"cell value\">Tenir des registres de contr\u00f4le de qualit\u00e9 d\u00e9taill\u00e9s<\/div>\n<\/div>\n<div class=\"row\">\n<div class=\"cell label\">Soudage<\/div>\n<div class=\"cell value\">TIG, MIG, Spot<\/div>\n<\/div>\n<div class=\"row\">\n<div class=\"cell label\">Certificat<\/div>\n<div class=\"cell value\">ISO9001:2008,ISO14000<\/div>\n<\/div>\n<div class=\"row\">\n<div class=\"cell label\">Type d'entreprise<\/div>\n<div class=\"cell value\">Fabricant, Usine<\/div>\n<\/div>\n<div class=\"row\">\n<div class=\"cell label\">Unit\u00e9s de vente<\/div>\n<div class=\"cell value\">Article unique<\/div>\n<\/div>\n<div class=\"row\">\n<div class=\"cell label\">Taille de l'emballage unique<\/div>\n<div class=\"cell value\">10X10X10 cm<\/div>\n<\/div>\n<div class=\"row\">\n<div class=\"cell label\">Poids brut unique<\/div>\n<div class=\"cell value\">1.000 KG<\/div>\n<\/div>\n<\/div>\n<p><\/p>\n<h2>Notre base de production<\/h2>\n<h3>Panorama de l'usine<\/h3>\n<p><img decoding=\"async\" src=\"\/wp-content\/uploads\/factory-01.webp\"\/><\/p>\n<h3>Atelier de fabrication de barres d'aluminium<\/h3>\n<p><img decoding=\"async\" src=\"\/wp-content\/uploads\/factory-02.webp\"\/><\/p>\n<p><img decoding=\"async\" src=\"\/wp-content\/uploads\/factory-03.webp\"\/><\/p>\n<h3>Entrep\u00f4t de stockage des moules<\/h3>\n<p><img decoding=\"async\" src=\"\/wp-content\/uploads\/factory-04.webp\"\/><\/p>\n<h3>43 lignes d'extrusion d'aluminium (500-5500 tonnes)<\/h3>\n<p><img decoding=\"async\" src=\"\/wp-content\/uploads\/factory-05.webp\"\/><\/p>\n<p><img decoding=\"async\" src=\"\/wp-content\/uploads\/factory-06.webp\"\/><\/p>\n<p><img decoding=\"async\" src=\"\/wp-content\/uploads\/factory-07.webp\"\/><\/p>\n<h3>Atelier de peinture en poudre<\/h3>\n<p><img decoding=\"async\" src=\"\/wp-content\/uploads\/factory-09.webp\"\/><\/p>\n<h3>Atelier d'anodisation<\/h3>\n<p><img decoding=\"async\" src=\"\/wp-content\/uploads\/factory-10.webp\"\/><\/p>\n<h3>Atelier sur le traitement en profondeur<\/h3>\n<p><img decoding=\"async\" src=\"\/wp-content\/uploads\/factory-11.webp\"\/><\/p>\n<h3>Atelier d'usinage de pr\u00e9cision CNC<\/h3>\n<p><img decoding=\"async\" src=\"\/wp-content\/uploads\/factory-11.5.webp\"\/><\/p>\n<h3>Entrep\u00f4t de produits finis et d'exportation<\/h3>\n<p><img decoding=\"async\" src=\"\/wp-content\/uploads\/factory-12.webp\"\/><\/p>\n<p><img decoding=\"async\" src=\"\/wp-content\/uploads\/factory-13.webp\"\/><\/p>\n<p><img decoding=\"async\" src=\"\/wp-content\/uploads\/factory-14.webp\"\/><\/p>\n<h2>FAQ<\/h2>\n<p><strong>1. Qu'est-ce qui rend les dissipateurs thermiques en aluminium extrud\u00e9 efficaces ?<\/strong><br \/>Le processus d'extrusion permet une dissipation optimale de la chaleur, am\u00e9liorant ainsi les performances de l'appareil.<\/p>\n<p><strong>2. Puis-je personnaliser ce dissipateur thermique en aluminium pour mon produit ?<\/strong><br \/>Oui, nous offrons la possibilit\u00e9 de personnaliser la taille, le design et la finition pour r\u00e9pondre \u00e0 vos besoins.<\/p>\n<p><strong>3. Ce dissipateur thermique est-il adapt\u00e9 aux applications \u00e0 haute temp\u00e9rature ?<\/strong><br \/>Oui, son mat\u00e9riau en aluminium est con\u00e7u pour assurer des performances fiables dans des environnements \u00e0 haute temp\u00e9rature.<\/p>\n<p><strong>4. Ce produit permet-il de passer des commandes en gros pour un usage industriel ?<\/strong><br \/>Absolument, nous r\u00e9pondons aux commandes industrielles \u00e0 petite et grande \u00e9chelle avec des MOQ flexibles.<\/p>\n<p><strong>5. Quelle est la durabilit\u00e9 du dissipateur thermique en aluminium extrud\u00e9 ?<\/strong><br \/>Fabriqu\u00e9 en aluminium de haute qualit\u00e9, il offre une excellente durabilit\u00e9 et une r\u00e9sistance \u00e0 la corrosion.<\/p>\n<p><strong>6. Puis-je demander une couleur sp\u00e9cifique pour le dissipateur thermique ?<\/strong><br \/>Oui, nous proposons des options de personnalisation des couleurs afin de nous aligner sur le design de votre produit.<\/p>\n<p><strong>7. Fournissez-vous une assistance technique pour l'int\u00e9gration des dissipateurs thermiques ?<\/strong><br \/>Oui, notre \u00e9quipe offre une assistance compl\u00e8te pour l'int\u00e9gration des dissipateurs thermiques dans vos syst\u00e8mes.<\/p>\n<p><\/p>","protected":false},"featured_media":10863,"template":"","categories":[72],"class_list":["post-10899","product","type-product","status-publish","has-post-thumbnail","hentry","category-extruded-aluminum-heatsink"],"meta_box":{"hilight_text_group":[{"product_hilight_text":"<li>Efficient heat dissipation for enhanced performance<\/li>\n<li>Customizable sizes and finishes to meet specific needs<\/li>\n<li>Lightweight design suitable for various electronic applications<\/li>\n<li>Corrosion-resistant aluminum material ensures longevity<\/li>\n<li>Supports both small and large-scale production requirements<\/li>"}],"feature_list":[]},"_links":{"self":[{"href":"https:\/\/sinoextrud.com\/fr\/wp-json\/wp\/v2\/product\/10899","targetHints":{"allow":["GET"]}}],"collection":[{"href":"https:\/\/sinoextrud.com\/fr\/wp-json\/wp\/v2\/product"}],"about":[{"href":"https:\/\/sinoextrud.com\/fr\/wp-json\/wp\/v2\/types\/product"}],"wp:featuredmedia":[{"embeddable":true,"href":"https:\/\/sinoextrud.com\/fr\/wp-json\/wp\/v2\/media\/10863"}],"wp:attachment":[{"href":"https:\/\/sinoextrud.com\/fr\/wp-json\/wp\/v2\/media?parent=10899"}],"wp:term":[{"taxonomy":"category","embeddable":true,"href":"https:\/\/sinoextrud.com\/fr\/wp-json\/wp\/v2\/categories?post=10899"}],"curies":[{"name":"wp","href":"https:\/\/api.w.org\/{rel}","templated":true}]}}