{"id":10896,"date":"2025-08-01T03:11:53","date_gmt":"2025-08-01T03:11:53","guid":{"rendered":"https:\/\/sinoextrud.com\/product\/aluminium-vapor-chamber-heat-sink-for-thermal-management\/"},"modified":"2025-08-01T03:11:53","modified_gmt":"2025-08-01T03:11:53","slug":"dissipateur-thermique-a-chambre-de-vapeur-en-aluminium-pour-la-gestion-thermique","status":"publish","type":"product","link":"https:\/\/sinoextrud.com\/fr\/product\/aluminium-vapor-chamber-heat-sink-for-thermal-management\/","title":{"rendered":"Dissipateur thermique \u00e0 chambre de vapeur en aluminium pour la gestion thermique"},"content":{"rendered":"<h2>D\u00e9tails des produits<\/h2>\n<div class=\"product-table\">\n<div class=\"row\">\n<div class=\"cell label\">Grade<\/div>\n<div class=\"cell value\">S\u00e9rie 6000<\/div>\n<\/div>\n<div class=\"row\">\n<div class=\"cell label\">Tol\u00e9rance<\/div>\n<div class=\"cell value\">\u00c2\u00b11%<\/div>\n<\/div>\n<div class=\"row\">\n<div class=\"cell label\">D\u00e9lai de livraison<\/div>\n<div class=\"cell value\">15-21 jours<\/div>\n<\/div>\n<div class=\"row\">\n<div class=\"cell label\">Temp\u00e9rer<\/div>\n<div class=\"cell value\">T3-T8<\/div>\n<\/div>\n<div class=\"row\">\n<div class=\"cell label\">Application<\/div>\n<div class=\"cell value\">Pliage, d\u00e9roulage, soudage, poin\u00e7onnage, d\u00e9coupage<\/div>\n<\/div>\n<div class=\"row\">\n<div class=\"cell label\">Forme<\/div>\n<div class=\"cell value\">Forme irr\u00e9guli\u00e8re<\/div>\n<\/div>\n<div class=\"row\">\n<div class=\"cell label\">Alliage ou non<\/div>\n<div class=\"cell value\">Est un alliage<\/div>\n<\/div>\n<div class=\"row\">\n<div class=\"cell label\">Service de traitement<\/div>\n<div class=\"cell value\">Pliage, d\u00e9roulage, soudage, poin\u00e7onnage, d\u00e9coupage<\/div>\n<\/div>\n<div class=\"row\">\n<div class=\"cell label\">Unit\u00e9s de vente<\/div>\n<div class=\"cell value\">Article unique<\/div>\n<\/div>\n<\/div>\n<p><\/p>\n<h2>Notre base de production<\/h2>\n<h3>Panorama de l'usine<\/h3>\n<p><img decoding=\"async\" src=\"\/wp-content\/uploads\/factory-01.webp\"\/><\/p>\n<h3>Atelier de fabrication de barres d'aluminium<\/h3>\n<p><img decoding=\"async\" src=\"\/wp-content\/uploads\/factory-02.webp\"\/><\/p>\n<p><img decoding=\"async\" src=\"\/wp-content\/uploads\/factory-03.webp\"\/><\/p>\n<h3>Entrep\u00f4t de stockage des moules<\/h3>\n<p><img decoding=\"async\" src=\"\/wp-content\/uploads\/factory-04.webp\"\/><\/p>\n<h3>43 lignes d'extrusion d'aluminium (500-5500 tonnes)<\/h3>\n<p><img decoding=\"async\" src=\"\/wp-content\/uploads\/factory-05.webp\"\/><\/p>\n<p><img decoding=\"async\" src=\"\/wp-content\/uploads\/factory-06.webp\"\/><\/p>\n<p><img decoding=\"async\" src=\"\/wp-content\/uploads\/factory-07.webp\"\/><\/p>\n<h3>Atelier de peinture en poudre<\/h3>\n<p><img decoding=\"async\" src=\"\/wp-content\/uploads\/factory-09.webp\"\/><\/p>\n<h3>Atelier d'anodisation<\/h3>\n<p><img decoding=\"async\" src=\"\/wp-content\/uploads\/factory-10.webp\"\/><\/p>\n<h3>Atelier sur le traitement en profondeur<\/h3>\n<p><img decoding=\"async\" src=\"\/wp-content\/uploads\/factory-11.webp\"\/><\/p>\n<h3>Atelier d'usinage de pr\u00e9cision CNC<\/h3>\n<p><img decoding=\"async\" src=\"\/wp-content\/uploads\/factory-11.5.webp\"\/><\/p>\n<h3>Entrep\u00f4t de produits finis et d'exportation<\/h3>\n<p><img decoding=\"async\" src=\"\/wp-content\/uploads\/factory-12.webp\"\/><\/p>\n<p><img decoding=\"async\" src=\"\/wp-content\/uploads\/factory-13.webp\"\/><\/p>\n<p><img decoding=\"async\" src=\"\/wp-content\/uploads\/factory-14.webp\"\/><\/p>\n<h2>FAQ<\/h2>\n<p><strong>1. Qu'est-ce qu'un dissipateur thermique \u00e0 chambre de vapeur en aluminium ?<\/strong><br \/>Un dissipateur thermique \u00e0 chambre de vapeur en aluminium est un dispositif de refroidissement qui utilise la technologie de la chambre de vapeur pour dissiper efficacement la chaleur.<\/p>\n<p><strong>2. Comment la chambre de vapeur am\u00e9liore-t-elle les performances du dissipateur thermique ?<\/strong><br \/>La chambre \u00e0 vapeur am\u00e9liore la distribution de la chaleur \u00e0 travers le dissipateur thermique, ce qui permet d'obtenir des solutions de refroidissement plus efficaces.<\/p>\n<p><strong>3. Le dissipateur thermique \u00e0 chambre de vapeur en aluminium peut-il \u00eatre personnalis\u00e9 pour diff\u00e9rents appareils ?<\/strong><br \/>Oui, ces dissipateurs thermiques peuvent \u00eatre adapt\u00e9s en taille et en forme pour r\u00e9pondre aux exigences sp\u00e9cifiques des appareils.<\/p>\n<p><strong>4. Le dissipateur thermique \u00e0 chambre de vapeur en aluminium est-il adapt\u00e9 au calcul \u00e0 haute performance ?<\/strong><br \/>Absolument, il est con\u00e7u pour r\u00e9pondre aux exigences de gestion thermique des syst\u00e8mes informatiques \u00e0 haute performance.<\/p>\n<p><strong>5. Quels sont les avantages de l'utilisation de l'aluminium dans les dissipateurs thermiques ?<\/strong><br \/>L'aluminium offre des propri\u00e9t\u00e9s de l\u00e9g\u00e8ret\u00e9 et de r\u00e9sistance \u00e0 la corrosion tout en conservant une excellente conductivit\u00e9 thermique.<\/p>\n<p><strong>6. Le dissipateur thermique peut-il \u00eatre utilis\u00e9 dans des applications industrielles ?<\/strong><br \/>Oui, le dissipateur thermique est polyvalent et convient aussi bien \u00e0 l'industrie qu'\u00e0 l'\u00e9lectronique grand public.<\/p>\n<p><strong>7. Fournissez-vous une assistance technique pour l'int\u00e9gration des dissipateurs thermiques ?<\/strong><br \/>Oui, nous offrons une assistance technique pour garantir une int\u00e9gration correcte et une optimisation des performances de nos dissipateurs thermiques.<\/p>\n<p><\/p>","protected":false},"featured_media":10738,"template":"","categories":[74],"class_list":["post-10896","product","type-product","status-publish","has-post-thumbnail","hentry","category-vapor-chamber"],"meta_box":{"hilight_text_group":[{"product_hilight_text":"<li>Optimized thermal performance with advanced vapor chamber technology<\/li>\n<li>Lightweight and durable aluminium construction for longevity<\/li>\n<li>Customizable dimensions and configurations for diverse applications<\/li>\n<li>Ideal for high-performance computing and electronic devices<\/li>\n<li>Supports efficient heat dissipation for both commercial and industrial use<\/li>"}],"feature_list":[]},"_links":{"self":[{"href":"https:\/\/sinoextrud.com\/fr\/wp-json\/wp\/v2\/product\/10896","targetHints":{"allow":["GET"]}}],"collection":[{"href":"https:\/\/sinoextrud.com\/fr\/wp-json\/wp\/v2\/product"}],"about":[{"href":"https:\/\/sinoextrud.com\/fr\/wp-json\/wp\/v2\/types\/product"}],"wp:featuredmedia":[{"embeddable":true,"href":"https:\/\/sinoextrud.com\/fr\/wp-json\/wp\/v2\/media\/10738"}],"wp:attachment":[{"href":"https:\/\/sinoextrud.com\/fr\/wp-json\/wp\/v2\/media?parent=10896"}],"wp:term":[{"taxonomy":"category","embeddable":true,"href":"https:\/\/sinoextrud.com\/fr\/wp-json\/wp\/v2\/categories?post=10896"}],"curies":[{"name":"wp","href":"https:\/\/api.w.org\/{rel}","templated":true}]}}