{"id":10894,"date":"2025-08-01T03:11:48","date_gmt":"2025-08-01T03:11:48","guid":{"rendered":"https:\/\/sinoextrud.com\/product\/aluminium-profile-heatsink-for-custom-enclosures\/"},"modified":"2025-08-01T03:11:48","modified_gmt":"2025-08-01T03:11:48","slug":"dissipateur-thermique-en-profile-daluminium-pour-boitiers-personnalises","status":"publish","type":"product","link":"https:\/\/sinoextrud.com\/fr\/product\/aluminium-profile-heatsink-for-custom-enclosures\/","title":{"rendered":"Dissipateur thermique en profil\u00e9 d'aluminium pour bo\u00eetiers personnalis\u00e9s"},"content":{"rendered":"<h2>D\u00e9tails des produits<\/h2>\n<div class=\"product-table\">\n<div class=\"row\">\n<div class=\"cell label\">Grade<\/div>\n<div class=\"cell value\">S\u00e9rie 6000<\/div>\n<\/div>\n<div class=\"row\">\n<div class=\"cell label\">Tol\u00e9rance<\/div>\n<div class=\"cell value\">\u00c2\u00b11%<\/div>\n<\/div>\n<div class=\"row\">\n<div class=\"cell label\">D\u00e9lai de livraison<\/div>\n<div class=\"cell value\">22-30 jours<\/div>\n<\/div>\n<div class=\"row\">\n<div class=\"cell label\">Temp\u00e9rer<\/div>\n<div class=\"cell value\">T3-T8<\/div>\n<\/div>\n<div class=\"row\">\n<div class=\"cell label\">Application<\/div>\n<div class=\"cell value\">led\/\u00e9lectronique\/cpu\/industrie<\/div>\n<\/div>\n<div class=\"row\">\n<div class=\"cell label\">Forme<\/div>\n<div class=\"cell value\">sur mesure<\/div>\n<\/div>\n<div class=\"row\">\n<div class=\"cell label\">Alliage ou non<\/div>\n<div class=\"cell value\">Est un alliage<\/div>\n<\/div>\n<div class=\"row\">\n<div class=\"cell label\">Service de traitement<\/div>\n<div class=\"cell value\">Pliage, d\u00e9roulage, soudage, poin\u00e7onnage, d\u00e9coupage<\/div>\n<\/div>\n<div class=\"row\">\n<div class=\"cell label\">Nom du produit<\/div>\n<div class=\"cell value\">Dissipateur thermique en aluminium sur mesure<\/div>\n<\/div>\n<div class=\"row\">\n<div class=\"cell label\">Mat\u00e9riau<\/div>\n<div class=\"cell value\">Alliage d'aluminium 6063 6061 6005<\/div>\n<\/div>\n<div class=\"row\">\n<div class=\"cell label\">Couleur<\/div>\n<div class=\"cell value\">Argent, noir, noir dor\u00e9, etc.<\/div>\n<\/div>\n<div class=\"row\">\n<div class=\"cell label\">Traitement de surface<\/div>\n<div class=\"cell value\">Finition en usine, anodisation, rev\u00eatement en poudre<\/div>\n<\/div>\n<div class=\"row\">\n<div class=\"cell label\">Certification<\/div>\n<div class=\"cell value\">ISO9001:2008<\/div>\n<\/div>\n<div class=\"row\">\n<div class=\"cell label\">forme<\/div>\n<div class=\"cell value\">Sur mesure<\/div>\n<\/div>\n<div class=\"row\">\n<div class=\"cell label\">Utilisation<\/div>\n<div class=\"cell value\">Led\/\u00e9lectronique\/cpu\/industrie<\/div>\n<\/div>\n<div class=\"row\">\n<div class=\"cell label\">\u00c9chantillon<\/div>\n<div class=\"cell value\">\u00c9chantillon gratuit<\/div>\n<\/div>\n<div class=\"row\">\n<div class=\"cell label\">Longueur<\/div>\n<div class=\"cell value\">Longueur sur mesure<\/div>\n<\/div>\n<div class=\"row\">\n<div class=\"cell label\">Service<\/div>\n<div class=\"cell value\">OEM ODM<\/div>\n<\/div>\n<div class=\"row\">\n<div class=\"cell label\">Unit\u00e9s de vente<\/div>\n<div class=\"cell value\">Article unique<\/div>\n<\/div>\n<div class=\"row\">\n<div class=\"cell label\">Taille de l'emballage unique<\/div>\n<div class=\"cell value\">30X20X20 cm<\/div>\n<\/div>\n<div class=\"row\">\n<div class=\"cell label\">Poids brut unique<\/div>\n<div class=\"cell value\">3.000 KG<\/div>\n<\/div>\n<\/div>\n<p><\/p>\n<h2>Notre base de production<\/h2>\n<h3>Panorama de l'usine<\/h3>\n<p><img decoding=\"async\" src=\"\/wp-content\/uploads\/factory-01.webp\"\/><\/p>\n<h3>Atelier de fabrication de barres d'aluminium<\/h3>\n<p><img decoding=\"async\" src=\"\/wp-content\/uploads\/factory-02.webp\"\/><\/p>\n<p><img decoding=\"async\" src=\"\/wp-content\/uploads\/factory-03.webp\"\/><\/p>\n<h3>Entrep\u00f4t de stockage des moules<\/h3>\n<p><img decoding=\"async\" src=\"\/wp-content\/uploads\/factory-04.webp\"\/><\/p>\n<h3>43 lignes d'extrusion d'aluminium (500-5500 tonnes)<\/h3>\n<p><img decoding=\"async\" src=\"\/wp-content\/uploads\/factory-05.webp\"\/><\/p>\n<p><img decoding=\"async\" src=\"\/wp-content\/uploads\/factory-06.webp\"\/><\/p>\n<p><img decoding=\"async\" src=\"\/wp-content\/uploads\/factory-07.webp\"\/><\/p>\n<h3>Atelier de peinture en poudre<\/h3>\n<p><img decoding=\"async\" src=\"\/wp-content\/uploads\/factory-09.webp\"\/><\/p>\n<h3>Atelier d'anodisation<\/h3>\n<p><img decoding=\"async\" src=\"\/wp-content\/uploads\/factory-10.webp\"\/><\/p>\n<h3>Atelier sur le traitement en profondeur<\/h3>\n<p><img decoding=\"async\" src=\"\/wp-content\/uploads\/factory-11.webp\"\/><\/p>\n<h3>Atelier d'usinage de pr\u00e9cision CNC<\/h3>\n<p><img decoding=\"async\" src=\"\/wp-content\/uploads\/factory-11.5.webp\"\/><\/p>\n<h3>Entrep\u00f4t de produits finis et d'exportation<\/h3>\n<p><img decoding=\"async\" src=\"\/wp-content\/uploads\/factory-12.webp\"\/><\/p>\n<p><img decoding=\"async\" src=\"\/wp-content\/uploads\/factory-13.webp\"\/><\/p>\n<p><img decoding=\"async\" src=\"\/wp-content\/uploads\/factory-14.webp\"\/><\/p>\n<h2>FAQ<\/h2>\n<p><strong>1. Quels sont les mat\u00e9riaux utilis\u00e9s dans les dissipateurs thermiques en profil\u00e9 d'aluminium ?<\/strong><br \/>Les dissipateurs sont principalement constitu\u00e9s d'aluminium de haute qualit\u00e9, connu pour son excellente conductivit\u00e9 thermique et ses propri\u00e9t\u00e9s de l\u00e9g\u00e8ret\u00e9.<\/p>\n<p><strong>2. Le dissipateur thermique en profil\u00e9 d'aluminium peut-il \u00eatre adapt\u00e9 \u00e0 des besoins sp\u00e9cifiques ?<\/strong><br \/>Oui, nous proposons des options de personnalisation en termes de dimensions, de formes et de finitions.<\/p>\n<p><strong>3. Le dissipateur thermique en profil\u00e9 d'aluminium est-il adapt\u00e9 aux applications de haute puissance ?<\/strong><br \/>Oui, sa gestion thermique efficace le rend id\u00e9al pour une gamme d'appareils \u00e9lectroniques de haute puissance.<\/p>\n<p><strong>4. Le dissipateur thermique en profil\u00e9 d'aluminium est-il compatible avec le marquage ?<\/strong><br \/>Des options de marquage sont disponibles ; vous pouvez inclure des logos et des dessins personnalis\u00e9s pour les commandes en gros.<\/p>\n<p><strong>5. Existe-t-il des exigences minimales de commande pour les dissipateurs thermiques personnalis\u00e9s ?<\/strong><br \/>Le MOQ d\u00e9pend des sp\u00e9cifications mais commence g\u00e9n\u00e9ralement \u00e0 100 unit\u00e9s pour les commandes personnalis\u00e9es.<\/p>\n<p><strong>6. Le dissipateur thermique en profil\u00e9 d'aluminium est-il \u00e9cologique ?<\/strong><br \/>Oui, il est fabriqu\u00e9 \u00e0 partir de mat\u00e9riaux recyclables, ce qui favorise les pratiques durables.<\/p>\n<p><strong>7. Proposez-vous une assistance pour l'exp\u00e9dition internationale de dissipateurs thermiques en profil\u00e9s d'aluminium ?<\/strong><br \/>Oui, nous proposons des solutions d'exp\u00e9dition \u00e0 l'\u00e9chelle mondiale et nous nous occupons de tous les documents d'exportation n\u00e9cessaires.<\/p>\n<p><\/p>","protected":false},"featured_media":10736,"template":"","categories":[72],"class_list":["post-10894","product","type-product","status-publish","has-post-thumbnail","hentry","category-extruded-aluminum-heatsink"],"meta_box":{"hilight_text_group":[{"product_hilight_text":"<li>Efficient thermal management for electronic devices<\/li>\n<li>Lightweight and corrosion-resistant aluminium material<\/li>\n<li>Customizable dimensions to fit specific device requirements<\/li>\n<li>Supports OEM and ODM customization options<\/li>\n<li>Sustainable and recyclable material choice<\/li>"}],"feature_list":[]},"_links":{"self":[{"href":"https:\/\/sinoextrud.com\/fr\/wp-json\/wp\/v2\/product\/10894","targetHints":{"allow":["GET"]}}],"collection":[{"href":"https:\/\/sinoextrud.com\/fr\/wp-json\/wp\/v2\/product"}],"about":[{"href":"https:\/\/sinoextrud.com\/fr\/wp-json\/wp\/v2\/types\/product"}],"wp:featuredmedia":[{"embeddable":true,"href":"https:\/\/sinoextrud.com\/fr\/wp-json\/wp\/v2\/media\/10736"}],"wp:attachment":[{"href":"https:\/\/sinoextrud.com\/fr\/wp-json\/wp\/v2\/media?parent=10894"}],"wp:term":[{"taxonomy":"category","embeddable":true,"href":"https:\/\/sinoextrud.com\/fr\/wp-json\/wp\/v2\/categories?post=10894"}],"curies":[{"name":"wp","href":"https:\/\/api.w.org\/{rel}","templated":true}]}}