{"id":10893,"date":"2025-08-01T03:11:46","date_gmt":"2025-08-01T03:11:46","guid":{"rendered":"https:\/\/sinoextrud.com\/product\/silver-aluminum-vapor-chamber-radiator-for-submarines\/"},"modified":"2025-08-01T03:11:46","modified_gmt":"2025-08-01T03:11:46","slug":"radiateur-a-chambre-de-vapeur-en-aluminium-argente-pour-sous-marins","status":"publish","type":"product","link":"https:\/\/sinoextrud.com\/fr\/product\/silver-aluminum-vapor-chamber-radiator-for-submarines\/","title":{"rendered":"Radiateur \u00e0 chambre de vapeur en aluminium argent\u00e9 pour sous-marins"},"content":{"rendered":"<h2>D\u00e9tails des produits<\/h2>\n<div class=\"product-table\">\n<div class=\"row\">\n<div class=\"cell label\">Usinage CNC ou non<\/div>\n<div class=\"cell value\">Usinage Cnc<\/div>\n<\/div>\n<div class=\"row\">\n<div class=\"cell label\">Capacit\u00e9s mat\u00e9rielles<\/div>\n<div class=\"cell value\">Aluminium, laiton, bronze, cuivre, m\u00e9taux tremp\u00e9s, m\u00e9taux pr\u00e9cieux, acier inoxydable, alliages d'acier, usinage plastique \u00e0 commande num\u00e9rique<\/div>\n<\/div>\n<div class=\"row\">\n<div class=\"cell label\">Type<\/div>\n<div class=\"cell value\">Brochage, per\u00e7age, gravure \/ usinage chimique, usinage au laser, fraisage, autres services d'usinage, prototypage rapide, tournage, \u00e9lectro\u00e9rosion \u00e0 fil<\/div>\n<\/div>\n<div class=\"row\">\n<div class=\"cell label\">Micro-usinage ou non<\/div>\n<div class=\"cell value\">Micro-usinage<\/div>\n<\/div>\n<div class=\"row\">\n<div class=\"cell label\">Mat\u00e9riau<\/div>\n<div class=\"cell value\">Aluminium, laiton, cuivre, acier inoxydable, etc.<\/div>\n<\/div>\n<div class=\"row\">\n<div class=\"cell label\">Finition<\/div>\n<div class=\"cell value\">Polissage, sablage, anodisation color\u00e9e, placage, etc.<\/div>\n<\/div>\n<div class=\"row\">\n<div class=\"cell label\">MOQ<\/div>\n<div class=\"cell value\">Non<\/div>\n<\/div>\n<div class=\"row\">\n<div class=\"cell label\">\u00c9chantillon<\/div>\n<div class=\"cell value\">Disponible<\/div>\n<\/div>\n<div class=\"row\">\n<div class=\"cell label\">Temps d'\u00e9chantillonnage<\/div>\n<div class=\"cell value\">7-10 jours<\/div>\n<\/div>\n<div class=\"row\">\n<div class=\"cell label\">Gamme de pr\u00e9cision<\/div>\n<div class=\"cell value\">0,010-0,002 mm<\/div>\n<\/div>\n<div class=\"row\">\n<div class=\"cell label\">OEM\/ODM<\/div>\n<div class=\"cell value\">Bienvenue<\/div>\n<\/div>\n<div class=\"row\">\n<div class=\"cell label\">Type de dessin<\/div>\n<div class=\"cell value\">JPEG, PDF, DWG, DXF, IGS, STEP, CAD<\/div>\n<\/div>\n<div class=\"row\">\n<div class=\"cell label\">Unit\u00e9s de vente<\/div>\n<div class=\"cell value\">Article unique<\/div>\n<\/div>\n<div class=\"row\">\n<div class=\"cell label\">Taille de l'emballage unique<\/div>\n<div class=\"cell value\">8X10X9 cm<\/div>\n<\/div>\n<div class=\"row\">\n<div class=\"cell label\">Poids brut unique<\/div>\n<div class=\"cell value\">0,030 KG<\/div>\n<\/div>\n<\/div>\n<p><\/p>\n<h2>Notre base de production<\/h2>\n<h3>Panorama de l'usine<\/h3>\n<p><img decoding=\"async\" src=\"\/wp-content\/uploads\/factory-01.webp\"\/><\/p>\n<h3>Atelier de fabrication de barres d'aluminium<\/h3>\n<p><img decoding=\"async\" src=\"\/wp-content\/uploads\/factory-02.webp\"\/><\/p>\n<p><img decoding=\"async\" src=\"\/wp-content\/uploads\/factory-03.webp\"\/><\/p>\n<h3>Entrep\u00f4t de stockage des moules<\/h3>\n<p><img decoding=\"async\" src=\"\/wp-content\/uploads\/factory-04.webp\"\/><\/p>\n<h3>43 lignes d'extrusion d'aluminium (500-5500 tonnes)<\/h3>\n<p><img decoding=\"async\" src=\"\/wp-content\/uploads\/factory-05.webp\"\/><\/p>\n<p><img decoding=\"async\" src=\"\/wp-content\/uploads\/factory-06.webp\"\/><\/p>\n<p><img decoding=\"async\" src=\"\/wp-content\/uploads\/factory-07.webp\"\/><\/p>\n<h3>Atelier de peinture en poudre<\/h3>\n<p><img decoding=\"async\" src=\"\/wp-content\/uploads\/factory-09.webp\"\/><\/p>\n<h3>Atelier d'anodisation<\/h3>\n<p><img decoding=\"async\" src=\"\/wp-content\/uploads\/factory-10.webp\"\/><\/p>\n<h3>Atelier sur le traitement en profondeur<\/h3>\n<p><img decoding=\"async\" src=\"\/wp-content\/uploads\/factory-11.webp\"\/><\/p>\n<h3>Atelier d'usinage de pr\u00e9cision CNC<\/h3>\n<p><img decoding=\"async\" src=\"\/wp-content\/uploads\/factory-11.5.webp\"\/><\/p>\n<h3>Entrep\u00f4t de produits finis et d'exportation<\/h3>\n<p><img decoding=\"async\" src=\"\/wp-content\/uploads\/factory-12.webp\"\/><\/p>\n<p><img decoding=\"async\" src=\"\/wp-content\/uploads\/factory-13.webp\"\/><\/p>\n<p><img decoding=\"async\" src=\"\/wp-content\/uploads\/factory-14.webp\"\/><\/p>\n<h2>FAQ<\/h2>\n<p><strong>1. Le radiateur \u00e0 chambre de vapeur en aluminium argent\u00e9 convient-il \u00e0 tous les mod\u00e8les de sous-marins ?<\/strong><br \/>Oui, il peut \u00eatre personnalis\u00e9 pour s'adapter \u00e0 diff\u00e9rents mod\u00e8les de sous-marins.<\/p>\n<p><strong>2. Quels sont les mat\u00e9riaux utilis\u00e9s pour la construction du radiateur ?<\/strong><br \/>Le radiateur est fabriqu\u00e9 en aluminium de haute qualit\u00e9, ce qui garantit sa durabilit\u00e9 et son efficacit\u00e9.<\/p>\n<p><strong>3. Comment la technologie de la chambre \u00e0 vapeur am\u00e9liore-t-elle la gestion thermique ?<\/strong><br \/>La technologie de la chambre \u00e0 vapeur r\u00e9partit uniform\u00e9ment la chaleur, am\u00e9liorant ainsi l'efficacit\u00e9 du refroidissement.<\/p>\n<p><strong>4. Ce radiateur peut-il r\u00e9sister \u00e0 des environnements marins difficiles ?<\/strong><br \/>Oui, il est r\u00e9sistant \u00e0 la corrosion et con\u00e7u sp\u00e9cifiquement pour les conditions marines.<\/p>\n<p><strong>5. Existe-t-il une quantit\u00e9 minimale de commande pour les clients B2B ?<\/strong><br \/>Des quantit\u00e9s minimales de commande peuvent \u00eatre discut\u00e9es pour r\u00e9pondre aux besoins sp\u00e9cifiques des entreprises.<\/p>\n<p><strong>6. Pouvons-nous obtenir un \u00e9chantillon de radiateur pour le tester ?<\/strong><br \/>Oui, des \u00e9chantillons sont disponibles pour des tests de compatibilit\u00e9.<\/p>\n<p><strong>7. Offrez-vous une assistance pour l'installation et les questions techniques ?<\/strong><br \/>Oui, notre \u00e9quipe technique fournit une assistance pour l'installation et toute autre question.<\/p>\n<p><\/p>","protected":false},"featured_media":10866,"template":"","categories":[74],"class_list":["post-10893","product","type-product","status-publish","has-post-thumbnail","hentry","category-vapor-chamber"],"meta_box":{"hilight_text_group":[{"product_hilight_text":"<li>Engineered specifically for submarine environments<\/li>\n<li>Constructed from high-quality aluminum for durability<\/li>\n<li>Efficient thermal management with vapor chamber technology<\/li>\n<li>Corrosion-resistant design ideal for marine applications<\/li>\n<li>Customizable size and specifications for B2B needs<\/li>"}],"feature_list":[]},"_links":{"self":[{"href":"https:\/\/sinoextrud.com\/fr\/wp-json\/wp\/v2\/product\/10893","targetHints":{"allow":["GET"]}}],"collection":[{"href":"https:\/\/sinoextrud.com\/fr\/wp-json\/wp\/v2\/product"}],"about":[{"href":"https:\/\/sinoextrud.com\/fr\/wp-json\/wp\/v2\/types\/product"}],"wp:featuredmedia":[{"embeddable":true,"href":"https:\/\/sinoextrud.com\/fr\/wp-json\/wp\/v2\/media\/10866"}],"wp:attachment":[{"href":"https:\/\/sinoextrud.com\/fr\/wp-json\/wp\/v2\/media?parent=10893"}],"wp:term":[{"taxonomy":"category","embeddable":true,"href":"https:\/\/sinoextrud.com\/fr\/wp-json\/wp\/v2\/categories?post=10893"}],"curies":[{"name":"wp","href":"https:\/\/api.w.org\/{rel}","templated":true}]}}