{"id":10892,"date":"2025-08-01T03:11:43","date_gmt":"2025-08-01T03:11:43","guid":{"rendered":"https:\/\/sinoextrud.com\/product\/aluminium-heat-sink-for-superconducting-applications\/"},"modified":"2025-08-01T03:11:43","modified_gmt":"2025-08-01T03:11:43","slug":"dissipateur-thermique-en-aluminium-pour-applications-supraconductrices","status":"publish","type":"product","link":"https:\/\/sinoextrud.com\/fr\/product\/aluminium-heat-sink-for-superconducting-applications\/","title":{"rendered":"Dissipateur thermique en aluminium pour applications supraconductrices"},"content":{"rendered":"<h2>D\u00e9tails des produits<\/h2>\n<div class=\"product-table\">\n<div class=\"row\">\n<div class=\"cell label\">Grade<\/div>\n<div class=\"cell value\">S\u00e9rie 6000<\/div>\n<\/div>\n<div class=\"row\">\n<div class=\"cell label\">Tol\u00e9rance<\/div>\n<div class=\"cell value\">\u00c2\u00b110%<\/div>\n<\/div>\n<div class=\"row\">\n<div class=\"cell label\">D\u00e9lai de livraison<\/div>\n<div class=\"cell value\">31-45 jours<\/div>\n<\/div>\n<div class=\"row\">\n<div class=\"cell label\">Temp\u00e9rer<\/div>\n<div class=\"cell value\">T3-T8<\/div>\n<\/div>\n<div class=\"row\">\n<div class=\"cell label\">Application<\/div>\n<div class=\"cell value\">Dissipateur thermique<\/div>\n<\/div>\n<div class=\"row\">\n<div class=\"cell label\">Forme<\/div>\n<div class=\"cell value\">plat<\/div>\n<\/div>\n<div class=\"row\">\n<div class=\"cell label\">Alliage ou non<\/div>\n<div class=\"cell value\">Non-alliage<\/div>\n<\/div>\n<div class=\"row\">\n<div class=\"cell label\">Service de traitement<\/div>\n<div class=\"cell value\">Pliage, d\u00e9roulage, soudage, poin\u00e7onnage, d\u00e9coupage<\/div>\n<\/div>\n<div class=\"row\">\n<div class=\"cell label\">Nom du produit<\/div>\n<div class=\"cell value\">Plaque de refroidissement de l'eau personnalis\u00e9e Plaque de refroidissement des liquides en aluminium<\/div>\n<\/div>\n<div class=\"row\">\n<div class=\"cell label\">Mat\u00e9riau<\/div>\n<div class=\"cell value\">Alliage d'aluminium 6063<\/div>\n<\/div>\n<div class=\"row\">\n<div class=\"cell label\">MOQ<\/div>\n<div class=\"cell value\">1pcs<\/div>\n<\/div>\n<div class=\"row\">\n<div class=\"cell label\">Utilisation<\/div>\n<div class=\"cell value\">syst\u00e8me de refroidissement \u00e0 l'eau<\/div>\n<\/div>\n<div class=\"row\">\n<div class=\"cell label\">Certification<\/div>\n<div class=\"cell value\">ISO 9001\/ROHS<\/div>\n<\/div>\n<div class=\"row\">\n<div class=\"cell label\">Taille<\/div>\n<div class=\"cell value\">Dessin des clients<\/div>\n<\/div>\n<div class=\"row\">\n<div class=\"cell label\">Mot-cl\u00e9<\/div>\n<div class=\"cell value\">dissipateur thermique refroidi, plaque de refroidissement \u00e0 l'eau, plaque de refroidissement liquide, bloc d'eau<\/div>\n<\/div>\n<div class=\"row\">\n<div class=\"cell label\">Paquet<\/div>\n<div class=\"cell value\">emballage sur mesure<\/div>\n<\/div>\n<div class=\"row\">\n<div class=\"cell label\">D\u00e9lai de livraison<\/div>\n<div class=\"cell value\">20-45 jours<\/div>\n<\/div>\n<div class=\"row\">\n<div class=\"cell label\">Fabrication<\/div>\n<div class=\"cell value\">Usinage CNC Etc<\/div>\n<\/div>\n<div class=\"row\">\n<div class=\"cell label\">Unit\u00e9s de vente<\/div>\n<div class=\"cell value\">Article unique<\/div>\n<\/div>\n<div class=\"row\">\n<div class=\"cell label\">Taille de l'emballage unique<\/div>\n<div class=\"cell value\">35X30X2 cm<\/div>\n<\/div>\n<div class=\"row\">\n<div class=\"cell label\">Poids brut unique<\/div>\n<div class=\"cell value\">1.200 KG<\/div>\n<\/div>\n<\/div>\n<p><\/p>\n<h2>Notre base de production<\/h2>\n<h3>Panorama de l'usine<\/h3>\n<p><img decoding=\"async\" src=\"\/wp-content\/uploads\/factory-01.webp\"\/><\/p>\n<h3>Atelier de fabrication de barres d'aluminium<\/h3>\n<p><img decoding=\"async\" src=\"\/wp-content\/uploads\/factory-02.webp\"\/><\/p>\n<p><img decoding=\"async\" src=\"\/wp-content\/uploads\/factory-03.webp\"\/><\/p>\n<h3>Entrep\u00f4t de stockage des moules<\/h3>\n<p><img decoding=\"async\" src=\"\/wp-content\/uploads\/factory-04.webp\"\/><\/p>\n<h3>43 lignes d'extrusion d'aluminium (500-5500 tonnes)<\/h3>\n<p><img decoding=\"async\" src=\"\/wp-content\/uploads\/factory-05.webp\"\/><\/p>\n<p><img decoding=\"async\" src=\"\/wp-content\/uploads\/factory-06.webp\"\/><\/p>\n<p><img decoding=\"async\" src=\"\/wp-content\/uploads\/factory-07.webp\"\/><\/p>\n<h3>Atelier de peinture en poudre<\/h3>\n<p><img decoding=\"async\" src=\"\/wp-content\/uploads\/factory-09.webp\"\/><\/p>\n<h3>Atelier d'anodisation<\/h3>\n<p><img decoding=\"async\" src=\"\/wp-content\/uploads\/factory-10.webp\"\/><\/p>\n<h3>Atelier sur le traitement en profondeur<\/h3>\n<p><img decoding=\"async\" src=\"\/wp-content\/uploads\/factory-11.webp\"\/><\/p>\n<h3>Atelier d'usinage de pr\u00e9cision CNC<\/h3>\n<p><img decoding=\"async\" src=\"\/wp-content\/uploads\/factory-11.5.webp\"\/><\/p>\n<h3>Entrep\u00f4t de produits finis et d'exportation<\/h3>\n<p><img decoding=\"async\" src=\"\/wp-content\/uploads\/factory-12.webp\"\/><\/p>\n<p><img decoding=\"async\" src=\"\/wp-content\/uploads\/factory-13.webp\"\/><\/p>\n<p><img decoding=\"async\" src=\"\/wp-content\/uploads\/factory-14.webp\"\/><\/p>\n<h2>FAQ<\/h2>\n<p><strong>1. Quelle est la fonction principale du dissipateur thermique en aluminium ?<\/strong><br \/>Sa fonction premi\u00e8re est de dissiper efficacement la chaleur dans les applications supraconductrices.<\/p>\n<p><strong>2. Le dissipateur thermique en aluminium peut-il \u00eatre personnalis\u00e9 pour r\u00e9pondre \u00e0 des besoins sp\u00e9cifiques ?<\/strong><br \/>Oui, il peut \u00eatre adapt\u00e9 pour r\u00e9pondre \u00e0 des sp\u00e9cifications sp\u00e9cifiques de taille et de temp\u00e9rature.<\/p>\n<p><strong>3. Ce dissipateur thermique en aluminium convient-il \u00e0 tous les types de syst\u00e8mes supraconducteurs ?<\/strong><br \/>Il est con\u00e7u pour les syst\u00e8mes supraconducteurs \u00e0 temp\u00e9rature moyenne, mais peut \u00eatre adapt\u00e9 \u00e0 d'autres types de syst\u00e8mes.<\/p>\n<p><strong>4. Est-il possible de l'int\u00e9grer aux syst\u00e8mes de refroidissement existants ?<\/strong><br \/>Oui, il est compatible avec diff\u00e9rents syst\u00e8mes de refroidissement et fluides pour une int\u00e9gration parfaite.<\/p>\n<p><strong>5. Quels sont les mat\u00e9riaux utilis\u00e9s dans le dissipateur thermique en aluminium ?<\/strong><br \/>Il est fabriqu\u00e9 en aluminium de haute qualit\u00e9, ce qui lui conf\u00e8re une excellente conductivit\u00e9 thermique et une grande r\u00e9sistance \u00e0 la corrosion.<\/p>\n<p><strong>6. Comment le dissipateur thermique en aluminium contribue-t-il \u00e0 l'efficacit\u00e9 du syst\u00e8me ?<\/strong><br \/>En dissipant efficacement la chaleur, il am\u00e9liore les performances globales et la fiabilit\u00e9 des syst\u00e8mes supraconducteurs.<\/p>\n<p><strong>7. Fournissez-vous une assistance technique pour l'installation ?<\/strong><br \/>Oui, une installation compl\u00e8te et une assistance technique sont disponibles pour tous les clients.<\/p>\n<p><\/p>","protected":false},"featured_media":10734,"template":"","categories":[72],"class_list":["post-10892","product","type-product","status-publish","has-post-thumbnail","hentry","category-extruded-aluminum-heatsink"],"meta_box":{"hilight_text_group":[{"product_hilight_text":"<li>Efficient thermal management for superconducting applications<\/li>\n<li>Customizable design to fit specific system requirements<\/li>\n<li>Lightweight construction for easy installation and handling<\/li>\n<li>Corrosion-resistant materials for long-term performance<\/li>\n<li>Compatible with various cooling fluids and systems<\/li>"}],"feature_list":[]},"_links":{"self":[{"href":"https:\/\/sinoextrud.com\/fr\/wp-json\/wp\/v2\/product\/10892","targetHints":{"allow":["GET"]}}],"collection":[{"href":"https:\/\/sinoextrud.com\/fr\/wp-json\/wp\/v2\/product"}],"about":[{"href":"https:\/\/sinoextrud.com\/fr\/wp-json\/wp\/v2\/types\/product"}],"wp:featuredmedia":[{"embeddable":true,"href":"https:\/\/sinoextrud.com\/fr\/wp-json\/wp\/v2\/media\/10734"}],"wp:attachment":[{"href":"https:\/\/sinoextrud.com\/fr\/wp-json\/wp\/v2\/media?parent=10892"}],"wp:term":[{"taxonomy":"category","embeddable":true,"href":"https:\/\/sinoextrud.com\/fr\/wp-json\/wp\/v2\/categories?post=10892"}],"curies":[{"name":"wp","href":"https:\/\/api.w.org\/{rel}","templated":true}]}}