{"id":10889,"date":"2025-08-01T03:11:36","date_gmt":"2025-08-01T03:11:36","guid":{"rendered":"https:\/\/sinoextrud.com\/product\/computer-stand-aluminum-heat-sink-for-cooling\/"},"modified":"2025-08-01T03:11:36","modified_gmt":"2025-08-01T03:11:36","slug":"support-dordinateur-dissipateur-de-chaleur-en-aluminium-pour-le-refroidissement","status":"publish","type":"product","link":"https:\/\/sinoextrud.com\/fr\/product\/computer-stand-aluminum-heat-sink-for-cooling\/","title":{"rendered":"Support d'ordinateur Dissipateur thermique en aluminium pour le refroidissement"},"content":{"rendered":"<h2>D\u00e9tails des produits<\/h2>\n<div class=\"product-table\">\n<div class=\"row\">\n<div class=\"cell label\">type<\/div>\n<div class=\"cell value\">Dissipateur thermique<\/div>\n<\/div>\n<div class=\"row\">\n<div class=\"cell label\">application<\/div>\n<div class=\"cell value\">Aucun<\/div>\n<\/div>\n<div class=\"row\">\n<div class=\"cell label\">taille du ventilateur<\/div>\n<div class=\"cell value\">Aucun<\/div>\n<\/div>\n<div class=\"row\">\n<div class=\"cell label\">pouvoir<\/div>\n<div class=\"cell value\">Aucun<\/div>\n<\/div>\n<div class=\"row\">\n<div class=\"cell label\">volume d'air<\/div>\n<div class=\"cell value\">Aucun<\/div>\n<\/div>\n<div class=\"row\">\n<div class=\"cell label\">mat\u00e9riau du dissipateur thermique<\/div>\n<div class=\"cell value\">Cuivre et aluminium<\/div>\n<\/div>\n<div class=\"row\">\n<div class=\"cell label\">interface de puissance<\/div>\n<div class=\"cell value\">Aucun<\/div>\n<\/div>\n<div class=\"row\">\n<div class=\"cell label\">bruit<\/div>\n<div class=\"cell value\">Aucun<\/div>\n<\/div>\n<div class=\"row\">\n<div class=\"cell label\">contr\u00f4le de la vitesse du ventilateur<\/div>\n<div class=\"cell value\">Aucun<\/div>\n<\/div>\n<div class=\"row\">\n<div class=\"cell label\">Mat\u00e9riau<\/div>\n<div class=\"cell value\">Aluminium et cuivre<\/div>\n<\/div>\n<div class=\"row\">\n<div class=\"cell label\">Finition<\/div>\n<div class=\"cell value\">Anodisation\/polissage\/brossage\/rev\u00eatement divers<\/div>\n<\/div>\n<div class=\"row\">\n<div class=\"cell label\">Utilisation<\/div>\n<div class=\"cell value\">Dissipation de la chaleur<\/div>\n<\/div>\n<div class=\"row\">\n<div class=\"cell label\">Taille<\/div>\n<div class=\"cell value\">25*25*25\/ Demande du client<\/div>\n<\/div>\n<div class=\"row\">\n<div class=\"cell label\">Couleur<\/div>\n<div class=\"cell value\">Argent\/rouge\/noir\/couleur personnalis\u00e9e<\/div>\n<\/div>\n<div class=\"row\">\n<div class=\"cell label\">Service de traitement<\/div>\n<div class=\"cell value\">Pliage, d\u00e9roulage, soudage, poin\u00e7onnage, d\u00e9coupage<\/div>\n<\/div>\n<div class=\"row\">\n<div class=\"cell label\">Service<\/div>\n<div class=\"cell value\">OEM&amp;ODM<\/div>\n<\/div>\n<div class=\"row\">\n<div class=\"cell label\">Grade<\/div>\n<div class=\"cell value\">S\u00e9rie 6000, 6063\/6061\/6005\/6060 T5\/T6<\/div>\n<\/div>\n<div class=\"row\">\n<div class=\"cell label\">Processus en profondeur<\/div>\n<div class=\"cell value\">Sous CNC<\/div>\n<\/div>\n<div class=\"row\">\n<div class=\"cell label\">Port d'exp\u00e9dition<\/div>\n<div class=\"cell value\">shenzhen<\/div>\n<\/div>\n<div class=\"row\">\n<div class=\"cell label\">Unit\u00e9s de vente<\/div>\n<div class=\"cell value\">Article unique<\/div>\n<\/div>\n<div class=\"row\">\n<div class=\"cell label\">Taille de l'emballage unique<\/div>\n<div class=\"cell value\">25X25X25 cm<\/div>\n<\/div>\n<div class=\"row\">\n<div class=\"cell label\">Poids brut unique<\/div>\n<div class=\"cell value\">0,600 KG<\/div>\n<\/div>\n<div class=\"row\">\n<div class=\"cell label\">Capacit\u00e9 d'approvisionnement<\/div>\n<div class=\"cell value\">30000 pi\u00e8ces par semaine<\/div>\n<\/div>\n<\/div>\n<p><\/p>\n<h2>Notre base de production<\/h2>\n<h3>Panorama de l'usine<\/h3>\n<p><img decoding=\"async\" src=\"\/wp-content\/uploads\/factory-01.webp\"\/><\/p>\n<h3>Atelier de fabrication de barres d'aluminium<\/h3>\n<p><img decoding=\"async\" src=\"\/wp-content\/uploads\/factory-02.webp\"\/><\/p>\n<p><img decoding=\"async\" src=\"\/wp-content\/uploads\/factory-03.webp\"\/><\/p>\n<h3>Entrep\u00f4t de stockage des moules<\/h3>\n<p><img decoding=\"async\" src=\"\/wp-content\/uploads\/factory-04.webp\"\/><\/p>\n<h3>43 lignes d'extrusion d'aluminium (500-5500 tonnes)<\/h3>\n<p><img decoding=\"async\" src=\"\/wp-content\/uploads\/factory-05.webp\"\/><\/p>\n<p><img decoding=\"async\" src=\"\/wp-content\/uploads\/factory-06.webp\"\/><\/p>\n<p><img decoding=\"async\" src=\"\/wp-content\/uploads\/factory-07.webp\"\/><\/p>\n<h3>Atelier de peinture en poudre<\/h3>\n<p><img decoding=\"async\" src=\"\/wp-content\/uploads\/factory-09.webp\"\/><\/p>\n<h3>Atelier d'anodisation<\/h3>\n<p><img decoding=\"async\" src=\"\/wp-content\/uploads\/factory-10.webp\"\/><\/p>\n<h3>Atelier sur le traitement en profondeur<\/h3>\n<p><img decoding=\"async\" src=\"\/wp-content\/uploads\/factory-11.webp\"\/><\/p>\n<h3>Atelier d'usinage de pr\u00e9cision CNC<\/h3>\n<p><img decoding=\"async\" src=\"\/wp-content\/uploads\/factory-11.5.webp\"\/><\/p>\n<h3>Entrep\u00f4t de produits finis et d'exportation<\/h3>\n<p><img decoding=\"async\" src=\"\/wp-content\/uploads\/factory-12.webp\"\/><\/p>\n<p><img decoding=\"async\" src=\"\/wp-content\/uploads\/factory-13.webp\"\/><\/p>\n<p><img decoding=\"async\" src=\"\/wp-content\/uploads\/factory-14.webp\"\/><\/p>\n<h2>FAQ<\/h2>\n<p><strong>1. Quelles tailles d'ordinateurs portables sont compatibles avec ce support d'ordinateur ?<\/strong><br \/>Ce support est compatible avec la plupart des ordinateurs portables de taille standard.<\/p>\n<p><strong>2. Comment le dissipateur thermique en aluminium am\u00e9liore-t-il les performances de l'ordinateur ?<\/strong><br \/>Le dissipateur thermique en aluminium am\u00e9liore la dissipation de la chaleur, ce qui permet de refroidir les appareils et d'am\u00e9liorer les performances.<\/p>\n<p><strong>3. Le stand peut-il \u00eatre utilis\u00e9 \u00e0 des fins commerciales ?<\/strong><br \/>Oui, il est con\u00e7u pour un usage personnel et professionnel.<\/p>\n<p><strong>4. Est-il possible de personnaliser le support d'ordinateur pour notre entreprise ?<\/strong><br \/>Oui, des options de marquage d'entreprise telles que l'impression de logos sont disponibles.<\/p>\n<p><strong>5. Le support d'ordinateur permet-il une utilisation ergonomique ?<\/strong><br \/>Oui, sa conception ergonomique permet d'am\u00e9liorer la posture pendant l'utilisation.<\/p>\n<p><strong>6. De quel mat\u00e9riau est fait le support de l'ordinateur ?<\/strong><br \/>Le support est fabriqu\u00e9 en aluminium de haute qualit\u00e9 pour une plus grande durabilit\u00e9.<\/p>\n<p><strong>7. Proposez-vous un service d'exp\u00e9dition internationale pour les commandes en gros ?<\/strong><br \/>Oui, l'exp\u00e9dition internationale est possible, et nous pouvons vous aider \u00e0 mettre en place la logistique n\u00e9cessaire.<\/p>\n<p><\/p>","protected":false},"featured_media":10868,"template":"","categories":[55],"class_list":["post-10889","product","type-product","status-publish","has-post-thumbnail","hentry","category-extruded-aluminum-profiles"],"meta_box":{"hilight_text_group":[{"product_hilight_text":"<li>Enhanced heat dissipation to improve computer performance<\/li>\n<li>Durable aluminum construction for long-lasting use<\/li>\n<li>Ergonomic design to promote better posture<\/li>\n<li>Compatible with a wide range of laptop sizes<\/li>\n<li>Customizable design for corporate branding needs<\/li>"}],"feature_list":[]},"_links":{"self":[{"href":"https:\/\/sinoextrud.com\/fr\/wp-json\/wp\/v2\/product\/10889","targetHints":{"allow":["GET"]}}],"collection":[{"href":"https:\/\/sinoextrud.com\/fr\/wp-json\/wp\/v2\/product"}],"about":[{"href":"https:\/\/sinoextrud.com\/fr\/wp-json\/wp\/v2\/types\/product"}],"wp:featuredmedia":[{"embeddable":true,"href":"https:\/\/sinoextrud.com\/fr\/wp-json\/wp\/v2\/media\/10868"}],"wp:attachment":[{"href":"https:\/\/sinoextrud.com\/fr\/wp-json\/wp\/v2\/media?parent=10889"}],"wp:term":[{"taxonomy":"category","embeddable":true,"href":"https:\/\/sinoextrud.com\/fr\/wp-json\/wp\/v2\/categories?post=10889"}],"curies":[{"name":"wp","href":"https:\/\/api.w.org\/{rel}","templated":true}]}}