{"id":10888,"date":"2025-08-01T03:11:33","date_gmt":"2025-08-01T03:11:33","guid":{"rendered":"https:\/\/sinoextrud.com\/product\/aluminum-bitcoin-mining-machine-case\/"},"modified":"2025-08-01T03:11:33","modified_gmt":"2025-08-01T03:11:33","slug":"boitier-de-la-machine-dextraction-de-bitcoins-en-aluminium","status":"publish","type":"product","link":"https:\/\/sinoextrud.com\/fr\/product\/aluminum-bitcoin-mining-machine-case\/","title":{"rendered":"Bo\u00eetier en aluminium pour machine d'extraction de bitcoins"},"content":{"rendered":"<h2>D\u00e9tails des produits<\/h2>\n<div class=\"product-table\">\n<div class=\"row\">\n<div class=\"cell label\">Grade<\/div>\n<div class=\"cell value\">S\u00e9rie 6000<\/div>\n<\/div>\n<div class=\"row\">\n<div class=\"cell label\">Tol\u00e9rance<\/div>\n<div class=\"cell value\">\u00c2\u00b11%<\/div>\n<\/div>\n<div class=\"row\">\n<div class=\"cell label\">D\u00e9lai de livraison<\/div>\n<div class=\"cell value\">15-21 jours<\/div>\n<\/div>\n<div class=\"row\">\n<div class=\"cell label\">Temp\u00e9rer<\/div>\n<div class=\"cell value\">T5.T6<\/div>\n<\/div>\n<div class=\"row\">\n<div class=\"cell label\">Application<\/div>\n<div class=\"cell value\">D\u00e9corations<\/div>\n<\/div>\n<div class=\"row\">\n<div class=\"cell label\">Forme<\/div>\n<div class=\"cell value\">Coustom<\/div>\n<\/div>\n<div class=\"row\">\n<div class=\"cell label\">Alliage ou non<\/div>\n<div class=\"cell value\">Est un alliage<\/div>\n<\/div>\n<div class=\"row\">\n<div class=\"cell label\">Service de traitement<\/div>\n<div class=\"cell value\">Pliage, d\u00e9roulage, soudage, poin\u00e7onnage, d\u00e9coupage<\/div>\n<\/div>\n<div class=\"row\">\n<div class=\"cell label\">Nom du produit<\/div>\n<div class=\"cell value\">Profil\u00e9 d'aluminium sur mesure<\/div>\n<\/div>\n<div class=\"row\">\n<div class=\"cell label\">Traitement de surface<\/div>\n<div class=\"cell value\">Anodisation\/couche de poudre<\/div>\n<\/div>\n<div class=\"row\">\n<div class=\"cell label\">Couleur<\/div>\n<div class=\"cell value\">Argent et noir<\/div>\n<\/div>\n<div class=\"row\">\n<div class=\"cell label\">Mat\u00e9riau<\/div>\n<div class=\"cell value\">Alliage 6063\/6061\/T5\/T6<\/div>\n<\/div>\n<div class=\"row\">\n<div class=\"cell label\">Longueur<\/div>\n<div class=\"cell value\">10mm-7000mm<\/div>\n<\/div>\n<div class=\"row\">\n<div class=\"cell label\">Certification<\/div>\n<div class=\"cell value\">ISO9001:2015<\/div>\n<\/div>\n<div class=\"row\">\n<div class=\"cell label\">MOQ<\/div>\n<div class=\"cell value\">1Kg<\/div>\n<\/div>\n<div class=\"row\">\n<div class=\"cell label\">Taille<\/div>\n<div class=\"cell value\">Dessins<\/div>\n<\/div>\n<div class=\"row\">\n<div class=\"cell label\">D\u00e9lai de paiement<\/div>\n<div class=\"cell value\">T\/T<\/div>\n<\/div>\n<div class=\"row\">\n<div class=\"cell label\">Application<\/div>\n<div class=\"cell value\">Ch\u00e2ssis de robot, postes de travail, imprimante 3D pour diverses occasions, etc.<\/div>\n<\/div>\n<div class=\"row\">\n<div class=\"cell label\">Unit\u00e9s de vente<\/div>\n<div class=\"cell value\">Article unique<\/div>\n<\/div>\n<div class=\"row\">\n<div class=\"cell label\">Taille de l'emballage unique<\/div>\n<div class=\"cell value\">10X4X8 cm<\/div>\n<\/div>\n<div class=\"row\">\n<div class=\"cell label\">Poids brut unique<\/div>\n<div class=\"cell value\">3.650 KG<\/div>\n<\/div>\n<\/div>\n<p><\/p>\n<h2>Notre base de production<\/h2>\n<h3>Panorama de l'usine<\/h3>\n<p><img decoding=\"async\" src=\"\/wp-content\/uploads\/factory-01.webp\"\/><\/p>\n<h3>Atelier de fabrication de barres d'aluminium<\/h3>\n<p><img decoding=\"async\" src=\"\/wp-content\/uploads\/factory-02.webp\"\/><\/p>\n<p><img decoding=\"async\" src=\"\/wp-content\/uploads\/factory-03.webp\"\/><\/p>\n<h3>Entrep\u00f4t de stockage des moules<\/h3>\n<p><img decoding=\"async\" src=\"\/wp-content\/uploads\/factory-04.webp\"\/><\/p>\n<h3>43 lignes d'extrusion d'aluminium (500-5500 tonnes)<\/h3>\n<p><img decoding=\"async\" src=\"\/wp-content\/uploads\/factory-05.webp\"\/><\/p>\n<p><img decoding=\"async\" src=\"\/wp-content\/uploads\/factory-06.webp\"\/><\/p>\n<p><img decoding=\"async\" src=\"\/wp-content\/uploads\/factory-07.webp\"\/><\/p>\n<h3>Atelier de peinture en poudre<\/h3>\n<p><img decoding=\"async\" src=\"\/wp-content\/uploads\/factory-09.webp\"\/><\/p>\n<h3>Atelier d'anodisation<\/h3>\n<p><img decoding=\"async\" src=\"\/wp-content\/uploads\/factory-10.webp\"\/><\/p>\n<h3>Atelier sur le traitement en profondeur<\/h3>\n<p><img decoding=\"async\" src=\"\/wp-content\/uploads\/factory-11.webp\"\/><\/p>\n<h3>Atelier d'usinage de pr\u00e9cision CNC<\/h3>\n<p><img decoding=\"async\" src=\"\/wp-content\/uploads\/factory-11.5.webp\"\/><\/p>\n<h3>Entrep\u00f4t de produits finis et d'exportation<\/h3>\n<p><img decoding=\"async\" src=\"\/wp-content\/uploads\/factory-12.webp\"\/><\/p>\n<p><img decoding=\"async\" src=\"\/wp-content\/uploads\/factory-13.webp\"\/><\/p>\n<p><img decoding=\"async\" src=\"\/wp-content\/uploads\/factory-14.webp\"\/><\/p>\n<h2>FAQ<\/h2>\n<p><strong>1. Quel est l'avantage d'utiliser un bo\u00eetier en aluminium pour le minage de Bitcoin ?<\/strong><br \/>Le bo\u00eetier en aluminium assure une meilleure dissipation de la chaleur, ce qui am\u00e9liore l'efficacit\u00e9 et la dur\u00e9e de vie du mat\u00e9riel d'exploitation mini\u00e8re.<\/p>\n<p><strong>2. La mallette en aluminium pour machine d'extraction de bitcoins peut-elle s'adapter \u00e0 diff\u00e9rents types de mat\u00e9riel ?<\/strong><br \/>Oui, il est con\u00e7u pour s'adapter \u00e0 une gamme de tailles et de mod\u00e8les de mat\u00e9riel minier courants.<\/p>\n<p><strong>3. La mallette en aluminium pour machine d'extraction de bitcoins est-elle personnalisable ?<\/strong><br \/>Oui, nous proposons des options de personnalisation, y compris des ajustements de taille et de marquage pour les commandes en gros.<\/p>\n<p><strong>4. Le bo\u00eetier offre-t-il un refroidissement passif pour les plates-formes d'exploitation mini\u00e8re ?<\/strong><br \/>Oui, la construction en aluminium contribue au refroidissement passif en dissipant facilement la chaleur.<\/p>\n<p><strong>5. Quelle est la durabilit\u00e9 du bo\u00eetier en aluminium de la machine d'extraction de bitcoins ?<\/strong><br \/>Fabriqu\u00e9 en aluminium de haute qualit\u00e9, il est \u00e0 la fois l\u00e9ger et tr\u00e8s r\u00e9sistant, offrant une excellente protection.<\/p>\n<p><strong>6. Existe-t-il un minimum de commande pour les achats B2B de la mallette en aluminium pour machine \u00e0 miner le bitcoin ?<\/strong><br \/>Oui, le MOQ peut varier, mais il commence g\u00e9n\u00e9ralement \u00e0 100 unit\u00e9s en fonction des besoins de personnalisation.<\/p>\n<p><strong>7. L'\u00e9tui offre-t-il une protection contre les facteurs environnementaux ?<\/strong><br \/>Oui, il prot\u00e8ge le mat\u00e9riel de la poussi\u00e8re et des dommages physiques tout en assurant une circulation d'air optimale.<\/p>\n<p><\/p>","protected":false},"featured_media":10869,"template":"","categories":[72],"class_list":["post-10888","product","type-product","status-publish","has-post-thumbnail","hentry","category-extruded-aluminum-heatsink"],"meta_box":{"hilight_text_group":[{"product_hilight_text":"<li>Constructed from high-quality aluminum for optimal heat dissipation<\/li>\n<li>Designed to fit a range of Bitcoin mining hardware models<\/li>\n<li>Provides advanced protection and ventilation for mining rigs<\/li>\n<li>Supports customization to meet varied client needs for B2B purchases<\/li>\n<li>Lightweight yet sturdy design for easy transport and setup<\/li>"}],"feature_list":[]},"_links":{"self":[{"href":"https:\/\/sinoextrud.com\/fr\/wp-json\/wp\/v2\/product\/10888","targetHints":{"allow":["GET"]}}],"collection":[{"href":"https:\/\/sinoextrud.com\/fr\/wp-json\/wp\/v2\/product"}],"about":[{"href":"https:\/\/sinoextrud.com\/fr\/wp-json\/wp\/v2\/types\/product"}],"wp:featuredmedia":[{"embeddable":true,"href":"https:\/\/sinoextrud.com\/fr\/wp-json\/wp\/v2\/media\/10869"}],"wp:attachment":[{"href":"https:\/\/sinoextrud.com\/fr\/wp-json\/wp\/v2\/media?parent=10888"}],"wp:term":[{"taxonomy":"category","embeddable":true,"href":"https:\/\/sinoextrud.com\/fr\/wp-json\/wp\/v2\/categories?post=10888"}],"curies":[{"name":"wp","href":"https:\/\/api.w.org\/{rel}","templated":true}]}}