{"id":10876,"date":"2025-08-01T02:41:40","date_gmt":"2025-08-01T02:41:40","guid":{"rendered":"https:\/\/sinoextrud.com\/product\/aluminum-heat-sink-machining-for-custom-cooling\/"},"modified":"2025-08-01T02:41:40","modified_gmt":"2025-08-01T02:41:40","slug":"usinage-de-dissipateurs-thermiques-en-aluminium-pour-le-refroidissement-sur-mesure","status":"publish","type":"product","link":"https:\/\/sinoextrud.com\/fr\/product\/aluminum-heat-sink-machining-for-custom-cooling\/","title":{"rendered":"Usinage de dissipateurs thermiques en aluminium pour refroidissement sur mesure"},"content":{"rendered":"<h2>D\u00e9tails des produits<\/h2>\n<div class=\"product-table\">\n<div class=\"row\">\n<div class=\"cell label\">Unit\u00e9s de vente<\/div>\n<div class=\"cell value\">Article unique<\/div>\n<\/div>\n<\/div>\n<p><\/p>\n<h2>Notre base de production<\/h2>\n<h3>Panorama de l'usine<\/h3>\n<p><img decoding=\"async\" src=\"\/wp-content\/uploads\/factory-01.webp\"\/><\/p>\n<h3>Atelier de fabrication de barres d'aluminium<\/h3>\n<p><img decoding=\"async\" src=\"\/wp-content\/uploads\/factory-02.webp\"\/><\/p>\n<p><img decoding=\"async\" src=\"\/wp-content\/uploads\/factory-03.webp\"\/><\/p>\n<h3>Entrep\u00f4t de stockage des moules<\/h3>\n<p><img decoding=\"async\" src=\"\/wp-content\/uploads\/factory-04.webp\"\/><\/p>\n<h3>43 lignes d'extrusion d'aluminium (500-5500 tonnes)<\/h3>\n<p><img decoding=\"async\" src=\"\/wp-content\/uploads\/factory-05.webp\"\/><\/p>\n<p><img decoding=\"async\" src=\"\/wp-content\/uploads\/factory-06.webp\"\/><\/p>\n<p><img decoding=\"async\" src=\"\/wp-content\/uploads\/factory-07.webp\"\/><\/p>\n<h3>Atelier de peinture en poudre<\/h3>\n<p><img decoding=\"async\" src=\"\/wp-content\/uploads\/factory-09.webp\"\/><\/p>\n<h3>Atelier d'anodisation<\/h3>\n<p><img decoding=\"async\" src=\"\/wp-content\/uploads\/factory-10.webp\"\/><\/p>\n<h3>Atelier sur le traitement en profondeur<\/h3>\n<p><img decoding=\"async\" src=\"\/wp-content\/uploads\/factory-11.webp\"\/><\/p>\n<h3>Atelier d'usinage de pr\u00e9cision CNC<\/h3>\n<p><img decoding=\"async\" src=\"\/wp-content\/uploads\/factory-11.5.webp\"\/><\/p>\n<h3>Entrep\u00f4t de produits finis et d'exportation<\/h3>\n<p><img decoding=\"async\" src=\"\/wp-content\/uploads\/factory-12.webp\"\/><\/p>\n<p><img decoding=\"async\" src=\"\/wp-content\/uploads\/factory-13.webp\"\/><\/p>\n<p><img decoding=\"async\" src=\"\/wp-content\/uploads\/factory-14.webp\"\/><\/p>\n<h2>FAQ<\/h2>\n<p><strong>1. \u00c0 quoi sert un dissipateur thermique en \u00e9lectronique ?<\/strong><br \/>Un dissipateur thermique est utilis\u00e9 pour \u00e9vacuer la chaleur des composants \u00e9lectroniques afin d'\u00e9viter la surchauffe.<\/p>\n<p><strong>2. Les dissipateurs thermiques en aluminium peuvent-ils \u00eatre personnalis\u00e9s pour diff\u00e9rents appareils ?<\/strong><br \/>Oui, les dissipateurs thermiques en aluminium peuvent \u00eatre adapt\u00e9s \u00e0 des conceptions et des tailles d'appareils sp\u00e9cifiques.<\/p>\n<p><strong>3. Pourquoi l'aluminium est-il pr\u00e9f\u00e9r\u00e9 pour les dissipateurs thermiques ?<\/strong><br \/>L'aluminium offre une excellente conductivit\u00e9 thermique et est l\u00e9ger, ce qui le rend id\u00e9al pour les applications de dissipation thermique.<\/p>\n<p><strong>4. Proposez-vous des gravures personnalis\u00e9es sur les dissipateurs thermiques en aluminium ?<\/strong><br \/>Oui, des options de gravure et de marquage personnalis\u00e9es sont disponibles pour les commandes en gros.<\/p>\n<p><strong>5. Comment le processus d'usinage am\u00e9liore-t-il les performances du dissipateur thermique ?<\/strong><br \/>L'usinage de pr\u00e9cision garantit une finition de surface et un ajustement optimaux, am\u00e9liorant ainsi l'efficacit\u00e9 de la dissipation de la chaleur.<\/p>\n<p><strong>6. Des \u00e9chantillons de dissipateurs thermiques personnalis\u00e9s sont-ils disponibles pour des essais ?<\/strong><br \/>Oui, nous fournissons des \u00e9chantillons de dissipateurs thermiques pour nous assurer que les sp\u00e9cifications r\u00e9pondent \u00e0 vos exigences.<\/p>\n<p><strong>7. Quels sont les avantages de l'utilisation de l'aluminium par rapport \u00e0 d'autres mat\u00e9riaux ?<\/strong><br \/>L'aluminium est rentable et offre un bon \u00e9quilibre entre la conductivit\u00e9, le poids et la durabilit\u00e9.<\/p>\n<p><\/p>","protected":false},"featured_media":10874,"template":"","categories":[55],"class_list":["post-10876","product","type-product","status-publish","has-post-thumbnail","hentry","category-extruded-aluminum-profiles"],"meta_box":{"hilight_text_group":[],"feature_list":[]},"_links":{"self":[{"href":"https:\/\/sinoextrud.com\/fr\/wp-json\/wp\/v2\/product\/10876","targetHints":{"allow":["GET"]}}],"collection":[{"href":"https:\/\/sinoextrud.com\/fr\/wp-json\/wp\/v2\/product"}],"about":[{"href":"https:\/\/sinoextrud.com\/fr\/wp-json\/wp\/v2\/types\/product"}],"wp:featuredmedia":[{"embeddable":true,"href":"https:\/\/sinoextrud.com\/fr\/wp-json\/wp\/v2\/media\/10874"}],"wp:attachment":[{"href":"https:\/\/sinoextrud.com\/fr\/wp-json\/wp\/v2\/media?parent=10876"}],"wp:term":[{"taxonomy":"category","embeddable":true,"href":"https:\/\/sinoextrud.com\/fr\/wp-json\/wp\/v2\/categories?post=10876"}],"curies":[{"name":"wp","href":"https:\/\/api.w.org\/{rel}","templated":true}]}}