{"id":10875,"date":"2025-08-01T02:41:38","date_gmt":"2025-08-01T02:41:38","guid":{"rendered":"https:\/\/sinoextrud.com\/product\/20mm-round-heat-sink-for-compact-modules\/"},"modified":"2025-08-01T02:41:38","modified_gmt":"2025-08-01T02:41:38","slug":"dissipateur-thermique-rond-de-20-mm-pour-modules-compacts","status":"publish","type":"product","link":"https:\/\/sinoextrud.com\/fr\/product\/20mm-round-heat-sink-for-compact-modules\/","title":{"rendered":"Dissipateur thermique rond de 20 mm pour modules compacts"},"content":{"rendered":"<h2>D\u00e9tails des produits<\/h2>\n<div class=\"product-table\">\n<div class=\"row\">\n<div class=\"cell label\">Traitement de surface<\/div>\n<div class=\"cell value\">Anodisation<\/div>\n<\/div>\n<div class=\"row\">\n<div class=\"cell label\">Forme<\/div>\n<div class=\"cell value\">ROND<\/div>\n<\/div>\n<div class=\"row\">\n<div class=\"cell label\">Mat\u00e9riau du corps<\/div>\n<div class=\"cell value\">Alliage d'aluminium<\/div>\n<\/div>\n<div class=\"row\">\n<div class=\"cell label\">Type<\/div>\n<div class=\"cell value\">Dissipateurs de chaleur<\/div>\n<\/div>\n<div class=\"row\">\n<div class=\"cell label\">Service de solutions d'\u00e9clairage<\/div>\n<div class=\"cell value\">Conception de l'\u00e9clairage et des circuits, disposition DIALux evo, disposition LitePro DLX, disposition Agi32, disposition auto CAD, comptage sur site, projet d'installation<\/div>\n<\/div>\n<div class=\"row\">\n<div class=\"cell label\">Efficacit\u00e9 lumineuse (lm\/w)<\/div>\n<div class=\"cell value\">50<\/div>\n<\/div>\n<div class=\"row\">\n<div class=\"cell label\">Poids du produit\uff08kg\uff09<\/div>\n<div class=\"cell value\">0.6<\/div>\n<\/div>\n<div class=\"row\">\n<div class=\"cell label\">Garantie (ann\u00e9e)<\/div>\n<div class=\"cell value\">1 an<\/div>\n<\/div>\n<div class=\"row\">\n<div class=\"cell label\">Processus<\/div>\n<div class=\"cell value\">Forgeage<\/div>\n<\/div>\n<div class=\"row\">\n<div class=\"cell label\">Indice de protection IP<\/div>\n<div class=\"cell value\">ip55<\/div>\n<\/div>\n<div class=\"row\">\n<div class=\"cell label\">Couleur du corps<\/div>\n<div class=\"cell value\">Noir<\/div>\n<\/div>\n<div class=\"row\">\n<div class=\"cell label\">hauteur<\/div>\n<div class=\"cell value\">60 mm<\/div>\n<\/div>\n<div class=\"row\">\n<div class=\"cell label\">diam\u00e8tre<\/div>\n<div class=\"cell value\">110 mm<\/div>\n<\/div>\n<div class=\"row\">\n<div class=\"cell label\">Application<\/div>\n<div class=\"cell value\">Dissipateur de chaleur pour diodes \u00e9lectroluminescentes<\/div>\n<\/div>\n<div class=\"row\">\n<div class=\"cell label\">Mat\u00e9riau<\/div>\n<div class=\"cell value\">AL1070<\/div>\n<\/div>\n<div class=\"row\">\n<div class=\"cell label\">Finition<\/div>\n<div class=\"cell value\">Aluminium anodis\u00e9<\/div>\n<\/div>\n<div class=\"row\">\n<div class=\"cell label\">Service<\/div>\n<div class=\"cell value\">OEM ODM Personnalis\u00e9<\/div>\n<\/div>\n<div class=\"row\">\n<div class=\"cell label\">Processus en profondeur<\/div>\n<div class=\"cell value\">Sous CNC<\/div>\n<\/div>\n<div class=\"row\">\n<div class=\"cell label\">Type<\/div>\n<div class=\"cell value\">100% Test QC<\/div>\n<\/div>\n<div class=\"row\">\n<div class=\"cell label\">Paquet<\/div>\n<div class=\"cell value\">Bo\u00eete en carton<\/div>\n<\/div>\n<div class=\"row\">\n<div class=\"cell label\">Accepter le dessin<\/div>\n<div class=\"cell value\">AutoCAD(dxf<\/div>\n<\/div>\n<div class=\"row\">\n<div class=\"cell label\">Port d'exp\u00e9dition<\/div>\n<div class=\"cell value\">Shanghai\/Ningbo<\/div>\n<\/div>\n<div class=\"row\">\n<div class=\"cell label\">Unit\u00e9s de vente<\/div>\n<div class=\"cell value\">Article unique<\/div>\n<\/div>\n<div class=\"row\">\n<div class=\"cell label\">Taille de l'emballage unique<\/div>\n<div class=\"cell value\">10X10X10 cm<\/div>\n<\/div>\n<div class=\"row\">\n<div class=\"cell label\">Poids brut unique<\/div>\n<div class=\"cell value\">4.000 KG<\/div>\n<\/div>\n<div class=\"row\">\n<div class=\"cell label\">Capacit\u00e9 d'approvisionnement<\/div>\n<div class=\"cell value\">100000 unit\u00e9s par mois<\/div>\n<\/div>\n<\/div>\n<p><\/p>\n<h2>Notre base de production<\/h2>\n<h3>Panorama de l'usine<\/h3>\n<p><img decoding=\"async\" src=\"\/wp-content\/uploads\/factory-01.webp\"\/><\/p>\n<h3>Atelier de fabrication de barres d'aluminium<\/h3>\n<p><img decoding=\"async\" src=\"\/wp-content\/uploads\/factory-02.webp\"\/><\/p>\n<p><img decoding=\"async\" src=\"\/wp-content\/uploads\/factory-03.webp\"\/><\/p>\n<h3>Entrep\u00f4t de stockage des moules<\/h3>\n<p><img decoding=\"async\" src=\"\/wp-content\/uploads\/factory-04.webp\"\/><\/p>\n<h3>43 lignes d'extrusion d'aluminium (500-5500 tonnes)<\/h3>\n<p><img decoding=\"async\" src=\"\/wp-content\/uploads\/factory-05.webp\"\/><\/p>\n<p><img decoding=\"async\" src=\"\/wp-content\/uploads\/factory-06.webp\"\/><\/p>\n<p><img decoding=\"async\" src=\"\/wp-content\/uploads\/factory-07.webp\"\/><\/p>\n<h3>Atelier de peinture en poudre<\/h3>\n<p><img decoding=\"async\" src=\"\/wp-content\/uploads\/factory-09.webp\"\/><\/p>\n<h3>Atelier d'anodisation<\/h3>\n<p><img decoding=\"async\" src=\"\/wp-content\/uploads\/factory-10.webp\"\/><\/p>\n<h3>Atelier sur le traitement en profondeur<\/h3>\n<p><img decoding=\"async\" src=\"\/wp-content\/uploads\/factory-11.webp\"\/><\/p>\n<h3>Atelier d'usinage de pr\u00e9cision CNC<\/h3>\n<p><img decoding=\"async\" src=\"\/wp-content\/uploads\/factory-11.5.webp\"\/><\/p>\n<h3>Entrep\u00f4t de produits finis et d'exportation<\/h3>\n<p><img decoding=\"async\" src=\"\/wp-content\/uploads\/factory-12.webp\"\/><\/p>\n<p><img decoding=\"async\" src=\"\/wp-content\/uploads\/factory-13.webp\"\/><\/p>\n<p><img decoding=\"async\" src=\"\/wp-content\/uploads\/factory-14.webp\"\/><\/p>\n<h2>FAQ<\/h2>\n<p><strong>1. Quel est le mat\u00e9riau principal du dissipateur thermique rond de 20 mm ?<\/strong><br \/>Le principal mat\u00e9riau utilis\u00e9 est l'aluminium de haute qualit\u00e9 pour une dissipation efficace de la chaleur.<\/p>\n<p><strong>2. Le dissipateur thermique rond de 20 mm peut-il \u00eatre utilis\u00e9 pour le refroidissement des LED ?<\/strong><br \/>Oui, il est con\u00e7u pour g\u00e9rer efficacement la chaleur dans les applications LED.<\/p>\n<p><strong>3. Est-il possible de personnaliser le dissipateur thermique rond de 20 mm ?<\/strong><br \/>Oui, nous offrons la possibilit\u00e9 de personnaliser la taille et la finition pour les commandes importantes.<\/p>\n<p><strong>4. Quelles sont les dimensions du dissipateur thermique rond de 20 mm ?<\/strong><br \/>Le dissipateur thermique a un diam\u00e8tre de 20 mm, con\u00e7u pour les espaces compacts.<\/p>\n<p><strong>5. Puis-je utiliser le dissipateur thermique rond de 20 mm avec des CPU ?<\/strong><br \/>Il convient aux applications qui n\u00e9cessitent des dissipateurs thermiques compacts ; v\u00e9rifiez la compatibilit\u00e9 avec les sp\u00e9cifications de votre processeur.<\/p>\n<p><strong>6. Le dissipateur thermique rond de 20 mm n\u00e9cessite-t-il un entretien particulier ?<\/strong><br \/>Aucun entretien particulier n'est n\u00e9cessaire, mais un nettoyage r\u00e9gulier peut am\u00e9liorer les performances.<\/p>\n<p><strong>7. Existe-t-il des quantit\u00e9s minimales de commande pour l'achat du dissipateur thermique rond de 20 mm ?<\/strong><br \/>Oui, le MOQ s'applique aux commandes personnalis\u00e9es ; contactez-nous pour plus de d\u00e9tails.<\/p>\n<p><\/p>","protected":false},"featured_media":10857,"template":"","categories":[72],"class_list":["post-10875","product","type-product","status-publish","has-post-thumbnail","hentry","category-extruded-aluminum-heatsink"],"meta_box":{"hilight_text_group":[],"feature_list":[]},"_links":{"self":[{"href":"https:\/\/sinoextrud.com\/fr\/wp-json\/wp\/v2\/product\/10875","targetHints":{"allow":["GET"]}}],"collection":[{"href":"https:\/\/sinoextrud.com\/fr\/wp-json\/wp\/v2\/product"}],"about":[{"href":"https:\/\/sinoextrud.com\/fr\/wp-json\/wp\/v2\/types\/product"}],"wp:featuredmedia":[{"embeddable":true,"href":"https:\/\/sinoextrud.com\/fr\/wp-json\/wp\/v2\/media\/10857"}],"wp:attachment":[{"href":"https:\/\/sinoextrud.com\/fr\/wp-json\/wp\/v2\/media?parent=10875"}],"wp:term":[{"taxonomy":"category","embeddable":true,"href":"https:\/\/sinoextrud.com\/fr\/wp-json\/wp\/v2\/categories?post=10875"}],"curies":[{"name":"wp","href":"https:\/\/api.w.org\/{rel}","templated":true}]}}