{"id":10683,"date":"2025-07-28T11:42:23","date_gmt":"2025-07-28T03:42:23","guid":{"rendered":"https:\/\/sinoextrud.com\/product\/vapor-chamber-heat-sink-for-efficient-thermal-management\/"},"modified":"2025-07-28T11:42:23","modified_gmt":"2025-07-28T03:42:23","slug":"dissipateur-thermique-a-chambre-de-vapeur-pour-une-gestion-thermique-efficace","status":"publish","type":"product","link":"https:\/\/sinoextrud.com\/fr\/product\/vapor-chamber-heat-sink-for-efficient-thermal-management\/","title":{"rendered":"Dissipateur thermique \u00e0 chambre de vapeur pour une gestion thermique efficace"},"content":{"rendered":"<h2>D\u00e9tails des produits<\/h2>\n<table class=\"custom-table\">\n<tr>\n<td class=\"label\">Usinage CNC ou non<\/td>\n<td>Usinage Cnc<\/td>\n<\/tr>\n<tr>\n<td class=\"label\">Capacit\u00e9s mat\u00e9rielles<\/td>\n<td>Aluminium, laiton, bronze, cuivre, m\u00e9taux tremp\u00e9s, m\u00e9taux pr\u00e9cieux, acier inoxydable, alliages d'acier<\/td>\n<\/tr>\n<tr>\n<td class=\"label\">Type<\/td>\n<td>Brochage, per\u00e7age, gravure \/ usinage chimique, usinage au laser, fraisage, autres services d'usinage, tournage, \u00e9lectro\u00e9rosion \u00e0 fil, prototypage rapide<\/td>\n<\/tr>\n<tr>\n<td class=\"label\">Micro-usinage ou non<\/td>\n<td>Micro-usinage<\/td>\n<\/tr>\n<tr>\n<td class=\"label\">Nom du produit<\/td>\n<td>Dissipateur thermique en extrusion d'aluminium<\/td>\n<\/tr>\n<tr>\n<td class=\"label\">Traitement de surface<\/td>\n<td>Anodisation noire<\/td>\n<\/tr>\n<tr>\n<td class=\"label\">MOQ<\/td>\n<td>100pcs<\/td>\n<\/tr>\n<tr>\n<td class=\"label\">Certification<\/td>\n<td>ISO9001:2015<\/td>\n<\/tr>\n<tr>\n<td class=\"label\">Couleur<\/td>\n<td>Noir<\/td>\n<\/tr>\n<tr>\n<td class=\"label\">Processus<\/td>\n<td>CNC, extrusion, etc.<\/td>\n<\/tr>\n<tr>\n<td class=\"label\">Emballage<\/td>\n<td>Sac int\u00e9rieur en polypropyl\u00e8ne Caisse ext\u00e9rieure en bois<\/td>\n<\/tr>\n<tr>\n<td class=\"label\">Fonctionnalit\u00e9<\/td>\n<td>Poids l\u00e9ger et haute efficacit\u00e9 de rayonnement<\/td>\n<\/tr>\n<tr>\n<td class=\"label\">Service OEM<\/td>\n<td>Oui<\/td>\n<\/tr>\n<tr>\n<td class=\"label\">Taille<\/td>\n<td>Sur mesure<\/td>\n<\/tr>\n<tr>\n<td class=\"label\">Unit\u00e9s de vente<\/td>\n<td>Article unique<\/td>\n<\/tr>\n<tr>\n<td class=\"label\">Taille de l'emballage unique<\/td>\n<td>1X1X1 cm<\/td>\n<\/tr>\n<tr>\n<td class=\"label\">Poids brut unique<\/td>\n<td>1.000 KG<\/td>\n<\/tr>\n<\/table>\n<h2>Notre base de production<\/h2>\n<h3>Panorama de l'usine<\/h3>\n<p><img decoding=\"async\" src=\"\/wp-content\/uploads\/factory-01.webp\"\/><\/p>\n<h3>Atelier de fabrication de barres d'aluminium<\/h3>\n<p><img decoding=\"async\" src=\"\/wp-content\/uploads\/factory-02.webp\"\/><\/p>\n<p><img decoding=\"async\" src=\"\/wp-content\/uploads\/factory-03.webp\"\/><\/p>\n<h3>Entrep\u00f4t de stockage des moules<\/h3>\n<p><img decoding=\"async\" src=\"\/wp-content\/uploads\/factory-04.webp\"\/><\/p>\n<h3>43 lignes d'extrusion d'aluminium (500 \u00e0 5500 tonnes)<\/h3>\n<p><img decoding=\"async\" src=\"\/wp-content\/uploads\/factory-05.webp\"\/><\/p>\n<p><img decoding=\"async\" src=\"\/wp-content\/uploads\/factory-06.webp\"\/><\/p>\n<p><img decoding=\"async\" src=\"\/wp-content\/uploads\/factory-07.webp\"\/><\/p>\n<h3>Atelier de peinture en poudre<\/h3>\n<p><img decoding=\"async\" src=\"\/wp-content\/uploads\/factory-09.webp\"\/><\/p>\n<h3>Atelier d'anodisation<\/h3>\n<p><img decoding=\"async\" src=\"\/wp-content\/uploads\/factory-10.webp\"\/><\/p>\n<h3>Atelier sur le traitement en profondeur<\/h3>\n<p><img decoding=\"async\" src=\"\/wp-content\/uploads\/factory-11.webp\"\/><\/p>\n<h3>Atelier d'usinage de pr\u00e9cision CNC<\/h3>\n<p><img decoding=\"async\" src=\"\/wp-content\/uploads\/factory-11.5.webp\"\/><\/p>\n<h3>Entrep\u00f4t de produits finis et d'exportation<\/h3>\n<p><img decoding=\"async\" src=\"\/wp-content\/uploads\/factory-12.webp\"\/><\/p>\n<p><img decoding=\"async\" src=\"\/wp-content\/uploads\/factory-13.webp\"\/><\/p>\n<p><img decoding=\"async\" src=\"\/wp-content\/uploads\/factory-14.webp\"\/><\/p>\n<h2>FAQ<\/h2>\n<p><p><b>1) Qu'est-ce qu'un dissipateur thermique \u00e0 chambre de vapeur et comment am\u00e9liore-t-il la gestion thermique ?<\/b><\/p>\n<p>Un dissipateur thermique \u00e0 chambre de vapeur utilise une chambre \u00e0 vide scell\u00e9e pour diffuser et dissiper rapidement la chaleur, offrant ainsi une gestion thermique tr\u00e8s efficace pour l'\u00e9lectronique.<br \/>\n<\/p><br \/>\n<br \/>\n<p><b>2. en quoi une chambre \u00e0 vapeur diff\u00e8re-t-elle des dissipateurs thermiques traditionnels ?<\/b><\/p>\n<p>Contrairement aux dissipateurs thermiques traditionnels, les chambres \u00e0 vapeur utilisent la technologie du changement de phase pour une diffusion plus rapide de la chaleur, am\u00e9liorant ainsi l'efficacit\u00e9 du refroidissement pour les appareils de grande puissance.<br \/>\n<\/p><br \/>\n<br \/>\n<p><b>3. quelles sont les principales applications des dissipateurs thermiques \u00e0 chambre de vapeur ?<\/b><\/p>\n<p>Les dissipateurs thermiques \u00e0 chambre de vapeur sont largement utilis\u00e9s dans les CPU, les GPU, les modules de puissance et les appareils \u00e9lectroniques compacts n\u00e9cessitant des solutions thermiques efficaces.<br \/>\n<\/p><br \/>\n<br \/>\n<p><b>4. les dissipateurs de chaleur \u00e0 chambre de vapeur sont-ils adapt\u00e9s au calcul \u00e0 haute performance ?<\/b><\/p>\n<p>Oui, les dissipateurs thermiques \u00e0 chambre de vapeur sont id\u00e9aux pour l'informatique de haute performance car ils g\u00e8rent un flux thermique \u00e9lev\u00e9 et am\u00e9liorent les performances thermiques globales.<br \/>\n<\/p><br \/>\n<br \/>\n<p><b>5. les dissipateurs de chaleur \u00e0 chambre de vapeur peuvent-ils \u00eatre personnalis\u00e9s pour des dispositifs sp\u00e9cifiques ?<\/b><\/p>\n<p>Absolument, les dissipateurs thermiques \u00e0 chambre de vapeur peuvent \u00eatre adapt\u00e9s en forme et en taille pour s'adapter \u00e0 des applications sp\u00e9cifiques, garantissant ainsi une gestion thermique optimale.<br \/>\n<\/p><br \/>\n<br \/>\n<p><b>6. les dissipateurs thermiques de la chambre \u00e0 vapeur comportent-ils des pi\u00e8ces mobiles ?<\/b><\/p>\n<p>Non, les dissipateurs thermiques \u00e0 chambre de vapeur sont des dispositifs de refroidissement passifs qui ne comportent aucune pi\u00e8ce mobile, ce qui permet un fonctionnement silencieux et sans entretien.<br \/>\n<\/p><br \/>\n<br \/>\n<p><b>7) Quels sont les avantages de l'utilisation d'une chambre \u00e0 vapeur pour la dissipation de la chaleur ?<\/b><\/p>\n<p>L'utilisation d'une chambre \u00e0 vapeur garantit un transfert de chaleur rapide, une r\u00e9partition uniforme de la temp\u00e9rature et une fiabilit\u00e9 accrue du syst\u00e8me en \u00e9vitant les points chauds.<br \/>\n<\/p><br \/>\n<br \/>\n<p><b>8. les dissipateurs de chaleur pour chambre \u00e0 vapeur sont-ils plus l\u00e9gers que les solutions traditionnelles ?<\/b><\/p>\n<p>Oui, les dissipateurs thermiques \u00e0 chambre de vapeur sont g\u00e9n\u00e9ralement plus l\u00e9gers et plus minces que les solutions conventionnelles, ce qui les rend adapt\u00e9s aux applications o\u00f9 l'espace est limit\u00e9.<br \/>\n<\/p><br \/><\/p>","protected":false},"featured_media":10682,"template":"","categories":[74],"class_list":["post-10683","product","type-product","status-publish","has-post-thumbnail","hentry","category-vapor-chamber"],"meta_box":{"hilight_text_group":{"product_hilight_text":"<li>Ultra-thin vapor chamber design enables compact system integration<\/li>\r\n<li>Superior heat spreading for high-power electronic components<\/li>\r\n<li>Enhanced thermal performance with rapid heat dissipation<\/li>\r\n<li>Ideal for CPUs, GPUs, and power ICs in demanding applications<\/li>\r\n<li>Customizable sizes and shapes for diverse industrial needs<\/li>\r\n<li>Lightweight and passive cooling solution with no moving parts<\/li>\r\n<li>Improves system reliability by preventing thermal throttling<\/li>","product_chanpin_chanpin":"<ul>\r\n<li><a href=\"https:\/\/sinoextrud.com\/product\/aluminium-extrusion-6061-6082-7075-aluminum-alloy-profiles\/\" target=\"_blank\">6061 aluminum extrusion<\/a><\/li>\r\n<li><a href=\"https:\/\/sinoextrud.com\/product\/oval-aluminum-extrud-profile\/\" target=\"_blank\">oval aluminum extrusion<\/a><\/li>\r\n<li><a href=\"https:\/\/sinoextrud.com\/product\/aluminium-extrusion-anodised-aluminium-tube\/\" target=\"_blank\">anodised aluminium tube<\/a><\/li>\r\n<li><a href=\"https:\/\/sinoextrud.com\/product\/c-shaped-closed-linear-ceiling-system\/\" target=\"_blank\">linear closed ceilings<\/a><\/li>\r\n<li><a href=\"https:\/\/sinoextrud.com\/product\/the-new-perforated-ceiling-system\/\" target=\"_blank\">perforated french ceilings<\/a><\/li>\r\n<li><a href=\"https:\/\/sinoextrud.com\/product\/aluminum-extrusion-7003-7005-7020\/\" target=\"_blank\">7020 aluminum<\/a><\/li>\r\n<\/ul>","product_chanpin_blog":"<ul>\r\n<li><a href=\"https:\/\/sinoextrud.com\/t-slot-v-slot-differences\/\" target=\"_blank\">t slot vs v slot<\/a><\/li>\r\n<li><a href=\"https:\/\/sinoextrud.com\/what-is-4040-aluminium-extrud\/\" target=\"_blank\">4040 aluminium extrusion<\/a><\/li>\r\n<li><a href=\"https:\/\/sinoextrud.com\/what-is-4040-aluminium-extrud\/\" target=\"_blank\">aluminum extrusions for industrial racks<\/a><\/li>\r\n<li><a href=\"https:\/\/sinoextrud.com\/powder-coating-aluminium-process\/\" target=\"_blank\">powder coating aluminium<\/a><\/li>\r\n<li><a href=\"https:\/\/sinoextrud.com\/what-is-an-aluminium-strip-ceiling\/\" target=\"_blank\">aluminium strip ceiling<\/a><\/li>\r\n<li><a href=\"https:\/\/sinoextrud.com\/what-is-a-heat-sink\/\" target=\"_blank\">what is a heat sink<\/a><\/li>\r\n<\/ul>"},"feature_list":[]},"_links":{"self":[{"href":"https:\/\/sinoextrud.com\/fr\/wp-json\/wp\/v2\/product\/10683","targetHints":{"allow":["GET"]}}],"collection":[{"href":"https:\/\/sinoextrud.com\/fr\/wp-json\/wp\/v2\/product"}],"about":[{"href":"https:\/\/sinoextrud.com\/fr\/wp-json\/wp\/v2\/types\/product"}],"wp:featuredmedia":[{"embeddable":true,"href":"https:\/\/sinoextrud.com\/fr\/wp-json\/wp\/v2\/media\/10682"}],"wp:attachment":[{"href":"https:\/\/sinoextrud.com\/fr\/wp-json\/wp\/v2\/media?parent=10683"}],"wp:term":[{"taxonomy":"category","embeddable":true,"href":"https:\/\/sinoextrud.com\/fr\/wp-json\/wp\/v2\/categories?post=10683"}],"curies":[{"name":"wp","href":"https:\/\/api.w.org\/{rel}","templated":true}]}}