{"id":10669,"date":"2025-07-25T08:04:03","date_gmt":"2025-07-25T08:04:03","guid":{"rendered":"https:\/\/sinoextrud.com\/product\/custom-round-led-aluminum-heatsink-extrusion-fin-design\/"},"modified":"2025-07-25T08:04:03","modified_gmt":"2025-07-25T08:04:03","slug":"dissipateur-de-chaleur-rond-en-aluminium-design","status":"publish","type":"product","link":"https:\/\/sinoextrud.com\/fr\/product\/custom-round-led-aluminum-heatsink-extrusion-fin-design\/","title":{"rendered":"Extrusion d'ailettes rondes en aluminium pour dissipateur thermique de LED sur mesure"},"content":{"rendered":"<h2>D\u00e9tails des produits<\/h2>\n<table class=\"custom-table\">\n<tr>\n<td class=\"label\">Grade<\/td>\n<td>S\u00e9rie 6000<\/td>\n<\/tr>\n<tr>\n<td class=\"label\">Tol\u00e9rance<\/td>\n<td>\u00b11%<\/td>\n<\/tr>\n<tr>\n<td class=\"label\">D\u00e9lai de livraison<\/td>\n<td>dans les 7 jours<\/td>\n<\/tr>\n<tr>\n<td class=\"label\">Temp\u00e9rer<\/td>\n<td>T3-T8<\/td>\n<\/tr>\n<tr>\n<td class=\"label\">Application<\/td>\n<td>led\/\u00e9lectronique\/cpu<\/td>\n<\/tr>\n<tr>\n<td class=\"label\">Forme<\/td>\n<td>sur mesure<\/td>\n<\/tr>\n<tr>\n<td class=\"label\">Alliage ou non<\/td>\n<td>Est un alliage<\/td>\n<\/tr>\n<tr>\n<td class=\"label\">Service de traitement<\/td>\n<td>Pliage, d\u00e9roulage, soudage, poin\u00e7onnage, d\u00e9coupage<\/td>\n<\/tr>\n<tr>\n<td class=\"label\">Nom du produit<\/td>\n<td>dissipateur thermique \u00e0 ailettes dissipateur thermique en aluminium extrud\u00e9<\/td>\n<\/tr>\n<tr>\n<td class=\"label\">Unit\u00e9s de vente<\/td>\n<td>Article unique<\/td>\n<\/tr>\n<tr>\n<td class=\"label\">Taille de l'emballage unique<\/td>\n<td>30X20X20 cm<\/td>\n<\/tr>\n<tr>\n<td class=\"label\">Poids brut unique<\/td>\n<td>3.000 KG<\/td>\n<\/tr>\n<\/table>\n<h2>Notre base de production<\/h2>\n<h3>Panorama de l'usine<\/h3>\n<p><img decoding=\"async\" src=\"\/wp-content\/uploads\/factory-01.webp\"\/><\/p>\n<h3>Atelier de fabrication de barres d'aluminium<\/h3>\n<p><img decoding=\"async\" src=\"\/wp-content\/uploads\/factory-02.webp\"\/><\/p>\n<p><img decoding=\"async\" src=\"\/wp-content\/uploads\/factory-03.webp\"\/><\/p>\n<h3>Entrep\u00f4t de stockage des moules<\/h3>\n<p><img decoding=\"async\" src=\"\/wp-content\/uploads\/factory-04.webp\"\/><\/p>\n<h3>43 lignes d'extrusion d'aluminium (500-5500 tonnes)<\/h3>\n<p><img decoding=\"async\" src=\"\/wp-content\/uploads\/factory-05.webp\"\/><\/p>\n<p><img decoding=\"async\" src=\"\/wp-content\/uploads\/factory-06.webp\"\/><\/p>\n<p><img decoding=\"async\" src=\"\/wp-content\/uploads\/factory-07.webp\"\/><\/p>\n<h3>Atelier de peinture en poudre<\/h3>\n<p><img decoding=\"async\" src=\"\/wp-content\/uploads\/factory-09.webp\"\/><\/p>\n<h3>Atelier d'anodisation<\/h3>\n<p><img decoding=\"async\" src=\"\/wp-content\/uploads\/factory-10.webp\"\/><\/p>\n<h3>Atelier sur le traitement en profondeur<\/h3>\n<p><img decoding=\"async\" src=\"\/wp-content\/uploads\/factory-11.webp\"\/><\/p>\n<h3>Atelier d'usinage de pr\u00e9cision CNC<\/h3>\n<p><img decoding=\"async\" src=\"\/wp-content\/uploads\/factory-11.5.webp\"\/><\/p>\n<h3>Entrep\u00f4t de produits finis et d'exportation<\/h3>\n<p><img decoding=\"async\" src=\"\/wp-content\/uploads\/factory-12.webp\"\/><\/p>\n<p><img decoding=\"async\" src=\"\/wp-content\/uploads\/factory-13.webp\"\/><\/p>\n<p><img decoding=\"async\" src=\"\/wp-content\/uploads\/factory-14.webp\"\/><\/p>\n<h2>FAQ<\/h2>\n<p><p><b>1) Quelle est la forme du dissipateur thermique rond en aluminium pour LED ?<\/b><\/p>\n<p>Il pr\u00e9sente une conception d'extrusion ronde optimis\u00e9e pour les applications d'\u00e9clairage LED circulaires.<br \/>\n<\/p><br \/>\n<br \/>\n<p><b>2) Pourquoi utiliser de l'aluminium extrud\u00e9 pour les dissipateurs de chaleur des LED ?<\/b><\/p>\n<p>L'aluminium extrud\u00e9 offre une conductivit\u00e9 thermique \u00e9lev\u00e9e, est l\u00e9ger et permet une conception flexible des ailettes pour un meilleur refroidissement.<br \/>\n<\/p><br \/>\n<br \/>\n<p><b>3. ce dissipateur thermique rond pour LED peut-il \u00eatre personnalis\u00e9 ?<\/b><\/p>\n<p>Oui, nous offrons une personnalisation OEM pour les dimensions, la disposition des ailettes, le traitement de surface et l'interface de montage.<br \/>\n<\/p><br \/>\n<br \/>\n<p><b>4) Quels sont les avantages de la conception des ailettes de ce dissipateur thermique ?<\/b><\/p>\n<p>La conception des ailettes augmente la surface et le flux d'air, am\u00e9liorant la dissipation passive de la chaleur et l'efficacit\u00e9 du refroidissement.<br \/>\n<\/p><br \/>\n<br \/>\n<p><b>5. pour quels produits LED ce dissipateur convient-il ?<\/b><\/p>\n<p>Il est id\u00e9al pour les lampes LED rondes telles que les downlights, les spots et les luminaires architecturaux.<br \/>\n<\/p><br \/>\n<br \/>\n<p><b>6. le dissipateur thermique am\u00e9liore-t-il la dur\u00e9e de vie des LED ?<\/b><\/p>\n<p>Oui, en g\u00e9rant efficacement la chaleur, il permet de maintenir une performance stable des LED et de prolonger leur dur\u00e9e de vie.<br \/>\n<\/p><br \/>\n<br \/>\n<p><b>7. le dissipateur est-il compatible avec un refroidissement passif et actif ?<\/b><\/p>\n<p>Oui, il prend en charge \u00e0 la fois la convection naturelle et l'int\u00e9gration de syst\u00e8mes de refroidissement actifs si n\u00e9cessaire.<br \/>\n<\/p><br \/>\n<br \/>\n<p><b>8) Quelles sont les options de finition disponibles pour ce dissipateur thermique ?<\/b><\/p>\n<p>Des finitions anodis\u00e9es de diff\u00e9rentes couleurs sont disponibles pour am\u00e9liorer la r\u00e9sistance \u00e0 la corrosion et l'esth\u00e9tique du produit.<br \/>\n<\/p><br \/><\/p>","protected":false},"featured_media":10668,"template":"","categories":[72],"class_list":["post-10669","product","type-product","status-publish","has-post-thumbnail","hentry","category-extruded-aluminum-heatsink"],"meta_box":{"hilight_text_group":{"product_hilight_text":"<li>Custom round profile optimized for LED thermal management<\/li>\r\n<li>Extruded aluminum construction ensures lightweight and efficient heat dissipation<\/li>\r\n<li>Fin design maximizes surface area for improved airflow and passive cooling<\/li>\r\n<li>Ideal for downlights, spotlights, and other circular LED housings<\/li>\r\n<li>Supports OEM customization in size, fin geometry, and mounting features<\/li>\r\n<li>Durable and corrosion-resistant anodized finish available<\/li>\r\n<li>Designed to enhance LED performance and extend service life<\/li>","product_chanpin_chanpin":"<ul>\r\n<li><a href=\"https:\/\/sinoextrud.com\/product\/aluminium-extrusion-6061-6082-7075-aluminum-alloy-profiles\/\" target=\"_blank\">6061 aluminum extrusion<\/a><\/li>\r\n<li><a href=\"https:\/\/sinoextrud.com\/product\/oval-aluminum-extrud-profile\/\" target=\"_blank\">oval aluminum extrusion<\/a><\/li>\r\n<li><a href=\"https:\/\/sinoextrud.com\/product\/aluminium-extrusion-anodised-aluminium-tube\/\" target=\"_blank\">anodised aluminium tube<\/a><\/li>\r\n<li><a href=\"https:\/\/sinoextrud.com\/product\/c-shaped-closed-linear-ceiling-system\/\" target=\"_blank\">linear closed ceilings<\/a><\/li>\r\n<li><a href=\"https:\/\/sinoextrud.com\/product\/the-new-perforated-ceiling-system\/\" target=\"_blank\">perforated french ceilings<\/a><\/li>\r\n<li><a href=\"https:\/\/sinoextrud.com\/product\/aluminum-extrusion-7003-7005-7020\/\" target=\"_blank\">7020 aluminum<\/a><\/li>\r\n<\/ul>","product_chanpin_blog":"<ul>\r\n<li><a href=\"https:\/\/sinoextrud.com\/t-slot-v-slot-differences\/\" target=\"_blank\">t slot vs v slot<\/a><\/li>\r\n<li><a href=\"https:\/\/sinoextrud.com\/what-is-4040-aluminium-extrud\/\" target=\"_blank\">4040 aluminium extrusion<\/a><\/li>\r\n<li><a href=\"https:\/\/sinoextrud.com\/what-is-4040-aluminium-extrud\/\" target=\"_blank\">aluminum extrusions for industrial racks<\/a><\/li>\r\n<li><a href=\"https:\/\/sinoextrud.com\/powder-coating-aluminium-process\/\" target=\"_blank\">powder coating aluminium<\/a><\/li>\r\n<li><a href=\"https:\/\/sinoextrud.com\/what-is-an-aluminium-strip-ceiling\/\" target=\"_blank\">aluminium strip ceiling<\/a><\/li>\r\n<li><a href=\"https:\/\/sinoextrud.com\/what-is-a-heat-sink\/\" target=\"_blank\">what is a heat sink<\/a><\/li>\r\n<\/ul>"},"feature_list":[]},"_links":{"self":[{"href":"https:\/\/sinoextrud.com\/fr\/wp-json\/wp\/v2\/product\/10669","targetHints":{"allow":["GET"]}}],"collection":[{"href":"https:\/\/sinoextrud.com\/fr\/wp-json\/wp\/v2\/product"}],"about":[{"href":"https:\/\/sinoextrud.com\/fr\/wp-json\/wp\/v2\/types\/product"}],"wp:featuredmedia":[{"embeddable":true,"href":"https:\/\/sinoextrud.com\/fr\/wp-json\/wp\/v2\/media\/10668"}],"wp:attachment":[{"href":"https:\/\/sinoextrud.com\/fr\/wp-json\/wp\/v2\/media?parent=10669"}],"wp:term":[{"taxonomy":"category","embeddable":true,"href":"https:\/\/sinoextrud.com\/fr\/wp-json\/wp\/v2\/categories?post=10669"}],"curies":[{"name":"wp","href":"https:\/\/api.w.org\/{rel}","templated":true}]}}