{"id":10667,"date":"2025-07-25T08:03:16","date_gmt":"2025-07-25T08:03:16","guid":{"rendered":"https:\/\/sinoextrud.com\/product\/oem-skived-fin-aluminum-heat-sink-supplier\/"},"modified":"2025-07-25T08:03:16","modified_gmt":"2025-07-25T08:03:16","slug":"dissipateur-de-chaleur-en-aluminium-a-ailettes-en-forme-doem-fournisseur","status":"publish","type":"product","link":"https:\/\/sinoextrud.com\/fr\/product\/oem-skived-fin-aluminum-heat-sink-supplier\/","title":{"rendered":"OEM Skived Fin Aluminum Heat Sink Supplier"},"content":{"rendered":"<h2>D\u00e9tails des produits<\/h2>\n<table class=\"custom-table\">\n<tr>\n<td class=\"label\">rapport d'essai des machines<\/td>\n<td>Fourni<\/td>\n<\/tr>\n<tr>\n<td class=\"label\">inspection de sortie vid\u00e9o<\/td>\n<td>Fourni<\/td>\n<\/tr>\n<tr>\n<td class=\"label\">garantie<\/td>\n<td>2 ans<\/td>\n<\/tr>\n<tr>\n<td class=\"label\">application<\/td>\n<td>Pi\u00e8ces d\u00e9tach\u00e9es pour la r\u00e9frig\u00e9ration<\/td>\n<\/tr>\n<tr>\n<td class=\"label\">type<\/td>\n<td>Pi\u00e8ces pour \u00e9changeurs de chaleur<\/td>\n<\/tr>\n<tr>\n<td class=\"label\">Nom du produit<\/td>\n<td>Fournisseur de dissipateurs de chaleur en aluminium OEM<\/td>\n<\/tr>\n<tr>\n<td class=\"label\">Taille<\/td>\n<td>Sur mesure et en stock<\/td>\n<\/tr>\n<tr>\n<td class=\"label\">Mat\u00e9riau<\/td>\n<td>Tube en aluminium + cuivre<\/td>\n<\/tr>\n<tr>\n<td class=\"label\">Couleur<\/td>\n<td>Nature<\/td>\n<\/tr>\n<tr>\n<td class=\"label\">Finition<\/td>\n<td>Finition en usine, polie<\/td>\n<\/tr>\n<tr>\n<td class=\"label\">Processus<\/td>\n<td>Fraisage CNC+ Soudage par friction-malaxage<\/td>\n<\/tr>\n<tr>\n<td class=\"label\">Tol\u00e9rance<\/td>\n<td>+\/-0,01 mm<\/td>\n<\/tr>\n<tr>\n<td class=\"label\">Service<\/td>\n<td>ODM OEM<\/td>\n<\/tr>\n<tr>\n<td class=\"label\">MOQ<\/td>\n<td>1 pi\u00e8ce<\/td>\n<\/tr>\n<tr>\n<td class=\"label\">Emballage<\/td>\n<td>\u00c9tui en polywood<\/td>\n<\/tr>\n<tr>\n<td class=\"label\">D\u00e9tails de l'emballage<\/td>\n<td>Emballage personnalis\u00e9 selon la demande du client, normalement : <br \/>\nR : Finition en usine, film plastique r\u00e9tractable.  <br \/>\nB : Anodisation ou rev\u00eatement \u00e9lectrique, emballage int\u00e9rieur avec film protecteur en plastique + mousse EPE + film r\u00e9tractable ou papier kraft imperm\u00e9able.<br \/>\nC:Si petite pi\u00e8ce cnc, mousse EPE+cartons.  <br \/>\nD:Si le client a une demande sp\u00e9ciale, nous pouvons fournir une bo\u00eete en bois.<\/td>\n<\/tr>\n<tr>\n<td class=\"label\">Unit\u00e9s de vente<\/td>\n<td>Article unique<\/td>\n<\/tr>\n<tr>\n<td class=\"label\">Taille de l'emballage unique<\/td>\n<td>30X10X10 cm<\/td>\n<\/tr>\n<tr>\n<td class=\"label\">Poids brut unique<\/td>\n<td>1.000 KG<\/td>\n<\/tr>\n<\/table>\n<h2>Notre base de production<\/h2>\n<h3>Panorama de l'usine<\/h3>\n<p><img decoding=\"async\" src=\"\/wp-content\/uploads\/factory-01.webp\"\/><\/p>\n<h3>Atelier de fabrication de barres d'aluminium<\/h3>\n<p><img decoding=\"async\" src=\"\/wp-content\/uploads\/factory-02.webp\"\/><\/p>\n<p><img decoding=\"async\" src=\"\/wp-content\/uploads\/factory-03.webp\"\/><\/p>\n<h3>Entrep\u00f4t de stockage des moules<\/h3>\n<p><img decoding=\"async\" src=\"\/wp-content\/uploads\/factory-04.webp\"\/><\/p>\n<h3>43 lignes d'extrusion d'aluminium (500 \u00e0 5500 tonnes)<\/h3>\n<p><img decoding=\"async\" src=\"\/wp-content\/uploads\/factory-05.webp\"\/><\/p>\n<p><img decoding=\"async\" src=\"\/wp-content\/uploads\/factory-06.webp\"\/><\/p>\n<p><img decoding=\"async\" src=\"\/wp-content\/uploads\/factory-07.webp\"\/><\/p>\n<h3>Atelier de peinture en poudre<\/h3>\n<p><img decoding=\"async\" src=\"\/wp-content\/uploads\/factory-09.webp\"\/><\/p>\n<h3>Atelier d'anodisation<\/h3>\n<p><img decoding=\"async\" src=\"\/wp-content\/uploads\/factory-10.webp\"\/><\/p>\n<h3>Atelier sur le traitement en profondeur<\/h3>\n<p><img decoding=\"async\" src=\"\/wp-content\/uploads\/factory-11.webp\"\/><\/p>\n<h3>Atelier d'usinage de pr\u00e9cision CNC<\/h3>\n<p><img decoding=\"async\" src=\"\/wp-content\/uploads\/factory-11.5.webp\"\/><\/p>\n<h3>Entrep\u00f4t de produits finis et d'exportation<\/h3>\n<p><img decoding=\"async\" src=\"\/wp-content\/uploads\/factory-12.webp\"\/><\/p>\n<p><img decoding=\"async\" src=\"\/wp-content\/uploads\/factory-13.webp\"\/><\/p>\n<p><img decoding=\"async\" src=\"\/wp-content\/uploads\/factory-14.webp\"\/><\/p>\n<h2>FAQ<\/h2>\n<p><p><b>1) Qu'est-ce qu'un dissipateur thermique \u00e0 ailettes en aluminium ?<\/b><\/p>\n<p>Un dissipateur thermique \u00e0 ailettes est fabriqu\u00e9 en d\u00e9coupant et en formant des ailettes directement \u00e0 partir d'un seul bloc d'aluminium, ce qui permet d'am\u00e9liorer le transfert de chaleur.<br \/>\n<\/p><br \/>\n<br \/>\n<p><b>2) Pourquoi choisir un mod\u00e8le d'aileron en forme d'\u00e9cailles plut\u00f4t que des ailerons coll\u00e9s traditionnels ?<\/b><\/p>\n<p>Les ailettes en forme d'\u00e9cailles offrent de meilleures performances thermiques gr\u00e2ce \u00e0 un flux continu de mat\u00e9riau et \u00e0 une r\u00e9sistance thermique r\u00e9duite.<br \/>\n<\/p><br \/>\n<br \/>\n<p><b>3. le dissipateur thermique en aluminium \u00e0 ailettes profil\u00e9es OEM est-il personnalisable ?<\/b><\/p>\n<p>Oui, nous offrons une personnalisation OEM compl\u00e8te, y compris la taille, la hauteur des ailettes, le pas et l'\u00e9paisseur de la base.<br \/>\n<\/p><br \/>\n<br \/>\n<p><b>4) Quelles sont les industries qui utilisent des dissipateurs thermiques en aluminium \u00e0 lamelles ?<\/b><\/p>\n<p>Ils sont largement utilis\u00e9s dans l'\u00e9lectronique de puissance, les \u00e9quipements de communication, les serveurs et les v\u00e9hicules \u00e9lectriques.<br \/>\n<\/p><br \/>\n<br \/>\n<p><b>5) Quel est le mat\u00e9riau utilis\u00e9 dans vos dissipateurs de chaleur ?<\/b><\/p>\n<p>Nos dissipateurs de chaleur \u00e0 ailettes sont fabriqu\u00e9s \u00e0 partir d'aluminium \u00e0 haute conductivit\u00e9 pour une efficacit\u00e9 thermique maximale.<br \/>\n<\/p><br \/>\n<br \/>\n<p><b>6. les dissipateurs de chaleur \u00e0 ailettes peuvent-ils supporter un refroidissement actif ?<\/b><\/p>\n<p>Oui, ils sont compatibles avec des ventilateurs ou des syst\u00e8mes de refroidissement liquide pour des performances thermiques accrues.<br \/>\n<\/p><br \/>\n<br \/>\n<p><b>7. la construction en une seule pi\u00e8ce am\u00e9liore-t-elle la fiabilit\u00e9 ?<\/b><\/p>\n<p>Oui, il \u00e9limine la r\u00e9sistance de l'interface et am\u00e9liore la r\u00e9sistance structurelle, ce qui garantit une fiabilit\u00e9 \u00e0 long terme.<br \/>\n<\/p><br \/>\n<br \/>\n<p><b>8. vos dissipateurs de chaleur \u00e0 lamelles conviennent-ils aux composants \u00e0 haute densit\u00e9 ?<\/b><\/p>\n<p>Absolument, leur conception compacte et leur haute densit\u00e9 d'ailettes les rendent id\u00e9ales pour le refroidissement d'appareils \u00e9lectroniques denses.<br \/>\n<\/p><br \/><\/p>","protected":false},"featured_media":10666,"template":"","categories":[72],"class_list":["post-10667","product","type-product","status-publish","has-post-thumbnail","hentry","category-extruded-aluminum-heatsink"],"meta_box":{"hilight_text_group":{"product_hilight_text":"<li>High-efficiency skived fin technology enhances surface area and heat dissipation<\/li>\r\n<li>Manufactured from high-conductivity aluminum for superior thermal performance<\/li>\r\n<li>OEM support with custom size, fin density, and base thickness options<\/li>\r\n<li>Single-piece construction ensures better thermal resistance and mechanical strength<\/li>\r\n<li>Ideal for high-power electronics, IGBTs, and data center cooling applications<\/li>\r\n<li>Lightweight design suitable for compact and space-constrained systems<\/li>\r\n<li>Scalable production for small to large batch orders with consistent quality<\/li>","product_chanpin_chanpin":"<ul>\r\n<li><a href=\"https:\/\/sinoextrud.com\/product\/aluminium-extrusion-6061-6082-7075-aluminum-alloy-profiles\/\" target=\"_blank\">6061 aluminum extrusion<\/a><\/li>\r\n<li><a href=\"https:\/\/sinoextrud.com\/product\/oval-aluminum-extrud-profile\/\" target=\"_blank\">oval aluminum extrusion<\/a><\/li>\r\n<li><a href=\"https:\/\/sinoextrud.com\/product\/aluminium-extrusion-anodised-aluminium-tube\/\" target=\"_blank\">anodised aluminium tube<\/a><\/li>\r\n<li><a href=\"https:\/\/sinoextrud.com\/product\/c-shaped-closed-linear-ceiling-system\/\" target=\"_blank\">linear closed ceilings<\/a><\/li>\r\n<li><a href=\"https:\/\/sinoextrud.com\/product\/the-new-perforated-ceiling-system\/\" target=\"_blank\">perforated french ceilings<\/a><\/li>\r\n<li><a href=\"https:\/\/sinoextrud.com\/product\/aluminum-extrusion-7003-7005-7020\/\" target=\"_blank\">7020 aluminum<\/a><\/li>\r\n<\/ul>","product_chanpin_blog":"<ul>\r\n<li><a href=\"https:\/\/sinoextrud.com\/t-slot-v-slot-differences\/\" target=\"_blank\">t slot vs v slot<\/a><\/li>\r\n<li><a href=\"https:\/\/sinoextrud.com\/what-is-4040-aluminium-extrud\/\" target=\"_blank\">4040 aluminium extrusion<\/a><\/li>\r\n<li><a href=\"https:\/\/sinoextrud.com\/what-is-4040-aluminium-extrud\/\" target=\"_blank\">aluminum extrusions for industrial racks<\/a><\/li>\r\n<li><a href=\"https:\/\/sinoextrud.com\/powder-coating-aluminium-process\/\" target=\"_blank\">powder coating aluminium<\/a><\/li>\r\n<li><a href=\"https:\/\/sinoextrud.com\/what-is-an-aluminium-strip-ceiling\/\" target=\"_blank\">aluminium strip ceiling<\/a><\/li>\r\n<li><a href=\"https:\/\/sinoextrud.com\/what-is-a-heat-sink\/\" target=\"_blank\">what is a heat sink<\/a><\/li>\r\n<\/ul>"},"feature_list":[]},"_links":{"self":[{"href":"https:\/\/sinoextrud.com\/fr\/wp-json\/wp\/v2\/product\/10667","targetHints":{"allow":["GET"]}}],"collection":[{"href":"https:\/\/sinoextrud.com\/fr\/wp-json\/wp\/v2\/product"}],"about":[{"href":"https:\/\/sinoextrud.com\/fr\/wp-json\/wp\/v2\/types\/product"}],"wp:featuredmedia":[{"embeddable":true,"href":"https:\/\/sinoextrud.com\/fr\/wp-json\/wp\/v2\/media\/10666"}],"wp:attachment":[{"href":"https:\/\/sinoextrud.com\/fr\/wp-json\/wp\/v2\/media?parent=10667"}],"wp:term":[{"taxonomy":"category","embeddable":true,"href":"https:\/\/sinoextrud.com\/fr\/wp-json\/wp\/v2\/categories?post=10667"}],"curies":[{"name":"wp","href":"https:\/\/api.w.org\/{rel}","templated":true}]}}