{"id":10661,"date":"2025-07-25T08:00:08","date_gmt":"2025-07-25T08:00:08","guid":{"rendered":"https:\/\/sinoextrud.com\/product\/cnc-machined-aluminum-heat-sink-for-electronics-6000-series\/"},"modified":"2025-07-25T08:00:08","modified_gmt":"2025-07-25T08:00:08","slug":"dissipateur-de-chaleur-en-aluminium-usine-par-cnc-pour-lelectronique-serie-6000","status":"publish","type":"product","link":"https:\/\/sinoextrud.com\/fr\/product\/cnc-machined-aluminum-heat-sink-for-electronics-6000-series\/","title":{"rendered":"Dissipateur thermique en aluminium usin\u00e9 CNC pour l'\u00e9lectronique S\u00e9rie 6000"},"content":{"rendered":"<h2>D\u00e9tails des produits<\/h2>\n<table class=\"custom-table\">\n<tr>\n<td class=\"label\">Grade<\/td>\n<td>S\u00e9rie 6000<\/td>\n<\/tr>\n<tr>\n<td class=\"label\">Tol\u00e9rance<\/td>\n<td>\u00b11%<\/td>\n<\/tr>\n<tr>\n<td class=\"label\">D\u00e9lai de livraison<\/td>\n<td>22-30 jours<\/td>\n<\/tr>\n<tr>\n<td class=\"label\">Temp\u00e9rer<\/td>\n<td>T3-T8<\/td>\n<\/tr>\n<tr>\n<td class=\"label\">Application<\/td>\n<td>led\/\u00e9lectronique\/cpu\/industrie<\/td>\n<\/tr>\n<tr>\n<td class=\"label\">Forme<\/td>\n<td>sur mesure<\/td>\n<\/tr>\n<tr>\n<td class=\"label\">Alliage ou non<\/td>\n<td>Est un alliage<\/td>\n<\/tr>\n<tr>\n<td class=\"label\">Service de traitement<\/td>\n<td>Pliage, d\u00e9roulage, soudage, poin\u00e7onnage, d\u00e9coupage<\/td>\n<\/tr>\n<tr>\n<td class=\"label\">Nom du produit<\/td>\n<td>Dissipateur thermique en aluminium sur mesure<\/td>\n<\/tr>\n<tr>\n<td class=\"label\">Unit\u00e9s de vente<\/td>\n<td>Article unique<\/td>\n<\/tr>\n<tr>\n<td class=\"label\">Taille de l'emballage unique<\/td>\n<td>30X30X50 cm<\/td>\n<\/tr>\n<tr>\n<td class=\"label\">Poids brut unique<\/td>\n<td>5.000 KG<\/td>\n<\/tr>\n<\/table>\n<h2>Notre base de production<\/h2>\n<h3>Panorama de l'usine<\/h3>\n<p><img decoding=\"async\" src=\"\/wp-content\/uploads\/factory-01.webp\"\/><\/p>\n<h3>Atelier de fabrication de barres d'aluminium<\/h3>\n<p><img decoding=\"async\" src=\"\/wp-content\/uploads\/factory-02.webp\"\/><\/p>\n<p><img decoding=\"async\" src=\"\/wp-content\/uploads\/factory-03.webp\"\/><\/p>\n<h3>Entrep\u00f4t de stockage des moules<\/h3>\n<p><img decoding=\"async\" src=\"\/wp-content\/uploads\/factory-04.webp\"\/><\/p>\n<h3>43 lignes d'extrusion d'aluminium (500-5500 tonnes)<\/h3>\n<p><img decoding=\"async\" src=\"\/wp-content\/uploads\/factory-05.webp\"\/><\/p>\n<p><img decoding=\"async\" src=\"\/wp-content\/uploads\/factory-06.webp\"\/><\/p>\n<p><img decoding=\"async\" src=\"\/wp-content\/uploads\/factory-07.webp\"\/><\/p>\n<h3>Atelier de peinture en poudre<\/h3>\n<p><img decoding=\"async\" src=\"\/wp-content\/uploads\/factory-09.webp\"\/><\/p>\n<h3>Atelier d'anodisation<\/h3>\n<p><img decoding=\"async\" src=\"\/wp-content\/uploads\/factory-10.webp\"\/><\/p>\n<h3>Atelier sur le traitement en profondeur<\/h3>\n<p><img decoding=\"async\" src=\"\/wp-content\/uploads\/factory-11.webp\"\/><\/p>\n<h3>Atelier d'usinage de pr\u00e9cision CNC<\/h3>\n<p><img decoding=\"async\" src=\"\/wp-content\/uploads\/factory-11.5.webp\"\/><\/p>\n<h3>Entrep\u00f4t de produits finis et d'exportation<\/h3>\n<p><img decoding=\"async\" src=\"\/wp-content\/uploads\/factory-12.webp\"\/><\/p>\n<p><img decoding=\"async\" src=\"\/wp-content\/uploads\/factory-13.webp\"\/><\/p>\n<p><img decoding=\"async\" src=\"\/wp-content\/uploads\/factory-14.webp\"\/><\/p>\n<h2>FAQ<\/h2>\n<p><p><b>1) Quel est le mat\u00e9riau utilis\u00e9 dans le dissipateur thermique en aluminium usin\u00e9 CNC pour l'\u00e9lectronique ?<\/b><\/p>\n<p>Il est fabriqu\u00e9 en aluminium de la s\u00e9rie 6000, connu pour sa conductivit\u00e9 thermique et sa r\u00e9sistance m\u00e9canique \u00e9lev\u00e9es.<br \/>\n<\/p><br \/>\n<br \/>\n<p><b>2) Pourquoi l'usinage CNC est-il important pour les dissipateurs thermiques ?<\/b><\/p>\n<p>L'usinage CNC garantit une grande pr\u00e9cision dimensionnelle, des surfaces lisses et une qualit\u00e9 constante pour les applications \u00e9lectroniques.<br \/>\n<\/p><br \/>\n<br \/>\n<p><b>3) Quels sont les avantages de l'utilisation de dissipateurs thermiques en aluminium dans l'\u00e9lectronique ?<\/b><\/p>\n<p>L'aluminium offre une excellente dissipation de la chaleur, une structure l\u00e9g\u00e8re et une r\u00e9sistance \u00e0 la corrosion pour une gestion thermique fiable.<br \/>\n<\/p><br \/>\n<br \/>\n<p><b>4. le dissipateur thermique peut-il \u00eatre adapt\u00e9 \u00e0 diff\u00e9rents appareils \u00e9lectroniques ?<\/b><\/p>\n<p>Oui, nous proposons une personnalisation OEM\/ODM de la taille, du montage et de la finition en fonction des exigences de votre appareil.<br \/>\n<\/p><br \/>\n<br \/>\n<p><b>5. ce dissipateur thermique en aluminium est-il adapt\u00e9 au refroidissement passif ?<\/b><\/p>\n<p>Oui, il est con\u00e7u pour les syst\u00e8mes de refroidissement passifs et actifs de divers appareils \u00e9lectroniques.<br \/>\n<\/p><br \/>\n<br \/>\n<p><b>6. comment l'aluminium de la s\u00e9rie 6000 am\u00e9liore-t-il les performances ?<\/b><\/p>\n<p>L'aluminium de la s\u00e9rie 6000 offre un \u00e9quilibre entre les performances thermiques, l'usinabilit\u00e9 et la r\u00e9sistance \u00e0 la corrosion, id\u00e9al pour l'\u00e9lectronique.<br \/>\n<\/p><br \/>\n<br \/>\n<p><b>7. quels types d'appareils \u00e9lectroniques peuvent utiliser ce dissipateur thermique ?<\/b><\/p>\n<p>Ce dissipateur thermique est id\u00e9al pour les modules de puissance, les circuits imprim\u00e9s, les pilotes de LED, les amplificateurs et autres composants \u00e9lectroniques sensibles \u00e0 la chaleur.<br \/>\n<\/p><br \/>\n<br \/>\n<p><b>8. le dissipateur thermique r\u00e9siste-t-il aux facteurs environnementaux ?<\/b><\/p>\n<p>Oui, la surface r\u00e9sistante \u00e0 la corrosion garantit des performances fiables dans divers environnements d'exploitation.<br \/>\n<\/p><br \/><\/p>","protected":false},"featured_media":10660,"template":"","categories":[72],"class_list":["post-10661","product","type-product","status-publish","has-post-thumbnail","hentry","category-extruded-aluminum-heatsink"],"meta_box":{"hilight_text_group":{"product_hilight_text":"<li>Made from high-performance 6000 series aluminum for excellent heat conductivity<\/li>\r\n<li>CNC machined for high precision, consistency, and perfect fit in electronic assemblies<\/li>\r\n<li>Designed to effectively dissipate heat from power electronics and circuit boards<\/li>\r\n<li>Lightweight and strong, ideal for compact and portable electronic devices<\/li>\r\n<li>Customizable shapes, mounting holes, and surface treatments available<\/li>\r\n<li>Corrosion-resistant surface ensures long-term reliability in varied environments<\/li>\r\n<li>Supports passive and active cooling applications in industrial electronics<\/li>","product_chanpin_chanpin":"<ul>\r\n<li><a href=\"https:\/\/sinoextrud.com\/product\/aluminium-extrusion-6061-6082-7075-aluminum-alloy-profiles\/\" target=\"_blank\">6061 aluminum extrusion<\/a><\/li>\r\n<li><a href=\"https:\/\/sinoextrud.com\/product\/oval-aluminum-extrud-profile\/\" target=\"_blank\">oval aluminum extrusion<\/a><\/li>\r\n<li><a href=\"https:\/\/sinoextrud.com\/product\/aluminium-extrusion-anodised-aluminium-tube\/\" target=\"_blank\">anodised aluminium tube<\/a><\/li>\r\n<li><a href=\"https:\/\/sinoextrud.com\/product\/c-shaped-closed-linear-ceiling-system\/\" target=\"_blank\">linear closed ceilings<\/a><\/li>\r\n<li><a href=\"https:\/\/sinoextrud.com\/product\/the-new-perforated-ceiling-system\/\" target=\"_blank\">perforated french ceilings<\/a><\/li>\r\n<li><a href=\"https:\/\/sinoextrud.com\/product\/aluminum-extrusion-7003-7005-7020\/\" target=\"_blank\">7020 aluminum<\/a><\/li>\r\n<\/ul>","product_chanpin_blog":"<ul>\r\n<li><a href=\"https:\/\/sinoextrud.com\/t-slot-v-slot-differences\/\" target=\"_blank\">t slot vs v slot<\/a><\/li>\r\n<li><a href=\"https:\/\/sinoextrud.com\/what-is-4040-aluminium-extrud\/\" target=\"_blank\">4040 aluminium extrusion<\/a><\/li>\r\n<li><a href=\"https:\/\/sinoextrud.com\/what-is-4040-aluminium-extrud\/\" target=\"_blank\">aluminum extrusions for industrial racks<\/a><\/li>\r\n<li><a href=\"https:\/\/sinoextrud.com\/powder-coating-aluminium-process\/\" target=\"_blank\">powder coating aluminium<\/a><\/li>\r\n<li><a href=\"https:\/\/sinoextrud.com\/what-is-an-aluminium-strip-ceiling\/\" target=\"_blank\">aluminium strip ceiling<\/a><\/li>\r\n<li><a href=\"https:\/\/sinoextrud.com\/what-is-a-heat-sink\/\" target=\"_blank\">what is a heat sink<\/a><\/li>\r\n<\/ul>"},"feature_list":[]},"_links":{"self":[{"href":"https:\/\/sinoextrud.com\/fr\/wp-json\/wp\/v2\/product\/10661","targetHints":{"allow":["GET"]}}],"collection":[{"href":"https:\/\/sinoextrud.com\/fr\/wp-json\/wp\/v2\/product"}],"about":[{"href":"https:\/\/sinoextrud.com\/fr\/wp-json\/wp\/v2\/types\/product"}],"wp:featuredmedia":[{"embeddable":true,"href":"https:\/\/sinoextrud.com\/fr\/wp-json\/wp\/v2\/media\/10660"}],"wp:attachment":[{"href":"https:\/\/sinoextrud.com\/fr\/wp-json\/wp\/v2\/media?parent=10661"}],"wp:term":[{"taxonomy":"category","embeddable":true,"href":"https:\/\/sinoextrud.com\/fr\/wp-json\/wp\/v2\/categories?post=10661"}],"curies":[{"name":"wp","href":"https:\/\/api.w.org\/{rel}","templated":true}]}}