{"id":10659,"date":"2025-07-25T07:59:21","date_gmt":"2025-07-25T07:59:21","guid":{"rendered":"https:\/\/sinoextrud.com\/product\/blue-anodized-led-heatsink-for-street-light-6000-series\/"},"modified":"2025-07-25T07:59:21","modified_gmt":"2025-07-25T07:59:21","slug":"dissipateur-de-chaleur-pour-led-anodise-bleu-pour-lampadaire-serie-6000","status":"publish","type":"product","link":"https:\/\/sinoextrud.com\/fr\/product\/blue-anodized-led-heatsink-for-street-light-6000-series\/","title":{"rendered":"Radiateur LED anodis\u00e9 bleu pour lampadaire s\u00e9rie 6000"},"content":{"rendered":"<h2>D\u00e9tails des produits<\/h2>\n<table class=\"custom-table\">\n<tr>\n<td class=\"label\">Grade<\/td>\n<td>S\u00e9rie 6000<\/td>\n<\/tr>\n<tr>\n<td class=\"label\">Tol\u00e9rance<\/td>\n<td>\u00b11%<\/td>\n<\/tr>\n<tr>\n<td class=\"label\">D\u00e9lai de livraison<\/td>\n<td>22-30 jours<\/td>\n<\/tr>\n<tr>\n<td class=\"label\">Temp\u00e9rer<\/td>\n<td>T3-T8<\/td>\n<\/tr>\n<tr>\n<td class=\"label\">Application<\/td>\n<td>led\/\u00e9lectronique\/cpu\/industrie<\/td>\n<\/tr>\n<tr>\n<td class=\"label\">Forme<\/td>\n<td>sur mesure<\/td>\n<\/tr>\n<tr>\n<td class=\"label\">Alliage ou non<\/td>\n<td>Est un alliage<\/td>\n<\/tr>\n<tr>\n<td class=\"label\">Service de traitement<\/td>\n<td>Pliage, d\u00e9roulage, soudage, poin\u00e7onnage, d\u00e9coupage<\/td>\n<\/tr>\n<tr>\n<td class=\"label\">Nom du produit<\/td>\n<td>Dissipateur thermique en aluminium sur mesure<\/td>\n<\/tr>\n<tr>\n<td class=\"label\">Unit\u00e9s de vente<\/td>\n<td>Article unique<\/td>\n<\/tr>\n<tr>\n<td class=\"label\">Taille de l'emballage unique<\/td>\n<td>30X20X20 cm<\/td>\n<\/tr>\n<tr>\n<td class=\"label\">Poids brut unique<\/td>\n<td>3.000 KG<\/td>\n<\/tr>\n<\/table>\n<h2>Notre base de production<\/h2>\n<h3>Panorama de l'usine<\/h3>\n<p><img decoding=\"async\" src=\"\/wp-content\/uploads\/factory-01.webp\"\/><\/p>\n<h3>Atelier de fabrication de barres d'aluminium<\/h3>\n<p><img decoding=\"async\" src=\"\/wp-content\/uploads\/factory-02.webp\"\/><\/p>\n<p><img decoding=\"async\" src=\"\/wp-content\/uploads\/factory-03.webp\"\/><\/p>\n<h3>Entrep\u00f4t de stockage des moules<\/h3>\n<p><img decoding=\"async\" src=\"\/wp-content\/uploads\/factory-04.webp\"\/><\/p>\n<h3>43 lignes d'extrusion d'aluminium (500-5500 tonnes)<\/h3>\n<p><img decoding=\"async\" src=\"\/wp-content\/uploads\/factory-05.webp\"\/><\/p>\n<p><img decoding=\"async\" src=\"\/wp-content\/uploads\/factory-06.webp\"\/><\/p>\n<p><img decoding=\"async\" src=\"\/wp-content\/uploads\/factory-07.webp\"\/><\/p>\n<h3>Atelier de peinture en poudre<\/h3>\n<p><img decoding=\"async\" src=\"\/wp-content\/uploads\/factory-09.webp\"\/><\/p>\n<h3>Atelier d'anodisation<\/h3>\n<p><img decoding=\"async\" src=\"\/wp-content\/uploads\/factory-10.webp\"\/><\/p>\n<h3>Atelier sur le traitement en profondeur<\/h3>\n<p><img decoding=\"async\" src=\"\/wp-content\/uploads\/factory-11.webp\"\/><\/p>\n<h3>Atelier d'usinage de pr\u00e9cision CNC<\/h3>\n<p><img decoding=\"async\" src=\"\/wp-content\/uploads\/factory-11.5.webp\"\/><\/p>\n<h3>Entrep\u00f4t de produits finis et d'exportation<\/h3>\n<p><img decoding=\"async\" src=\"\/wp-content\/uploads\/factory-12.webp\"\/><\/p>\n<p><img decoding=\"async\" src=\"\/wp-content\/uploads\/factory-13.webp\"\/><\/p>\n<p><img decoding=\"async\" src=\"\/wp-content\/uploads\/factory-14.webp\"\/><\/p>\n<h2>FAQ<\/h2>\n<p><p><b>1) Quel est le mat\u00e9riau du dissipateur de chaleur LED anodis\u00e9 bleu pour lampadaire ?<\/b><\/p>\n<p>Le dissipateur est fabriqu\u00e9 en aluminium de haute qualit\u00e9 de la s\u00e9rie 6000, connu pour sa r\u00e9sistance et sa conductivit\u00e9 thermique.<br \/>\n<\/p><br \/>\n<br \/>\n<p><b>2) Pourquoi le dissipateur thermique de la LED est-il anodis\u00e9 en bleu ?<\/b><\/p>\n<p>Le rev\u00eatement anodis\u00e9 bleu renforce la r\u00e9sistance \u00e0 la corrosion et conf\u00e8re au produit un aspect distinctif adapt\u00e9 \u00e0 une utilisation en ext\u00e9rieur.<br \/>\n<\/p><br \/>\n<br \/>\n<p><b>3. ce dissipateur convient-il pour les applications de lampadaires \u00e0 LED ?<\/b><\/p>\n<p>Oui, il est sp\u00e9cialement con\u00e7u pour les lampadaires LED de forte puissance n\u00e9cessitant une gestion thermique efficace.<br \/>\n<\/p><br \/>\n<br \/>\n<p><b>4) Comment le dissipateur thermique am\u00e9liore-t-il les performances des lampadaires \u00e0 LED ?<\/b><\/p>\n<p>Il maintient des temp\u00e9ratures de fonctionnement basses, ce qui contribue \u00e0 prolonger la dur\u00e9e de vie des LED et \u00e0 garantir un rendement lumineux stable.<br \/>\n<\/p><br \/>\n<br \/>\n<p><b>5) Le dissipateur thermique pour lampadaire \u00e0 LED peut-il \u00eatre personnalis\u00e9 ?<\/b><\/p>\n<p>Oui, nous offrons une personnalisation de la taille, de la conception des ailettes et du montage pour s'adapter \u00e0 diff\u00e9rents modules et bo\u00eetiers LED.<br \/>\n<\/p><br \/>\n<br \/>\n<p><b>6. l'aluminium de la s\u00e9rie 6000 est-il durable pour les environnements ext\u00e9rieurs ?<\/b><\/p>\n<p>Absolument, l'aluminium de la s\u00e9rie 6000 combin\u00e9 \u00e0 l'anodisation garantit la durabilit\u00e9 et la r\u00e9sistance \u00e0 la corrosion dans des conditions difficiles.<br \/>\n<\/p><br \/>\n<br \/>\n<p><b>7. le dissipateur thermique permet-il un refroidissement passif ?<\/b><\/p>\n<p>Oui, la structure des ailettes est optimis\u00e9e pour le refroidissement passif, ce qui la rend sans entretien et \u00e9conome en \u00e9nergie.<br \/>\n<\/p><br \/>\n<br \/>\n<p><b>8. quelles sont les principales applications de ce dissipateur thermique ?<\/b><\/p>\n<p>Il est id\u00e9al pour l'\u00e9clairage LED des rues, des autoroutes et des zones ext\u00e9rieures.<br \/>\n<\/p><br \/><\/p>","protected":false},"featured_media":10658,"template":"","categories":[72],"class_list":["post-10659","product","type-product","status-publish","has-post-thumbnail","hentry","category-extruded-aluminum-heatsink"],"meta_box":{"hilight_text_group":{"product_hilight_text":"<li>Made from 6000 series aluminum for excellent thermal conductivity and durability<\/li>\r\n<li>Blue anodized finish provides corrosion resistance and enhanced aesthetic appeal<\/li>\r\n<li>Optimized design for LED street light applications with high heat dissipation needs<\/li>\r\n<li>Lightweight and robust structure for outdoor environments<\/li>\r\n<li>Supports passive cooling with extended fin design for maximum airflow<\/li>\r\n<li>Customizable dimensions and mounting options for various street light models<\/li>\r\n<li>Ideal for long-term, maintenance-free LED lighting systems<\/li>","product_chanpin_chanpin":"<ul>\r\n<li><a href=\"https:\/\/sinoextrud.com\/product\/aluminium-extrusion-6061-6082-7075-aluminum-alloy-profiles\/\" target=\"_blank\">6061 aluminum extrusion<\/a><\/li>\r\n<li><a href=\"https:\/\/sinoextrud.com\/product\/oval-aluminum-extrud-profile\/\" target=\"_blank\">oval aluminum extrusion<\/a><\/li>\r\n<li><a href=\"https:\/\/sinoextrud.com\/product\/aluminium-extrusion-anodised-aluminium-tube\/\" target=\"_blank\">anodised aluminium tube<\/a><\/li>\r\n<li><a href=\"https:\/\/sinoextrud.com\/product\/c-shaped-closed-linear-ceiling-system\/\" target=\"_blank\">linear closed ceilings<\/a><\/li>\r\n<li><a href=\"https:\/\/sinoextrud.com\/product\/the-new-perforated-ceiling-system\/\" target=\"_blank\">perforated french ceilings<\/a><\/li>\r\n<li><a href=\"https:\/\/sinoextrud.com\/product\/aluminum-extrusion-7003-7005-7020\/\" target=\"_blank\">7020 aluminum<\/a><\/li>\r\n<\/ul>","product_chanpin_blog":"<ul>\r\n<li><a href=\"https:\/\/sinoextrud.com\/t-slot-v-slot-differences\/\" target=\"_blank\">t slot vs v slot<\/a><\/li>\r\n<li><a href=\"https:\/\/sinoextrud.com\/what-is-4040-aluminium-extrud\/\" target=\"_blank\">4040 aluminium extrusion<\/a><\/li>\r\n<li><a href=\"https:\/\/sinoextrud.com\/what-is-4040-aluminium-extrud\/\" target=\"_blank\">aluminum extrusions for industrial racks<\/a><\/li>\r\n<li><a href=\"https:\/\/sinoextrud.com\/powder-coating-aluminium-process\/\" target=\"_blank\">powder coating aluminium<\/a><\/li>\r\n<li><a href=\"https:\/\/sinoextrud.com\/what-is-an-aluminium-strip-ceiling\/\" target=\"_blank\">aluminium strip ceiling<\/a><\/li>\r\n<li><a href=\"https:\/\/sinoextrud.com\/what-is-a-heat-sink\/\" target=\"_blank\">what is a heat sink<\/a><\/li>\r\n<\/ul>"},"feature_list":[]},"_links":{"self":[{"href":"https:\/\/sinoextrud.com\/fr\/wp-json\/wp\/v2\/product\/10659","targetHints":{"allow":["GET"]}}],"collection":[{"href":"https:\/\/sinoextrud.com\/fr\/wp-json\/wp\/v2\/product"}],"about":[{"href":"https:\/\/sinoextrud.com\/fr\/wp-json\/wp\/v2\/types\/product"}],"wp:featuredmedia":[{"embeddable":true,"href":"https:\/\/sinoextrud.com\/fr\/wp-json\/wp\/v2\/media\/10658"}],"wp:attachment":[{"href":"https:\/\/sinoextrud.com\/fr\/wp-json\/wp\/v2\/media?parent=10659"}],"wp:term":[{"taxonomy":"category","embeddable":true,"href":"https:\/\/sinoextrud.com\/fr\/wp-json\/wp\/v2\/categories?post=10659"}],"curies":[{"name":"wp","href":"https:\/\/api.w.org\/{rel}","templated":true}]}}