{"id":10652,"date":"2025-07-25T07:53:48","date_gmt":"2025-07-25T07:53:48","guid":{"rendered":"https:\/\/sinoextrud.com\/product\/aluminum-heat-sink-with-heat-pipe-for-high-power-cooling\/"},"modified":"2025-07-25T07:53:48","modified_gmt":"2025-07-25T07:53:48","slug":"dissipateur-thermique-en-aluminium-avec-caloduc-pour-le-refroidissement-a-haute-puissance","status":"publish","type":"product","link":"https:\/\/sinoextrud.com\/fr\/product\/aluminum-heat-sink-with-heat-pipe-for-high-power-cooling\/","title":{"rendered":"Dissipateur thermique en aluminium avec caloduc pour le refroidissement \u00e0 haute puissance"},"content":{"rendered":"<h2>D\u00e9tails des produits<\/h2>\n<table class=\"custom-table\">\n<tr>\n<td class=\"label\">Traitement de surface<\/td>\n<td>Selon les besoins<\/td>\n<\/tr>\n<tr>\n<td class=\"label\">Forme<\/td>\n<td>Sur mesure<\/td>\n<\/tr>\n<tr>\n<td class=\"label\">Mat\u00e9riau du corps<\/td>\n<td>Alliage d'aluminium+Cooper<\/td>\n<\/tr>\n<tr>\n<td class=\"label\">Type<\/td>\n<td>Dissipateurs de chaleur<\/td>\n<\/tr>\n<tr>\n<td class=\"label\">Service de solutions d'\u00e9clairage<\/td>\n<td>mise en page CAO automatique<\/td>\n<\/tr>\n<tr>\n<td class=\"label\">Garantie (ann\u00e9e)<\/td>\n<td>5<\/td>\n<\/tr>\n<tr>\n<td class=\"label\">Processus<\/td>\n<td>Extrusion+CNC+Emboutissage<\/td>\n<\/tr>\n<tr>\n<td class=\"label\">Indice de protection IP<\/td>\n<td>ip55<\/td>\n<\/tr>\n<tr>\n<td class=\"label\">Couleur du corps<\/td>\n<td>Argent<\/td>\n<\/tr>\n<tr>\n<td class=\"label\">Moules standard Qt\u00e9<\/td>\n<td>30 000+sets<\/td>\n<\/tr>\n<tr>\n<td class=\"label\">Unit\u00e9s de vente<\/td>\n<td>Article unique<\/td>\n<\/tr>\n<\/table>\n<h2>Notre base de production<\/h2>\n<h3>Panorama de l'usine<\/h3>\n<p><img decoding=\"async\" src=\"\/wp-content\/uploads\/factory-01.webp\"\/><\/p>\n<h3>Atelier de fabrication de barres d'aluminium<\/h3>\n<p><img decoding=\"async\" src=\"\/wp-content\/uploads\/factory-02.webp\"\/><\/p>\n<p><img decoding=\"async\" src=\"\/wp-content\/uploads\/factory-03.webp\"\/><\/p>\n<h3>Entrep\u00f4t de stockage des moules<\/h3>\n<p><img decoding=\"async\" src=\"\/wp-content\/uploads\/factory-04.webp\"\/><\/p>\n<h3>43 lignes d'extrusion d'aluminium (500-5500 tonnes)<\/h3>\n<p><img decoding=\"async\" src=\"\/wp-content\/uploads\/factory-05.webp\"\/><\/p>\n<p><img decoding=\"async\" src=\"\/wp-content\/uploads\/factory-06.webp\"\/><\/p>\n<p><img decoding=\"async\" src=\"\/wp-content\/uploads\/factory-07.webp\"\/><\/p>\n<h3>Atelier de peinture en poudre<\/h3>\n<p><img decoding=\"async\" src=\"\/wp-content\/uploads\/factory-09.webp\"\/><\/p>\n<h3>Atelier d'anodisation<\/h3>\n<p><img decoding=\"async\" src=\"\/wp-content\/uploads\/factory-10.webp\"\/><\/p>\n<h3>Atelier sur le traitement en profondeur<\/h3>\n<p><img decoding=\"async\" src=\"\/wp-content\/uploads\/factory-11.webp\"\/><\/p>\n<h3>Atelier d'usinage de pr\u00e9cision CNC<\/h3>\n<p><img decoding=\"async\" src=\"\/wp-content\/uploads\/factory-11.5.webp\"\/><\/p>\n<h3>Entrep\u00f4t de produits finis et d'exportation<\/h3>\n<p><img decoding=\"async\" src=\"\/wp-content\/uploads\/factory-12.webp\"\/><\/p>\n<p><img decoding=\"async\" src=\"\/wp-content\/uploads\/factory-13.webp\"\/><\/p>\n<p><img decoding=\"async\" src=\"\/wp-content\/uploads\/factory-14.webp\"\/><\/p>\n<h2>FAQ<\/h2>\n<p><p><b>1) \u00c0 quoi sert un dissipateur thermique en aluminium avec caloduc ?<\/b><\/p>\n<p>Il est utilis\u00e9 pour le refroidissement \u00e0 haute puissance dans des applications telles que les CPU, les IGBT, les modules de puissance et d'autres produits \u00e9lectroniques \u00e0 haute temp\u00e9rature.<br \/>\n<\/p><br \/>\n<br \/>\n<p><b>2. comment les caloducs am\u00e9liorent-ils les performances du dissipateur thermique ?<\/b><\/p>\n<p>Les caloducs transf\u00e8rent rapidement la chaleur de la source aux ailettes en aluminium, am\u00e9liorant ainsi l'efficacit\u00e9 thermique globale.<br \/>\n<\/p><br \/>\n<br \/>\n<p><b>3. ce dissipateur thermique convient-il pour un refroidissement passif ou actif ?<\/b><\/p>\n<p>Oui, il prend en charge les configurations de refroidissement passives et actives en fonction des exigences du syst\u00e8me.<br \/>\n<\/p><br \/>\n<br \/>\n<p><b>4. le dissipateur thermique en aluminium peut-il \u00eatre personnalis\u00e9 pour diff\u00e9rents appareils ?<\/b><\/p>\n<p>Oui, nous proposons une personnalisation OEM de la taille, de la disposition des ailettes et de la configuration du caloduc pour r\u00e9pondre \u00e0 vos besoins sp\u00e9cifiques.<br \/>\n<\/p><br \/>\n<br \/>\n<p><b>5) Quelles sont les industries qui b\u00e9n\u00e9ficient de ce type de dissipateur thermique ?<\/b><\/p>\n<p>Les industries telles que les t\u00e9l\u00e9communications, l'automatisation industrielle, l'\u00e9lectronique de puissance et les \u00e9nergies renouvelables utilisent couramment ce dissipateur thermique.<br \/>\n<\/p><br \/>\n<br \/>\n<p><b>6. le dissipateur thermique est-il l\u00e9ger pour l'int\u00e9gration du syst\u00e8me ?<\/b><\/p>\n<p>Oui, la construction en aluminium le rend l\u00e9ger tout en maintenant d'excellentes performances thermiques.<br \/>\n<\/p><br \/>\n<br \/>\n<p><b>7. quels sont les avantages de la combinaison des caloducs avec l'aluminium ?<\/b><\/p>\n<p>Cette combinaison permet un transfert de chaleur rapide et une dissipation sur une grande surface, am\u00e9liorant ainsi le refroidissement des composants de grande puissance.<br \/>\n<\/p><br \/>\n<br \/>\n<p><b>8. ce dissipateur thermique peut-il supporter des charges thermiques \u00e9lev\u00e9es et continues ?<\/b><\/p>\n<p>Oui, il est con\u00e7u pour fonctionner de mani\u00e8re stable et efficace dans des conditions de dissipation thermique continue \u00e0 haute puissance.<br \/>\n<\/p><br \/><\/p>","protected":false},"featured_media":10651,"template":"","categories":[72],"class_list":["post-10652","product","type-product","status-publish","has-post-thumbnail","hentry","category-extruded-aluminum-heatsink"],"meta_box":{"hilight_text_group":{"product_hilight_text":"<li>Combines aluminum fins and heat pipe technology for superior thermal conductivity<\/li>\r\n<li>Designed for high power cooling applications such as CPUs, IGBTs, and power modules<\/li>\r\n<li>Lightweight aluminum construction with excellent heat spreading capability<\/li>\r\n<li>Heat pipes accelerate thermal transfer from heat source to fins<\/li>\r\n<li>Customizable design to fit various power electronics and cooling systems<\/li>\r\n<li>Supports passive or active cooling configurations<\/li>\r\n<li>Ideal for industrial automation, telecom, and renewable energy systems<\/li>","product_chanpin_chanpin":"<ul>\r\n<li><a href=\"https:\/\/sinoextrud.com\/product\/aluminium-extrusion-6061-6082-7075-aluminum-alloy-profiles\/\" target=\"_blank\">6061 aluminum extrusion<\/a><\/li>\r\n<li><a href=\"https:\/\/sinoextrud.com\/product\/oval-aluminum-extrud-profile\/\" target=\"_blank\">oval aluminum extrusion<\/a><\/li>\r\n<li><a href=\"https:\/\/sinoextrud.com\/product\/aluminium-extrusion-anodised-aluminium-tube\/\" target=\"_blank\">anodised aluminium tube<\/a><\/li>\r\n<li><a href=\"https:\/\/sinoextrud.com\/product\/c-shaped-closed-linear-ceiling-system\/\" target=\"_blank\">linear closed ceilings<\/a><\/li>\r\n<li><a href=\"https:\/\/sinoextrud.com\/product\/the-new-perforated-ceiling-system\/\" target=\"_blank\">perforated french ceilings<\/a><\/li>\r\n<li><a href=\"https:\/\/sinoextrud.com\/product\/aluminum-extrusion-7003-7005-7020\/\" target=\"_blank\">7020 aluminum<\/a><\/li>\r\n<\/ul>","product_chanpin_blog":"<ul>\r\n<li><a href=\"https:\/\/sinoextrud.com\/t-slot-v-slot-differences\/\" target=\"_blank\">t slot vs v slot<\/a><\/li>\r\n<li><a href=\"https:\/\/sinoextrud.com\/what-is-4040-aluminium-extrud\/\" target=\"_blank\">4040 aluminium extrusion<\/a><\/li>\r\n<li><a href=\"https:\/\/sinoextrud.com\/what-is-4040-aluminium-extrud\/\" target=\"_blank\">aluminum extrusions for industrial racks<\/a><\/li>\r\n<li><a href=\"https:\/\/sinoextrud.com\/powder-coating-aluminium-process\/\" target=\"_blank\">powder coating aluminium<\/a><\/li>\r\n<li><a href=\"https:\/\/sinoextrud.com\/what-is-an-aluminium-strip-ceiling\/\" target=\"_blank\">aluminium strip ceiling<\/a><\/li>\r\n<li><a href=\"https:\/\/sinoextrud.com\/what-is-a-heat-sink\/\" target=\"_blank\">what is a heat sink<\/a><\/li>\r\n<\/ul>"},"feature_list":[]},"_links":{"self":[{"href":"https:\/\/sinoextrud.com\/fr\/wp-json\/wp\/v2\/product\/10652","targetHints":{"allow":["GET"]}}],"collection":[{"href":"https:\/\/sinoextrud.com\/fr\/wp-json\/wp\/v2\/product"}],"about":[{"href":"https:\/\/sinoextrud.com\/fr\/wp-json\/wp\/v2\/types\/product"}],"wp:featuredmedia":[{"embeddable":true,"href":"https:\/\/sinoextrud.com\/fr\/wp-json\/wp\/v2\/media\/10651"}],"wp:attachment":[{"href":"https:\/\/sinoextrud.com\/fr\/wp-json\/wp\/v2\/media?parent=10652"}],"wp:term":[{"taxonomy":"category","embeddable":true,"href":"https:\/\/sinoextrud.com\/fr\/wp-json\/wp\/v2\/categories?post=10652"}],"curies":[{"name":"wp","href":"https:\/\/api.w.org\/{rel}","templated":true}]}}