{"id":10650,"date":"2025-07-25T07:50:00","date_gmt":"2025-07-25T07:50:00","guid":{"rendered":"https:\/\/sinoextrud.com\/product\/copper-tube-water-cooling-aluminum-cold-plate\/"},"modified":"2025-07-25T07:51:50","modified_gmt":"2025-07-25T07:51:50","slug":"tube-en-cuivre-refroidissement-de-leau-plaque-froide-en-aluminium","status":"publish","type":"product","link":"https:\/\/sinoextrud.com\/fr\/product\/copper-tube-water-cooling-aluminum-cold-plate\/","title":{"rendered":"Tube en cuivre Plaque froide en aluminium pour le refroidissement de l'eau"},"content":{"rendered":"<h2>D\u00e9tails des produits<\/h2>\n<table class=\"custom-table\">\n<tr>\n<td class=\"label\">rapport d'essai des machines<\/td>\n<td>Fourni<\/td>\n<\/tr>\n<tr>\n<td class=\"label\">inspection de sortie vid\u00e9o<\/td>\n<td>Fourni<\/td>\n<\/tr>\n<tr>\n<td class=\"label\">garantie<\/td>\n<td>5 ans<\/td>\n<\/tr>\n<tr>\n<td class=\"label\">application<\/td>\n<td>Pi\u00e8ces d\u00e9tach\u00e9es pour la r\u00e9frig\u00e9ration<\/td>\n<\/tr>\n<tr>\n<td class=\"label\">type<\/td>\n<td>Dissipateur thermique \u00e0 refroidissement par eau<\/td>\n<\/tr>\n<tr>\n<td class=\"label\">Poids (kg)<\/td>\n<td>1.3<\/td>\n<\/tr>\n<tr>\n<td class=\"label\">Pitch<\/td>\n<td>3,8 mm<\/td>\n<\/tr>\n<tr>\n<td class=\"label\">Palmes Qt\u00e9<\/td>\n<td>32<\/td>\n<\/tr>\n<tr>\n<td class=\"label\">Poids<\/td>\n<td>6,05 kg\/m<\/td>\n<\/tr>\n<tr>\n<td class=\"label\">Traitement de surface<\/td>\n<td>Anodisation (noire)<\/td>\n<\/tr>\n<tr>\n<td class=\"label\">Moules standard Qt\u00e9<\/td>\n<td>30 000+sets<\/td>\n<\/tr>\n<tr>\n<td class=\"label\">Unit\u00e9s de vente<\/td>\n<td>Article unique<\/td>\n<\/tr>\n<tr>\n<td class=\"label\">Taille de l'emballage unique<\/td>\n<td>30X15X5 cm<\/td>\n<\/tr>\n<tr>\n<td class=\"label\">Poids brut unique<\/td>\n<td>2.000 KG<\/td>\n<\/tr>\n<\/table>\n<h2>Notre base de production<\/h2>\n<h3>Panorama de l'usine<\/h3>\n<p><img decoding=\"async\" src=\"\/wp-content\/uploads\/factory-01.webp\"\/><\/p>\n<h3>Atelier de fabrication de barres d'aluminium<\/h3>\n<p><img decoding=\"async\" src=\"\/wp-content\/uploads\/factory-02.webp\"\/><\/p>\n<\/p>\n<p><img decoding=\"async\" src=\"\/wp-content\/uploads\/factory-03.webp\"\/><\/p>\n<h3>Entrep\u00f4t de stockage des moules<\/h3>\n<p><img decoding=\"async\" src=\"\/wp-content\/uploads\/factory-04.webp\"\/><\/p>\n<h3>43 lignes d'extrusion d'aluminium (500-5500 tonnes)<\/h3>\n<p><img decoding=\"async\" src=\"\/wp-content\/uploads\/factory-05.webp\"\/><\/p>\n<p><img decoding=\"async\" src=\"\/wp-content\/uploads\/factory-06.webp\"\/><\/p>\n<p><img decoding=\"async\" src=\"\/wp-content\/uploads\/factory-07.webp\"\/><\/p>\n<h3>Atelier de peinture en poudre<\/h3>\n<p><img decoding=\"async\" src=\"\/wp-content\/uploads\/factory-09.webp\"\/><\/p>\n<h3>Atelier d'anodisation<\/h3>\n<p><img decoding=\"async\" src=\"\/wp-content\/uploads\/factory-10.webp\"\/><\/p>\n<h3>Atelier sur le traitement en profondeur<\/h3>\n<p><img decoding=\"async\" src=\"\/wp-content\/uploads\/factory-11.webp\"\/><\/p>\n<h3>Atelier d'usinage de pr\u00e9cision CNC<\/h3>\n<p><img decoding=\"async\" src=\"\/wp-content\/uploads\/factory-11.5.webp\"\/><\/p>\n<h3>Entrep\u00f4t de produits finis et d'exportation<\/h3>\n<p><img decoding=\"async\" src=\"\/wp-content\/uploads\/factory-12.webp\"\/><\/p>\n<p><img decoding=\"async\" src=\"\/wp-content\/uploads\/factory-13.webp\"\/><\/p>\n<p><img decoding=\"async\" src=\"\/wp-content\/uploads\/factory-14.webp\"\/><\/p>\n<h2>FAQ<\/h2>\n<p><b>1) Qu'est-ce qu'une plaque froide en aluminium pour le refroidissement de l'eau par tube de cuivre ?<\/b><\/p>\n<p>Il s'agit d'une solution de gestion thermique combinant des tubes en cuivre et une base en aluminium pour dissiper efficacement la chaleur dans les syst\u00e8mes \u00e9lectroniques ou industriels.\n<\/p>\n<p><\/p>\n<p><b>2) Comment le tube en cuivre am\u00e9liore-t-il les performances de refroidissement ?<\/b><\/p>\n<p>Le tube en cuivre offre une excellente conductivit\u00e9 thermique, permettant un transfert rapide de la chaleur des sources de chaleur vers le fluide de refroidissement.\n<\/p>\n<p><\/p>\n<p><b>3) Pourquoi l'aluminium est-il utilis\u00e9 dans la base de la plaque froide ?<\/b><\/p>\n<p>L'aluminium offre une structure l\u00e9g\u00e8re avec une conductivit\u00e9 thermique \u00e9lev\u00e9e, ce qui le rend id\u00e9al pour une dissipation rapide et efficace de la chaleur.\n<\/p>\n<p><\/p>\n<p><b>4. la plaque froide est-elle compatible avec les boucles de refroidissement personnalis\u00e9es ?<\/b><\/p>\n<p>Oui, la plaque froide en aluminium pour le refroidissement de l'eau par tube de cuivre est compatible avec les installations de refroidissement liquide standard et personnalis\u00e9es.\n<\/p>\n<p><\/p>\n<p><b>5. pour quelles applications cette plaque \u00e0 froid convient-elle ?<\/b><\/p>\n<p>Il est largement utilis\u00e9 dans l'\u00e9lectronique de puissance, les syst\u00e8mes laser, le refroidissement des batteries des v\u00e9hicules \u00e9lectriques et les environnements informatiques \u00e0 haute performance.\n<\/p>\n<p><\/p>\n<p><b>6. la disposition des tubes en cuivre peut-elle \u00eatre personnalis\u00e9e ?<\/b><\/p>\n<p>Oui, la disposition du tube de cuivre et les dimensions de la plaque d'aluminium peuvent \u00eatre personnalis\u00e9es pour r\u00e9pondre \u00e0 des exigences thermiques et m\u00e9caniques sp\u00e9cifiques.\n<\/p>\n<p><\/p>\n<p><b>7. ce produit supporte-t-il des charges thermiques \u00e9lev\u00e9es ?<\/b><\/p>\n<p>Absolument, la conception int\u00e9gr\u00e9e du tube en cuivre et la base en aluminium assurent des performances stables sous des charges thermiques \u00e9lev\u00e9es.\n<\/p>\n<p><\/p>\n<p><b>8. quelle est la dur\u00e9e de vie de la plaque froide en aluminium pour le refroidissement de l'eau par tube de cuivre ?<\/b><\/p>\n<p>Le produit est dot\u00e9 de mat\u00e9riaux r\u00e9sistants \u00e0 la corrosion et d'une construction robuste, garantissant une efficacit\u00e9 de refroidissement durable et fiable.\n<\/p>\n<p><\/p>","protected":false},"featured_media":10649,"template":"","categories":[73],"class_list":["post-10650","product","type-product","status-publish","has-post-thumbnail","hentry","category-water-cooling-plate"],"meta_box":{"hilight_text_group":{"product_hilight_text":"<li>Efficient heat dissipation with integrated copper tube design<\/li>\r\n<li>Lightweight aluminum base ensures optimal thermal conductivity<\/li>\r\n<li>Customizable size and tube layout for various industrial applications<\/li>\r\n<li>Reliable long-term cooling performance in high-heat environments<\/li>\r\n<li>Compatible with standard and high-performance liquid cooling systems<\/li>","product_chanpin_chanpin":"<ul>\r\n<li><a href=\"https:\/\/sinoextrud.com\/product\/aluminium-extrusion-6061-6082-7075-aluminum-alloy-profiles\/\" target=\"_blank\">6061 aluminum extrusion<\/a><\/li>\r\n<li><a href=\"https:\/\/sinoextrud.com\/product\/oval-aluminum-extrud-profile\/\" target=\"_blank\">oval aluminum extrusion<\/a><\/li>\r\n<li><a href=\"https:\/\/sinoextrud.com\/product\/aluminium-extrusion-anodised-aluminium-tube\/\" target=\"_blank\">anodised aluminium tube<\/a><\/li>\r\n<li><a href=\"https:\/\/sinoextrud.com\/product\/c-shaped-closed-linear-ceiling-system\/\" target=\"_blank\">linear closed ceilings<\/a><\/li>\r\n<li><a href=\"https:\/\/sinoextrud.com\/product\/the-new-perforated-ceiling-system\/\" target=\"_blank\">perforated french ceilings<\/a><\/li>\r\n<li><a href=\"https:\/\/sinoextrud.com\/product\/aluminum-extrusion-7003-7005-7020\/\" target=\"_blank\">7020 aluminum<\/a><\/li>\r\n<\/ul>","product_chanpin_blog":"<ul>\r\n<li><a href=\"https:\/\/sinoextrud.com\/t-slot-v-slot-differences\/\" target=\"_blank\">t slot vs v slot<\/a><\/li>\r\n<li><a href=\"https:\/\/sinoextrud.com\/what-is-4040-aluminium-extrud\/\" target=\"_blank\">4040 aluminium extrusion<\/a><\/li>\r\n<li><a href=\"https:\/\/sinoextrud.com\/what-is-4040-aluminium-extrud\/\" target=\"_blank\">aluminum extrusions for industrial racks<\/a><\/li>\r\n<li><a href=\"https:\/\/sinoextrud.com\/powder-coating-aluminium-process\/\" target=\"_blank\">powder coating aluminium<\/a><\/li>\r\n<li><a href=\"https:\/\/sinoextrud.com\/what-is-an-aluminium-strip-ceiling\/\" target=\"_blank\">aluminium strip ceiling<\/a><\/li>\r\n<li><a href=\"https:\/\/sinoextrud.com\/what-is-a-heat-sink\/\" target=\"_blank\">what is a heat sink<\/a><\/li>\r\n<\/ul>"},"feature_list":[]},"_links":{"self":[{"href":"https:\/\/sinoextrud.com\/fr\/wp-json\/wp\/v2\/product\/10650","targetHints":{"allow":["GET"]}}],"collection":[{"href":"https:\/\/sinoextrud.com\/fr\/wp-json\/wp\/v2\/product"}],"about":[{"href":"https:\/\/sinoextrud.com\/fr\/wp-json\/wp\/v2\/types\/product"}],"wp:featuredmedia":[{"embeddable":true,"href":"https:\/\/sinoextrud.com\/fr\/wp-json\/wp\/v2\/media\/10649"}],"wp:attachment":[{"href":"https:\/\/sinoextrud.com\/fr\/wp-json\/wp\/v2\/media?parent=10650"}],"wp:term":[{"taxonomy":"category","embeddable":true,"href":"https:\/\/sinoextrud.com\/fr\/wp-json\/wp\/v2\/categories?post=10650"}],"curies":[{"name":"wp","href":"https:\/\/api.w.org\/{rel}","templated":true}]}}