{"id":10648,"date":"2025-07-25T04:04:35","date_gmt":"2025-07-25T04:04:35","guid":{"rendered":"https:\/\/sinoextrud.com\/product\/thick-water-cooling-aluminum-cold-plate-copper-tubes\/"},"modified":"2025-07-25T04:04:35","modified_gmt":"2025-07-25T04:04:35","slug":"plaques-froides-en-aluminium-pour-le-refroidissement-de-leau-tubes-en-cuivre","status":"publish","type":"product","link":"https:\/\/sinoextrud.com\/fr\/product\/thick-water-cooling-aluminum-cold-plate-copper-tubes\/","title":{"rendered":"Plaque froide \u00e9paisse en aluminium pour le refroidissement de l'eau Tubes en cuivre"},"content":{"rendered":"<h2>D\u00e9tails des produits<\/h2>\n<table class=\"custom-table\">\n<tr>\n<td class=\"label\">rapport d'essai des machines<\/td>\n<td>Fourni<\/td>\n<\/tr>\n<tr>\n<td class=\"label\">inspection de sortie vid\u00e9o<\/td>\n<td>Fourni<\/td>\n<\/tr>\n<tr>\n<td class=\"label\">Mat\u00e9riau<\/td>\n<td>Cuivre, alliage d'aluminium<\/td>\n<\/tr>\n<tr>\n<td class=\"label\">garantie<\/td>\n<td>5 ans<\/td>\n<\/tr>\n<tr>\n<td class=\"label\">application<\/td>\n<td>Modules IGBG, Dispositifs \u00e9lectroniques, Lasers<\/td>\n<\/tr>\n<tr>\n<td class=\"label\">type<\/td>\n<td>\u00c9changeur de chaleur<\/td>\n<\/tr>\n<tr>\n<td class=\"label\">Poids (kg)<\/td>\n<td>3.5<\/td>\n<\/tr>\n<tr>\n<td class=\"label\">Mat\u00e9riau<\/td>\n<td>Aluminium + tube en cuivre<\/td>\n<\/tr>\n<tr>\n<td class=\"label\">Service apr\u00e8s-vente<\/td>\n<td>Soutien en ligne<\/td>\n<\/tr>\n<tr>\n<td class=\"label\">Certification<\/td>\n<td>RoHS<\/td>\n<\/tr>\n<tr>\n<td class=\"label\">Unit\u00e9s de vente<\/td>\n<td>Article unique<\/td>\n<\/tr>\n<tr>\n<td class=\"label\">Taille de l'emballage unique<\/td>\n<td>25X20X5 cm<\/td>\n<\/tr>\n<tr>\n<td class=\"label\">Poids brut unique<\/td>\n<td>4.000 KG<\/td>\n<\/tr>\n<\/table>\n<h2>Notre base de production<\/h2>\n<h3>Panorama de l'usine<\/h3>\n<p><img decoding=\"async\" src=\"\/wp-content\/uploads\/factory-01.webp\"\/><\/p>\n<h3>Atelier de fabrication de barres d'aluminium<\/h3>\n<p><img decoding=\"async\" src=\"\/wp-content\/uploads\/factory-02.webp\"\/><\/p>\n<p><img decoding=\"async\" src=\"\/wp-content\/uploads\/factory-03.webp\"\/><\/p>\n<h3>Entrep\u00f4t de stockage des moules<\/h3>\n<p><img decoding=\"async\" src=\"\/wp-content\/uploads\/factory-04.webp\"\/><\/p>\n<h3>43 lignes d'extrusion d'aluminium (500-5500 tonnes)<\/h3>\n<p><img decoding=\"async\" src=\"\/wp-content\/uploads\/factory-05.webp\"\/><\/p>\n<p><img decoding=\"async\" src=\"\/wp-content\/uploads\/factory-06.webp\"\/><\/p>\n<p><img decoding=\"async\" src=\"\/wp-content\/uploads\/factory-07.webp\"\/><\/p>\n<h3>Atelier de peinture en poudre<\/h3>\n<p><img decoding=\"async\" src=\"\/wp-content\/uploads\/factory-09.webp\"\/><\/p>\n<h3>Atelier d'anodisation<\/h3>\n<p><img decoding=\"async\" src=\"\/wp-content\/uploads\/factory-10.webp\"\/><\/p>\n<h3>Atelier sur le traitement en profondeur<\/h3>\n<p><img decoding=\"async\" src=\"\/wp-content\/uploads\/factory-11.webp\"\/><\/p>\n<h3>Atelier d'usinage de pr\u00e9cision CNC<\/h3>\n<p><img decoding=\"async\" src=\"\/wp-content\/uploads\/factory-11.5.webp\"\/><\/p>\n<h3>Entrep\u00f4t de produits finis et d'exportation<\/h3>\n<p><img decoding=\"async\" src=\"\/wp-content\/uploads\/factory-12.webp\"\/><\/p>\n<p><img decoding=\"async\" src=\"\/wp-content\/uploads\/factory-13.webp\"\/><\/p>\n<p><img decoding=\"async\" src=\"\/wp-content\/uploads\/factory-14.webp\"\/><\/p>\n<h2>FAQ<\/h2>\n<p><p><b>1) Quelle est la taille de la plaque froide \u00e9paisse en aluminium pour le refroidissement de l'eau ?<\/b><\/p>\n<p>La plaque froide mesure 180\u00d7220\u00d730 mm, offrant une grande surface de contact thermique pour un refroidissement performant.<br \/>\n<\/p><br \/>\n<br \/>\n<p><b>2) Pourquoi utiliser des tubes de cuivre de 20 mm dans la plaque froide ?<\/b><\/p>\n<p>Les tubes en cuivre de 20 mm assurent un flux d'eau efficace et un transfert de chaleur sup\u00e9rieur, am\u00e9liorant ainsi la capacit\u00e9 de refroidissement globale.<br \/>\n<\/p><br \/>\n<br \/>\n<p><b>3. l'\u00e9paisseur de 30 mm est-elle b\u00e9n\u00e9fique pour la performance thermique ?<\/b><\/p>\n<p>Oui, la base en aluminium de 30 mm d'\u00e9paisseur augmente la masse thermique, ce qui permet une meilleure absorption et dissipation de la chaleur.<br \/>\n<\/p><br \/>\n<br \/>\n<p><b>4. pour quelles applications cette plaque \u00e0 froid convient-elle ?<\/b><\/p>\n<p>Cette plaque froide est id\u00e9ale pour les appareils \u00e9lectroniques de forte puissance, les onduleurs, les entra\u00eenements industriels et les bancs d'essai thermiques n\u00e9cessitant un refroidissement intensif.<br \/>\n<\/p><br \/>\n<br \/>\n<p><b>5) La plaque d'aluminium \u00e0 froid peut-elle \u00eatre personnalis\u00e9e ?<\/b><\/p>\n<p>Oui, la plaque froide en aluminium peut \u00eatre adapt\u00e9e en termes de montage, de positionnement des entr\u00e9es\/sorties et de configuration des tubes pour une int\u00e9gration OEM.<br \/>\n<\/p><br \/>\n<br \/>\n<p><b>6. le produit est-il r\u00e9sistant \u00e0 la corrosion ?<\/b><\/p>\n<p>Oui, l'\u00e9paisse plaque d'aluminium et les tubes en cuivre sont trait\u00e9s pour r\u00e9sister \u00e0 la corrosion, ce qui garantit un fonctionnement fiable \u00e0 long terme.<br \/>\n<\/p><br \/>\n<br \/>\n<p><b>7. comment ce produit am\u00e9liore-t-il l'efficacit\u00e9 du refroidissement ?<\/b><\/p>\n<p>Sa grande surface, sa base \u00e9paisse et ses tubes de cuivre de 20 mm int\u00e9gr\u00e9s permettent une extraction efficace de la chaleur et un transfert thermique rapide.<br \/>\n<\/p><br \/>\n<br \/>\n<p><b>8. quels sont les avantages par rapport aux plaques de froid standard ?<\/b><\/p>\n<p>Par rapport aux plaques standard, elle permet de mieux supporter la charge thermique, d'am\u00e9liorer les performances d'\u00e9coulement et de renforcer la rigidit\u00e9 structurelle.<br \/>\n<\/p><br \/><\/p>","protected":false},"featured_media":10647,"template":"","categories":[73],"class_list":["post-10648","product","type-product","status-publish","has-post-thumbnail","hentry","category-water-cooling-plate"],"meta_box":{"hilight_text_group":{"product_hilight_text":"<li>Robust 30mm thick aluminum cold plate ensures superior thermal capacity for heavy-duty cooling<\/li>\r\n<li>Integrated 20mm copper tubes offer enhanced heat transfer efficiency<\/li>\r\n<li>Large 180\u00c3\u2014220mm surface area ideal for high-power component coverage<\/li>\r\n<li>Durable aluminum body provides long-lasting performance in industrial environments<\/li>\r\n<li>Customizable for OEM applications across power electronics and thermal management systems<\/li>","product_chanpin_chanpin":"<ul>\r\n<li><a href=\"https:\/\/sinoextrud.com\/product\/aluminium-extrusion-6061-6082-7075-aluminum-alloy-profiles\/\" target=\"_blank\">6061 aluminum extrusion<\/a><\/li>\r\n<li><a href=\"https:\/\/sinoextrud.com\/product\/oval-aluminum-extrud-profile\/\" target=\"_blank\">oval aluminum extrusion<\/a><\/li>\r\n<li><a href=\"https:\/\/sinoextrud.com\/product\/aluminium-extrusion-anodised-aluminium-tube\/\" target=\"_blank\">anodised aluminium tube<\/a><\/li>\r\n<li><a href=\"https:\/\/sinoextrud.com\/product\/c-shaped-closed-linear-ceiling-system\/\" target=\"_blank\">linear closed ceilings<\/a><\/li>\r\n<li><a href=\"https:\/\/sinoextrud.com\/product\/the-new-perforated-ceiling-system\/\" target=\"_blank\">perforated french ceilings<\/a><\/li>\r\n<li><a href=\"https:\/\/sinoextrud.com\/product\/aluminum-extrusion-7003-7005-7020\/\" target=\"_blank\">7020 aluminum<\/a><\/li>\r\n<\/ul>","product_chanpin_blog":"<ul>\r\n<li><a href=\"https:\/\/sinoextrud.com\/t-slot-v-slot-differences\/\" target=\"_blank\">t slot vs v slot<\/a><\/li>\r\n<li><a href=\"https:\/\/sinoextrud.com\/what-is-4040-aluminium-extrud\/\" target=\"_blank\">4040 aluminium extrusion<\/a><\/li>\r\n<li><a href=\"https:\/\/sinoextrud.com\/what-is-4040-aluminium-extrud\/\" target=\"_blank\">aluminum extrusions for industrial racks<\/a><\/li>\r\n<li><a href=\"https:\/\/sinoextrud.com\/powder-coating-aluminium-process\/\" target=\"_blank\">powder coating aluminium<\/a><\/li>\r\n<li><a href=\"https:\/\/sinoextrud.com\/what-is-an-aluminium-strip-ceiling\/\" target=\"_blank\">aluminium strip ceiling<\/a><\/li>\r\n<li><a href=\"https:\/\/sinoextrud.com\/what-is-a-heat-sink\/\" target=\"_blank\">what is a heat sink<\/a><\/li>\r\n<\/ul>"},"feature_list":[]},"_links":{"self":[{"href":"https:\/\/sinoextrud.com\/fr\/wp-json\/wp\/v2\/product\/10648","targetHints":{"allow":["GET"]}}],"collection":[{"href":"https:\/\/sinoextrud.com\/fr\/wp-json\/wp\/v2\/product"}],"about":[{"href":"https:\/\/sinoextrud.com\/fr\/wp-json\/wp\/v2\/types\/product"}],"wp:featuredmedia":[{"embeddable":true,"href":"https:\/\/sinoextrud.com\/fr\/wp-json\/wp\/v2\/media\/10647"}],"wp:attachment":[{"href":"https:\/\/sinoextrud.com\/fr\/wp-json\/wp\/v2\/media?parent=10648"}],"wp:term":[{"taxonomy":"category","embeddable":true,"href":"https:\/\/sinoextrud.com\/fr\/wp-json\/wp\/v2\/categories?post=10648"}],"curies":[{"name":"wp","href":"https:\/\/api.w.org\/{rel}","templated":true}]}}