{"id":10646,"date":"2025-07-25T04:02:40","date_gmt":"2025-07-25T04:02:40","guid":{"rendered":"https:\/\/sinoextrud.com\/product\/custom-water-cooling-aluminum-cold-plate-with-copper-tubes\/"},"modified":"2025-07-25T04:02:40","modified_gmt":"2025-07-25T04:02:40","slug":"plaque-froide-en-aluminium-avec-tubes-en-cuivre-pour-le-refroidissement-de-leau","status":"publish","type":"product","link":"https:\/\/sinoextrud.com\/fr\/product\/custom-water-cooling-aluminum-cold-plate-with-copper-tubes\/","title":{"rendered":"Plaque froide en aluminium avec tubes en cuivre pour le refroidissement de l'eau"},"content":{"rendered":"<h2>D\u00e9tails des produits<\/h2>\n<table class=\"custom-table\">\n<tr>\n<td class=\"label\">rapport d'essai des machines<\/td>\n<td>Fourni<\/td>\n<\/tr>\n<tr>\n<td class=\"label\">inspection de sortie vid\u00e9o<\/td>\n<td>Fourni<\/td>\n<\/tr>\n<tr>\n<td class=\"label\">Mat\u00e9riau<\/td>\n<td>Alliage d'aluminium, cuivre<\/td>\n<\/tr>\n<tr>\n<td class=\"label\">garantie<\/td>\n<td>5 ans<\/td>\n<\/tr>\n<tr>\n<td class=\"label\">application<\/td>\n<td>Modules IGBG, Dispositifs \u00e9lectroniques, Lasers<\/td>\n<\/tr>\n<tr>\n<td class=\"label\">type<\/td>\n<td>Tube \u00e9changeur de chaleur<\/td>\n<\/tr>\n<tr>\n<td class=\"label\">Poids (kg)<\/td>\n<td>1<\/td>\n<\/tr>\n<tr>\n<td class=\"label\">Service apr\u00e8s-vente<\/td>\n<td>Soutien en ligne<\/td>\n<\/tr>\n<tr>\n<td class=\"label\">Service apr\u00e8s-vente<\/td>\n<td>Soutien en ligne<\/td>\n<\/tr>\n<tr>\n<td class=\"label\">Industries concern\u00e9es<\/td>\n<td>Usine de fabrication<\/td>\n<\/tr>\n<tr>\n<td class=\"label\">Unit\u00e9s de vente<\/td>\n<td>Article unique<\/td>\n<\/tr>\n<tr>\n<td class=\"label\">Taille de l'emballage unique<\/td>\n<td>21X15X1,5 cm<\/td>\n<\/tr>\n<tr>\n<td class=\"label\">Poids brut unique<\/td>\n<td>1.000 KG<\/td>\n<\/tr>\n<\/table>\n<h2>Notre base de production<\/h2>\n<h3>Panorama de l'usine<\/h3>\n<p><img decoding=\"async\" src=\"\/wp-content\/uploads\/factory-01.webp\"\/><\/p>\n<h3>Atelier de fabrication de barres d'aluminium<\/h3>\n<p><img decoding=\"async\" src=\"\/wp-content\/uploads\/factory-02.webp\"\/><\/p>\n<p><img decoding=\"async\" src=\"\/wp-content\/uploads\/factory-03.webp\"\/><\/p>\n<h3>Entrep\u00f4t de stockage des moules<\/h3>\n<p><img decoding=\"async\" src=\"\/wp-content\/uploads\/factory-04.webp\"\/><\/p>\n<h3>43 lignes d'extrusion d'aluminium (500 \u00e0 5500 tonnes)<\/h3>\n<p><img decoding=\"async\" src=\"\/wp-content\/uploads\/factory-05.webp\"\/><\/p>\n<p><img decoding=\"async\" src=\"\/wp-content\/uploads\/factory-06.webp\"\/><\/p>\n<p><img decoding=\"async\" src=\"\/wp-content\/uploads\/factory-07.webp\"\/><\/p>\n<h3>Atelier de peinture en poudre<\/h3>\n<p><img decoding=\"async\" src=\"\/wp-content\/uploads\/factory-09.webp\"\/><\/p>\n<h3>Atelier d'anodisation<\/h3>\n<p><img decoding=\"async\" src=\"\/wp-content\/uploads\/factory-10.webp\"\/><\/p>\n<h3>Atelier sur le traitement en profondeur<\/h3>\n<p><img decoding=\"async\" src=\"\/wp-content\/uploads\/factory-11.webp\"\/><\/p>\n<h3>Atelier d'usinage de pr\u00e9cision CNC<\/h3>\n<p><img decoding=\"async\" src=\"\/wp-content\/uploads\/factory-11.5.webp\"\/><\/p>\n<h3>Entrep\u00f4t de produits finis et d'exportation<\/h3>\n<p><img decoding=\"async\" src=\"\/wp-content\/uploads\/factory-12.webp\"\/><\/p>\n<p><img decoding=\"async\" src=\"\/wp-content\/uploads\/factory-13.webp\"\/><\/p>\n<p><img decoding=\"async\" src=\"\/wp-content\/uploads\/factory-14.webp\"\/><\/p>\n<h2>FAQ<\/h2>\n<p><p><b>1) Qu'est-ce qu'une plaque froide en aluminium avec tubes en cuivre pour le refroidissement \u00e0 l'eau ?<\/b><\/p>\n<p>Il s'agit d'une solution thermique haute performance combinant des plaques d'aluminium et des tubes de cuivre encastr\u00e9s pour dissiper efficacement la chaleur dans les syst\u00e8mes de refroidissement personnalis\u00e9s.<br \/>\n<\/p><br \/>\n<br \/>\n<p><b>2) Pourquoi utiliser des tubes en cuivre dans une plaque froide en aluminium ?<\/b><\/p>\n<p>Les tubes en cuivre offrent une conductivit\u00e9 thermique sup\u00e9rieure, am\u00e9liorant l'efficacit\u00e9 globale du refroidissement de la plaque froide en aluminium.<br \/>\n<\/p><br \/>\n<br \/>\n<p><b>3. la plaque d'aluminium \u00e0 froid peut-elle \u00eatre adapt\u00e9e \u00e0 diff\u00e9rentes applications ?<\/b><\/p>\n<p>Oui, la plaque d'aluminium \u00e0 froid peut \u00eatre personnalis\u00e9e en termes de forme, de taille et de disposition des tubes afin de r\u00e9pondre \u00e0 des exigences thermiques et m\u00e9caniques sp\u00e9cifiques.<br \/>\n<\/p><br \/>\n<br \/>\n<p><b>4. en quoi cette plaque froide am\u00e9liore-t-elle la gestion thermique ?<\/b><\/p>\n<p>En combinant la haute conductivit\u00e9 du cuivre et les propri\u00e9t\u00e9s de l\u00e9g\u00e8ret\u00e9 de l'aluminium, la plaque froide assure un transfert de chaleur rapide et des performances de refroidissement fiables.<br \/>\n<\/p><br \/>\n<br \/>\n<p><b>5) Quelles sont les industries qui utilisent couramment ce type de plaque \u00e0 froid ?<\/b><\/p>\n<p>Les industries telles que l'\u00e9lectronique de puissance, les syst\u00e8mes EV, les lasers et les appareils m\u00e9dicaux utilisent souvent des plaques froides en aluminium pour le refroidissement par eau avec des tubes en cuivre pour le contr\u00f4le de la chaleur.<br \/>\n<\/p><br \/>\n<br \/>\n<p><b>6. ce produit r\u00e9siste-t-il \u00e0 la corrosion ?<\/b><\/p>\n<p>Oui, la base en aluminium et les tubes en cuivre sont trait\u00e9s pour une excellente r\u00e9sistance \u00e0 la corrosion, ce qui les rend aptes \u00e0 une utilisation \u00e0 long terme dans des environnements difficiles.<br \/>\n<\/p><br \/>\n<br \/>\n<p><b>7. quels sont les avantages de cette plaque froide pour les \u00e9quipementiers ?<\/b><\/p>\n<p>Les OEM b\u00e9n\u00e9ficient d'une flexibilit\u00e9 de conception, d'une dissipation thermique efficace et d'une facilit\u00e9 d'int\u00e9gration dans des syst\u00e8mes thermiques complexes en utilisant des plaques froides en aluminium avec des tubes en cuivre pour le refroidissement de l'eau.<br \/>\n<\/p><br \/>\n<br \/>\n<p><b>8. est-il adapt\u00e9 aux applications \u00e0 haute puissance ?<\/b><\/p>\n<p>Oui, l'utilisation combin\u00e9e de tubes en aluminium et en cuivre en fait un produit id\u00e9al pour les appareils \u00e9lectroniques de grande puissance n\u00e9cessitant un refroidissement efficace et fiable.<br \/>\n<\/p><br \/><\/p>","protected":false},"featured_media":10645,"template":"","categories":[73],"class_list":["post-10646","product","type-product","status-publish","has-post-thumbnail","hentry","category-water-cooling-plate"],"meta_box":{"hilight_text_group":{"product_hilight_text":"<li>High-efficiency heat dissipation with copper tube integration for optimal cooling performance<\/li>\r\n<li>Customizable aluminum cold plate design tailored to specific thermal management needs<\/li>\r\n<li>Excellent corrosion resistance and durability for long-term industrial use<\/li>\r\n<li>Lightweight aluminum base ensures easy installation and reduced system weight<\/li>\r\n<li>Supports high-precision machining for tight thermal interface control<\/li>","product_chanpin_chanpin":"<ul>\r\n<li><a href=\"https:\/\/sinoextrud.com\/product\/aluminium-extrusion-6061-6082-7075-aluminum-alloy-profiles\/\" target=\"_blank\">6061 aluminum extrusion<\/a><\/li>\r\n<li><a href=\"https:\/\/sinoextrud.com\/product\/oval-aluminum-extrud-profile\/\" target=\"_blank\">oval aluminum extrusion<\/a><\/li>\r\n<li><a href=\"https:\/\/sinoextrud.com\/product\/aluminium-extrusion-anodised-aluminium-tube\/\" target=\"_blank\">anodised aluminium tube<\/a><\/li>\r\n<li><a href=\"https:\/\/sinoextrud.com\/product\/c-shaped-closed-linear-ceiling-system\/\" target=\"_blank\">linear closed ceilings<\/a><\/li>\r\n<li><a href=\"https:\/\/sinoextrud.com\/product\/the-new-perforated-ceiling-system\/\" target=\"_blank\">perforated french ceilings<\/a><\/li>\r\n<li><a href=\"https:\/\/sinoextrud.com\/product\/aluminum-extrusion-7003-7005-7020\/\" target=\"_blank\">7020 aluminum<\/a><\/li>\r\n<\/ul>","product_chanpin_blog":"<ul>\r\n<li><a href=\"https:\/\/sinoextrud.com\/t-slot-v-slot-differences\/\" target=\"_blank\">t slot vs v slot<\/a><\/li>\r\n<li><a href=\"https:\/\/sinoextrud.com\/what-is-4040-aluminium-extrud\/\" target=\"_blank\">4040 aluminium extrusion<\/a><\/li>\r\n<li><a href=\"https:\/\/sinoextrud.com\/what-is-4040-aluminium-extrud\/\" target=\"_blank\">aluminum extrusions for industrial racks<\/a><\/li>\r\n<li><a href=\"https:\/\/sinoextrud.com\/powder-coating-aluminium-process\/\" target=\"_blank\">powder coating aluminium<\/a><\/li>\r\n<li><a href=\"https:\/\/sinoextrud.com\/what-is-an-aluminium-strip-ceiling\/\" target=\"_blank\">aluminium strip ceiling<\/a><\/li>\r\n<li><a href=\"https:\/\/sinoextrud.com\/what-is-a-heat-sink\/\" target=\"_blank\">what is a heat sink<\/a><\/li>\r\n<\/ul>"},"feature_list":[]},"_links":{"self":[{"href":"https:\/\/sinoextrud.com\/fr\/wp-json\/wp\/v2\/product\/10646","targetHints":{"allow":["GET"]}}],"collection":[{"href":"https:\/\/sinoextrud.com\/fr\/wp-json\/wp\/v2\/product"}],"about":[{"href":"https:\/\/sinoextrud.com\/fr\/wp-json\/wp\/v2\/types\/product"}],"wp:featuredmedia":[{"embeddable":true,"href":"https:\/\/sinoextrud.com\/fr\/wp-json\/wp\/v2\/media\/10645"}],"wp:attachment":[{"href":"https:\/\/sinoextrud.com\/fr\/wp-json\/wp\/v2\/media?parent=10646"}],"wp:term":[{"taxonomy":"category","embeddable":true,"href":"https:\/\/sinoextrud.com\/fr\/wp-json\/wp\/v2\/categories?post=10646"}],"curies":[{"name":"wp","href":"https:\/\/api.w.org\/{rel}","templated":true}]}}