{"id":10644,"date":"2025-07-25T03:59:00","date_gmt":"2025-07-25T03:59:00","guid":{"rendered":"https:\/\/sinoextrud.com\/product\/led-spot-light-aluminum-heatsink\/"},"modified":"2025-07-25T03:59:00","modified_gmt":"2025-07-25T03:59:00","slug":"spot-lumineux-led-avec-dissipateur-thermique-en-aluminium","status":"publish","type":"product","link":"https:\/\/sinoextrud.com\/fr\/product\/led-spot-light-aluminum-heatsink\/","title":{"rendered":"LED Spot Light Aluminium Heatsink"},"content":{"rendered":"<h2>D\u00e9tails des produits<\/h2>\n<table class=\"custom-table\">\n<tr>\n<td class=\"label\">Traitement de surface<\/td>\n<td>Anodisation<\/td>\n<\/tr>\n<tr>\n<td class=\"label\">Forme<\/td>\n<td>Sur mesure<\/td>\n<\/tr>\n<tr>\n<td class=\"label\">Mat\u00e9riau du corps<\/td>\n<td>Alliage d'aluminium<\/td>\n<\/tr>\n<tr>\n<td class=\"label\">Application<\/td>\n<td>dissipateur thermique pour diodes \u00e9lectroluminescentes<\/td>\n<\/tr>\n<tr>\n<td class=\"label\">Type<\/td>\n<td>Dissipateur thermique<\/td>\n<\/tr>\n<tr>\n<td class=\"label\">Service de solutions d'\u00e9clairage<\/td>\n<td>mise en page CAO automatique<\/td>\n<\/tr>\n<tr>\n<td class=\"label\">Poids du produit\uff08kg\uff09<\/td>\n<td>1.2<\/td>\n<\/tr>\n<tr>\n<td class=\"label\">Garantie (ann\u00e9e)<\/td>\n<td>5<\/td>\n<\/tr>\n<tr>\n<td class=\"label\">Processus<\/td>\n<td>Extrusion+CNC<\/td>\n<\/tr>\n<tr>\n<td class=\"label\">Indice de protection IP<\/td>\n<td>ip55<\/td>\n<\/tr>\n<tr>\n<td class=\"label\">Couleur du corps<\/td>\n<td>Argent<\/td>\n<\/tr>\n<tr>\n<td class=\"label\">Pitch<\/td>\n<td>3,8 mm<\/td>\n<\/tr>\n<tr>\n<td class=\"label\">Poids<\/td>\n<td>6,05 kg\/m<\/td>\n<\/tr>\n<tr>\n<td class=\"label\">Traitement de surface<\/td>\n<td>Anodisation (noire)<\/td>\n<\/tr>\n<tr>\n<td class=\"label\">Moules standard Qt\u00e9<\/td>\n<td>30 000+sets<\/td>\n<\/tr>\n<tr>\n<td class=\"label\">Unit\u00e9s de vente<\/td>\n<td>Article unique<\/td>\n<\/tr>\n<tr>\n<td class=\"label\">Taille de l'emballage unique<\/td>\n<td>14X20X5 cm<\/td>\n<\/tr>\n<tr>\n<td class=\"label\">Poids brut unique<\/td>\n<td>1.500 KG<\/td>\n<\/tr>\n<\/table>\n<h2>Notre base de production<\/h2>\n<h3>Panorama de l'usine<\/h3>\n<p><img decoding=\"async\" src=\"\/wp-content\/uploads\/factory-01.webp\"\/><\/p>\n<h3>Atelier de fabrication de barres d'aluminium<\/h3>\n<p><img decoding=\"async\" src=\"\/wp-content\/uploads\/factory-02.webp\"\/><\/p>\n<p><img decoding=\"async\" src=\"\/wp-content\/uploads\/factory-03.webp\"\/><\/p>\n<h3>Entrep\u00f4t de stockage des moules<\/h3>\n<p><img decoding=\"async\" src=\"\/wp-content\/uploads\/factory-04.webp\"\/><\/p>\n<h3>43 lignes d'extrusion d'aluminium (500-5500 tonnes)<\/h3>\n<p><img decoding=\"async\" src=\"\/wp-content\/uploads\/factory-05.webp\"\/><\/p>\n<p><img decoding=\"async\" src=\"\/wp-content\/uploads\/factory-06.webp\"\/><\/p>\n<p><img decoding=\"async\" src=\"\/wp-content\/uploads\/factory-07.webp\"\/><\/p>\n<h3>Atelier de peinture en poudre<\/h3>\n<p><img decoding=\"async\" src=\"\/wp-content\/uploads\/factory-09.webp\"\/><\/p>\n<h3>Atelier d'anodisation<\/h3>\n<p><img decoding=\"async\" src=\"\/wp-content\/uploads\/factory-10.webp\"\/><\/p>\n<h3>Atelier sur le traitement en profondeur<\/h3>\n<p><img decoding=\"async\" src=\"\/wp-content\/uploads\/factory-11.webp\"\/><\/p>\n<h3>Atelier d'usinage de pr\u00e9cision CNC<\/h3>\n<p><img decoding=\"async\" src=\"\/wp-content\/uploads\/factory-11.5.webp\"\/><\/p>\n<h3>Entrep\u00f4t de produits finis et d'exportation<\/h3>\n<p><img decoding=\"async\" src=\"\/wp-content\/uploads\/factory-12.webp\"\/><\/p>\n<p><img decoding=\"async\" src=\"\/wp-content\/uploads\/factory-13.webp\"\/><\/p>\n<p><img decoding=\"async\" src=\"\/wp-content\/uploads\/factory-14.webp\"\/><\/p>\n<h2>FAQ<\/h2>\n<p><p><b>1) Qu'est-ce qu'un dissipateur thermique en aluminium pour spot LED ?<\/b><\/p>\n<p>Un dissipateur thermique en aluminium pour spot LED est un composant de refroidissement en aluminium con\u00e7u pour dissiper la chaleur g\u00e9n\u00e9r\u00e9e par les syst\u00e8mes de spot LED.<br \/>\n<\/p><br \/>\n<br \/>\n<p><b>2) Pourquoi l'aluminium est-il utilis\u00e9 pour les dissipateurs de chaleur des projecteurs LED ?<\/b><\/p>\n<p>L'aluminium est l\u00e9ger et poss\u00e8de une conductivit\u00e9 thermique \u00e9lev\u00e9e, ce qui le rend id\u00e9al pour les applications de dissipation thermique en aluminium des lampes LED.<br \/>\n<\/p><br \/>\n<br \/>\n<p><b>3) Comment un dissipateur thermique en aluminium am\u00e9liore-t-il la dur\u00e9e de vie des LED ?<\/b><\/p>\n<p>Le dissipateur thermique en aluminium d'une lampe spot \u00e0 LED r\u00e9duit efficacement la temp\u00e9rature de fonctionnement, \u00e9vitant la surchauffe et prolongeant la dur\u00e9e de vie de la LED.<br \/>\n<\/p><br \/>\n<br \/>\n<p><b>4. le dissipateur thermique est-il adapt\u00e9 aux projecteurs LED de forte puissance ?<\/b><\/p>\n<p>Oui, le dissipateur thermique en aluminium pour LED Spot Light est con\u00e7u pour supporter des charges thermiques \u00e9lev\u00e9es, adapt\u00e9es aux syst\u00e8mes de projecteurs LED de grande puissance.<br \/>\n<\/p><br \/>\n<br \/>\n<p><b>5) Puis-je adapter la taille du dissipateur thermique \u00e0 mon application LED ?<\/b><\/p>\n<p>Oui, la forme et les dimensions du dissipateur thermique en aluminium pour Spot Light LED peuvent \u00eatre adapt\u00e9es aux exigences sp\u00e9cifiques de la conception des LED.<br \/>\n<\/p><br \/>\n<br \/>\n<p><b>6. la finition anodis\u00e9e affecte-t-elle la dissipation de la chaleur ?<\/b><\/p>\n<p>La finition anodis\u00e9e du dissipateur thermique en aluminium du Spot Light LED am\u00e9liore la r\u00e9sistance \u00e0 la corrosion sans compromettre les performances thermiques.<br \/>\n<\/p><br \/>\n<br \/>\n<p><b>7. le dissipateur thermique en aluminium est-il respectueux de l'environnement ?<\/b><\/p>\n<p>Oui, les dissipateurs de chaleur en aluminium pour spots LED sont fabriqu\u00e9s \u00e0 partir d'aluminium recyclable, ce qui en fait une solution thermique respectueuse de l'environnement.<br \/>\n<\/p><br \/><\/p>","protected":false},"featured_media":10643,"template":"","categories":[72],"class_list":["post-10644","product","type-product","status-publish","has-post-thumbnail","hentry","category-extruded-aluminum-heatsink"],"meta_box":{"hilight_text_group":{"product_hilight_text":"<li>High thermal conductivity aluminum for efficient heat dissipation<\/li>\r\n<li>Precision CNC machined for tight tolerance fitting<\/li>\r\n<li>Lightweight design suitable for compact LED spotlights<\/li>\r\n<li>Corrosion-resistant anodized surface for extended lifespan<\/li>\r\n<li>Customizable size and shape for different LED applications<\/li>\r\n<li>Supports passive cooling with optimized fin structure<\/li>\r\n<li>Eco-friendly material with recyclable properties<\/li>","product_chanpin_chanpin":"<ul>\r\n<li><a href=\"https:\/\/sinoextrud.com\/product\/aluminium-extrusion-6061-6082-7075-aluminum-alloy-profiles\/\" target=\"_blank\">6061 aluminum extrusion<\/a><\/li>\r\n<li><a href=\"https:\/\/sinoextrud.com\/product\/oval-aluminum-extrud-profile\/\" target=\"_blank\">oval aluminum extrusion<\/a><\/li>\r\n<li><a href=\"https:\/\/sinoextrud.com\/product\/aluminium-extrusion-anodised-aluminium-tube\/\" target=\"_blank\">anodised aluminium tube<\/a><\/li>\r\n<li><a href=\"https:\/\/sinoextrud.com\/product\/c-shaped-closed-linear-ceiling-system\/\" target=\"_blank\">linear closed ceilings<\/a><\/li>\r\n<li><a href=\"https:\/\/sinoextrud.com\/product\/the-new-perforated-ceiling-system\/\" target=\"_blank\">perforated french ceilings<\/a><\/li>\r\n<li><a href=\"https:\/\/sinoextrud.com\/product\/aluminum-extrusion-7003-7005-7020\/\" target=\"_blank\">7020 aluminum<\/a><\/li>\r\n<\/ul>","product_chanpin_blog":"<ul>\r\n<li><a href=\"https:\/\/sinoextrud.com\/t-slot-v-slot-differences\/\" target=\"_blank\">t slot vs v slot<\/a><\/li>\r\n<li><a href=\"https:\/\/sinoextrud.com\/what-is-4040-aluminium-extrud\/\" target=\"_blank\">4040 aluminium extrusion<\/a><\/li>\r\n<li><a href=\"https:\/\/sinoextrud.com\/what-is-4040-aluminium-extrud\/\" target=\"_blank\">aluminum extrusions for industrial racks<\/a><\/li>\r\n<li><a href=\"https:\/\/sinoextrud.com\/powder-coating-aluminium-process\/\" target=\"_blank\">powder coating aluminium<\/a><\/li>\r\n<li><a href=\"https:\/\/sinoextrud.com\/what-is-an-aluminium-strip-ceiling\/\" target=\"_blank\">aluminium strip ceiling<\/a><\/li>\r\n<li><a href=\"https:\/\/sinoextrud.com\/what-is-a-heat-sink\/\" target=\"_blank\">what is a heat sink<\/a><\/li>\r\n<\/ul>"},"feature_list":[]},"_links":{"self":[{"href":"https:\/\/sinoextrud.com\/fr\/wp-json\/wp\/v2\/product\/10644","targetHints":{"allow":["GET"]}}],"collection":[{"href":"https:\/\/sinoextrud.com\/fr\/wp-json\/wp\/v2\/product"}],"about":[{"href":"https:\/\/sinoextrud.com\/fr\/wp-json\/wp\/v2\/types\/product"}],"wp:featuredmedia":[{"embeddable":true,"href":"https:\/\/sinoextrud.com\/fr\/wp-json\/wp\/v2\/media\/10643"}],"wp:attachment":[{"href":"https:\/\/sinoextrud.com\/fr\/wp-json\/wp\/v2\/media?parent=10644"}],"wp:term":[{"taxonomy":"category","embeddable":true,"href":"https:\/\/sinoextrud.com\/fr\/wp-json\/wp\/v2\/categories?post=10644"}],"curies":[{"name":"wp","href":"https:\/\/api.w.org\/{rel}","templated":true}]}}