{"id":10618,"date":"2025-07-24T03:28:33","date_gmt":"2025-07-24T03:28:33","guid":{"rendered":"https:\/\/sinoextrud.com\/product\/square-passive-led-aluminum-heatsink\/"},"modified":"2025-07-24T03:28:33","modified_gmt":"2025-07-24T03:28:33","slug":"dissipateur-de-chaleur-en-aluminium-pour-led-passive-carree","status":"publish","type":"product","link":"https:\/\/sinoextrud.com\/fr\/product\/square-passive-led-aluminum-heatsink\/","title":{"rendered":"Dissipateur passif carr\u00e9 pour LED en aluminium"},"content":{"rendered":"<h2>D\u00e9tails des produits<\/h2>\n<table class=\"custom-table\">\n<tr>\n<td class=\"label\">Traitement de surface<\/td>\n<td>Nettoyer<\/td>\n<\/tr>\n<tr>\n<td class=\"label\">Forme<\/td>\n<td>Carr\u00e9<\/td>\n<\/tr>\n<tr>\n<td class=\"label\">Mat\u00e9riau du corps<\/td>\n<td>Alliage d'aluminium<\/td>\n<\/tr>\n<tr>\n<td class=\"label\">Type<\/td>\n<td>Dissipateurs de chaleur<\/td>\n<\/tr>\n<tr>\n<td class=\"label\">Service de solutions d'\u00e9clairage<\/td>\n<td>mise en page CAO automatique<\/td>\n<\/tr>\n<tr>\n<td class=\"label\">Poids du produit\uff08kg\uff09<\/td>\n<td>1.5<\/td>\n<\/tr>\n<tr>\n<td class=\"label\">Garantie (ann\u00e9e)<\/td>\n<td>5 ans<\/td>\n<\/tr>\n<tr>\n<td class=\"label\">Processus<\/td>\n<td>Extrusion+CNC<\/td>\n<\/tr>\n<tr>\n<td class=\"label\">\u00c9paisseur des ailettes<\/td>\n<td>2 mm<\/td>\n<\/tr>\n<tr>\n<td class=\"label\">\u00c9paisseur de la plaque de base<\/td>\n<td>5 mm<\/td>\n<\/tr>\n<tr>\n<td class=\"label\">Unit\u00e9s de vente<\/td>\n<td>Article unique<\/td>\n<\/tr>\n<tr>\n<td class=\"label\">Taille de l'emballage unique<\/td>\n<td>25X25X5 cm<\/td>\n<\/tr>\n<tr>\n<td class=\"label\">Poids brut unique<\/td>\n<td>1.500 KG<\/td>\n<\/tr>\n<\/table>\n<h2>Notre base de production<\/h2>\n<h3>Panorama de l'usine<\/h3>\n<p><img decoding=\"async\" src=\"\/wp-content\/uploads\/factory-01.webp\"\/><\/p>\n<h3>Atelier de fabrication de barres d'aluminium<\/h3>\n<p><img decoding=\"async\" src=\"\/wp-content\/uploads\/factory-02.webp\"\/><\/p>\n<p><img decoding=\"async\" src=\"\/wp-content\/uploads\/factory-03.webp\"\/><\/p>\n<h3>Entrep\u00f4t de stockage des moules<\/h3>\n<p><img decoding=\"async\" src=\"\/wp-content\/uploads\/factory-04.webp\"\/><\/p>\n<h3>43 lignes d'extrusion d'aluminium (500-5500 tonnes)<\/h3>\n<p><img decoding=\"async\" src=\"\/wp-content\/uploads\/factory-05.webp\"\/><\/p>\n<p><img decoding=\"async\" src=\"\/wp-content\/uploads\/factory-06.webp\"\/><\/p>\n<p><img decoding=\"async\" src=\"\/wp-content\/uploads\/factory-07.webp\"\/><\/p>\n<h3>Atelier de peinture en poudre<\/h3>\n<p><img decoding=\"async\" src=\"\/wp-content\/uploads\/factory-09.webp\"\/><\/p>\n<h3>Atelier d'anodisation<\/h3>\n<p><img decoding=\"async\" src=\"\/wp-content\/uploads\/factory-10.webp\"\/><\/p>\n<h3>Atelier sur le traitement en profondeur<\/h3>\n<p><img decoding=\"async\" src=\"\/wp-content\/uploads\/factory-11.webp\"\/><\/p>\n<h3>Atelier d'usinage de pr\u00e9cision CNC<\/h3>\n<p><img decoding=\"async\" src=\"\/wp-content\/uploads\/factory-11.5.webp\"\/><\/p>\n<h3>Entrep\u00f4t de produits finis et d'exportation<\/h3>\n<p><img decoding=\"async\" src=\"\/wp-content\/uploads\/factory-12.webp\"\/><\/p>\n<p><img decoding=\"async\" src=\"\/wp-content\/uploads\/factory-13.webp\"\/><\/p>\n<p><img decoding=\"async\" src=\"\/wp-content\/uploads\/factory-14.webp\"\/><\/p>\n<h2>FAQ<\/h2>\n<p><p><b>1) Qu'est-ce qu'un dissipateur thermique passif carr\u00e9 en aluminium pour LED ?<\/b><\/p>\n<p>Il s'agit d'un dissipateur thermique en aluminium de forme carr\u00e9e con\u00e7u pour le refroidissement passif des composants LED sans utiliser de ventilateurs ou de syst\u00e8mes actifs.<br \/>\n<\/p><br \/>\n<br \/>\n<p><b>2. pourquoi choisir un dissipateur passif pour LED ?<\/b><\/p>\n<p>Un dissipateur thermique passif pour LED offre un fonctionnement silencieux, une maintenance r\u00e9duite et une dissipation thermique fiable pour les syst\u00e8mes d'\u00e9clairage \u00e0 LED.<br \/>\n<\/p><br \/>\n<br \/>\n<p><b>3) En quoi la conception du carr\u00e9 est-elle b\u00e9n\u00e9fique pour le refroidissement par LED ?<\/b><\/p>\n<p>Le design carr\u00e9 maximise la surface pour une dissipation efficace de la chaleur et s'adapte parfaitement aux modules LED carr\u00e9s.<br \/>\n<\/p><br \/>\n<br \/>\n<p><b>4. le dissipateur thermique en aluminium Square Passive LED convient-il aux LED de grande puissance ?<\/b><\/p>\n<p>Oui, sa construction en aluminium et sa capacit\u00e9 de refroidissement passif en font la solution id\u00e9ale pour les applications LED \u00e0 haute puissance.<br \/>\n<\/p><br \/>\n<br \/>\n<p><b>5. ce dissipateur thermique peut-il prolonger la dur\u00e9e de vie des LED ?<\/b><\/p>\n<p>Oui, une gestion thermique efficace r\u00e9duit les temp\u00e9ratures de jonction des LED, ce qui augmente leur dur\u00e9e de vie et leurs performances.<br \/>\n<\/p><br \/>\n<br \/>\n<p><b>6. le dissipateur thermique est-il facile \u00e0 installer sur les luminaires \u00e0 LED ?<\/b><\/p>\n<p>Oui, il est con\u00e7u pour une int\u00e9gration simple \u00e0 l'aide de vis, de clips ou d'un adh\u00e9sif thermique en fonction de la configuration des LED.<br \/>\n<\/p><br \/>\n<br \/>\n<p><b>7. la conception passive a-t-elle une incidence sur l'efficacit\u00e9 thermique ?<\/b><\/p>\n<p>La conception passive assure une dissipation efficace de la chaleur sans bruit, ce qui est id\u00e9al pour les environnements n\u00e9cessitant un fonctionnement silencieux.<br \/>\n<\/p><br \/>\n<br \/>\n<p><b>8. ce dissipateur thermique pour LED est-il respectueux de l'environnement ?<\/b><\/p>\n<p>Oui, la conception passive r\u00e9duit la consommation d'\u00e9nergie et \u00e9limine les d\u00e9chets \u00e9lectroniques li\u00e9s aux ventilateurs, ce qui en fait un produit respectueux de l'environnement.<br \/>\n<\/p><br \/><\/p>","protected":false},"featured_media":10617,"template":"","categories":[72],"class_list":["post-10618","product","type-product","status-publish","has-post-thumbnail","hentry","category-extruded-aluminum-heatsink"],"meta_box":{"hilight_text_group":{"product_hilight_text":"<li>Optimized square design for uniform LED heat dissipation<\/li>\r\n<li>Passive cooling eliminates the need for active components<\/li>\r\n<li>Durable aluminum construction ensures long-term thermal performance<\/li>\r\n<li>Ideal for compact LED modules and high-density installations<\/li>\r\n<li>Maintenance-free solution with zero noise operation<\/li>","product_chanpin_chanpin":"<ul>\r\n<li><a href=\"https:\/\/sinoextrud.com\/product\/aluminium-extrusion-6061-6082-7075-aluminum-alloy-profiles\/\" target=\"_blank\">6061 aluminum extrusion<\/a><\/li>\r\n<li><a href=\"https:\/\/sinoextrud.com\/product\/oval-aluminum-extrud-profile\/\" target=\"_blank\">oval aluminum extrusion<\/a><\/li>\r\n<li><a href=\"https:\/\/sinoextrud.com\/product\/aluminium-extrusion-anodised-aluminium-tube\/\" target=\"_blank\">anodised aluminium tube<\/a><\/li>\r\n<li><a href=\"https:\/\/sinoextrud.com\/product\/c-shaped-closed-linear-ceiling-system\/\" target=\"_blank\">linear closed ceilings<\/a><\/li>\r\n<li><a href=\"https:\/\/sinoextrud.com\/product\/the-new-perforated-ceiling-system\/\" target=\"_blank\">perforated french ceilings<\/a><\/li>\r\n<li><a href=\"https:\/\/sinoextrud.com\/product\/aluminum-extrusion-7003-7005-7020\/\" target=\"_blank\">7020 aluminum<\/a><\/li>\r\n<\/ul>","product_chanpin_blog":"<ul>\r\n<li><a href=\"https:\/\/sinoextrud.com\/t-slot-v-slot-differences\/\" target=\"_blank\">t slot vs v slot<\/a><\/li>\r\n<li><a href=\"https:\/\/sinoextrud.com\/what-is-4040-aluminium-extrud\/\" target=\"_blank\">4040 aluminium extrusion<\/a><\/li>\r\n<li><a href=\"https:\/\/sinoextrud.com\/what-is-4040-aluminium-extrud\/\" target=\"_blank\">aluminum extrusions for industrial racks<\/a><\/li>\r\n<li><a href=\"https:\/\/sinoextrud.com\/powder-coating-aluminium-process\/\" target=\"_blank\">powder coating aluminium<\/a><\/li>\r\n<li><a href=\"https:\/\/sinoextrud.com\/what-is-an-aluminium-strip-ceiling\/\" target=\"_blank\">aluminium strip ceiling<\/a><\/li>\r\n<li><a href=\"https:\/\/sinoextrud.com\/what-is-a-heat-sink\/\" target=\"_blank\">what is a heat sink<\/a><\/li>\r\n<\/ul>"},"feature_list":[]},"_links":{"self":[{"href":"https:\/\/sinoextrud.com\/fr\/wp-json\/wp\/v2\/product\/10618","targetHints":{"allow":["GET"]}}],"collection":[{"href":"https:\/\/sinoextrud.com\/fr\/wp-json\/wp\/v2\/product"}],"about":[{"href":"https:\/\/sinoextrud.com\/fr\/wp-json\/wp\/v2\/types\/product"}],"wp:featuredmedia":[{"embeddable":true,"href":"https:\/\/sinoextrud.com\/fr\/wp-json\/wp\/v2\/media\/10617"}],"wp:attachment":[{"href":"https:\/\/sinoextrud.com\/fr\/wp-json\/wp\/v2\/media?parent=10618"}],"wp:term":[{"taxonomy":"category","embeddable":true,"href":"https:\/\/sinoextrud.com\/fr\/wp-json\/wp\/v2\/categories?post=10618"}],"curies":[{"name":"wp","href":"https:\/\/api.w.org\/{rel}","templated":true}]}}