{"id":175,"date":"2024-10-18T10:36:17","date_gmt":"2024-10-18T10:36:17","guid":{"rendered":"https:\/\/sinoextrud.com\/?page_id=175"},"modified":"2025-05-06T04:02:09","modified_gmt":"2025-05-06T04:02:09","slug":"auteur","status":"publish","type":"page","link":"https:\/\/sinoextrud.com\/fr\/author\/","title":{"rendered":"Auteur"},"content":{"rendered":"<h2 class=\"wp-block-heading\">L'histoire de la cr\u00e9ation de Sinoextrud : De l'usine au fabricant mondial d'extrusion d'aluminium<\/h2>\n\n\n\n<p>En 2014, j'ai obtenu mon dipl\u00f4me universitaire et j'ai rejoint l'usine d'extrusion d'aluminium de mon oncle. En tant qu'usine traditionnelle chinoise d'extrusion d'aluminium, notre activit\u00e9 se limitait \u00e0 l'\u00e9poque au march\u00e9 int\u00e9rieur, sans aucune activit\u00e9 d'exportation. Au d\u00e9but, j'ai travaill\u00e9 comme suiveur de commandes. Ces deux ann\u00e9es d'exp\u00e9rience dans le suivi des commandes m'ont permis de d\u00e9couvrir tous les aspects de l'industrie des profil\u00e9s en aluminium. De l'ouverture des moules \u00e0 l'essai des \u00e9chantillons, en passant par la production, le traitement de surface, l'emballage et l'exp\u00e9dition apr\u00e8s les commandes des clients, j'ai \u00e9t\u00e9 personnellement impliqu\u00e9 dans chaque \u00e9tape du processus, j'ai rencontr\u00e9 toutes sortes de probl\u00e8mes et je les ai r\u00e9solus \u00e0 maintes reprises. Cette p\u00e9riode d'accumulation m'a permis d'acqu\u00e9rir une connaissance approfondie de l'industrie des profil\u00e9s en aluminium et de jeter des bases solides pour la cr\u00e9ation \u00e9ventuelle de Sinoextrud.<\/p>\n\n\n\n<figure class=\"wp-block-gallery has-nested-images columns-default is-cropped wp-block-gallery-1 is-layout-flex wp-block-gallery-is-layout-flex\">\n<figure class=\"wp-block-image size-large\"><img alt=\"\" loading=\"lazy\" decoding=\"async\" width=\"640\" height=\"858\" data-id=\"1675\" src=\"https:\/\/sinoextrud.com\/wp-content\/uploads\/eva_university_life.jpg\" class=\"wp-image-1675\" srcset=\"https:\/\/sinoextrud.com\/wp-content\/uploads\/eva_university_life.jpg 640w, https:\/\/sinoextrud.com\/wp-content\/uploads\/eva_university_life-600x804.jpg 600w\" sizes=\"auto, (max-width: 640px) 100vw, 640px\" \/><\/figure>\n\n\n\n<figure class=\"wp-block-image size-large\"><img alt=\"\" loading=\"lazy\" decoding=\"async\" width=\"640\" height=\"960\" data-id=\"1676\" src=\"https:\/\/sinoextrud.com\/wp-content\/uploads\/graduated-from-university.jpg\" class=\"wp-image-1676\" srcset=\"https:\/\/sinoextrud.com\/wp-content\/uploads\/graduated-from-university.jpg 640w, https:\/\/sinoextrud.com\/wp-content\/uploads\/graduated-from-university-600x900.jpg 600w\" sizes=\"auto, (max-width: 640px) 100vw, 640px\" \/><\/figure>\n<\/figure>\n\n\n\n<p>Deux ans plus tard, je suis pass\u00e9e \u00e0 la vente et j'ai commenc\u00e9 \u00e0 m'occuper personnellement des clients, en g\u00e9rant l'ensemble du projet. Ces quatre ann\u00e9es pass\u00e9es dans la vente m'ont permis de rencontrer de nombreux clients et de les aider \u00e0 mener \u00e0 bien des projets, petits et grands. Les applications de nos produits en aluminium vont de la d\u00e9coration de petites pi\u00e8ces personnelles et de l'installation de murs d'arri\u00e8re-plan \u00e0 des projets de grande envergure, comme l'a\u00e9roport de Zhongchuan \u00e0 Gansu, en Chine. Chaque projet me remplit d'un sentiment de fiert\u00e9 et je m'exclame souvent que c'est un v\u00e9ritable honneur de voir mes produits faire partie d'un b\u00e2timent.<\/p>\n\n\n\n<h2 class=\"wp-block-heading\">Opportunit\u00e9 de percer sur le march\u00e9 du commerce ext\u00e9rieur : La premi\u00e8re commande de commerce ext\u00e9rieur<\/h2>\n\n\n\n<p>En 2020, un client du commerce ext\u00e9rieur est venu changer la trajectoire de ma carri\u00e8re. Un ami d'universit\u00e9 m'a pr\u00e9sent\u00e9 un client d'Am\u00e9rique du Sud qui \u00e9tait d\u00e9j\u00e0 arriv\u00e9 \u00e0 Guangzhou. Sans h\u00e9siter, je me suis rendu \u00e0 Guangzhou, j'ai accueilli le client et je l'ai emmen\u00e9 directement visiter notre usine. Le client est rest\u00e9 trois jours, d\u00e9couvrant nos produits et notre processus de production. Finalement, il a pass\u00e9 une commande de 930 000 RMB de fen\u00eatres et de portes finies, soit suffisamment pour remplir deux conteneurs de 40 pieds. Il s'agissait non seulement de ma premi\u00e8re commande \u00e0 l'exportation, mais aussi d'une commande importante, qui a jet\u00e9 les bases de mes activit\u00e9s ult\u00e9rieures.<\/p>\n\n\n\n<figure class=\"wp-block-image size-full\"><img loading=\"lazy\" decoding=\"async\" width=\"554\" height=\"416\" src=\"https:\/\/sinoextrud.com\/wp-content\/uploads\/image.png\" alt=\"Ma premi\u00e8re commande globale - Le client visite l&#039;usine \" class=\"wp-image-1660\"\/><figcaption class=\"wp-element-caption\">Ma premi\u00e8re commande globale - Le client visite l'usine<\/figcaption><\/figure>\n\n\n\n<p>Apr\u00e8s avoir re\u00e7u les produits, le client a fait l'\u00e9loge de notre qualit\u00e9. D\u00e8s lors, nous avons entam\u00e9 une coop\u00e9ration \u00e0 long terme et, \u00e0 ce jour, nous sommes d'\u00e9troits partenaires. Chaque fois qu'il visite la Chine, il s'arr\u00eate \u00e0 l'usine et nous sommes devenus amis. Cette confiance et ce soutien ont non seulement stimul\u00e9 nos activit\u00e9s, mais ils ont \u00e9galement renforc\u00e9 ma d\u00e9termination \u00e0 p\u00e9n\u00e9trer le march\u00e9 international.<\/p>\n\n\n\n<h2 class=\"wp-block-heading\">De la crise \u00e0 la confiance : une commande de $400 000 d'un client cor\u00e9en<\/h2>\n\n\n\n<p>J'ai \u00e9t\u00e9 confront\u00e9 \u00e0 de nombreux d\u00e9fis et situations d'urgence au cours de mon parcours dans le commerce ext\u00e9rieur, l'un des plus m\u00e9morables \u00e9tant une commande de $400 000 euros pass\u00e9e par un client cor\u00e9en. Ce client avait des exigences strictes en mati\u00e8re de d\u00e9lais et voulait que le premier conteneur soit exp\u00e9di\u00e9 dans un d\u00e9lai d'une semaine, en ne fournissant que des \u00e9chantillons sans possibilit\u00e9 de confirmation par des \u00e9preuves. Cependant, notre usine adh\u00e8re \u00e0 un processus de production rigoureux, et le client a d\u00fb signer pour confirmer que les \u00e9chantillons \u00e9taient acceptables avant la production de masse.<\/p>\n\n\n\n<figure class=\"wp-block-image size-full\"><img alt=\"\" loading=\"lazy\" decoding=\"async\" width=\"554\" height=\"416\" src=\"https:\/\/sinoextrud.com\/wp-content\/uploads\/image-1.png\" class=\"wp-image-1661\"\/><figcaption class=\"wp-element-caption\">Visiter la Cor\u00e9e Client<\/figcaption><\/figure>\n\n\n\n<p>Le temps \u00e9tait compt\u00e9, mais nous ne pouvions pas nous permettre de faire des compromis. Nous avons r\u00e9ussi \u00e0 ouvrir le moule en trois ou quatre jours, et l'\u00e9chantillon \u00e9tait pr\u00eat le cinqui\u00e8me jour. Pour nous assurer que tout se passait bien, mes coll\u00e8gues et moi-m\u00eame nous sommes imm\u00e9diatement envol\u00e9s pour la Cor\u00e9e du Sud afin de pr\u00e9senter les \u00e9chantillons en personne. Le client a signal\u00e9 des probl\u00e8mes mineurs, que nous avons rapidement r\u00e9solus. Pendant nos trois jours en Cor\u00e9e, nous avons travaill\u00e9 en \u00e9troite collaboration avec notre \u00e9quipe nationale pour produire un \u00e9chantillon r\u00e9vis\u00e9. Le client a \u00e9t\u00e9 tr\u00e8s satisfait des am\u00e9liorations apport\u00e9es et a sign\u00e9 la confirmation, ce qui nous a permis de lancer la production en s\u00e9rie.<\/p>\n\n\n\n<figure class=\"wp-block-image size-full\"><img alt=\"\" loading=\"lazy\" decoding=\"async\" width=\"550\" height=\"413\" src=\"https:\/\/sinoextrud.com\/wp-content\/uploads\/image-2.png\" class=\"wp-image-1662\"\/><figcaption class=\"wp-element-caption\">Visiter des attractions avec des clients cor\u00e9ens.<\/figcaption><\/figure>\n\n\n\n<p>Si nous avions ignor\u00e9 le processus de confirmation de l'\u00e9chantillon et lanc\u00e9 directement la production, nous aurions pu subir des pertes importantes. Cette exp\u00e9rience a r\u00e9affirm\u00e9 que, quelle que soit l'urgence d'une commande, la qualit\u00e9 et la satisfaction du client doivent toujours primer.<\/p>\n\n\n\n<h2 class=\"wp-block-heading\">L'internationalisation de Sinoextrud<\/h2>\n\n\n\n<p>Au fur et \u00e0 mesure que nos activit\u00e9s de commerce ext\u00e9rieur prenaient de l'ampleur, j'ai commenc\u00e9 \u00e0 rendre visite \u00e0 des clients dans le monde entier. En 2023, j'ai visit\u00e9 l'Europe et pass\u00e9 un demi-mois \u00e0 rencontrer de nombreux partenaires de longue date que je n'avais jamais vus en personne. Ce voyage a non seulement enrichi ma vie, mais a \u00e9galement renforc\u00e9 la confiance et la compr\u00e9hension entre mes clients et moi.<\/p>\n\n\n\n<figure class=\"wp-block-gallery has-nested-images columns-default is-cropped wp-block-gallery-2 is-layout-flex wp-block-gallery-is-layout-flex\">\n<figure class=\"wp-block-image size-full\"><img alt=\"\" loading=\"lazy\" decoding=\"async\" width=\"550\" height=\"413\" data-id=\"1668\" src=\"https:\/\/sinoextrud.com\/wp-content\/uploads\/visiting-in-Italy.png\" class=\"wp-image-1668\"\/><\/figure>\n\n\n\n<figure class=\"wp-block-image size-full\"><img alt=\"\" loading=\"lazy\" decoding=\"async\" width=\"553\" height=\"633\" data-id=\"1669\" src=\"https:\/\/sinoextrud.com\/wp-content\/uploads\/Enjoy-the-Mona-Lisas-smile-at-the-Louvre.png\" class=\"wp-image-1669\"\/><\/figure>\n\n\n\n<figure class=\"wp-block-image size-full\"><img alt=\"\" loading=\"lazy\" decoding=\"async\" width=\"553\" height=\"737\" data-id=\"1670\" src=\"https:\/\/sinoextrud.com\/wp-content\/uploads\/Tour-of-the-Arc-de-Triomphe-after-visiting-customers.png\" class=\"wp-image-1670\"\/><\/figure>\n\n\n\n<figure class=\"wp-block-image size-full\"><img alt=\"\" loading=\"lazy\" decoding=\"async\" width=\"552\" height=\"689\" data-id=\"1671\" src=\"https:\/\/sinoextrud.com\/wp-content\/uploads\/visiting-client-in-German.png\" class=\"wp-image-1671\"\/><\/figure>\n\n\n\n<figure class=\"wp-block-image size-full\"><img alt=\"\" loading=\"lazy\" decoding=\"async\" width=\"551\" height=\"735\" data-id=\"1672\" src=\"https:\/\/sinoextrud.com\/wp-content\/uploads\/visiting-client-in-Paris.png\" class=\"wp-image-1672\"\/><\/figure>\n<\/figure>\n\n\n\n<p>Avec le recul, je suis reconnaissant de mes premi\u00e8res exp\u00e9riences dans la vente, qui m'ont permis d'acqu\u00e9rir des connaissances inestimables et m'ont pr\u00e9par\u00e9 \u00e0 relever les d\u00e9fis d'un march\u00e9 en constante \u00e9volution. Notre usine propose des produits de qualit\u00e9 \u00e0 des prix comp\u00e9titifs et, face \u00e0 la demande mondiale croissante de profil\u00e9s en aluminium, j'ai fond\u00e9 Sinoextrud afin de fournir des produits et des solutions de profil\u00e9s en aluminium de haute qualit\u00e9 \u00e0 des clients du monde entier.<\/p>\n\n\n\n<h2 class=\"wp-block-heading\">Regarder vers l'avenir<\/h2>\n\n\n\n<p>Au cours des cinq \u00e0 dix prochaines ann\u00e9es, j'esp\u00e8re mener l'\u00e9quipe de Sinoextrud sur la voie de l'internationalisation, en promouvant nos produits \u00e0 l'\u00e9chelle mondiale et en laissant notre marque dans le monde entier. Sinoextrud n'est pas seulement une marque, c'est une plateforme qui porte mes r\u00eaves et mes efforts. Chaque projet r\u00e9ussi est un t\u00e9moignage du travail d'\u00e9quipe et de la confiance des clients.<\/p>\n\n\n\n<p>Quels que soient les d\u00e9fis qui nous attendent, je suis convaincu que la qualit\u00e9 de nos produits et de nos services nous permettra de gagner de nouveaux clients et d'\u00e9largir notre march\u00e9. J'esp\u00e8re que l'histoire de Sinoextrud incitera d'autres personnes comme moi \u00e0 poursuivre leurs r\u00eaves et \u00e0 se lancer sur la sc\u00e8ne internationale.<\/p>\n\n\n\n<p>Voici mon parcours - d'un vendeur dans une usine locale au fondateur de Sinoextrud - un parcours rempli de d\u00e9fis, d'accomplissement et d'anticipation. \u00c0 l'avenir, Sinoextrud continuera \u00e0 briller sur le march\u00e9 international, en proposant ses produits de qualit\u00e9 \u00e0 un nombre encore plus grand de clients.<\/p>\n\n\n\n<p><\/p>","protected":false},"excerpt":{"rendered":"<p>Sinoextrud&#8217;s Founding Story: From Factory to Global Aluminum Extrusion Manufacturer In 2014, I graduated from college and joined my uncle&#8217;s aluminum extrusion factory. As a traditional Chinese aluminum extrusion factory, our business at that time was limited to the domestic market without any export business. At the beginning, I worked as an order follower. These [&hellip;]<\/p>\n","protected":false},"author":3,"featured_media":0,"parent":0,"menu_order":0,"comment_status":"closed","ping_status":"closed","template":"","meta":{"_seopress_robots_primary_cat":"","_seopress_titles_title":"","_seopress_titles_desc":"","_seopress_robots_index":"","footnotes":""},"class_list":["post-175","page","type-page","status-publish","hentry"],"meta_box":[],"_links":{"self":[{"href":"https:\/\/sinoextrud.com\/fr\/wp-json\/wp\/v2\/pages\/175","targetHints":{"allow":["GET"]}}],"collection":[{"href":"https:\/\/sinoextrud.com\/fr\/wp-json\/wp\/v2\/pages"}],"about":[{"href":"https:\/\/sinoextrud.com\/fr\/wp-json\/wp\/v2\/types\/page"}],"author":[{"embeddable":true,"href":"https:\/\/sinoextrud.com\/fr\/wp-json\/wp\/v2\/users\/3"}],"replies":[{"embeddable":true,"href":"https:\/\/sinoextrud.com\/fr\/wp-json\/wp\/v2\/comments?post=175"}],"version-history":[{"count":0,"href":"https:\/\/sinoextrud.com\/fr\/wp-json\/wp\/v2\/pages\/175\/revisions"}],"wp:attachment":[{"href":"https:\/\/sinoextrud.com\/fr\/wp-json\/wp\/v2\/media?parent=175"}],"curies":[{"name":"wp","href":"https:\/\/api.w.org\/{rel}","templated":true}]}}